{"id":866,"date":"2016-12-01T19:49:26","date_gmt":"2016-12-01T18:49:26","guid":{"rendered":"http:\/\/southbohemiaclassic.cz\/?page_id=866"},"modified":"2018-03-05T12:04:12","modified_gmt":"2018-03-05T11:04:12","slug":"program-2017","status":"publish","type":"page","link":"https:\/\/southbohemiaclassic.cz\/en\/program-2017\/","title":{"rendered":"Programme 2017"},"content":{"rendered":"<p><strong>Monday 31 July 2017<\/strong><\/p>\n<table style=\"width: 1124px;\" border=\"0\" cellspacing=\"5\" cellpadding=\"5\">\n<tbody>\n<tr>\n<td style=\"text-align: left; width: 120px; height: 40px;\">23:59<\/td>\n<td style=\"text-align: left; width: 450px; height: 40px;\">Closing entries<\/td>\n<td style=\"text-align: left; width: 554px; height: 40px;\">&nbsp;<\/td>\n<\/tr>\n<\/tbody>\n<\/table>\n<p>&nbsp;<br \/>\n<strong>Monday 4 September 2017<\/strong><\/p>\n<table style=\"width: 1124px;\" border=\"0\" cellspacing=\"5\" cellpadding=\"5\">\n<tbody>\n<tr>\n<td style=\"text-align: left; width: 120px; height: 40px;\">9:30<\/td>\n<td style=\"text-align: left; width: 450px; height: 40px;\">Press conference<\/td>\n<td style=\"text-align: left; width: 554px; height: 40px;\">\u010cesk\u00e9 Bud\u011bjovice, main square, Grandhotel Zvon<\/td>\n<\/tr>\n<\/tbody>\n<\/table>\n<p>&nbsp;<br \/>\n<strong>Friday 8 September 2017<\/strong><\/p>\n<table style=\"width: 1124px;\" border=\"0\" cellspacing=\"5\" cellpadding=\"5\">\n<tbody>\n<tr>\n<td style=\"text-align: left; width: 120px; height: 40px;\">13:30 &#8211; 16:30<\/td>\n<td style=\"text-align: left; width: 450px; height: 40px;\">Crew presentation<\/td>\n<td style=\"text-align: left; width: 554px; height: 40px;\">\u010cesk\u00e9 Bud\u011bjovice, main square, Grandhotel Zvon<\/td>\n<\/tr>\n<tr>\n<td style=\"text-align: left; width: 120px; height: 40px;\">15:00 &#8211; 17:20<\/td>\n<td style=\"text-align: left; width: 450px; height: 40px;\">Dixie Old Boys concert<\/td>\n<td style=\"text-align: left; width: 554px; height: 40px;\">\u010cesk\u00e9 Bud\u011bjovice, main square<\/td>\n<\/tr>\n<tr>\n<td style=\"text-align: left; width: 120px; height: 40px;\">17:00<\/td>\n<td style=\"text-align: left; width: 450px; height: 40px;\">Driver\u00b4s briefing<\/td>\n<td style=\"text-align: left; width: 554px; height: 40px;\">\u010cesk\u00e9 Bud\u011bjovice, main square<\/td>\n<\/tr>\n<tr>\n<td style=\"text-align: left; width: 120px; height: 40px;\">17:30<\/td>\n<td style=\"text-align: left; width: 450px; height: 40px;\">Start Leg 1&nbsp;(117 km)<\/td>\n<td style=\"text-align: left; width: 554px; height: 40px;\">\u010cesk\u00e9 Bud\u011bjovice, main square<\/td>\n<\/tr>\n<tr>\n<td style=\"text-align: left; width: 120px; height: 40px;\">19:00<\/td>\n<td style=\"text-align: left; width: 450px; height: 40px;\">Coffee break<\/td>\n<td style=\"text-align: left; width: 554px; height: 40px;\">Svat\u00fd Jan nad Mal\u0161\u00ed, Hospoda U kostela<\/td>\n<\/tr>\n<tr>\n<td style=\"text-align: left; width: 120px; height: 40px;\">19:50<\/td>\n<td style=\"text-align: left; width: 450px; height: 40px;\">Night passage in city-centre of \u010cesk\u00fd Krumlov<\/td>\n<td style=\"text-align: left; width: 554px; height: 40px;\">\u010cesk\u00fd Krumlov<\/td>\n<\/tr>\n<tr>\n<td style=\"text-align: left; width: 120px; height: 40px;\">20:00 &#8211; 21:00<\/td>\n<td style=\"text-align: left; width: 450px; height: 40px;\">\u0160oufl\u0160ou concert<\/td>\n<td style=\"text-align: left; width: 554px; height: 40px;\">\u010cesk\u00e9 Bud\u011bjovice, n\u00e1m\u011bst\u00ed P\u0159emysla Otakara II.<\/td>\n<\/tr>\n<tr>\n<td style=\"text-align: left; width: 120px; height: 40px;\">21:00<\/td>\n<td style=\"text-align: left; width: 450px; height: 40px;\">Finish Leg 1&nbsp;&amp; Driver\u00b4s drink<\/td>\n<td style=\"text-align: left; width: 554px; height: 40px;\">Doln\u00ed Vltavice,&nbsp;Hotel RELAX<\/td>\n<\/tr>\n<\/tbody>\n<\/table>\n<p>&nbsp;<\/p>\n<p><strong>Saturday 9 September 2017<\/strong><\/p>\n<table style=\"width: 1124px;\" border=\"0\" cellspacing=\"5\" cellpadding=\"5\">\n<tbody>\n<tr>\n<td style=\"text-align: left; width: 120px; height: 40px;\">8:30<\/td>\n<td style=\"text-align: left; width: 450px; height: 40px;\">Start Leg 2&nbsp;(301 km)<\/td>\n<td style=\"text-align: left; width: 554px; height: 40px;\">Doln\u00ed Vltavice,&nbsp;Hotel RELAX<\/td>\n<\/tr>\n<tr>\n<td style=\"text-align: left; width: 120px; height: 40px;\">10:00<\/td>\n<td style=\"text-align: left; width: 450px; height: 40px;\">Coffee break<\/td>\n<td style=\"text-align: left; width: 554px; height: 40px;\"><a href=\"http:\/\/www.baronuvmost.cz\/\" target=\"_blank\" rel=\"noopener\">Penzion Baron\u016fv most<\/a><\/td>\n<\/tr>\n<tr>\n<td style=\"text-align: left; width: 120px; height: 40px;\">11:45<\/td>\n<td style=\"text-align: left; width: 450px; height: 40px;\">Lunch break<\/td>\n<td style=\"text-align: left; width: 554px; height: 40px;\">T\u0159ebo\u0148, Hotel Zlat\u00e1 hv\u011bzda<\/td>\n<\/tr>\n<tr>\n<td style=\"text-align: left; width: 120px; height: 40px;\">13:45<\/td>\n<td style=\"text-align: left; width: 450px; height: 40px;\">Visit of the Veteran muzeum J\u00edlovice<\/td>\n<td style=\"text-align: left; width: 554px; height: 40px;\">J\u00edlovice n\u00e1dra\u017e\u00ed<\/td>\n<\/tr>\n<tr>\n<td style=\"text-align: left; width: 120px; height: 40px;\">14:40<\/td>\n<td style=\"text-align: left; width: 450px; height: 40px;\">Coffee break<\/td>\n<td style=\"text-align: left; width: 554px; height: 40px;\">Kaplice, <a href=\"http:\/\/www.kavarnapodvezi.cz\/\" target=\"_blank\" rel=\"noopener\">Kav\u00e1rna Pod v\u011b\u017e\u00ed<\/a><\/td>\n<\/tr>\n<tr>\n<td style=\"text-align: left; width: 120px; height: 40px;\">16:10<\/td>\n<td style=\"text-align: left; width: 450px; height: 40px;\">Finish<\/td>\n<td style=\"text-align: left; width: 554px; height: 40px;\">Doln\u00ed Vltavice,&nbsp;Hotel RELAX<\/td>\n<\/tr>\n<tr>\n<td style=\"text-align: left; width: 120px; height: 40px;\">19:45<\/td>\n<td style=\"text-align: left; width: 450px; height: 40px;\">Prize giving&nbsp;&amp; South Bohemia Classic Party<br \/>\n<em>(dress code: Tenue de Ville)<\/em><\/td>\n<td style=\"text-align: left; width: 554px; height: 40px;\">Doln\u00ed Vltavice,&nbsp;Hotel RELAX<\/td>\n<\/tr>\n<\/tbody>\n<\/table>\n<p>&nbsp;<\/p>\n<p><em>Programme can be changed.<\/em><\/p>","protected":false},"excerpt":{"rendered":"<p>Monday 31 July 2017 23:59 Closing entries &nbsp; &nbsp; Monday 4 September 2017 9:30 Press conference \u010cesk\u00e9 Bud\u011bjovice, main square, Grandhotel Zvon &nbsp; Friday 8 September 2017 13:30 &#8211; 16:30 Crew presentation \u010cesk\u00e9 Bud\u011bjovice, main square, Grandhotel Zvon 15:00 &#8211; 17:20 Dixie Old Boys concert \u010cesk\u00e9 Bud\u011bjovice, main square 17:00 Driver\u00b4s briefing \u010cesk\u00e9 Bud\u011bjovice, main [&hellip;]<\/p>\n","protected":false},"author":2,"featured_media":0,"parent":0,"menu_order":0,"comment_status":"closed","ping_status":"closed","template":"","meta":{"_acf_changed":false,"ngg_post_thumbnail":0,"footnotes":""},"class_list":["post-866","page","type-page","status-publish","hentry"],"acf":[],"yoast_head":"<!-- This site is optimized with the Yoast SEO plugin v27.3 - https:\/\/yoast.com\/product\/yoast-seo-wordpress\/ -->\n<title>Programme 2017 - South Bohemia Classic<\/title>\n<meta name=\"robots\" content=\"index, follow, max-snippet:-1, max-image-preview:large, max-video-preview:-1\" \/>\n<link rel=\"canonical\" href=\"https:\/\/southbohemiaclassic.cz\/program-2017\/\" \/>\n<meta property=\"og:locale\" content=\"en_US\" \/>\n<meta property=\"og:type\" content=\"article\" \/>\n<meta property=\"og:title\" content=\"[:cs]Program sout\u011b\u017ee 2017[:de]Programm 2017[:en]Programme 2017[:] - South Bohemia Classic\" \/>\n<meta property=\"og:description\" content=\"Monday 31 July 2017 23:59 Closing entries &nbsp; &nbsp; Monday 4 September 2017 9:30 Press conference \u010cesk\u00e9 Bud\u011bjovice, main square, Grandhotel Zvon &nbsp; Friday 8 September 2017 13:30 &#8211; 16:30 Crew presentation \u010cesk\u00e9 Bud\u011bjovice, main square, Grandhotel Zvon 15:00 &#8211; 17:20 Dixie Old Boys concert \u010cesk\u00e9 Bud\u011bjovice, main square 17:00 Driver\u00b4s briefing \u010cesk\u00e9 Bud\u011bjovice, main [&hellip;]\" \/>\n<meta property=\"og:url\" content=\"https:\/\/southbohemiaclassic.cz\/program-2017\/\" \/>\n<meta property=\"og:site_name\" content=\"South Bohemia Classic\" \/>\n<meta property=\"article:modified_time\" content=\"2018-03-05T11:04:12+00:00\" \/>\n<meta name=\"twitter:card\" content=\"summary_large_image\" \/>\n<meta name=\"twitter:label1\" content=\"Est. reading time\" \/>\n\t<meta name=\"twitter:data1\" content=\"3 minutes\" \/>\n<script type=\"application\/ld+json\" class=\"yoast-schema-graph\">{\"@context\":\"https:\\\/\\\/schema.org\",\"@graph\":[{\"@type\":\"WebPage\",\"@id\":\"https:\\\/\\\/southbohemiaclassic.cz\\\/program-2017\\\/\",\"url\":\"https:\\\/\\\/southbohemiaclassic.cz\\\/program-2017\\\/\",\"name\":\"[:cs]Program sout\u011b\u017ee 2017[:de]Programm 2017[:en]Programme 2017[:] - South Bohemia Classic\",\"isPartOf\":{\"@id\":\"https:\\\/\\\/southbohemiaclassic.cz\\\/#website\"},\"datePublished\":\"2016-12-01T18:49:26+00:00\",\"dateModified\":\"2018-03-05T11:04:12+00:00\",\"breadcrumb\":{\"@id\":\"https:\\\/\\\/southbohemiaclassic.cz\\\/program-2017\\\/#breadcrumb\"},\"inLanguage\":\"en-US\",\"potentialAction\":[{\"@type\":\"ReadAction\",\"target\":[\"https:\\\/\\\/southbohemiaclassic.cz\\\/program-2017\\\/\"]}]},{\"@type\":\"BreadcrumbList\",\"@id\":\"https:\\\/\\\/southbohemiaclassic.cz\\\/program-2017\\\/#breadcrumb\",\"itemListElement\":[{\"@type\":\"ListItem\",\"position\":1,\"name\":\"Dom\u016f\",\"item\":\"https:\\\/\\\/southbohemiaclassic.cz\\\/\"},{\"@type\":\"ListItem\",\"position\":2,\"name\":\"Program sout\u011b\u017ee 2017\"}]},{\"@type\":\"WebSite\",\"@id\":\"https:\\\/\\\/southbohemiaclassic.cz\\\/#website\",\"url\":\"https:\\\/\\\/southbohemiaclassic.cz\\\/\",\"name\":\"South Bohemia Classic\",\"description\":\"South Bohemia Classic\",\"potentialAction\":[{\"@type\":\"SearchAction\",\"target\":{\"@type\":\"EntryPoint\",\"urlTemplate\":\"https:\\\/\\\/southbohemiaclassic.cz\\\/?s={search_term_string}\"},\"query-input\":{\"@type\":\"PropertyValueSpecification\",\"valueRequired\":true,\"valueName\":\"search_term_string\"}}],\"inLanguage\":\"en-US\"}]}<\/script>\n<!-- \/ Yoast SEO plugin. -->","yoast_head_json":{"title":"[:cs]Program sout\u011b\u017ee 2017[:de]Programm 2017[:en]Programme 2017[:] - South Bohemia Classic","robots":{"index":"index","follow":"follow","max-snippet":"max-snippet:-1","max-image-preview":"max-image-preview:large","max-video-preview":"max-video-preview:-1"},"canonical":"https:\/\/southbohemiaclassic.cz\/program-2017\/","og_locale":"en_US","og_type":"article","og_title":"[:cs]Program sout\u011b\u017ee 2017[:de]Programm 2017[:en]Programme 2017[:] - South Bohemia Classic","og_description":"Monday 31 July 2017 23:59 Closing entries &nbsp; &nbsp; Monday 4 September 2017 9:30 Press conference \u010cesk\u00e9 Bud\u011bjovice, main square, Grandhotel Zvon &nbsp; Friday 8 September 2017 13:30 &#8211; 16:30 Crew presentation \u010cesk\u00e9 Bud\u011bjovice, main square, Grandhotel Zvon 15:00 &#8211; 17:20 Dixie Old Boys concert \u010cesk\u00e9 Bud\u011bjovice, main square 17:00 Driver\u00b4s briefing \u010cesk\u00e9 Bud\u011bjovice, main [&hellip;]","og_url":"https:\/\/southbohemiaclassic.cz\/program-2017\/","og_site_name":"South Bohemia Classic","article_modified_time":"2018-03-05T11:04:12+00:00","twitter_card":"summary_large_image","twitter_misc":{"Est. reading time":"3 minutes"},"schema":{"@context":"https:\/\/schema.org","@graph":[{"@type":"WebPage","@id":"https:\/\/southbohemiaclassic.cz\/program-2017\/","url":"https:\/\/southbohemiaclassic.cz\/program-2017\/","name":"[:cs]Program sout\u011b\u017ee 2017[:de]Programm 2017[:en]Programme 2017[:] - South Bohemia Classic","isPartOf":{"@id":"https:\/\/southbohemiaclassic.cz\/#website"},"datePublished":"2016-12-01T18:49:26+00:00","dateModified":"2018-03-05T11:04:12+00:00","breadcrumb":{"@id":"https:\/\/southbohemiaclassic.cz\/program-2017\/#breadcrumb"},"inLanguage":"en-US","potentialAction":[{"@type":"ReadAction","target":["https:\/\/southbohemiaclassic.cz\/program-2017\/"]}]},{"@type":"BreadcrumbList","@id":"https:\/\/southbohemiaclassic.cz\/program-2017\/#breadcrumb","itemListElement":[{"@type":"ListItem","position":1,"name":"Dom\u016f","item":"https:\/\/southbohemiaclassic.cz\/"},{"@type":"ListItem","position":2,"name":"Program sout\u011b\u017ee 2017"}]},{"@type":"WebSite","@id":"https:\/\/southbohemiaclassic.cz\/#website","url":"https:\/\/southbohemiaclassic.cz\/","name":"South Bohemia Classic","description":"South Bohemia Classic","potentialAction":[{"@type":"SearchAction","target":{"@type":"EntryPoint","urlTemplate":"https:\/\/southbohemiaclassic.cz\/?s={search_term_string}"},"query-input":{"@type":"PropertyValueSpecification","valueRequired":true,"valueName":"search_term_string"}}],"inLanguage":"en-US"}]}},"_links":{"self":[{"href":"https:\/\/southbohemiaclassic.cz\/en\/wp-json\/wp\/v2\/pages\/866","targetHints":{"allow":["GET"]}}],"collection":[{"href":"https:\/\/southbohemiaclassic.cz\/en\/wp-json\/wp\/v2\/pages"}],"about":[{"href":"https:\/\/southbohemiaclassic.cz\/en\/wp-json\/wp\/v2\/types\/page"}],"author":[{"embeddable":true,"href":"https:\/\/southbohemiaclassic.cz\/en\/wp-json\/wp\/v2\/users\/2"}],"replies":[{"embeddable":true,"href":"https:\/\/southbohemiaclassic.cz\/en\/wp-json\/wp\/v2\/comments?post=866"}],"version-history":[{"count":23,"href":"https:\/\/southbohemiaclassic.cz\/en\/wp-json\/wp\/v2\/pages\/866\/revisions"}],"predecessor-version":[{"id":3219,"href":"https:\/\/southbohemiaclassic.cz\/en\/wp-json\/wp\/v2\/pages\/866\/revisions\/3219"}],"wp:attachment":[{"href":"https:\/\/southbohemiaclassic.cz\/en\/wp-json\/wp\/v2\/media?parent=866"}],"curies":[{"name":"wp","href":"https:\/\/api.w.org\/{rel}","templated":true}]}}