{"id":7654,"date":"2020-08-18T23:48:07","date_gmt":"2020-08-18T22:48:07","guid":{"rendered":"https:\/\/southbohemiaclassic.cz\/?page_id=7654"},"modified":"2021-08-28T20:50:23","modified_gmt":"2021-08-28T19:50:23","slug":"trasa-2020","status":"publish","type":"page","link":"https:\/\/southbohemiaclassic.cz\/en\/trasa-2020\/","title":{"rendered":"Route 2020"},"content":{"rendered":"<p><\/p>\n<h3>Leg 1 &#8211; Way out of the city (167 kms)<\/h3>\n<p><strong>Friday, September 4, 2020<\/strong><\/p>\n<p>16:45&nbsp; \u010cesk\u00e9 Bud\u011bjovice, square &#8211; START<br>16:55&nbsp; \u00daAMK, polygon, K. Sv\u011btl\u00e9 street &#8211; TEST<br>17:03&nbsp; Hrd\u011bjovice<br>17:08&nbsp; Hlubok\u00e1 nad Vltavou<br>17:16&nbsp; Pon\u011b\u0161ice<br>17:20&nbsp; Kostelec<br>17:25&nbsp; Po\u0159e\u017eany<br>17:35&nbsp; B\u0159ehy<br>17:41&nbsp; T\u00fdn nad Vltavou, dock &#8211; TEST<br>17:45&nbsp; square M\u00edru &#8211; 15 min.<br>18:09&nbsp; Temelin Nuclear Power Plant<br>18:16&nbsp; D\u0159\u00edte\u0148<br>18:18&nbsp; Velice<br>18:20&nbsp; Ole\u0161n\u00edk<br>18:22&nbsp; Zah\u00e1j\u00ed<br>18:24&nbsp; Mydlovary<br>18:29&nbsp; Zbudov<br>18:37&nbsp; L\u00e9ka\u0159ova Lhota<br>18:41&nbsp; Pode\u0159i\u0161t\u011b<br>18:44&nbsp; Netolice<br>18:49&nbsp; Obora<br>18:51&nbsp; \u017ditn\u00e1<br>18:55&nbsp; Vrbice<br>19:02&nbsp; Vit\u011bjovice, village square &#8211; TEST<br>19:08&nbsp; Vrbice<br>19:10&nbsp; Ho\u0159\u00edkovice<br>19:12&nbsp; T\u0159ebanice<br>19:13&nbsp; Hradce<br>19:16&nbsp; Lhenice<br>19:19&nbsp; Vadkov<br>19:24&nbsp; Sm\u011bde\u010d<br>19:35&nbsp; Chval\u0161iny, square &#8211; TEST<br>19:38&nbsp; K\u0159enov<br>19:55&nbsp; \u010cesk\u00fd Krumlov, square &#8211; 15 min.<br>20:18&nbsp; V\u011bt\u0159n\u00ed<br>20:32&nbsp; Sv\u011btl\u00edk, U Anton\u00ed\u010dka<br>20:37&nbsp; Blatn\u00e1<br>20:42&nbsp; Frymburk<br>20:48&nbsp; Miln\u00e1<br>20:54&nbsp; \u010cern\u00e1 v Po\u0161umav\u00ed<br>20:56&nbsp; Bli\u017en\u00e1<br>21:00&nbsp; Doln\u00ed Vltavice, Hotel Resort Relax<\/p>\n<h3>Leg 2 &#8211; Rosenberg rose (309 kms)<\/h3>\n<p><strong>Saturday, September 5, 2020<\/strong><\/p>\n<p>8:00&nbsp; Doln\u00ed Vltavice, Hotel Resort Relax &#8211; START<br>8:04&nbsp; Bli\u017en\u00e1<br>8:06&nbsp; \u010cern\u00e1 v Po\u0161umav\u00ed<br>8:12&nbsp; Miln\u00e1<br>8:16&nbsp; Frymburk<br>8:30&nbsp; Mal\u0161\u00edn<br>8:40&nbsp; Naho\u0159any<br>8:43&nbsp; Z\u00e1to\u0148<br>8:50&nbsp; Pr\u00e1\u010dov<br>8:53&nbsp; P\u0159\u00eddol\u00ed, square &#8211; TEST<br>8:58&nbsp; Zahr\u00e1dka<br>9:00&nbsp; Chabi\u010dovice<br>9:05&nbsp; Markvartice<br>9:06&nbsp; Vele\u0161\u00edn N\u00e1dra\u017e\u00ed<br>9:10&nbsp; Vele\u0161\u00edn, Jihostroj parking &#8211; TEST<br>9:19&nbsp; Svat\u00fd Jan nad Mal\u0161\u00ed<br>9:22&nbsp; Lo\u010denice<br>9:28&nbsp; Besednice<br>9:37&nbsp; Mohu\u0159ice<br>9:39&nbsp; Slav\u010de<br>9:41&nbsp; Chvalkov<br>9:43&nbsp; Kondra\u010d<br>9:45&nbsp; Kamenn\u00e1<br>9:47&nbsp; Kla\u017eary<br>9:50&nbsp; \u017dumberk, fort &#8211; 20 min.<br>10:19&nbsp; \u017d\u00e1r<br>10:22&nbsp; Bukov\u00e1<br>10:24&nbsp; Ole\u0161nice<br>10:31&nbsp; Pet\u0159\u00edkov<br>10:35&nbsp; T\u011b\u0161\u00ednov<br>10:40&nbsp; J\u00edlovice<br>10:43&nbsp; Nepomuk<br>10:44&nbsp; \u0160almanovice<br>10:53&nbsp; Suchdol nad Lu\u017enic\u00ed<br>11:00&nbsp; Klikov<br>11:11&nbsp; Chlum u T\u0159ebon\u011b, castle &#8211; TEST<br>11:19&nbsp; Lutov\u00e1<br>11:27&nbsp; St\u0159\u00edb\u0159ec<br>11:35&nbsp; Star\u00e1 Hl\u00edna<br>11:43&nbsp; T\u0159ebo\u0148<br>12:00&nbsp; Lomnice nad Lu\u017enic\u00ed, square &#8211; TEST<br>12:08&nbsp; Horn\u00ed Slov\u011bnice<br>12:11&nbsp; Dunajovice<br>12:13&nbsp; Horn\u00ed Milet\u00edn<br>12:15&nbsp; Sosn\u00ed<br>12:17&nbsp; Li\u0161ov<br>12:24&nbsp; Zv\u00edkov<br>12:30&nbsp; Zaliny<br>12:33&nbsp; Ledenice<br>12:40&nbsp; Borovany, monastery &#8211; 40 min.<br>13:24&nbsp; Ostrolovsk\u00fd \u00dajezd<br>13:28&nbsp; Str\u00e1\u017ekovice<br>13:31&nbsp; Lomec<br>13:33&nbsp; St\u0159\u00ed\u017eov<br>13:37&nbsp; Borovnice<br>13:38&nbsp; He\u0159ma\u0148<br>13:41&nbsp; Plav<br>13:45&nbsp; Doudleby<br>13:51&nbsp; Hamr<br>13:55&nbsp; Brani\u0161ovice<br>13:57&nbsp; Mokr\u00fd Lom<br>14:00&nbsp; Lo\u010denice<br>14:04&nbsp; Pod Horou<br>14:07&nbsp; Chlum<br>14:12&nbsp; Mal\u010de<br>14:17&nbsp; Smrhov<br>14:20&nbsp; Sob\u011bnov, village square &#8211; TEST<br>14:27&nbsp; Blansko<br>14:31&nbsp; GRAND PRIX Kaplice<br>14:42&nbsp; Jarom\u011b\u0159<br>14:45&nbsp; Malonty<br>14:48&nbsp; Bukovsko<br>14:56&nbsp; Rychnov nad Mal\u0161\u00ed<br>15:03&nbsp; Doln\u00ed Dvo\u0159i\u0161t\u011b<br>15:05&nbsp; Casino Imperator &#8211; 10 min.<br>15:17&nbsp; Rybn\u00edk<br>15:28&nbsp; Ro\u017emberk nad Vltavou<br>15:36&nbsp; Hrudkov<br>15:40&nbsp; Vy\u0161\u0161\u00ed Brod<br>15:47&nbsp; Lou\u010dovice<br>15:54&nbsp; Lipno nad Vltavou<br>16:02&nbsp; Frymburk<br>16:06&nbsp; Miln\u00e1<br>16:13&nbsp; \u010cern\u00e1 v Po\u0161umav\u00ed, bus stop &#8211; TEST<br>16:17&nbsp; Bli\u017en\u00e1<br>16:20&nbsp; Doln\u00ed Vltavice, Hotel Resort Relax &#8211; FINISH<\/p>\n<p><\/p>\n\n\n<figure class=\"wp-block-image size-large\"><img loading=\"lazy\" decoding=\"async\" width=\"703\" height=\"1024\" src=\"https:\/\/southbohemiaclassic.cz\/wp-content\/uploads\/2020\/08\/sbc2020_mapa-703x1024.png\" alt=\"\" class=\"wp-image-7719\" srcset=\"https:\/\/southbohemiaclassic.cz\/wp-content\/uploads\/2020\/08\/sbc2020_mapa-703x1024.png 703w, https:\/\/southbohemiaclassic.cz\/wp-content\/uploads\/2020\/08\/sbc2020_mapa-206x300.png 206w, https:\/\/southbohemiaclassic.cz\/wp-content\/uploads\/2020\/08\/sbc2020_mapa-768x1118.png 768w, https:\/\/southbohemiaclassic.cz\/wp-content\/uploads\/2020\/08\/sbc2020_mapa-1055x1536.png 1055w, https:\/\/southbohemiaclassic.cz\/wp-content\/uploads\/2020\/08\/sbc2020_mapa-1406x2048.png 1406w\" sizes=\"auto, (max-width: 703px) 100vw, 703px\" \/><\/figure>","protected":false},"excerpt":{"rendered":"<p>Leg 1 &#8211; Way out of the city (167 kms) Friday, September 4, 2020 16:45&nbsp; \u010cesk\u00e9 Bud\u011bjovice, square &#8211; START16:55&nbsp; \u00daAMK, polygon, K. Sv\u011btl\u00e9 street &#8211; TEST17:03&nbsp; Hrd\u011bjovice17:08&nbsp; Hlubok\u00e1 nad Vltavou17:16&nbsp; Pon\u011b\u0161ice17:20&nbsp; Kostelec17:25&nbsp; Po\u0159e\u017eany17:35&nbsp; B\u0159ehy17:41&nbsp; T\u00fdn nad Vltavou, dock &#8211; TEST17:45&nbsp; square M\u00edru &#8211; 15 min.18:09&nbsp; Temelin Nuclear Power Plant18:16&nbsp; D\u0159\u00edte\u014818:18&nbsp; Velice18:20&nbsp; Ole\u0161n\u00edk18:22&nbsp; Zah\u00e1j\u00ed18:24&nbsp; Mydlovary18:29&nbsp; [&hellip;]<\/p>\n","protected":false},"author":2,"featured_media":0,"parent":0,"menu_order":0,"comment_status":"closed","ping_status":"closed","template":"","meta":{"_acf_changed":false,"ngg_post_thumbnail":0,"footnotes":""},"class_list":["post-7654","page","type-page","status-publish","hentry"],"acf":[],"yoast_head":"<!-- This site is optimized with the Yoast SEO plugin v27.3 - https:\/\/yoast.com\/product\/yoast-seo-wordpress\/ -->\n<title>Route 2020 - South Bohemia Classic<\/title>\n<meta name=\"robots\" content=\"index, follow, max-snippet:-1, max-image-preview:large, max-video-preview:-1\" \/>\n<link rel=\"canonical\" href=\"https:\/\/southbohemiaclassic.cz\/trasa-2020\/\" \/>\n<meta property=\"og:locale\" content=\"en_US\" \/>\n<meta property=\"og:type\" content=\"article\" \/>\n<meta property=\"og:title\" content=\"[:cs]Trasa sout\u011b\u017ee 2020[:de]Rallye-Route 2020[:en]Route 2020[:] - South Bohemia Classic\" \/>\n<meta property=\"og:description\" content=\"Leg 1 &#8211; Way out of the city (167 kms) Friday, September 4, 2020 16:45&nbsp; \u010cesk\u00e9 Bud\u011bjovice, square &#8211; START16:55&nbsp; \u00daAMK, polygon, K. Sv\u011btl\u00e9 street &#8211; TEST17:03&nbsp; Hrd\u011bjovice17:08&nbsp; Hlubok\u00e1 nad Vltavou17:16&nbsp; Pon\u011b\u0161ice17:20&nbsp; Kostelec17:25&nbsp; Po\u0159e\u017eany17:35&nbsp; B\u0159ehy17:41&nbsp; T\u00fdn nad Vltavou, dock &#8211; TEST17:45&nbsp; square M\u00edru &#8211; 15 min.18:09&nbsp; Temelin Nuclear Power Plant18:16&nbsp; D\u0159\u00edte\u014818:18&nbsp; Velice18:20&nbsp; Ole\u0161n\u00edk18:22&nbsp; Zah\u00e1j\u00ed18:24&nbsp; Mydlovary18:29&nbsp; [&hellip;]\" \/>\n<meta property=\"og:url\" content=\"https:\/\/southbohemiaclassic.cz\/trasa-2020\/\" \/>\n<meta property=\"og:site_name\" content=\"South Bohemia Classic\" \/>\n<meta property=\"article:modified_time\" content=\"2021-08-28T19:50:23+00:00\" \/>\n<meta property=\"og:image\" content=\"https:\/\/southbohemiaclassic.cz\/wp-content\/uploads\/2020\/08\/sbc2020_mapa-703x1024.png\" \/>\n<meta name=\"twitter:card\" content=\"summary_large_image\" \/>\n<meta name=\"twitter:label1\" content=\"Est. reading time\" \/>\n\t<meta name=\"twitter:data1\" content=\"6 minutes\" \/>\n<script type=\"application\/ld+json\" class=\"yoast-schema-graph\">{\"@context\":\"https:\\\/\\\/schema.org\",\"@graph\":[{\"@type\":\"WebPage\",\"@id\":\"https:\\\/\\\/southbohemiaclassic.cz\\\/trasa-2020\\\/\",\"url\":\"https:\\\/\\\/southbohemiaclassic.cz\\\/trasa-2020\\\/\",\"name\":\"[:cs]Trasa sout\u011b\u017ee 2020[:de]Rallye-Route 2020[:en]Route 2020[:] - South Bohemia Classic\",\"isPartOf\":{\"@id\":\"https:\\\/\\\/southbohemiaclassic.cz\\\/#website\"},\"primaryImageOfPage\":{\"@id\":\"https:\\\/\\\/southbohemiaclassic.cz\\\/trasa-2020\\\/#primaryimage\"},\"image\":{\"@id\":\"https:\\\/\\\/southbohemiaclassic.cz\\\/trasa-2020\\\/#primaryimage\"},\"thumbnailUrl\":\"https:\\\/\\\/southbohemiaclassic.cz\\\/wp-content\\\/uploads\\\/2020\\\/08\\\/sbc2020_mapa-703x1024.png\",\"datePublished\":\"2020-08-18T22:48:07+00:00\",\"dateModified\":\"2021-08-28T19:50:23+00:00\",\"breadcrumb\":{\"@id\":\"https:\\\/\\\/southbohemiaclassic.cz\\\/trasa-2020\\\/#breadcrumb\"},\"inLanguage\":\"en-US\",\"potentialAction\":[{\"@type\":\"ReadAction\",\"target\":[\"https:\\\/\\\/southbohemiaclassic.cz\\\/trasa-2020\\\/\"]}]},{\"@type\":\"ImageObject\",\"inLanguage\":\"en-US\",\"@id\":\"https:\\\/\\\/southbohemiaclassic.cz\\\/trasa-2020\\\/#primaryimage\",\"url\":\"https:\\\/\\\/southbohemiaclassic.cz\\\/wp-content\\\/uploads\\\/2020\\\/08\\\/sbc2020_mapa-703x1024.png\",\"contentUrl\":\"https:\\\/\\\/southbohemiaclassic.cz\\\/wp-content\\\/uploads\\\/2020\\\/08\\\/sbc2020_mapa-703x1024.png\"},{\"@type\":\"BreadcrumbList\",\"@id\":\"https:\\\/\\\/southbohemiaclassic.cz\\\/trasa-2020\\\/#breadcrumb\",\"itemListElement\":[{\"@type\":\"ListItem\",\"position\":1,\"name\":\"Dom\u016f\",\"item\":\"https:\\\/\\\/southbohemiaclassic.cz\\\/\"},{\"@type\":\"ListItem\",\"position\":2,\"name\":\"Trasa sout\u011b\u017ee 2020\"}]},{\"@type\":\"WebSite\",\"@id\":\"https:\\\/\\\/southbohemiaclassic.cz\\\/#website\",\"url\":\"https:\\\/\\\/southbohemiaclassic.cz\\\/\",\"name\":\"South Bohemia Classic\",\"description\":\"South Bohemia Classic\",\"potentialAction\":[{\"@type\":\"SearchAction\",\"target\":{\"@type\":\"EntryPoint\",\"urlTemplate\":\"https:\\\/\\\/southbohemiaclassic.cz\\\/?s={search_term_string}\"},\"query-input\":{\"@type\":\"PropertyValueSpecification\",\"valueRequired\":true,\"valueName\":\"search_term_string\"}}],\"inLanguage\":\"en-US\"}]}<\/script>\n<!-- \/ Yoast SEO plugin. -->","yoast_head_json":{"title":"[:cs]Trasa sout\u011b\u017ee 2020[:de]Rallye-Route 2020[:en]Route 2020[:] - South Bohemia Classic","robots":{"index":"index","follow":"follow","max-snippet":"max-snippet:-1","max-image-preview":"max-image-preview:large","max-video-preview":"max-video-preview:-1"},"canonical":"https:\/\/southbohemiaclassic.cz\/trasa-2020\/","og_locale":"en_US","og_type":"article","og_title":"[:cs]Trasa sout\u011b\u017ee 2020[:de]Rallye-Route 2020[:en]Route 2020[:] - South Bohemia Classic","og_description":"Leg 1 &#8211; Way out of the city (167 kms) Friday, September 4, 2020 16:45&nbsp; \u010cesk\u00e9 Bud\u011bjovice, square &#8211; START16:55&nbsp; \u00daAMK, polygon, K. Sv\u011btl\u00e9 street &#8211; TEST17:03&nbsp; Hrd\u011bjovice17:08&nbsp; Hlubok\u00e1 nad Vltavou17:16&nbsp; Pon\u011b\u0161ice17:20&nbsp; Kostelec17:25&nbsp; Po\u0159e\u017eany17:35&nbsp; B\u0159ehy17:41&nbsp; T\u00fdn nad Vltavou, dock &#8211; TEST17:45&nbsp; square M\u00edru &#8211; 15 min.18:09&nbsp; Temelin Nuclear Power Plant18:16&nbsp; D\u0159\u00edte\u014818:18&nbsp; Velice18:20&nbsp; Ole\u0161n\u00edk18:22&nbsp; Zah\u00e1j\u00ed18:24&nbsp; Mydlovary18:29&nbsp; [&hellip;]","og_url":"https:\/\/southbohemiaclassic.cz\/trasa-2020\/","og_site_name":"South Bohemia Classic","article_modified_time":"2021-08-28T19:50:23+00:00","og_image":[{"url":"https:\/\/southbohemiaclassic.cz\/wp-content\/uploads\/2020\/08\/sbc2020_mapa-703x1024.png","type":"","width":"","height":""}],"twitter_card":"summary_large_image","twitter_misc":{"Est. reading time":"6 minutes"},"schema":{"@context":"https:\/\/schema.org","@graph":[{"@type":"WebPage","@id":"https:\/\/southbohemiaclassic.cz\/trasa-2020\/","url":"https:\/\/southbohemiaclassic.cz\/trasa-2020\/","name":"[:cs]Trasa sout\u011b\u017ee 2020[:de]Rallye-Route 2020[:en]Route 2020[:] - South Bohemia Classic","isPartOf":{"@id":"https:\/\/southbohemiaclassic.cz\/#website"},"primaryImageOfPage":{"@id":"https:\/\/southbohemiaclassic.cz\/trasa-2020\/#primaryimage"},"image":{"@id":"https:\/\/southbohemiaclassic.cz\/trasa-2020\/#primaryimage"},"thumbnailUrl":"https:\/\/southbohemiaclassic.cz\/wp-content\/uploads\/2020\/08\/sbc2020_mapa-703x1024.png","datePublished":"2020-08-18T22:48:07+00:00","dateModified":"2021-08-28T19:50:23+00:00","breadcrumb":{"@id":"https:\/\/southbohemiaclassic.cz\/trasa-2020\/#breadcrumb"},"inLanguage":"en-US","potentialAction":[{"@type":"ReadAction","target":["https:\/\/southbohemiaclassic.cz\/trasa-2020\/"]}]},{"@type":"ImageObject","inLanguage":"en-US","@id":"https:\/\/southbohemiaclassic.cz\/trasa-2020\/#primaryimage","url":"https:\/\/southbohemiaclassic.cz\/wp-content\/uploads\/2020\/08\/sbc2020_mapa-703x1024.png","contentUrl":"https:\/\/southbohemiaclassic.cz\/wp-content\/uploads\/2020\/08\/sbc2020_mapa-703x1024.png"},{"@type":"BreadcrumbList","@id":"https:\/\/southbohemiaclassic.cz\/trasa-2020\/#breadcrumb","itemListElement":[{"@type":"ListItem","position":1,"name":"Dom\u016f","item":"https:\/\/southbohemiaclassic.cz\/"},{"@type":"ListItem","position":2,"name":"Trasa sout\u011b\u017ee 2020"}]},{"@type":"WebSite","@id":"https:\/\/southbohemiaclassic.cz\/#website","url":"https:\/\/southbohemiaclassic.cz\/","name":"South Bohemia Classic","description":"South Bohemia Classic","potentialAction":[{"@type":"SearchAction","target":{"@type":"EntryPoint","urlTemplate":"https:\/\/southbohemiaclassic.cz\/?s={search_term_string}"},"query-input":{"@type":"PropertyValueSpecification","valueRequired":true,"valueName":"search_term_string"}}],"inLanguage":"en-US"}]}},"_links":{"self":[{"href":"https:\/\/southbohemiaclassic.cz\/en\/wp-json\/wp\/v2\/pages\/7654","targetHints":{"allow":["GET"]}}],"collection":[{"href":"https:\/\/southbohemiaclassic.cz\/en\/wp-json\/wp\/v2\/pages"}],"about":[{"href":"https:\/\/southbohemiaclassic.cz\/en\/wp-json\/wp\/v2\/types\/page"}],"author":[{"embeddable":true,"href":"https:\/\/southbohemiaclassic.cz\/en\/wp-json\/wp\/v2\/users\/2"}],"replies":[{"embeddable":true,"href":"https:\/\/southbohemiaclassic.cz\/en\/wp-json\/wp\/v2\/comments?post=7654"}],"version-history":[{"count":23,"href":"https:\/\/southbohemiaclassic.cz\/en\/wp-json\/wp\/v2\/pages\/7654\/revisions"}],"predecessor-version":[{"id":10731,"href":"https:\/\/southbohemiaclassic.cz\/en\/wp-json\/wp\/v2\/pages\/7654\/revisions\/10731"}],"wp:attachment":[{"href":"https:\/\/southbohemiaclassic.cz\/en\/wp-json\/wp\/v2\/media?parent=7654"}],"curies":[{"name":"wp","href":"https:\/\/api.w.org\/{rel}","templated":true}]}}