{"id":17099,"date":"2025-11-20T22:35:15","date_gmt":"2025-11-20T21:35:15","guid":{"rendered":"https:\/\/southbohemiaclassic.cz\/?page_id=17099"},"modified":"2026-02-02T18:10:38","modified_gmt":"2026-02-02T17:10:38","slug":"galerie-2025_start-cil","status":"publish","type":"page","link":"https:\/\/southbohemiaclassic.cz\/en\/galerie-2025_start-cil\/","title":{"rendered":"XVI. South Bohemia Classic 2025 &#8211; Start &amp; finish"},"content":{"rendered":"\n<h3 class=\"wp-block-heading\">Start &#8211; \u010cesk\u00e9 Bud\u011bjovice<\/h3>\n\n\n\n<p>Autor: <strong>Luk\u00e1\u0161 Sacher<\/strong><\/p>\n\n\n\nngg_shortcode_0_placeholder\n\n\n\n<h3 class=\"wp-block-heading\">C\u00edl &#8211; Doln\u00ed Vltavice<\/h3>\n\n\n\n<p>Autor: <strong><strong><a href=\"https:\/\/www.facebook.com\/zklimafotograf\" target=\"_blank\" rel=\"noreferrer noopener\">Zden\u011bk Kl\u00edma<\/a><\/strong><\/strong><\/p>\n\n\n\nngg_shortcode_1_placeholder\n","protected":false},"excerpt":{"rendered":"<p>Start &#8211; \u010cesk\u00e9 Bud\u011bjovice Autor: Luk\u00e1\u0161 Sacher C\u00edl &#8211; Doln\u00ed Vltavice Autor: Zden\u011bk Kl\u00edma<\/p>\n","protected":false},"author":2,"featured_media":0,"parent":0,"menu_order":0,"comment_status":"closed","ping_status":"closed","template":"","meta":{"_acf_changed":false,"ngg_post_thumbnail":0,"footnotes":""},"class_list":["post-17099","page","type-page","status-publish","hentry"],"acf":[],"yoast_head":"<!-- This site is optimized with the Yoast SEO plugin v27.3 - https:\/\/yoast.com\/product\/yoast-seo-wordpress\/ -->\n<title>XVI. South Bohemia Classic 2025 - Start &amp; finish - South Bohemia Classic<\/title>\n<meta name=\"description\" content=\"Fotogalerie z \u0161estn\u00e1ct\u00e9ho ro\u010dn\u00edku veter\u00e1nsk\u00e9 setinov\u00e9 rallye South Bohemia Classic, kter\u00e1 se uskute\u010dnila ve dnech 5. a 6. z\u00e1\u0159\u00ed 2025.\" \/>\n<meta name=\"robots\" content=\"index, follow, max-snippet:-1, max-image-preview:large, max-video-preview:-1\" \/>\n<link rel=\"canonical\" href=\"https:\/\/southbohemiaclassic.cz\/galerie-2025_start-cil\/\" \/>\n<meta property=\"og:locale\" content=\"en_US\" \/>\n<meta property=\"og:type\" content=\"article\" \/>\n<meta property=\"og:title\" content=\"FOTOREPORT: XVI. South Bohemia Classic 2025\" \/>\n<meta property=\"og:description\" content=\"Fotogalerie z \u0161estn\u00e1ct\u00e9ho ro\u010dn\u00edku veter\u00e1nsk\u00e9 setinov\u00e9 rallye South Bohemia Classic, kter\u00e1 se uskute\u010dnila ve dnech 5. a 6. z\u00e1\u0159\u00ed 2025.\" \/>\n<meta property=\"og:url\" content=\"https:\/\/southbohemiaclassic.cz\/galerie-2025_start-cil\/\" \/>\n<meta property=\"og:site_name\" content=\"South Bohemia Classic\" \/>\n<meta property=\"article:modified_time\" content=\"2026-02-02T17:10:38+00:00\" \/>\n<meta property=\"og:image\" content=\"https:\/\/southbohemiaclassic.cz\/wp-content\/uploads\/2025\/11\/sbc2025_galerie.jpg\" \/>\n\t<meta property=\"og:image:width\" content=\"1600\" \/>\n\t<meta property=\"og:image:height\" content=\"1067\" \/>\n\t<meta property=\"og:image:type\" content=\"image\/jpeg\" \/>\n<meta name=\"twitter:card\" content=\"summary_large_image\" \/>\n<meta name=\"twitter:title\" content=\"FOTOREPORT: XVI. South Bohemia Classic 2025\" \/>\n<meta name=\"twitter:description\" content=\"Fotogalerie z \u0161estn\u00e1ct\u00e9ho ro\u010dn\u00edku veter\u00e1nsk\u00e9 setinov\u00e9 rallye South Bohemia Classic, kter\u00e1 se uskute\u010dnila ve dnech 5. a 6. z\u00e1\u0159\u00ed 2025.\" \/>\n<meta name=\"twitter:image\" content=\"https:\/\/southbohemiaclassic.cz\/wp-content\/uploads\/2025\/11\/sbc2025_galerie.jpg\" \/>\n<meta name=\"twitter:label1\" content=\"Est. reading time\" \/>\n\t<meta name=\"twitter:data1\" content=\"1 minute\" \/>\n<script type=\"application\/ld+json\" class=\"yoast-schema-graph\">{\"@context\":\"https:\\\/\\\/schema.org\",\"@graph\":[{\"@type\":\"WebPage\",\"@id\":\"https:\\\/\\\/southbohemiaclassic.cz\\\/galerie-2025_start-cil\\\/\",\"url\":\"https:\\\/\\\/southbohemiaclassic.cz\\\/galerie-2025_start-cil\\\/\",\"name\":\"[:cs]XVI. South Bohemia Classic 2025 - start &amp; c\u00edl[:de]XVI. South Bohemia Classic 2025 - Start &amp; Ziel[:en]XVI. South Bohemia Classic 2025 - Start &amp; finish[:] - South Bohemia Classic\",\"isPartOf\":{\"@id\":\"https:\\\/\\\/southbohemiaclassic.cz\\\/#website\"},\"datePublished\":\"2025-11-20T21:35:15+00:00\",\"dateModified\":\"2026-02-02T17:10:38+00:00\",\"description\":\"Fotogalerie z \u0161estn\u00e1ct\u00e9ho ro\u010dn\u00edku veter\u00e1nsk\u00e9 setinov\u00e9 rallye South Bohemia Classic, kter\u00e1 se uskute\u010dnila ve dnech 5. a 6. z\u00e1\u0159\u00ed 2025.\",\"breadcrumb\":{\"@id\":\"https:\\\/\\\/southbohemiaclassic.cz\\\/galerie-2025_start-cil\\\/#breadcrumb\"},\"inLanguage\":\"en-US\",\"potentialAction\":[{\"@type\":\"ReadAction\",\"target\":[\"https:\\\/\\\/southbohemiaclassic.cz\\\/galerie-2025_start-cil\\\/\"]}]},{\"@type\":\"BreadcrumbList\",\"@id\":\"https:\\\/\\\/southbohemiaclassic.cz\\\/galerie-2025_start-cil\\\/#breadcrumb\",\"itemListElement\":[{\"@type\":\"ListItem\",\"position\":1,\"name\":\"Dom\u016f\",\"item\":\"https:\\\/\\\/southbohemiaclassic.cz\\\/\"},{\"@type\":\"ListItem\",\"position\":2,\"name\":\"XVI. South Bohemia Classic 2025 &#8211; start &amp; c\u00edl\"}]},{\"@type\":\"WebSite\",\"@id\":\"https:\\\/\\\/southbohemiaclassic.cz\\\/#website\",\"url\":\"https:\\\/\\\/southbohemiaclassic.cz\\\/\",\"name\":\"South Bohemia Classic\",\"description\":\"South Bohemia Classic\",\"potentialAction\":[{\"@type\":\"SearchAction\",\"target\":{\"@type\":\"EntryPoint\",\"urlTemplate\":\"https:\\\/\\\/southbohemiaclassic.cz\\\/?s={search_term_string}\"},\"query-input\":{\"@type\":\"PropertyValueSpecification\",\"valueRequired\":true,\"valueName\":\"search_term_string\"}}],\"inLanguage\":\"en-US\"}]}<\/script>\n<!-- \/ Yoast SEO plugin. -->","yoast_head_json":{"title":"[:cs]XVI. South Bohemia Classic 2025 - start &amp; c\u00edl[:de]XVI. South Bohemia Classic 2025 - Start &amp; Ziel[:en]XVI. South Bohemia Classic 2025 - Start &amp; finish[:] - South Bohemia Classic","description":"Fotogalerie z \u0161estn\u00e1ct\u00e9ho ro\u010dn\u00edku veter\u00e1nsk\u00e9 setinov\u00e9 rallye South Bohemia Classic, kter\u00e1 se uskute\u010dnila ve dnech 5. a 6. z\u00e1\u0159\u00ed 2025.","robots":{"index":"index","follow":"follow","max-snippet":"max-snippet:-1","max-image-preview":"max-image-preview:large","max-video-preview":"max-video-preview:-1"},"canonical":"https:\/\/southbohemiaclassic.cz\/galerie-2025_start-cil\/","og_locale":"en_US","og_type":"article","og_title":"FOTOREPORT: XVI. South Bohemia Classic 2025","og_description":"Fotogalerie z \u0161estn\u00e1ct\u00e9ho ro\u010dn\u00edku veter\u00e1nsk\u00e9 setinov\u00e9 rallye South Bohemia Classic, kter\u00e1 se uskute\u010dnila ve dnech 5. a 6. z\u00e1\u0159\u00ed 2025.","og_url":"https:\/\/southbohemiaclassic.cz\/galerie-2025_start-cil\/","og_site_name":"South Bohemia Classic","article_modified_time":"2026-02-02T17:10:38+00:00","og_image":[{"width":1600,"height":1067,"url":"https:\/\/southbohemiaclassic.cz\/wp-content\/uploads\/2025\/11\/sbc2025_galerie.jpg","type":"image\/jpeg"}],"twitter_card":"summary_large_image","twitter_title":"FOTOREPORT: XVI. South Bohemia Classic 2025","twitter_description":"Fotogalerie z \u0161estn\u00e1ct\u00e9ho ro\u010dn\u00edku veter\u00e1nsk\u00e9 setinov\u00e9 rallye South Bohemia Classic, kter\u00e1 se uskute\u010dnila ve dnech 5. a 6. z\u00e1\u0159\u00ed 2025.","twitter_image":"https:\/\/southbohemiaclassic.cz\/wp-content\/uploads\/2025\/11\/sbc2025_galerie.jpg","twitter_misc":{"Est. reading time":"1 minute"},"schema":{"@context":"https:\/\/schema.org","@graph":[{"@type":"WebPage","@id":"https:\/\/southbohemiaclassic.cz\/galerie-2025_start-cil\/","url":"https:\/\/southbohemiaclassic.cz\/galerie-2025_start-cil\/","name":"[:cs]XVI. South Bohemia Classic 2025 - start &amp; c\u00edl[:de]XVI. South Bohemia Classic 2025 - Start &amp; Ziel[:en]XVI. South Bohemia Classic 2025 - Start &amp; finish[:] - South Bohemia Classic","isPartOf":{"@id":"https:\/\/southbohemiaclassic.cz\/#website"},"datePublished":"2025-11-20T21:35:15+00:00","dateModified":"2026-02-02T17:10:38+00:00","description":"Fotogalerie z \u0161estn\u00e1ct\u00e9ho ro\u010dn\u00edku veter\u00e1nsk\u00e9 setinov\u00e9 rallye South Bohemia Classic, kter\u00e1 se uskute\u010dnila ve dnech 5. a 6. z\u00e1\u0159\u00ed 2025.","breadcrumb":{"@id":"https:\/\/southbohemiaclassic.cz\/galerie-2025_start-cil\/#breadcrumb"},"inLanguage":"en-US","potentialAction":[{"@type":"ReadAction","target":["https:\/\/southbohemiaclassic.cz\/galerie-2025_start-cil\/"]}]},{"@type":"BreadcrumbList","@id":"https:\/\/southbohemiaclassic.cz\/galerie-2025_start-cil\/#breadcrumb","itemListElement":[{"@type":"ListItem","position":1,"name":"Dom\u016f","item":"https:\/\/southbohemiaclassic.cz\/"},{"@type":"ListItem","position":2,"name":"XVI. South Bohemia Classic 2025 &#8211; start &amp; c\u00edl"}]},{"@type":"WebSite","@id":"https:\/\/southbohemiaclassic.cz\/#website","url":"https:\/\/southbohemiaclassic.cz\/","name":"South Bohemia Classic","description":"South Bohemia Classic","potentialAction":[{"@type":"SearchAction","target":{"@type":"EntryPoint","urlTemplate":"https:\/\/southbohemiaclassic.cz\/?s={search_term_string}"},"query-input":{"@type":"PropertyValueSpecification","valueRequired":true,"valueName":"search_term_string"}}],"inLanguage":"en-US"}]}},"_links":{"self":[{"href":"https:\/\/southbohemiaclassic.cz\/en\/wp-json\/wp\/v2\/pages\/17099","targetHints":{"allow":["GET"]}}],"collection":[{"href":"https:\/\/southbohemiaclassic.cz\/en\/wp-json\/wp\/v2\/pages"}],"about":[{"href":"https:\/\/southbohemiaclassic.cz\/en\/wp-json\/wp\/v2\/types\/page"}],"author":[{"embeddable":true,"href":"https:\/\/southbohemiaclassic.cz\/en\/wp-json\/wp\/v2\/users\/2"}],"replies":[{"embeddable":true,"href":"https:\/\/southbohemiaclassic.cz\/en\/wp-json\/wp\/v2\/comments?post=17099"}],"version-history":[{"count":4,"href":"https:\/\/southbohemiaclassic.cz\/en\/wp-json\/wp\/v2\/pages\/17099\/revisions"}],"predecessor-version":[{"id":17156,"href":"https:\/\/southbohemiaclassic.cz\/en\/wp-json\/wp\/v2\/pages\/17099\/revisions\/17156"}],"wp:attachment":[{"href":"https:\/\/southbohemiaclassic.cz\/en\/wp-json\/wp\/v2\/media?parent=17099"}],"curies":[{"name":"wp","href":"https:\/\/api.w.org\/{rel}","templated":true}]}}