{"id":15440,"date":"2025-08-25T11:17:17","date_gmt":"2025-08-25T10:17:17","guid":{"rendered":"https:\/\/southbohemiaclassic.cz\/?page_id=15440"},"modified":"2025-08-31T15:00:57","modified_gmt":"2025-08-31T14:00:57","slug":"trasa-2025","status":"publish","type":"page","link":"https:\/\/southbohemiaclassic.cz\/en\/trasa-2025\/","title":{"rendered":"Route"},"content":{"rendered":"<p><\/p>\n\n\n\n<h3 class=\"wp-block-heading\">Leg 1 &#8211; Jewels of South Bohemia (158 kms)<\/h3>\n\n\n\n<p><strong>Friday, September 5, 2025<\/strong><\/p>\n\n\n\n<p>16:30 \u010cesk\u00e9 Bud\u011bjovice, square &#8211; START<br>16:37 \u00daAMK, driving range &#8211; TEST<br>16:45 Hrd\u011bjovice<br>16:48 Hos\u00edn<br>16:55 Hlubok\u00e1 nad Vltavou, square<br>16:59 Munice<br>17:01 Zliv<br>17:06 Pi\u0161t\u00edn<br>17:11 Vlhlavy<br>17:13 Mal\u00e9 Chr\u00e1\u0161\u0165any<br>17:16 Tupesy<br>17:18 Rado\u0161ovice<br>17:20 Str\u00fd\u010dice<br>17:23 Z\u00e1bo\u0159\u00ed<br>17:27 Chvalovice<br>17:30 Doln\u00ed Chr\u00e1\u0161\u0165any<br>17:32 Horn\u00ed Chr\u00e1\u0161\u0165any<br>17:35 Lhenice<br>17:38 Hradce<br>17:40 T\u0159ebanice<br>17:42 Ho\u0159\u00edkovice<br>17:45 Vrbice<br>17:48 Vit\u011bjovice, pub &#8211; TEST<br>18:00 Prachatice, square &#8211; 25 minutes<br>18:32 Lepta\u010d<br>18:36 Chroboly<br>18:40 Z\u00e1ho\u0159\u00ed<br>18:44 Sm\u011bde\u010d<br>18:48 Kti\u0161<br>18:52 B\u0159ezov\u00edk<br>18:58 Chval\u0161iny, square &#8211; TEST<br>19:10 Roj\u0161\u00edn<br>19:13 Chlum<br>19:16 K\u0159em\u017ee, square &#8211; TEST<br>19:21 Holubov<br>19:24 T\u0159\u00edsov<br>19:32 Zlat\u00e1 Koruna<br>19:35 R\u00e1jov<br>19:38 P\u0159\u00edse\u010dn\u00e1<br>19:42 \u010cesk\u00fd Krumlov, Port 1560 &#8211; TEST<br>19:47 \u010cesk\u00fd Krumlov, square &#8211; 18 minutes<br>20:13 V\u011bt\u0159n\u00ed<br>20:25 Sv\u011btl\u00edk, U Anton\u00ed\u010dka<br>20:35 Muckov<br>20:38 \u010cern\u00e1 v Po\u0161umav\u00ed<br>20:41 Bli\u017en\u00e1<br>20:45 Doln\u00ed Vltavice, Hotel Resort Relax<\/p>\n\n\n\n<h3 class=\"wp-block-heading\">Leg 2 &#8211; Rally without borders (302 kms)<\/h3>\n\n\n\n<p><strong>Saturday, September 6, 2025<\/strong><\/p>\n\n\n\n<p>8:00 Doln\u00ed Vltavice, HRR &#8211; START &amp; TEST<br>8:04 Bli\u017en\u00e1<br>8:06 \u010cern\u00e1 v Po\u0161umav\u00ed<br>8:12 Miln\u00e1<br>8:17 Frymburk<br>8:25 Lipno nad Vltavou, skiarea &#8211; TEST<br>8:32 Lou\u010dovice<br>8:40 Vy\u0161\u0161\u00ed Brod, square &#8211; TEST<br>8:45 Stud\u00e1nky<br>8:49 Doln\u00ed Drkoln\u00e1<br>8:54 Horn\u00ed Dvo\u0159i\u0161t\u011b<br>8:56 \u010cesk\u00fd Her\u0161l\u00e1k<br>8:59 CZ\/A<br>9:01 Deutsch H\u00f6rschlag<br>9:05 Zulissen<br>9:11 Stiftung<br>9:14 Reichenthal<br>9:20 Schenkenfelden<br>9:25 Lichtenstein<br>9:30 Ottenschlag im M\u00fchlkreis &#8211; TEST<br>9:35 Freizeitteich Ottenschlag &#8211; 20 minutes<br>9:57 Hofreith<br>9:59 Pemsedt<br>10:01 Helmetzedt<br>10:03 Stiftung<br>10:10 Oberzei\u00df<br>10:11 Kronast<br>10:20 Tr\u00f6lsberg, Garage55<br>10:27 Freistadt<br>10:36 Schlag<br>10:38 Gr\u00fcnbach<br>10:45 Windhaag bei Freistadt<br>10:47 Mairspindt<br>10:53 Leopoldschlag<br>10:59 Wullowitz<br>11:01 A\/CZ<br>11:03 Doln\u00ed Dvo\u0159i\u0161t\u011b<br>11:08 Rychnov nad Mal\u0161\u00ed<br>11:11 Svat\u00fd K\u00e1men<br>11:14 Tich\u00e1<br>11:18 Cetviny<br>11:25 Restaurace Jelen\u00ed vyhl\u00eddka &#8211; 40 minutes<br>12:12 B\u011bl\u00e1<br>12:17 Malonty, square &#8211; TEST<br>12:22 Jarom\u011b\u0159<br>12:27 Kaplice<br>12:34 Kaplice-n\u00e1dra\u017e\u00ed<br>12:36 Rozpout\u00ed<br>12:38 Po\u0159e\u0161\u00edn<br>12:44 Mal\u010de<br>12:48 Chlum<br>12:51 Pod Horou<br>12:55 Svat\u00fd Jan nad Mal\u0161\u00ed \/ Lo\u010denice &#8211; TEST<br>13:02 N\u011bchov<br>13:08 Trhov\u00e9 Sviny<br>13:12 Bukvice<br>13:15 Ole\u0161nice<br>13:18 Bukov\u00e1<br>13:23 Sv\u00e9bohy<br>13:29 Rychnov u Nov\u00fdch Hrad\u016f<br>13:32 Kamenn\u00e1<br>13:35 Kondra\u010d<br>13:37 Chvalkov<br>13:40 Slav\u010de<br>13:47 Besednice<br>13:51 Sob\u011bnov, farm &#8211; TEST<br>13:56 Blansko<br>14:00 Grand Prix Kaplice &#8211; TEST<br>14:10 Omleni\u010dka<br>14:17 Silni\u010dn\u00ed Domky<br>14:19 Zaho\u0159\u00e1nky<br>14:24 P\u0159\u00eddol\u00ed, square &#8211; TEST<br>14:29 Pr\u00e1\u010dov<br>14:34 Z\u00e1to\u0148<br>14:45 Ro\u017emberk nad Vltavou, brewery &#8211; 30 minutes<br>15:22 V\u011btrn\u00e1<br>15:25 Mal\u0161\u00edn<br>15:40 Frymburk, square<br>15:48 Miln\u00e1<br>15:54 \u010cern\u00e1 v Po\u0161umav\u00ed<br>15:56 Bli\u017en\u00e1<br>16:00 Doln\u00ed Vltavice, Hotel Resort Relax &#8211; FINISH<\/p>\n\n\n\n<p><em>Estimated time of passage of the 1st vehicle<\/em>.<\/p>\n\n\n\n<p> <\/p>","protected":false},"excerpt":{"rendered":"<p>Leg 1 &#8211; Jewels of South Bohemia (158 kms) Friday, September 5, 2025 16:30 \u010cesk\u00e9 Bud\u011bjovice, square &#8211; START16:37 \u00daAMK, driving range &#8211; TEST16:45 Hrd\u011bjovice16:48 Hos\u00edn16:55 Hlubok\u00e1 nad Vltavou, square16:59 Munice17:01 Zliv17:06 Pi\u0161t\u00edn17:11 Vlhlavy17:13 Mal\u00e9 Chr\u00e1\u0161\u0165any17:16 Tupesy17:18 Rado\u0161ovice17:20 Str\u00fd\u010dice17:23 Z\u00e1bo\u0159\u00ed17:27 Chvalovice17:30 Doln\u00ed Chr\u00e1\u0161\u0165any17:32 Horn\u00ed Chr\u00e1\u0161\u0165any17:35 Lhenice17:38 Hradce17:40 T\u0159ebanice17:42 Ho\u0159\u00edkovice17:45 Vrbice17:48 Vit\u011bjovice, pub &#8211; TEST18:00 Prachatice, [&hellip;]<\/p>\n","protected":false},"author":2,"featured_media":0,"parent":0,"menu_order":0,"comment_status":"closed","ping_status":"closed","template":"","meta":{"_acf_changed":false,"ngg_post_thumbnail":0,"footnotes":""},"class_list":["post-15440","page","type-page","status-publish","hentry"],"acf":[],"yoast_head":"<!-- This site is optimized with the Yoast SEO plugin v27.3 - https:\/\/yoast.com\/product\/yoast-seo-wordpress\/ -->\n<title>Trasa XVI. South Bohemia Classic 2025<\/title>\n<meta name=\"description\" content=\"P\u0159ehled m\u011bst a obc\u00ed na trase sout\u011b\u017ee v\u010detn\u011b p\u0159edpokl\u00e1dan\u00e9ho \u010dasu pr\u016fjezdu 1. vozidla.\" \/>\n<meta name=\"robots\" content=\"index, follow, max-snippet:-1, max-image-preview:large, max-video-preview:-1\" \/>\n<link rel=\"canonical\" href=\"https:\/\/southbohemiaclassic.cz\/trasa-2025\/\" \/>\n<meta property=\"og:locale\" content=\"en_US\" \/>\n<meta property=\"og:type\" content=\"article\" \/>\n<meta property=\"og:title\" content=\"Trasa XVI. South Bohemia Classic 2025\" \/>\n<meta property=\"og:description\" content=\"P\u0159ehled m\u011bst a obc\u00ed na trase sout\u011b\u017ee v\u010detn\u011b p\u0159edpokl\u00e1dan\u00e9ho \u010dasu pr\u016fjezdu 1. vozidla.\" \/>\n<meta property=\"og:url\" content=\"https:\/\/southbohemiaclassic.cz\/trasa-2025\/\" \/>\n<meta property=\"og:site_name\" content=\"South Bohemia Classic\" \/>\n<meta property=\"article:modified_time\" content=\"2025-08-31T14:00:57+00:00\" \/>\n<meta property=\"og:image\" content=\"https:\/\/southbohemiaclassic.cz\/wp-content\/uploads\/2025\/08\/sbc2025_trasa-1024x683.jpg\" \/>\n\t<meta property=\"og:image:width\" content=\"1024\" \/>\n\t<meta property=\"og:image:height\" content=\"683\" \/>\n\t<meta property=\"og:image:type\" content=\"image\/jpeg\" \/>\n<meta name=\"twitter:card\" content=\"summary_large_image\" \/>\n<meta name=\"twitter:title\" content=\"Trasa XVI. South Bohemia Classic 2025\" \/>\n<meta name=\"twitter:description\" content=\"P\u0159ehled m\u011bst a obc\u00ed na trase sout\u011b\u017ee v\u010detn\u011b p\u0159edpokl\u00e1dan\u00e9ho \u010dasu pr\u016fjezdu 1. vozidla.\" \/>\n<meta name=\"twitter:image\" content=\"https:\/\/southbohemiaclassic.cz\/wp-content\/uploads\/2025\/08\/sbc2025_trasa.jpg\" \/>\n<meta name=\"twitter:label1\" content=\"Est. reading time\" \/>\n\t<meta name=\"twitter:data1\" content=\"7 minutes\" \/>\n<script type=\"application\/ld+json\" class=\"yoast-schema-graph\">{\"@context\":\"https:\\\/\\\/schema.org\",\"@graph\":[{\"@type\":\"WebPage\",\"@id\":\"https:\\\/\\\/southbohemiaclassic.cz\\\/trasa-2025\\\/\",\"url\":\"https:\\\/\\\/southbohemiaclassic.cz\\\/trasa-2025\\\/\",\"name\":\"Trasa XVI. South Bohemia Classic 2025\",\"isPartOf\":{\"@id\":\"https:\\\/\\\/southbohemiaclassic.cz\\\/#website\"},\"datePublished\":\"2025-08-25T10:17:17+00:00\",\"dateModified\":\"2025-08-31T14:00:57+00:00\",\"description\":\"P\u0159ehled m\u011bst a obc\u00ed na trase sout\u011b\u017ee v\u010detn\u011b p\u0159edpokl\u00e1dan\u00e9ho \u010dasu pr\u016fjezdu 1. vozidla.\",\"breadcrumb\":{\"@id\":\"https:\\\/\\\/southbohemiaclassic.cz\\\/trasa-2025\\\/#breadcrumb\"},\"inLanguage\":\"en-US\",\"potentialAction\":[{\"@type\":\"ReadAction\",\"target\":[\"https:\\\/\\\/southbohemiaclassic.cz\\\/trasa-2025\\\/\"]}]},{\"@type\":\"BreadcrumbList\",\"@id\":\"https:\\\/\\\/southbohemiaclassic.cz\\\/trasa-2025\\\/#breadcrumb\",\"itemListElement\":[{\"@type\":\"ListItem\",\"position\":1,\"name\":\"Dom\u016f\",\"item\":\"https:\\\/\\\/southbohemiaclassic.cz\\\/\"},{\"@type\":\"ListItem\",\"position\":2,\"name\":\"Trasa sout\u011b\u017ee\"}]},{\"@type\":\"WebSite\",\"@id\":\"https:\\\/\\\/southbohemiaclassic.cz\\\/#website\",\"url\":\"https:\\\/\\\/southbohemiaclassic.cz\\\/\",\"name\":\"South Bohemia Classic\",\"description\":\"South Bohemia Classic\",\"potentialAction\":[{\"@type\":\"SearchAction\",\"target\":{\"@type\":\"EntryPoint\",\"urlTemplate\":\"https:\\\/\\\/southbohemiaclassic.cz\\\/?s={search_term_string}\"},\"query-input\":{\"@type\":\"PropertyValueSpecification\",\"valueRequired\":true,\"valueName\":\"search_term_string\"}}],\"inLanguage\":\"en-US\"}]}<\/script>\n<!-- \/ Yoast SEO plugin. -->","yoast_head_json":{"title":"Trasa XVI. South Bohemia Classic 2025","description":"P\u0159ehled m\u011bst a obc\u00ed na trase sout\u011b\u017ee v\u010detn\u011b p\u0159edpokl\u00e1dan\u00e9ho \u010dasu pr\u016fjezdu 1. vozidla.","robots":{"index":"index","follow":"follow","max-snippet":"max-snippet:-1","max-image-preview":"max-image-preview:large","max-video-preview":"max-video-preview:-1"},"canonical":"https:\/\/southbohemiaclassic.cz\/trasa-2025\/","og_locale":"en_US","og_type":"article","og_title":"Trasa XVI. South Bohemia Classic 2025","og_description":"P\u0159ehled m\u011bst a obc\u00ed na trase sout\u011b\u017ee v\u010detn\u011b p\u0159edpokl\u00e1dan\u00e9ho \u010dasu pr\u016fjezdu 1. vozidla.","og_url":"https:\/\/southbohemiaclassic.cz\/trasa-2025\/","og_site_name":"South Bohemia Classic","article_modified_time":"2025-08-31T14:00:57+00:00","og_image":[{"width":1024,"height":683,"url":"https:\/\/southbohemiaclassic.cz\/wp-content\/uploads\/2025\/08\/sbc2025_trasa-1024x683.jpg","type":"image\/jpeg"}],"twitter_card":"summary_large_image","twitter_title":"Trasa XVI. South Bohemia Classic 2025","twitter_description":"P\u0159ehled m\u011bst a obc\u00ed na trase sout\u011b\u017ee v\u010detn\u011b p\u0159edpokl\u00e1dan\u00e9ho \u010dasu pr\u016fjezdu 1. vozidla.","twitter_image":"https:\/\/southbohemiaclassic.cz\/wp-content\/uploads\/2025\/08\/sbc2025_trasa.jpg","twitter_misc":{"Est. reading time":"7 minutes"},"schema":{"@context":"https:\/\/schema.org","@graph":[{"@type":"WebPage","@id":"https:\/\/southbohemiaclassic.cz\/trasa-2025\/","url":"https:\/\/southbohemiaclassic.cz\/trasa-2025\/","name":"Trasa XVI. South Bohemia Classic 2025","isPartOf":{"@id":"https:\/\/southbohemiaclassic.cz\/#website"},"datePublished":"2025-08-25T10:17:17+00:00","dateModified":"2025-08-31T14:00:57+00:00","description":"P\u0159ehled m\u011bst a obc\u00ed na trase sout\u011b\u017ee v\u010detn\u011b p\u0159edpokl\u00e1dan\u00e9ho \u010dasu pr\u016fjezdu 1. vozidla.","breadcrumb":{"@id":"https:\/\/southbohemiaclassic.cz\/trasa-2025\/#breadcrumb"},"inLanguage":"en-US","potentialAction":[{"@type":"ReadAction","target":["https:\/\/southbohemiaclassic.cz\/trasa-2025\/"]}]},{"@type":"BreadcrumbList","@id":"https:\/\/southbohemiaclassic.cz\/trasa-2025\/#breadcrumb","itemListElement":[{"@type":"ListItem","position":1,"name":"Dom\u016f","item":"https:\/\/southbohemiaclassic.cz\/"},{"@type":"ListItem","position":2,"name":"Trasa sout\u011b\u017ee"}]},{"@type":"WebSite","@id":"https:\/\/southbohemiaclassic.cz\/#website","url":"https:\/\/southbohemiaclassic.cz\/","name":"South Bohemia Classic","description":"South Bohemia Classic","potentialAction":[{"@type":"SearchAction","target":{"@type":"EntryPoint","urlTemplate":"https:\/\/southbohemiaclassic.cz\/?s={search_term_string}"},"query-input":{"@type":"PropertyValueSpecification","valueRequired":true,"valueName":"search_term_string"}}],"inLanguage":"en-US"}]}},"_links":{"self":[{"href":"https:\/\/southbohemiaclassic.cz\/en\/wp-json\/wp\/v2\/pages\/15440","targetHints":{"allow":["GET"]}}],"collection":[{"href":"https:\/\/southbohemiaclassic.cz\/en\/wp-json\/wp\/v2\/pages"}],"about":[{"href":"https:\/\/southbohemiaclassic.cz\/en\/wp-json\/wp\/v2\/types\/page"}],"author":[{"embeddable":true,"href":"https:\/\/southbohemiaclassic.cz\/en\/wp-json\/wp\/v2\/users\/2"}],"replies":[{"embeddable":true,"href":"https:\/\/southbohemiaclassic.cz\/en\/wp-json\/wp\/v2\/comments?post=15440"}],"version-history":[{"count":3,"href":"https:\/\/southbohemiaclassic.cz\/en\/wp-json\/wp\/v2\/pages\/15440\/revisions"}],"predecessor-version":[{"id":15450,"href":"https:\/\/southbohemiaclassic.cz\/en\/wp-json\/wp\/v2\/pages\/15440\/revisions\/15450"}],"wp:attachment":[{"href":"https:\/\/southbohemiaclassic.cz\/en\/wp-json\/wp\/v2\/media?parent=15440"}],"curies":[{"name":"wp","href":"https:\/\/api.w.org\/{rel}","templated":true}]}}