{"id":15203,"date":"2024-09-13T20:56:24","date_gmt":"2024-09-13T19:56:24","guid":{"rendered":"https:\/\/southbohemiaclassic.cz\/?page_id=15203"},"modified":"2024-09-13T20:57:58","modified_gmt":"2024-09-13T19:57:58","slug":"galerie-2024_start-prachatice-cil","status":"publish","type":"page","link":"https:\/\/southbohemiaclassic.cz\/en\/galerie-2024_start-prachatice-cil\/","title":{"rendered":"XV. South Bohemia Classic 2024 &#8211; Start, Prachatice &amp; finish"},"content":{"rendered":"\n<h3 class=\"wp-block-heading\">Start &#8211; \u010cesk\u00e9 Bud\u011bjovice<\/h3>\n\n\n\n<p>Autor: <strong><a href=\"https:\/\/www.facebook.com\/quidogroup\" target=\"_blank\" rel=\"noreferrer noopener\">Jan Marek<\/a><\/strong><\/p>\n\n\n\nngg_shortcode_0_placeholder\n\n\n\n<h3 class=\"wp-block-heading\">Coffee break &#8211; Prachatice<\/h3>\n\n\n\n<p>Autor: <strong><a href=\"https:\/\/www.facebook.com\/zklimafotograf\" target=\"_blank\" rel=\"noreferrer noopener\">Zden\u011bk Kl\u00edma<\/a><\/strong><\/p>\n\n\n\nngg_shortcode_1_placeholder\n\n\n\n<h3 class=\"wp-block-heading\">C\u00edl &#8211; Doln\u00ed Vltavice<\/h3>\n\n\n\n<p>Autor: <strong>Kate\u0159ina Kl\u00edmov\u00e1<\/strong><\/p>\n\n\n\nngg_shortcode_2_placeholder\n","protected":false},"excerpt":{"rendered":"<p>Start &#8211; \u010cesk\u00e9 Bud\u011bjovice Autor: Jan Marek Coffee break &#8211; Prachatice Autor: Zden\u011bk Kl\u00edma C\u00edl &#8211; Doln\u00ed Vltavice Autor: Kate\u0159ina Kl\u00edmov\u00e1<\/p>\n","protected":false},"author":2,"featured_media":0,"parent":0,"menu_order":0,"comment_status":"closed","ping_status":"closed","template":"","meta":{"_acf_changed":false,"ngg_post_thumbnail":0,"footnotes":""},"class_list":["post-15203","page","type-page","status-publish","hentry"],"acf":[],"yoast_head":"<!-- This site is optimized with the Yoast SEO plugin v27.3 - https:\/\/yoast.com\/product\/yoast-seo-wordpress\/ -->\n<title>XV. South Bohemia Classic 2024 - Start, Prachatice &amp; finish - South Bohemia Classic<\/title>\n<meta name=\"robots\" content=\"index, follow, max-snippet:-1, max-image-preview:large, max-video-preview:-1\" \/>\n<link rel=\"canonical\" href=\"https:\/\/southbohemiaclassic.cz\/galerie-2024_start-prachatice-cil\/\" \/>\n<meta property=\"og:locale\" content=\"en_US\" \/>\n<meta property=\"og:type\" content=\"article\" \/>\n<meta property=\"og:title\" content=\"[:cs]XV. South Bohemia Classic 2024 - start, Prachatice &amp; c\u00edl[:de]XV. South Bohemia Classic 2024 - Start, Prachatice &amp; Ziel[:en]XV. South Bohemia Classic 2024 - Start, Prachatice &amp; finish[:] - South Bohemia Classic\" \/>\n<meta property=\"og:description\" content=\"Start &#8211; \u010cesk\u00e9 Bud\u011bjovice Autor: Jan Marek Coffee break &#8211; Prachatice Autor: Zden\u011bk Kl\u00edma C\u00edl &#8211; Doln\u00ed Vltavice Autor: Kate\u0159ina Kl\u00edmov\u00e1\" \/>\n<meta property=\"og:url\" content=\"https:\/\/southbohemiaclassic.cz\/galerie-2024_start-prachatice-cil\/\" \/>\n<meta property=\"og:site_name\" content=\"South Bohemia Classic\" \/>\n<meta property=\"article:modified_time\" content=\"2024-09-13T19:57:58+00:00\" \/>\n<meta name=\"twitter:card\" content=\"summary_large_image\" \/>\n<meta name=\"twitter:label1\" content=\"Est. reading time\" \/>\n\t<meta name=\"twitter:data1\" content=\"1 minute\" \/>\n<script type=\"application\/ld+json\" class=\"yoast-schema-graph\">{\"@context\":\"https:\\\/\\\/schema.org\",\"@graph\":[{\"@type\":\"WebPage\",\"@id\":\"https:\\\/\\\/southbohemiaclassic.cz\\\/galerie-2024_start-prachatice-cil\\\/\",\"url\":\"https:\\\/\\\/southbohemiaclassic.cz\\\/galerie-2024_start-prachatice-cil\\\/\",\"name\":\"[:cs]XV. South Bohemia Classic 2024 - start, Prachatice &amp; c\u00edl[:de]XV. South Bohemia Classic 2024 - Start, Prachatice &amp; Ziel[:en]XV. South Bohemia Classic 2024 - Start, Prachatice &amp; finish[:] - South Bohemia Classic\",\"isPartOf\":{\"@id\":\"https:\\\/\\\/southbohemiaclassic.cz\\\/#website\"},\"datePublished\":\"2024-09-13T19:56:24+00:00\",\"dateModified\":\"2024-09-13T19:57:58+00:00\",\"breadcrumb\":{\"@id\":\"https:\\\/\\\/southbohemiaclassic.cz\\\/galerie-2024_start-prachatice-cil\\\/#breadcrumb\"},\"inLanguage\":\"en-US\",\"potentialAction\":[{\"@type\":\"ReadAction\",\"target\":[\"https:\\\/\\\/southbohemiaclassic.cz\\\/galerie-2024_start-prachatice-cil\\\/\"]}]},{\"@type\":\"BreadcrumbList\",\"@id\":\"https:\\\/\\\/southbohemiaclassic.cz\\\/galerie-2024_start-prachatice-cil\\\/#breadcrumb\",\"itemListElement\":[{\"@type\":\"ListItem\",\"position\":1,\"name\":\"Dom\u016f\",\"item\":\"https:\\\/\\\/southbohemiaclassic.cz\\\/\"},{\"@type\":\"ListItem\",\"position\":2,\"name\":\"XV. South Bohemia Classic 2024 &#8211; start, Prachatice &amp; c\u00edl\"}]},{\"@type\":\"WebSite\",\"@id\":\"https:\\\/\\\/southbohemiaclassic.cz\\\/#website\",\"url\":\"https:\\\/\\\/southbohemiaclassic.cz\\\/\",\"name\":\"South Bohemia Classic\",\"description\":\"South Bohemia Classic\",\"potentialAction\":[{\"@type\":\"SearchAction\",\"target\":{\"@type\":\"EntryPoint\",\"urlTemplate\":\"https:\\\/\\\/southbohemiaclassic.cz\\\/?s={search_term_string}\"},\"query-input\":{\"@type\":\"PropertyValueSpecification\",\"valueRequired\":true,\"valueName\":\"search_term_string\"}}],\"inLanguage\":\"en-US\"}]}<\/script>\n<!-- \/ Yoast SEO plugin. -->","yoast_head_json":{"title":"[:cs]XV. South Bohemia Classic 2024 - start, Prachatice &amp; c\u00edl[:de]XV. South Bohemia Classic 2024 - Start, Prachatice &amp; Ziel[:en]XV. South Bohemia Classic 2024 - Start, Prachatice &amp; finish[:] - South Bohemia Classic","robots":{"index":"index","follow":"follow","max-snippet":"max-snippet:-1","max-image-preview":"max-image-preview:large","max-video-preview":"max-video-preview:-1"},"canonical":"https:\/\/southbohemiaclassic.cz\/galerie-2024_start-prachatice-cil\/","og_locale":"en_US","og_type":"article","og_title":"[:cs]XV. South Bohemia Classic 2024 - start, Prachatice &amp; c\u00edl[:de]XV. South Bohemia Classic 2024 - Start, Prachatice &amp; Ziel[:en]XV. South Bohemia Classic 2024 - Start, Prachatice &amp; finish[:] - South Bohemia Classic","og_description":"Start &#8211; \u010cesk\u00e9 Bud\u011bjovice Autor: Jan Marek Coffee break &#8211; Prachatice Autor: Zden\u011bk Kl\u00edma C\u00edl &#8211; Doln\u00ed Vltavice Autor: Kate\u0159ina Kl\u00edmov\u00e1","og_url":"https:\/\/southbohemiaclassic.cz\/galerie-2024_start-prachatice-cil\/","og_site_name":"South Bohemia Classic","article_modified_time":"2024-09-13T19:57:58+00:00","twitter_card":"summary_large_image","twitter_misc":{"Est. reading time":"1 minute"},"schema":{"@context":"https:\/\/schema.org","@graph":[{"@type":"WebPage","@id":"https:\/\/southbohemiaclassic.cz\/galerie-2024_start-prachatice-cil\/","url":"https:\/\/southbohemiaclassic.cz\/galerie-2024_start-prachatice-cil\/","name":"[:cs]XV. South Bohemia Classic 2024 - start, Prachatice &amp; c\u00edl[:de]XV. South Bohemia Classic 2024 - Start, Prachatice &amp; Ziel[:en]XV. South Bohemia Classic 2024 - Start, Prachatice &amp; finish[:] - South Bohemia Classic","isPartOf":{"@id":"https:\/\/southbohemiaclassic.cz\/#website"},"datePublished":"2024-09-13T19:56:24+00:00","dateModified":"2024-09-13T19:57:58+00:00","breadcrumb":{"@id":"https:\/\/southbohemiaclassic.cz\/galerie-2024_start-prachatice-cil\/#breadcrumb"},"inLanguage":"en-US","potentialAction":[{"@type":"ReadAction","target":["https:\/\/southbohemiaclassic.cz\/galerie-2024_start-prachatice-cil\/"]}]},{"@type":"BreadcrumbList","@id":"https:\/\/southbohemiaclassic.cz\/galerie-2024_start-prachatice-cil\/#breadcrumb","itemListElement":[{"@type":"ListItem","position":1,"name":"Dom\u016f","item":"https:\/\/southbohemiaclassic.cz\/"},{"@type":"ListItem","position":2,"name":"XV. South Bohemia Classic 2024 &#8211; start, Prachatice &amp; c\u00edl"}]},{"@type":"WebSite","@id":"https:\/\/southbohemiaclassic.cz\/#website","url":"https:\/\/southbohemiaclassic.cz\/","name":"South Bohemia Classic","description":"South Bohemia Classic","potentialAction":[{"@type":"SearchAction","target":{"@type":"EntryPoint","urlTemplate":"https:\/\/southbohemiaclassic.cz\/?s={search_term_string}"},"query-input":{"@type":"PropertyValueSpecification","valueRequired":true,"valueName":"search_term_string"}}],"inLanguage":"en-US"}]}},"_links":{"self":[{"href":"https:\/\/southbohemiaclassic.cz\/en\/wp-json\/wp\/v2\/pages\/15203","targetHints":{"allow":["GET"]}}],"collection":[{"href":"https:\/\/southbohemiaclassic.cz\/en\/wp-json\/wp\/v2\/pages"}],"about":[{"href":"https:\/\/southbohemiaclassic.cz\/en\/wp-json\/wp\/v2\/types\/page"}],"author":[{"embeddable":true,"href":"https:\/\/southbohemiaclassic.cz\/en\/wp-json\/wp\/v2\/users\/2"}],"replies":[{"embeddable":true,"href":"https:\/\/southbohemiaclassic.cz\/en\/wp-json\/wp\/v2\/comments?post=15203"}],"version-history":[{"count":2,"href":"https:\/\/southbohemiaclassic.cz\/en\/wp-json\/wp\/v2\/pages\/15203\/revisions"}],"predecessor-version":[{"id":15205,"href":"https:\/\/southbohemiaclassic.cz\/en\/wp-json\/wp\/v2\/pages\/15203\/revisions\/15205"}],"wp:attachment":[{"href":"https:\/\/southbohemiaclassic.cz\/en\/wp-json\/wp\/v2\/media?parent=15203"}],"curies":[{"name":"wp","href":"https:\/\/api.w.org\/{rel}","templated":true}]}}