{"id":14030,"date":"2024-09-04T13:45:48","date_gmt":"2024-09-04T12:45:48","guid":{"rendered":"https:\/\/southbohemiaclassic.cz\/?page_id=14030"},"modified":"2024-09-07T21:21:00","modified_gmt":"2024-09-07T20:21:00","slug":"vysledky-2024","status":"publish","type":"page","link":"https:\/\/southbohemiaclassic.cz\/en\/vysledky-2024\/","title":{"rendered":"Results XV. South Bohemia Classic 2024"},"content":{"rendered":"<ul class=\"wp-block-list\">\n<li>RT 1 \u00daAMK &#8211; <strong><span style=\"text-decoration: underline;\"><a href=\"https:\/\/southbohemiaclassic.cz\/wp-content\/uploads\/2024\/09\/xv-south-bohemia-classic_RT1_classic_20240906-232614.pdf\" target=\"_blank\" rel=\"noreferrer noopener nofollow\">Classic<\/a><\/span><\/strong> | <strong><span style=\"text-decoration: underline;\"><a href=\"https:\/\/southbohemiaclassic.cz\/wp-content\/uploads\/2024\/09\/xv-south-bohemia-classic_RT1_exclusive_20240906-195721.pdf\" target=\"_blank\" rel=\"noreferrer noopener nofollow\">Exclusive<\/a><\/span><\/strong><\/li>\n\n\n\n<li>RT 2 Steinbauer Lechner &#8211; <strong><span style=\"text-decoration: underline;\"><a href=\"https:\/\/southbohemiaclassic.cz\/wp-content\/uploads\/2024\/09\/xv-south-bohemia-classic_RT2_classic_20240906-201422.pdf\" target=\"_blank\" rel=\"noreferrer noopener nofollow\">Classic<\/a><\/span><\/strong> | <strong><span style=\"text-decoration: underline;\"><a href=\"https:\/\/southbohemiaclassic.cz\/wp-content\/uploads\/2024\/09\/xv-south-bohemia-classic_RT2_exclusive_20240906-201434.pdf\" target=\"_blank\" rel=\"noreferrer noopener nofollow\">Exclusive<\/a><\/span><\/strong><\/li>\n\n\n\n<li>ST 1 CapXmaster &#8211; <strong><span style=\"text-decoration: underline;\"><a href=\"https:\/\/southbohemiaclassic.cz\/wp-content\/uploads\/2024\/09\/xv-south-bohemia-classic_ST1_classic_20240906-201451.pdf\" target=\"_blank\" rel=\"noreferrer noopener nofollow\">Classic<\/a><\/span><\/strong> | <strong><span style=\"text-decoration: underline;\"><a href=\"https:\/\/southbohemiaclassic.cz\/wp-content\/uploads\/2024\/09\/xv-south-bohemia-classic_ST1_exclusive_20240906-201441.pdf\" target=\"_blank\" rel=\"noreferrer noopener nofollow\">Exclusive<\/a><\/span><\/strong><\/li>\n\n\n\n<li>RT 3 M\u011bstys K\u0159em\u017ee &#8211; <span style=\"text-decoration: underline;\"><strong><a href=\"https:\/\/southbohemiaclassic.cz\/wp-content\/uploads\/2024\/09\/xv-south-bohemia-classic_RT3_classic_20240906-224029.pdf\" target=\"_blank\" rel=\"noreferrer noopener nofollow\">Classic<\/a><\/strong><\/span> | <strong><span style=\"text-decoration: underline;\"><a href=\"https:\/\/southbohemiaclassic.cz\/wp-content\/uploads\/2024\/09\/xv-south-bohemia-classic_RT3_exclusive_20240906-224036.pdf\">Exclusive<\/a><\/span><\/strong><\/li>\n\n\n\n<li>RT 4 Obec Chval\u0161iny &#8211; <strong><span style=\"text-decoration: underline;\"><a href=\"https:\/\/southbohemiaclassic.cz\/wp-content\/uploads\/2024\/09\/xv-south-bohemia-classic_RT4_classic_20240907-085452.pdf\" target=\"_blank\" rel=\"noreferrer noopener nofollow\">Classic<\/a><\/span><\/strong> | <strong><span style=\"text-decoration: underline;\"><a href=\"https:\/\/southbohemiaclassic.cz\/wp-content\/uploads\/2024\/09\/xv-south-bohemia-classic_RT4_exclusive_20240906-225819.pdf\" target=\"_blank\" rel=\"noreferrer noopener nofollow\">Exclusive<\/a><\/span><\/strong><\/li>\n<\/ul>\n\n\n\n<p>Results in Leg 1 &#8211; <strong><span style=\"text-decoration: underline;\"><a href=\"https:\/\/southbohemiaclassic.cz\/wp-content\/uploads\/2024\/09\/xv-south-bohemia-classic_RT1-RT4_classic_20240907-085415.pdf\" target=\"_blank\" rel=\"noreferrer noopener nofollow\">Classic<\/a><\/span><\/strong> | <strong><span style=\"text-decoration: underline;\"><a href=\"https:\/\/southbohemiaclassic.cz\/wp-content\/uploads\/2024\/09\/xv-south-bohemia-classic_RT1-RT4_exclusive_20240907-001214.pdf\" target=\"_blank\" rel=\"noreferrer noopener nofollow\">Exclusive<\/a><\/span><\/strong> | <strong><span style=\"text-decoration: underline;\"><a href=\"https:\/\/southbohemiaclassic.cz\/wp-content\/uploads\/2024\/09\/xv-south-bohemia-classic_RT1-RT4_mechanicke-stopky_20240907-085422.pdf\" target=\"_blank\" rel=\"noreferrer noopener nofollow\">Mechanical stopwatch<\/a><\/span><\/strong>&nbsp;| <strong><span style=\"text-decoration: underline;\"><a href=\"https:\/\/southbohemiaclassic.cz\/wp-content\/uploads\/2024\/09\/xv-south-bohemia-classic_RT1-RT4_vitar-junior-cup_20240907-001241.pdf\" target=\"_blank\" rel=\"noreferrer noopener nofollow\">VITAR Junior Cup<\/a><\/span><\/strong> | <strong><span style=\"text-decoration: underline;\"><a href=\"https:\/\/southbohemiaclassic.cz\/wp-content\/uploads\/2024\/09\/xv-south-bohemia-classic_RT1-RT4_damsky-pohar_20240907-073613.pdf\" target=\"_blank\" rel=\"noreferrer noopener nofollow\">Ladies Trophy <\/a><\/span><\/strong>| <strong><span style=\"text-decoration: underline;\"><a href=\"https:\/\/southbohemiaclassic.cz\/wp-content\/uploads\/2024\/09\/xv-south-bohemia-classic_RT1-RT4_rodinny-pohar_20240907-001309.pdf\" target=\"_blank\" rel=\"noreferrer noopener nofollow\">Family trophy<\/a><\/span><\/strong><br><strong><span style=\"text-decoration: underline;\"><a href=\"https:\/\/southbohemiaclassic.cz\/wp-content\/uploads\/2024\/09\/xv-south-bohemia-classic_penalties_20240907-001947.pdf\" target=\"_blank\" rel=\"noreferrer noopener nofollow\">Penalties<\/a><\/span><\/strong><\/p>\n\n\n\n<ul class=\"wp-block-list\">\n<li>RT 5 Hotel Resort Relax &#8211; <strong><span style=\"text-decoration: underline;\"><a href=\"https:\/\/southbohemiaclassic.cz\/wp-content\/uploads\/2024\/09\/xv-south-bohemia-classic_RT5_classic_20240907-105511.pdf\" target=\"_blank\" rel=\"noreferrer noopener nofollow\">Classic<\/a><\/span><\/strong> | <strong><span style=\"text-decoration: underline;\"><a href=\"https:\/\/southbohemiaclassic.cz\/wp-content\/uploads\/2024\/09\/xv-south-bohemia-classic_RT5_exclusive_20240907-105539.pdf\" target=\"_blank\" rel=\"noreferrer noopener nofollow\">Exclusive<\/a><\/span><\/strong><\/li>\n\n\n\n<li>RT 6 Motok\u00e1ry Horn\u00ed Plan\u00e1 &#8211; <strong><span style=\"text-decoration: underline;\"><a href=\"https:\/\/southbohemiaclassic.cz\/wp-content\/uploads\/2024\/09\/xv-south-bohemia-classic_RT6_classic_20240907-171707.pdf\" target=\"_blank\" rel=\"noreferrer noopener nofollow\">Classic<\/a><\/span><\/strong> | <strong><span style=\"text-decoration: underline;\"><a href=\"https:\/\/southbohemiaclassic.cz\/wp-content\/uploads\/2024\/09\/xv-south-bohemia-classic_RT6_exclusive_20240907-111451.pdf\" target=\"_blank\" rel=\"noreferrer noopener nofollow\">Exclusive<\/a><\/span><\/strong><\/li>\n\n\n\n<li>RT 7 VITAR &#8211; <strong><span style=\"text-decoration: underline;\"><a href=\"https:\/\/southbohemiaclassic.cz\/wp-content\/uploads\/2024\/09\/xv-south-bohemia-classic_RT7_classic_20240907-134906.pdf\" target=\"_blank\" rel=\"noreferrer noopener nofollow\">Classic<\/a><\/span><\/strong> | <strong><span style=\"text-decoration: underline;\"><a href=\"https:\/\/southbohemiaclassic.cz\/wp-content\/uploads\/2024\/09\/xv-south-bohemia-classic_RT7_exclusive_20240907-134916.pdf\" target=\"_blank\" rel=\"noreferrer noopener nofollow\">Exclusive<\/a><\/span><\/strong><\/li>\n\n\n\n<li>RT 8 FCC &#8211; <strong><span style=\"text-decoration: underline;\"><a href=\"https:\/\/southbohemiaclassic.cz\/wp-content\/uploads\/2024\/09\/xv-south-bohemia-classic_RT8_classic_20240907-134933.pdf\" target=\"_blank\" rel=\"noreferrer noopener nofollow\">Classic<\/a><\/span><\/strong> | <strong><span style=\"text-decoration: underline;\"><a href=\"https:\/\/southbohemiaclassic.cz\/wp-content\/uploads\/2024\/09\/xv-south-bohemia-classic_RT8_exclusive_20240907-134943.pdf\" target=\"_blank\" rel=\"noreferrer noopener nofollow\">Exclusive<\/a><\/span><\/strong><\/li>\n\n\n\n<li>RT 9 SM produkt &#8211; <strong><span style=\"text-decoration: underline;\"><a href=\"https:\/\/southbohemiaclassic.cz\/wp-content\/uploads\/2024\/09\/xv-south-bohemia-classic_RT9_classic_20240907-161447.pdf\" target=\"_blank\" rel=\"noreferrer noopener nofollow\">Classic<\/a><\/span><\/strong> | <strong><span style=\"text-decoration: underline;\"><a href=\"https:\/\/southbohemiaclassic.cz\/wp-content\/uploads\/2024\/09\/xv-south-bohemia-classic_RT9_exclusive_20240907-161521.pdf\" target=\"_blank\" rel=\"noreferrer noopener nofollow\">Exclusive<\/a><\/span><\/strong><\/li>\n\n\n\n<li>RT 10 KeyTec &#8211; <strong><span style=\"text-decoration: underline;\"><a href=\"https:\/\/southbohemiaclassic.cz\/wp-content\/uploads\/2024\/09\/xv-south-bohemia-classic_RT10_classic_20240907-162715.pdf\" target=\"_blank\" rel=\"noreferrer noopener nofollow\">Classic<\/a><\/span><\/strong> | <strong><span style=\"text-decoration: underline;\"><a href=\"https:\/\/southbohemiaclassic.cz\/wp-content\/uploads\/2024\/09\/xv-south-bohemia-classic_RT10_exclusive_20240907-162708.pdf\" target=\"_blank\" rel=\"noreferrer noopener nofollow\">Exclusive<\/a><\/span><\/strong><\/li>\n\n\n\n<li>RT 11 P\u0159\u00edv\u011bsy Turatello &#8211; <strong><span style=\"text-decoration: underline;\"><a href=\"https:\/\/southbohemiaclassic.cz\/wp-content\/uploads\/2024\/09\/xv-south-bohemia-classic_RT11_classic_20240907-181328.pdf\" target=\"_blank\" rel=\"noreferrer noopener nofollow\">Classic<\/a><\/span><\/strong> | <strong><span style=\"text-decoration: underline;\"><a href=\"https:\/\/southbohemiaclassic.cz\/wp-content\/uploads\/2024\/09\/xv-south-bohemia-classic_RT11_exclusive_20240907-181337.pdf\" target=\"_blank\" rel=\"noreferrer noopener nofollow\">Exclusive<\/a><\/span><\/strong><\/li>\n\n\n\n<li>RT 12 IVT tepeln\u00e1 \u010derpadla &#8211; <strong><span style=\"text-decoration: underline;\"><a href=\"https:\/\/southbohemiaclassic.cz\/wp-content\/uploads\/2024\/09\/xv-south-bohemia-classic_RT12_classic_20240907-184416.pdf\" target=\"_blank\" rel=\"noreferrer noopener nofollow\">Classic<\/a><\/span><\/strong> | <strong><span style=\"text-decoration: underline;\"><a href=\"https:\/\/southbohemiaclassic.cz\/wp-content\/uploads\/2024\/09\/xv-south-bohemia-classic_RT12_exclusive_20240907-184423.pdf\" target=\"_blank\" rel=\"noreferrer noopener nofollow\">Exclusive<\/a><\/span><\/strong><\/li>\n\n\n\n<li>ST 2 Casino Imperator &#8211; <strong><span style=\"text-decoration: underline;\"><a href=\"https:\/\/southbohemiaclassic.cz\/wp-content\/uploads\/2024\/09\/xv-south-bohemia-classic_ST2_classic_20240907-184431.pdf\" target=\"_blank\" rel=\"noreferrer noopener nofollow\">Classic<\/a><\/span><\/strong> | <strong><span style=\"text-decoration: underline;\"><a href=\"https:\/\/southbohemiaclassic.cz\/wp-content\/uploads\/2024\/09\/xv-south-bohemia-classic_ST2_exclusive_20240907-184437.pdf\" target=\"_blank\" rel=\"noreferrer noopener nofollow\">Exclusive<\/a><\/span><\/strong><\/li>\n<\/ul>\n\n\n\n<p>Results in Leg 2 \u2013 <strong><span style=\"text-decoration: underline;\"><a href=\"https:\/\/southbohemiaclassic.cz\/wp-content\/uploads\/2024\/09\/xv-south-bohemia-classic_RT5-ST2_classic_20240907-193526.pdf\" target=\"_blank\" rel=\"noreferrer noopener nofollow\">Classic<\/a><\/span><\/strong>&nbsp;| <strong><span style=\"text-decoration: underline;\"><a href=\"https:\/\/southbohemiaclassic.cz\/wp-content\/uploads\/2024\/09\/xv-south-bohemia-classic_RT5-ST2_exclusive_20240907-193518.pdf\" target=\"_blank\" rel=\"noreferrer noopener nofollow\">Exclusive<\/a><\/span><\/strong><br><strong><span style=\"text-decoration: underline;\"><a href=\"https:\/\/southbohemiaclassic.cz\/wp-content\/uploads\/2024\/09\/xv-south-bohemia-classic_penalties_20240907-193531.pdf\" target=\"_blank\" rel=\"noreferrer noopener nofollow\">Penalties<\/a><\/span><\/strong><\/p>\n\n\n\n<p><\/p>\n\n\n\n<p><\/p>\n\n\n\n<p>Final Classification \u2013 <strong><span style=\"text-decoration: underline;\"><a href=\"https:\/\/southbohemiaclassic.cz\/wp-content\/uploads\/2024\/09\/xv-south-bohemia-classic_final_classic_20240907-195955.pdf\" target=\"_blank\" rel=\"noreferrer noopener nofollow\">Classic<\/a><\/span><\/strong>\u00a0| <strong><span style=\"text-decoration: underline;\"><a href=\"https:\/\/southbohemiaclassic.cz\/wp-content\/uploads\/2024\/09\/xv-south-bohemia-classic_final_exclusive_20240907-200010.pdf\" target=\"_blank\" rel=\"noreferrer noopener nofollow\">Exclusive<\/a><\/span><\/strong> | <strong><span style=\"text-decoration: underline;\"><a href=\"https:\/\/southbohemiaclassic.cz\/wp-content\/uploads\/2024\/09\/xv-south-bohemia-classic_final_mechanicke-stopky_20240907-200018.pdf\" target=\"_blank\" rel=\"noreferrer noopener nofollow\">Mechanical stopwatch<\/a><\/span><\/strong>\u00a0| <strong><span style=\"text-decoration: underline;\"><a href=\"https:\/\/southbohemiaclassic.cz\/wp-content\/uploads\/2024\/09\/xv-south-bohemia-classic_final_vitar-junior-cup_20240907-200033.pdf\" target=\"_blank\" rel=\"noreferrer noopener nofollow\">VITAR Junior Cup<\/a><\/span><\/strong>\u00a0| <strong><span style=\"text-decoration: underline;\"><a href=\"https:\/\/southbohemiaclassic.cz\/wp-content\/uploads\/2024\/09\/xv-south-bohemia-classic_final_damsky-pohar_20240907-200041.pdf\" target=\"_blank\" rel=\"noreferrer noopener nofollow\">Ladies Trophy<\/a><\/span><\/strong> | <strong><span style=\"text-decoration: underline;\"><a href=\"https:\/\/southbohemiaclassic.cz\/wp-content\/uploads\/2024\/09\/xv-south-bohemia-classic_team_cup_20240907-200052.pdf\" target=\"_blank\" rel=\"noreferrer noopener nofollow\">Team Trophy<\/a><\/span><\/strong> | <strong><span style=\"text-decoration: underline;\"><a href=\"https:\/\/southbohemiaclassic.cz\/wp-content\/uploads\/2024\/09\/xv-south-bohemia-classic_final_rodinny-pohar_20240907-200120.pdf\" target=\"_blank\" rel=\"noreferrer noopener nofollow\">Family trophy<\/a><\/span><\/strong><\/p>\n\n\n\n<p><strong><span style=\"text-decoration: underline;\"><a href=\"https:\/\/southbohemiaclassic.cz\/wp-content\/uploads\/2024\/09\/classic_challenge_2024.pdf\" target=\"_blank\" rel=\"noreferrer noopener nofollow\">Classic Challenge 2024<\/a><\/span><\/strong><\/p>","protected":false},"excerpt":{"rendered":"<p>Results in Leg 1 &#8211; Classic | Exclusive | Mechanical stopwatch&nbsp;| VITAR Junior Cup | Ladies Trophy | Family trophyPenalties Results in Leg 2 \u2013 Classic&nbsp;| ExclusivePenalties Final Classification \u2013 Classic\u00a0| Exclusive | Mechanical stopwatch\u00a0| VITAR Junior Cup\u00a0| Ladies Trophy | Team Trophy | Family trophy Classic Challenge 2024<\/p>\n","protected":false},"author":2,"featured_media":0,"parent":0,"menu_order":0,"comment_status":"closed","ping_status":"closed","template":"","meta":{"_acf_changed":false,"ngg_post_thumbnail":0,"footnotes":""},"class_list":["post-14030","page","type-page","status-publish","hentry"],"acf":[],"yoast_head":"<!-- This site is optimized with the Yoast SEO plugin v27.3 - https:\/\/yoast.com\/product\/yoast-seo-wordpress\/ -->\n<title>Results XV. South Bohemia Classic 2024 - South Bohemia Classic<\/title>\n<meta name=\"robots\" content=\"index, follow, max-snippet:-1, max-image-preview:large, max-video-preview:-1\" \/>\n<link rel=\"canonical\" href=\"https:\/\/southbohemiaclassic.cz\/vysledky-2024\/\" \/>\n<meta property=\"og:locale\" content=\"en_US\" \/>\n<meta property=\"og:type\" content=\"article\" \/>\n<meta property=\"og:title\" content=\"[:cs]V\u00fdsledky XV. South Bohemia Classic 2024[:de]Ergebnisse XV. South Bohemia Classic 2024[:en]Results XV. South Bohemia Classic 2024 - South Bohemia Classic\" \/>\n<meta property=\"og:description\" content=\"Results in Leg 1 &#8211; Classic | Exclusive | Mechanical stopwatch&nbsp;| VITAR Junior Cup | Ladies Trophy | Family trophyPenalties Results in Leg 2 \u2013 Classic&nbsp;| ExclusivePenalties Final Classification \u2013 Classic\u00a0| Exclusive | Mechanical stopwatch\u00a0| VITAR Junior Cup\u00a0| Ladies Trophy | Team Trophy | Family trophy Classic Challenge 2024\" \/>\n<meta property=\"og:url\" content=\"https:\/\/southbohemiaclassic.cz\/vysledky-2024\/\" \/>\n<meta property=\"og:site_name\" content=\"South Bohemia Classic\" \/>\n<meta property=\"article:modified_time\" content=\"2024-09-07T20:21:00+00:00\" \/>\n<meta name=\"twitter:card\" content=\"summary_large_image\" \/>\n<meta name=\"twitter:label1\" content=\"Est. reading time\" \/>\n\t<meta name=\"twitter:data1\" content=\"2 minutes\" \/>\n<script type=\"application\/ld+json\" class=\"yoast-schema-graph\">{\"@context\":\"https:\\\/\\\/schema.org\",\"@graph\":[{\"@type\":\"WebPage\",\"@id\":\"https:\\\/\\\/southbohemiaclassic.cz\\\/vysledky-2024\\\/\",\"url\":\"https:\\\/\\\/southbohemiaclassic.cz\\\/vysledky-2024\\\/\",\"name\":\"[:cs]V\u00fdsledky XV. South Bohemia Classic 2024[:de]Ergebnisse XV. South Bohemia Classic 2024[:en]Results XV. South Bohemia Classic 2024 - South Bohemia Classic\",\"isPartOf\":{\"@id\":\"https:\\\/\\\/southbohemiaclassic.cz\\\/#website\"},\"datePublished\":\"2024-09-04T12:45:48+00:00\",\"dateModified\":\"2024-09-07T20:21:00+00:00\",\"breadcrumb\":{\"@id\":\"https:\\\/\\\/southbohemiaclassic.cz\\\/vysledky-2024\\\/#breadcrumb\"},\"inLanguage\":\"en-US\",\"potentialAction\":[{\"@type\":\"ReadAction\",\"target\":[\"https:\\\/\\\/southbohemiaclassic.cz\\\/vysledky-2024\\\/\"]}]},{\"@type\":\"BreadcrumbList\",\"@id\":\"https:\\\/\\\/southbohemiaclassic.cz\\\/vysledky-2024\\\/#breadcrumb\",\"itemListElement\":[{\"@type\":\"ListItem\",\"position\":1,\"name\":\"Dom\u016f\",\"item\":\"https:\\\/\\\/southbohemiaclassic.cz\\\/\"},{\"@type\":\"ListItem\",\"position\":2,\"name\":\"V\u00fdsledky XV. South Bohemia Classic 2024\"}]},{\"@type\":\"WebSite\",\"@id\":\"https:\\\/\\\/southbohemiaclassic.cz\\\/#website\",\"url\":\"https:\\\/\\\/southbohemiaclassic.cz\\\/\",\"name\":\"South Bohemia Classic\",\"description\":\"South Bohemia Classic\",\"potentialAction\":[{\"@type\":\"SearchAction\",\"target\":{\"@type\":\"EntryPoint\",\"urlTemplate\":\"https:\\\/\\\/southbohemiaclassic.cz\\\/?s={search_term_string}\"},\"query-input\":{\"@type\":\"PropertyValueSpecification\",\"valueRequired\":true,\"valueName\":\"search_term_string\"}}],\"inLanguage\":\"en-US\"}]}<\/script>\n<!-- \/ Yoast SEO plugin. -->","yoast_head_json":{"title":"[:cs]V\u00fdsledky XV. South Bohemia Classic 2024[:de]Ergebnisse XV. South Bohemia Classic 2024[:en]Results XV. South Bohemia Classic 2024 - South Bohemia Classic","robots":{"index":"index","follow":"follow","max-snippet":"max-snippet:-1","max-image-preview":"max-image-preview:large","max-video-preview":"max-video-preview:-1"},"canonical":"https:\/\/southbohemiaclassic.cz\/vysledky-2024\/","og_locale":"en_US","og_type":"article","og_title":"[:cs]V\u00fdsledky XV. South Bohemia Classic 2024[:de]Ergebnisse XV. South Bohemia Classic 2024[:en]Results XV. South Bohemia Classic 2024 - South Bohemia Classic","og_description":"Results in Leg 1 &#8211; Classic | Exclusive | Mechanical stopwatch&nbsp;| VITAR Junior Cup | Ladies Trophy | Family trophyPenalties Results in Leg 2 \u2013 Classic&nbsp;| ExclusivePenalties Final Classification \u2013 Classic\u00a0| Exclusive | Mechanical stopwatch\u00a0| VITAR Junior Cup\u00a0| Ladies Trophy | Team Trophy | Family trophy Classic Challenge 2024","og_url":"https:\/\/southbohemiaclassic.cz\/vysledky-2024\/","og_site_name":"South Bohemia Classic","article_modified_time":"2024-09-07T20:21:00+00:00","twitter_card":"summary_large_image","twitter_misc":{"Est. reading time":"2 minutes"},"schema":{"@context":"https:\/\/schema.org","@graph":[{"@type":"WebPage","@id":"https:\/\/southbohemiaclassic.cz\/vysledky-2024\/","url":"https:\/\/southbohemiaclassic.cz\/vysledky-2024\/","name":"[:cs]V\u00fdsledky XV. South Bohemia Classic 2024[:de]Ergebnisse XV. South Bohemia Classic 2024[:en]Results XV. South Bohemia Classic 2024 - South Bohemia Classic","isPartOf":{"@id":"https:\/\/southbohemiaclassic.cz\/#website"},"datePublished":"2024-09-04T12:45:48+00:00","dateModified":"2024-09-07T20:21:00+00:00","breadcrumb":{"@id":"https:\/\/southbohemiaclassic.cz\/vysledky-2024\/#breadcrumb"},"inLanguage":"en-US","potentialAction":[{"@type":"ReadAction","target":["https:\/\/southbohemiaclassic.cz\/vysledky-2024\/"]}]},{"@type":"BreadcrumbList","@id":"https:\/\/southbohemiaclassic.cz\/vysledky-2024\/#breadcrumb","itemListElement":[{"@type":"ListItem","position":1,"name":"Dom\u016f","item":"https:\/\/southbohemiaclassic.cz\/"},{"@type":"ListItem","position":2,"name":"V\u00fdsledky XV. South Bohemia Classic 2024"}]},{"@type":"WebSite","@id":"https:\/\/southbohemiaclassic.cz\/#website","url":"https:\/\/southbohemiaclassic.cz\/","name":"South Bohemia Classic","description":"South Bohemia Classic","potentialAction":[{"@type":"SearchAction","target":{"@type":"EntryPoint","urlTemplate":"https:\/\/southbohemiaclassic.cz\/?s={search_term_string}"},"query-input":{"@type":"PropertyValueSpecification","valueRequired":true,"valueName":"search_term_string"}}],"inLanguage":"en-US"}]}},"_links":{"self":[{"href":"https:\/\/southbohemiaclassic.cz\/en\/wp-json\/wp\/v2\/pages\/14030","targetHints":{"allow":["GET"]}}],"collection":[{"href":"https:\/\/southbohemiaclassic.cz\/en\/wp-json\/wp\/v2\/pages"}],"about":[{"href":"https:\/\/southbohemiaclassic.cz\/en\/wp-json\/wp\/v2\/types\/page"}],"author":[{"embeddable":true,"href":"https:\/\/southbohemiaclassic.cz\/en\/wp-json\/wp\/v2\/users\/2"}],"replies":[{"embeddable":true,"href":"https:\/\/southbohemiaclassic.cz\/en\/wp-json\/wp\/v2\/comments?post=14030"}],"version-history":[{"count":30,"href":"https:\/\/southbohemiaclassic.cz\/en\/wp-json\/wp\/v2\/pages\/14030\/revisions"}],"predecessor-version":[{"id":15461,"href":"https:\/\/southbohemiaclassic.cz\/en\/wp-json\/wp\/v2\/pages\/14030\/revisions\/15461"}],"wp:attachment":[{"href":"https:\/\/southbohemiaclassic.cz\/en\/wp-json\/wp\/v2\/media?parent=14030"}],"curies":[{"name":"wp","href":"https:\/\/api.w.org\/{rel}","templated":true}]}}