{"id":13921,"date":"2023-11-21T14:41:36","date_gmt":"2023-11-21T13:41:36","guid":{"rendered":"https:\/\/southbohemiaclassic.cz\/?page_id=13921"},"modified":"2024-12-01T00:41:08","modified_gmt":"2024-11-30T23:41:08","slug":"program-2024","status":"publish","type":"page","link":"https:\/\/southbohemiaclassic.cz\/en\/program-2024\/","title":{"rendered":"Programme 2024"},"content":{"rendered":"<p><\/p>\n\n\n\n<h3 class=\"wp-block-heading\">Wednesday, July 31, 2024<\/h3>\n\n\n\n<p><strong>23:59<\/strong><br>Closing entries<\/p>\n\n\n<hr>\n\n\n<h3 class=\"wp-block-heading\">Friday, September 6, 2024<\/h3>\n\n\n\n<p><strong>8:30 &#8211; 10:30<\/strong><br>Presence of crews, administrative checks (optional)<br>Doln\u00ed Vltavice, Hotel Resort Relax<\/p>\n\n\n\n<p><strong>9:00 &#8211; 12:00<\/strong><br>Training camp (optional)<br>Doln\u00ed Vltavice, Hotel Resort Relax<\/p>\n\n\n\n<p><strong>13:00 &#8211; 15:30<\/strong><br>Presence of crews, administrative checks<br>\u010cesk\u00e9 Bud\u011bjovice, n\u00e1m\u011bst\u00ed P\u0159emysla Otakara II. (main square), Grandhotel Zvon<\/p>\n\n\n\n<p><strong>16:00<\/strong><br>Driver\u2019s briefing<br>\u010cesk\u00e9 Bud\u011bjovice, n\u00e1m\u011bst\u00ed P\u0159emysla Otakara II. (main square)<\/p>\n\n\n\n<p><strong>16:30<\/strong><br>Start leg 1 (178 km)<br>\u010cesk\u00e9 Bud\u011bjovice, n\u00e1m\u011bst\u00ed P\u0159emysla Otakara II. (main square)<\/p>\n\n\n\n<p><strong>18:20<\/strong><br>Coffee break<br>Hlubok\u00e1 nad Vltavou, n\u00e1m\u011bst\u00ed \u010csl. arm\u00e1dy (main square), Pivovar Hlubok\u00e1<\/p>\n\n\n\n<p><strong>20:00<\/strong><br>Night passage in city-centre of \u010cesk\u00fd Krumlov &amp; Finish Leg 1<br>\u010cesk\u00fd Krumlov, n\u00e1m\u011bst\u00ed Svornosti (main square)<\/p>\n\n\n\n<p><strong>21:00 &#8211; 24:00<\/strong><br>Driver\u2019s drink<br>Doln\u00ed Vltavice, Hotel Resort Relax<\/p>\n\n\n<hr>\n\n\n<h3 class=\"wp-block-heading\">Saturday, September 7, 2024<\/h3>\n\n\n\n<p><strong>8:00<\/strong><br>Start leg 2 (290 km)<br>Doln\u00ed Vltavice, Hotel Resort Relax<\/p>\n\n\n\n<p><strong>9:30<\/strong><br>Coffee break<br>Prachatice, Velk\u00e9 n\u00e1m\u011bst\u00ed (main square)<\/p>\n\n\n\n<p><strong>11:50<\/strong><br>Lunch break<br>Modrava, Klostermannova chata<\/p>\n\n\n\n<p><strong>14:25<\/strong><br>Coffee break<br>\u010cesk\u00e9 \u017dleby, Hotel \u010cesk\u00e9 \u017dleby<\/p>\n\n\n\n<p><strong>15:45<\/strong><br>Finish<br>Doln\u00ed Vltavice, Hotel Resort Relax<\/p>\n\n\n\n<p><strong>19:30<\/strong><br>Prize-giving &amp; South Bohemia Classic Party<br><em>(dress code: Tenue de Ville)<\/em><br>Doln\u00ed Vltavice, Hotel Resort Relax<\/p>\n\n\n<hr>\n\n\n<p><em>Programme can be changed.<\/em><\/p>\n\n\n\n<p><\/p>","protected":false},"excerpt":{"rendered":"<p>Wednesday, July 31, 2024 23:59Closing entries Friday, September 6, 2024 8:30 &#8211; 10:30Presence of crews, administrative checks (optional)Doln\u00ed Vltavice, Hotel Resort Relax 9:00 &#8211; 12:00Training camp (optional)Doln\u00ed Vltavice, Hotel Resort Relax 13:00 &#8211; 15:30Presence of crews, administrative checks\u010cesk\u00e9 Bud\u011bjovice, n\u00e1m\u011bst\u00ed P\u0159emysla Otakara II. (main square), Grandhotel Zvon 16:00Driver\u2019s briefing\u010cesk\u00e9 Bud\u011bjovice, n\u00e1m\u011bst\u00ed P\u0159emysla Otakara II. (main [&hellip;]<\/p>\n","protected":false},"author":2,"featured_media":0,"parent":0,"menu_order":0,"comment_status":"closed","ping_status":"closed","template":"","meta":{"_acf_changed":false,"ngg_post_thumbnail":0,"footnotes":""},"class_list":["post-13921","page","type-page","status-publish","hentry"],"acf":[],"yoast_head":"<!-- This site is optimized with the Yoast SEO plugin v27.3 - https:\/\/yoast.com\/product\/yoast-seo-wordpress\/ -->\n<title>Programme 2024 - South Bohemia Classic<\/title>\n<meta name=\"robots\" content=\"index, follow, max-snippet:-1, max-image-preview:large, max-video-preview:-1\" \/>\n<link rel=\"canonical\" href=\"https:\/\/southbohemiaclassic.cz\/program-2024\/\" \/>\n<meta property=\"og:locale\" content=\"en_US\" \/>\n<meta property=\"og:type\" content=\"article\" \/>\n<meta property=\"og:title\" content=\"[:cs]Program sout\u011b\u017ee 2024[:de]Programm 2024[:en]Programme 2024[:] - South Bohemia Classic\" \/>\n<meta property=\"og:description\" content=\"Wednesday, July 31, 2024 23:59Closing entries Friday, September 6, 2024 8:30 &#8211; 10:30Presence of crews, administrative checks (optional)Doln\u00ed Vltavice, Hotel Resort Relax 9:00 &#8211; 12:00Training camp (optional)Doln\u00ed Vltavice, Hotel Resort Relax 13:00 &#8211; 15:30Presence of crews, administrative checks\u010cesk\u00e9 Bud\u011bjovice, n\u00e1m\u011bst\u00ed P\u0159emysla Otakara II. (main square), Grandhotel Zvon 16:00Driver\u2019s briefing\u010cesk\u00e9 Bud\u011bjovice, n\u00e1m\u011bst\u00ed P\u0159emysla Otakara II. (main [&hellip;]\" \/>\n<meta property=\"og:url\" content=\"https:\/\/southbohemiaclassic.cz\/program-2024\/\" \/>\n<meta property=\"og:site_name\" content=\"South Bohemia Classic\" \/>\n<meta property=\"article:modified_time\" content=\"2024-11-30T23:41:08+00:00\" \/>\n<meta name=\"twitter:card\" content=\"summary_large_image\" \/>\n<meta name=\"twitter:label1\" content=\"Est. reading time\" \/>\n\t<meta name=\"twitter:data1\" content=\"3 minutes\" \/>\n<script type=\"application\/ld+json\" class=\"yoast-schema-graph\">{\"@context\":\"https:\\\/\\\/schema.org\",\"@graph\":[{\"@type\":\"WebPage\",\"@id\":\"https:\\\/\\\/southbohemiaclassic.cz\\\/program-2024\\\/\",\"url\":\"https:\\\/\\\/southbohemiaclassic.cz\\\/program-2024\\\/\",\"name\":\"[:cs]Program sout\u011b\u017ee 2024[:de]Programm 2024[:en]Programme 2024[:] - South Bohemia Classic\",\"isPartOf\":{\"@id\":\"https:\\\/\\\/southbohemiaclassic.cz\\\/#website\"},\"datePublished\":\"2023-11-21T13:41:36+00:00\",\"dateModified\":\"2024-11-30T23:41:08+00:00\",\"breadcrumb\":{\"@id\":\"https:\\\/\\\/southbohemiaclassic.cz\\\/program-2024\\\/#breadcrumb\"},\"inLanguage\":\"en-US\",\"potentialAction\":[{\"@type\":\"ReadAction\",\"target\":[\"https:\\\/\\\/southbohemiaclassic.cz\\\/program-2024\\\/\"]}]},{\"@type\":\"BreadcrumbList\",\"@id\":\"https:\\\/\\\/southbohemiaclassic.cz\\\/program-2024\\\/#breadcrumb\",\"itemListElement\":[{\"@type\":\"ListItem\",\"position\":1,\"name\":\"Dom\u016f\",\"item\":\"https:\\\/\\\/southbohemiaclassic.cz\\\/\"},{\"@type\":\"ListItem\",\"position\":2,\"name\":\"Program sout\u011b\u017ee 2024\"}]},{\"@type\":\"WebSite\",\"@id\":\"https:\\\/\\\/southbohemiaclassic.cz\\\/#website\",\"url\":\"https:\\\/\\\/southbohemiaclassic.cz\\\/\",\"name\":\"South Bohemia Classic\",\"description\":\"South Bohemia Classic\",\"potentialAction\":[{\"@type\":\"SearchAction\",\"target\":{\"@type\":\"EntryPoint\",\"urlTemplate\":\"https:\\\/\\\/southbohemiaclassic.cz\\\/?s={search_term_string}\"},\"query-input\":{\"@type\":\"PropertyValueSpecification\",\"valueRequired\":true,\"valueName\":\"search_term_string\"}}],\"inLanguage\":\"en-US\"}]}<\/script>\n<!-- \/ Yoast SEO plugin. -->","yoast_head_json":{"title":"[:cs]Program sout\u011b\u017ee 2024[:de]Programm 2024[:en]Programme 2024[:] - South Bohemia Classic","robots":{"index":"index","follow":"follow","max-snippet":"max-snippet:-1","max-image-preview":"max-image-preview:large","max-video-preview":"max-video-preview:-1"},"canonical":"https:\/\/southbohemiaclassic.cz\/program-2024\/","og_locale":"en_US","og_type":"article","og_title":"[:cs]Program sout\u011b\u017ee 2024[:de]Programm 2024[:en]Programme 2024[:] - South Bohemia Classic","og_description":"Wednesday, July 31, 2024 23:59Closing entries Friday, September 6, 2024 8:30 &#8211; 10:30Presence of crews, administrative checks (optional)Doln\u00ed Vltavice, Hotel Resort Relax 9:00 &#8211; 12:00Training camp (optional)Doln\u00ed Vltavice, Hotel Resort Relax 13:00 &#8211; 15:30Presence of crews, administrative checks\u010cesk\u00e9 Bud\u011bjovice, n\u00e1m\u011bst\u00ed P\u0159emysla Otakara II. (main square), Grandhotel Zvon 16:00Driver\u2019s briefing\u010cesk\u00e9 Bud\u011bjovice, n\u00e1m\u011bst\u00ed P\u0159emysla Otakara II. (main [&hellip;]","og_url":"https:\/\/southbohemiaclassic.cz\/program-2024\/","og_site_name":"South Bohemia Classic","article_modified_time":"2024-11-30T23:41:08+00:00","twitter_card":"summary_large_image","twitter_misc":{"Est. reading time":"3 minutes"},"schema":{"@context":"https:\/\/schema.org","@graph":[{"@type":"WebPage","@id":"https:\/\/southbohemiaclassic.cz\/program-2024\/","url":"https:\/\/southbohemiaclassic.cz\/program-2024\/","name":"[:cs]Program sout\u011b\u017ee 2024[:de]Programm 2024[:en]Programme 2024[:] - South Bohemia Classic","isPartOf":{"@id":"https:\/\/southbohemiaclassic.cz\/#website"},"datePublished":"2023-11-21T13:41:36+00:00","dateModified":"2024-11-30T23:41:08+00:00","breadcrumb":{"@id":"https:\/\/southbohemiaclassic.cz\/program-2024\/#breadcrumb"},"inLanguage":"en-US","potentialAction":[{"@type":"ReadAction","target":["https:\/\/southbohemiaclassic.cz\/program-2024\/"]}]},{"@type":"BreadcrumbList","@id":"https:\/\/southbohemiaclassic.cz\/program-2024\/#breadcrumb","itemListElement":[{"@type":"ListItem","position":1,"name":"Dom\u016f","item":"https:\/\/southbohemiaclassic.cz\/"},{"@type":"ListItem","position":2,"name":"Program sout\u011b\u017ee 2024"}]},{"@type":"WebSite","@id":"https:\/\/southbohemiaclassic.cz\/#website","url":"https:\/\/southbohemiaclassic.cz\/","name":"South Bohemia Classic","description":"South Bohemia Classic","potentialAction":[{"@type":"SearchAction","target":{"@type":"EntryPoint","urlTemplate":"https:\/\/southbohemiaclassic.cz\/?s={search_term_string}"},"query-input":{"@type":"PropertyValueSpecification","valueRequired":true,"valueName":"search_term_string"}}],"inLanguage":"en-US"}]}},"_links":{"self":[{"href":"https:\/\/southbohemiaclassic.cz\/en\/wp-json\/wp\/v2\/pages\/13921","targetHints":{"allow":["GET"]}}],"collection":[{"href":"https:\/\/southbohemiaclassic.cz\/en\/wp-json\/wp\/v2\/pages"}],"about":[{"href":"https:\/\/southbohemiaclassic.cz\/en\/wp-json\/wp\/v2\/types\/page"}],"author":[{"embeddable":true,"href":"https:\/\/southbohemiaclassic.cz\/en\/wp-json\/wp\/v2\/users\/2"}],"replies":[{"embeddable":true,"href":"https:\/\/southbohemiaclassic.cz\/en\/wp-json\/wp\/v2\/comments?post=13921"}],"version-history":[{"count":5,"href":"https:\/\/southbohemiaclassic.cz\/en\/wp-json\/wp\/v2\/pages\/13921\/revisions"}],"predecessor-version":[{"id":15360,"href":"https:\/\/southbohemiaclassic.cz\/en\/wp-json\/wp\/v2\/pages\/13921\/revisions\/15360"}],"wp:attachment":[{"href":"https:\/\/southbohemiaclassic.cz\/en\/wp-json\/wp\/v2\/media?parent=13921"}],"curies":[{"name":"wp","href":"https:\/\/api.w.org\/{rel}","templated":true}]}}