{"id":13825,"date":"2023-09-13T17:55:32","date_gmt":"2023-09-13T16:55:32","guid":{"rendered":"https:\/\/southbohemiaclassic.cz\/?page_id=13825"},"modified":"2023-09-14T21:10:29","modified_gmt":"2023-09-14T20:10:29","slug":"galerie-2023","status":"publish","type":"page","link":"https:\/\/southbohemiaclassic.cz\/en\/galerie-2023\/","title":{"rendered":"XIV. South Bohemia Classic 2023"},"content":{"rendered":"<p><\/p>\n\n\n\n<p>For hi-resolution images, please contact us:&nbsp;<strong><a href=\"mailto:info@southbohemiaclassic.cz\" target=\"_blank\" rel=\"noreferrer noopener\">info@southbohemiaclassic.cz<\/a><\/strong>.<\/p>\n\n\n\n<div style=\"height:20px\" aria-hidden=\"true\" class=\"wp-block-spacer\"><\/div>\n\n\n\n<p>Author: <a href=\"https:\/\/www.facebook.com\/fotoskrivanek\/\" target=\"_blank\" rel=\"noreferrer noopener\"><strong>Petr Sk\u0159iv\u00e1nek<\/strong><\/a><\/p>\n\n\n\nngg_shortcode_10_placeholder\n\n\n\n<p>Author: <strong><a href=\"https:\/\/www.facebook.com\/stepansturma\" target=\"_blank\" rel=\"noreferrer noopener\">\u0160t\u011bp\u00e1n \u0160turma<\/a><\/strong><\/p>\n\n\n\nngg_shortcode_11_placeholder\n\nngg_shortcode_12_placeholder\n\n\n\n<p>Author: <strong><a href=\"https:\/\/www.facebook.com\/zdenek.klima.1\" target=\"_blank\" rel=\"noreferrer noopener\">Zden\u011bk Kl\u00edma<\/a><\/strong><\/p>\n\n\n\nngg_shortcode_13_placeholder\n\n\n\n<p>Author: <strong><a href=\"https:\/\/www.facebook.com\/quidogroup\" target=\"_blank\" rel=\"noreferrer noopener\">Jan Marek<\/a><\/strong><\/p>\n\n\n\nngg_shortcode_14_placeholder\n\n\n\n<h3 class=\"wp-block-heading\"><a href=\"https:\/\/southbohemiaclassic.cz\/galerie-2023_start-cil\/\">START &amp; FINISH &#8211; all participants<\/a><\/h3>\n\n\n\n<p><\/p>","protected":false},"excerpt":{"rendered":"<p>For hi-resolution images, please contact us:&nbsp;info@southbohemiaclassic.cz. Author: Petr Sk\u0159iv\u00e1nek Author: \u0160t\u011bp\u00e1n \u0160turma Author: Zden\u011bk Kl\u00edma Author: Jan Marek START &amp; FINISH &#8211; all participants<\/p>\n","protected":false},"author":2,"featured_media":0,"parent":0,"menu_order":0,"comment_status":"closed","ping_status":"closed","template":"","meta":{"_acf_changed":false,"ngg_post_thumbnail":0,"footnotes":""},"class_list":["post-13825","page","type-page","status-publish","hentry"],"acf":[],"yoast_head":"<!-- This site is optimized with the Yoast SEO plugin v27.3 - https:\/\/yoast.com\/product\/yoast-seo-wordpress\/ -->\n<title>FOTO: XIV. South Bohemia Classic 2023<\/title>\n<meta name=\"description\" content=\"Bohat\u00e1 fotogalerie ze \u010dtrn\u00e1ct\u00e9ho ro\u010dn\u00edku setinov\u00e9 rallye South Bohemia Classic, kter\u00e1 se uskute\u010dnila 8. a 9. z\u00e1\u0159\u00ed 2023.\" \/>\n<meta name=\"robots\" content=\"index, follow, max-snippet:-1, max-image-preview:large, max-video-preview:-1\" \/>\n<link rel=\"canonical\" href=\"https:\/\/southbohemiaclassic.cz\/galerie-2023\/\" \/>\n<meta property=\"og:locale\" content=\"en_US\" \/>\n<meta property=\"og:type\" content=\"article\" \/>\n<meta property=\"og:title\" content=\"FOTO: XIV. South Bohemia Classic 2023\" \/>\n<meta property=\"og:description\" content=\"Bohat\u00e1 fotogalerie ze \u010dtrn\u00e1ct\u00e9ho ro\u010dn\u00edku setinov\u00e9 rallye South Bohemia Classic, kter\u00e1 se uskute\u010dnila 8. a 9. z\u00e1\u0159\u00ed 2023.\" \/>\n<meta property=\"og:url\" content=\"https:\/\/southbohemiaclassic.cz\/galerie-2023\/\" \/>\n<meta property=\"og:site_name\" content=\"South Bohemia Classic\" \/>\n<meta property=\"article:modified_time\" content=\"2023-09-14T20:10:29+00:00\" \/>\n<meta property=\"og:image\" content=\"https:\/\/southbohemiaclassic.cz\/wp-content\/uploads\/2023\/09\/sbc2023_fotogalerie-1024x682.jpg\" \/>\n\t<meta property=\"og:image:width\" content=\"1024\" \/>\n\t<meta property=\"og:image:height\" content=\"682\" \/>\n\t<meta property=\"og:image:type\" content=\"image\/jpeg\" \/>\n<meta name=\"twitter:card\" content=\"summary_large_image\" \/>\n<meta name=\"twitter:title\" content=\"FOTO: XIV. South Bohemia Classic 2023\" \/>\n<meta name=\"twitter:description\" content=\"Bohat\u00e1 fotogalerie ze \u010dtrn\u00e1ct\u00e9ho ro\u010dn\u00edku setinov\u00e9 rallye South Bohemia Classic, kter\u00e1 se uskute\u010dnila 8. a 9. z\u00e1\u0159\u00ed 2023.\" \/>\n<meta name=\"twitter:image\" content=\"https:\/\/southbohemiaclassic.cz\/wp-content\/uploads\/2023\/09\/sbc2023_fotogalerie.jpg\" \/>\n<meta name=\"twitter:label1\" content=\"Est. reading time\" \/>\n\t<meta name=\"twitter:data1\" content=\"2 minutes\" \/>\n<script type=\"application\/ld+json\" class=\"yoast-schema-graph\">{\"@context\":\"https:\\\/\\\/schema.org\",\"@graph\":[{\"@type\":\"WebPage\",\"@id\":\"https:\\\/\\\/southbohemiaclassic.cz\\\/galerie-2023\\\/\",\"url\":\"https:\\\/\\\/southbohemiaclassic.cz\\\/galerie-2023\\\/\",\"name\":\"FOTO: XIV. South Bohemia Classic 2023\",\"isPartOf\":{\"@id\":\"https:\\\/\\\/southbohemiaclassic.cz\\\/#website\"},\"datePublished\":\"2023-09-13T16:55:32+00:00\",\"dateModified\":\"2023-09-14T20:10:29+00:00\",\"description\":\"Bohat\u00e1 fotogalerie ze \u010dtrn\u00e1ct\u00e9ho ro\u010dn\u00edku setinov\u00e9 rallye South Bohemia Classic, kter\u00e1 se uskute\u010dnila 8. a 9. z\u00e1\u0159\u00ed 2023.\",\"breadcrumb\":{\"@id\":\"https:\\\/\\\/southbohemiaclassic.cz\\\/galerie-2023\\\/#breadcrumb\"},\"inLanguage\":\"en-US\",\"potentialAction\":[{\"@type\":\"ReadAction\",\"target\":[\"https:\\\/\\\/southbohemiaclassic.cz\\\/galerie-2023\\\/\"]}]},{\"@type\":\"BreadcrumbList\",\"@id\":\"https:\\\/\\\/southbohemiaclassic.cz\\\/galerie-2023\\\/#breadcrumb\",\"itemListElement\":[{\"@type\":\"ListItem\",\"position\":1,\"name\":\"Dom\u016f\",\"item\":\"https:\\\/\\\/southbohemiaclassic.cz\\\/\"},{\"@type\":\"ListItem\",\"position\":2,\"name\":\"XIV. South Bohemia Classic 2023\"}]},{\"@type\":\"WebSite\",\"@id\":\"https:\\\/\\\/southbohemiaclassic.cz\\\/#website\",\"url\":\"https:\\\/\\\/southbohemiaclassic.cz\\\/\",\"name\":\"South Bohemia Classic\",\"description\":\"South Bohemia Classic\",\"potentialAction\":[{\"@type\":\"SearchAction\",\"target\":{\"@type\":\"EntryPoint\",\"urlTemplate\":\"https:\\\/\\\/southbohemiaclassic.cz\\\/?s={search_term_string}\"},\"query-input\":{\"@type\":\"PropertyValueSpecification\",\"valueRequired\":true,\"valueName\":\"search_term_string\"}}],\"inLanguage\":\"en-US\"}]}<\/script>\n<!-- \/ Yoast SEO plugin. -->","yoast_head_json":{"title":"FOTO: XIV. South Bohemia Classic 2023","description":"Bohat\u00e1 fotogalerie ze \u010dtrn\u00e1ct\u00e9ho ro\u010dn\u00edku setinov\u00e9 rallye South Bohemia Classic, kter\u00e1 se uskute\u010dnila 8. a 9. z\u00e1\u0159\u00ed 2023.","robots":{"index":"index","follow":"follow","max-snippet":"max-snippet:-1","max-image-preview":"max-image-preview:large","max-video-preview":"max-video-preview:-1"},"canonical":"https:\/\/southbohemiaclassic.cz\/galerie-2023\/","og_locale":"en_US","og_type":"article","og_title":"FOTO: XIV. South Bohemia Classic 2023","og_description":"Bohat\u00e1 fotogalerie ze \u010dtrn\u00e1ct\u00e9ho ro\u010dn\u00edku setinov\u00e9 rallye South Bohemia Classic, kter\u00e1 se uskute\u010dnila 8. a 9. z\u00e1\u0159\u00ed 2023.","og_url":"https:\/\/southbohemiaclassic.cz\/galerie-2023\/","og_site_name":"South Bohemia Classic","article_modified_time":"2023-09-14T20:10:29+00:00","og_image":[{"width":1024,"height":682,"url":"https:\/\/southbohemiaclassic.cz\/wp-content\/uploads\/2023\/09\/sbc2023_fotogalerie-1024x682.jpg","type":"image\/jpeg"}],"twitter_card":"summary_large_image","twitter_title":"FOTO: XIV. South Bohemia Classic 2023","twitter_description":"Bohat\u00e1 fotogalerie ze \u010dtrn\u00e1ct\u00e9ho ro\u010dn\u00edku setinov\u00e9 rallye South Bohemia Classic, kter\u00e1 se uskute\u010dnila 8. a 9. z\u00e1\u0159\u00ed 2023.","twitter_image":"https:\/\/southbohemiaclassic.cz\/wp-content\/uploads\/2023\/09\/sbc2023_fotogalerie.jpg","twitter_misc":{"Est. reading time":"2 minutes"},"schema":{"@context":"https:\/\/schema.org","@graph":[{"@type":"WebPage","@id":"https:\/\/southbohemiaclassic.cz\/galerie-2023\/","url":"https:\/\/southbohemiaclassic.cz\/galerie-2023\/","name":"FOTO: XIV. South Bohemia Classic 2023","isPartOf":{"@id":"https:\/\/southbohemiaclassic.cz\/#website"},"datePublished":"2023-09-13T16:55:32+00:00","dateModified":"2023-09-14T20:10:29+00:00","description":"Bohat\u00e1 fotogalerie ze \u010dtrn\u00e1ct\u00e9ho ro\u010dn\u00edku setinov\u00e9 rallye South Bohemia Classic, kter\u00e1 se uskute\u010dnila 8. a 9. z\u00e1\u0159\u00ed 2023.","breadcrumb":{"@id":"https:\/\/southbohemiaclassic.cz\/galerie-2023\/#breadcrumb"},"inLanguage":"en-US","potentialAction":[{"@type":"ReadAction","target":["https:\/\/southbohemiaclassic.cz\/galerie-2023\/"]}]},{"@type":"BreadcrumbList","@id":"https:\/\/southbohemiaclassic.cz\/galerie-2023\/#breadcrumb","itemListElement":[{"@type":"ListItem","position":1,"name":"Dom\u016f","item":"https:\/\/southbohemiaclassic.cz\/"},{"@type":"ListItem","position":2,"name":"XIV. South Bohemia Classic 2023"}]},{"@type":"WebSite","@id":"https:\/\/southbohemiaclassic.cz\/#website","url":"https:\/\/southbohemiaclassic.cz\/","name":"South Bohemia Classic","description":"South Bohemia Classic","potentialAction":[{"@type":"SearchAction","target":{"@type":"EntryPoint","urlTemplate":"https:\/\/southbohemiaclassic.cz\/?s={search_term_string}"},"query-input":{"@type":"PropertyValueSpecification","valueRequired":true,"valueName":"search_term_string"}}],"inLanguage":"en-US"}]}},"_links":{"self":[{"href":"https:\/\/southbohemiaclassic.cz\/en\/wp-json\/wp\/v2\/pages\/13825","targetHints":{"allow":["GET"]}}],"collection":[{"href":"https:\/\/southbohemiaclassic.cz\/en\/wp-json\/wp\/v2\/pages"}],"about":[{"href":"https:\/\/southbohemiaclassic.cz\/en\/wp-json\/wp\/v2\/types\/page"}],"author":[{"embeddable":true,"href":"https:\/\/southbohemiaclassic.cz\/en\/wp-json\/wp\/v2\/users\/2"}],"replies":[{"embeddable":true,"href":"https:\/\/southbohemiaclassic.cz\/en\/wp-json\/wp\/v2\/comments?post=13825"}],"version-history":[{"count":10,"href":"https:\/\/southbohemiaclassic.cz\/en\/wp-json\/wp\/v2\/pages\/13825\/revisions"}],"predecessor-version":[{"id":13915,"href":"https:\/\/southbohemiaclassic.cz\/en\/wp-json\/wp\/v2\/pages\/13825\/revisions\/13915"}],"wp:attachment":[{"href":"https:\/\/southbohemiaclassic.cz\/en\/wp-json\/wp\/v2\/media?parent=13825"}],"curies":[{"name":"wp","href":"https:\/\/api.w.org\/{rel}","templated":true}]}}