{"id":12342,"date":"2022-09-16T13:33:46","date_gmt":"2022-09-16T12:33:46","guid":{"rendered":"https:\/\/southbohemiaclassic.cz\/?page_id=12342"},"modified":"2022-11-24T09:17:57","modified_gmt":"2022-11-24T08:17:57","slug":"galerie-2022","status":"publish","type":"page","link":"https:\/\/southbohemiaclassic.cz\/en\/galerie-2022\/","title":{"rendered":"XIII. South Bohemia Classic 2022"},"content":{"rendered":"<p><\/p>\n\n\n\n<p>For hi-resolution images, please contact us:&nbsp;<strong><a href=\"mailto:info@southbohemiaclassic.cz\" target=\"_blank\" rel=\"noreferrer noopener\">info@southbohemiaclassic.cz<\/a><\/strong>.<\/p>\n\n\n\n<div style=\"height:20px\" aria-hidden=\"true\" class=\"wp-block-spacer\"><\/div>\n\n\n\n<p>Author: <a href=\"https:\/\/www.facebook.com\/fotoskrivanek\/\" target=\"_blank\" rel=\"noreferrer noopener\"><strong>Petr Sk\u0159iv\u00e1nek<\/strong><\/a><\/p>\n\n\n\nngg_shortcode_6_placeholder\n\n\n\n<p>Author: <strong><a href=\"https:\/\/www.facebook.com\/zdenek.klima.1\" target=\"_blank\" rel=\"noreferrer noopener\">Zden\u011bk Kl\u00edma<\/a><\/strong><\/p>\n\n\n\nngg_shortcode_7_placeholder\n\n\n\n<p>Author: <strong><a href=\"https:\/\/www.facebook.com\/quidogroup\" target=\"_blank\" rel=\"noreferrer noopener\">Jan Marek<\/a><\/strong><\/p>\n\n\n\nngg_shortcode_8_placeholder\n\n\n\n<h3 class=\"wp-block-heading\"><a href=\"https:\/\/southbohemiaclassic.cz\/galerie-2022_start\/\">START &#8211; all participants<\/a><\/h3>\n\n\n\n<p><\/p>","protected":false},"excerpt":{"rendered":"<p>For hi-resolution images, please contact us:&nbsp;info@southbohemiaclassic.cz. Author: Petr Sk\u0159iv\u00e1nek Author: Zden\u011bk Kl\u00edma Author: Jan Marek START &#8211; all participants<\/p>\n","protected":false},"author":2,"featured_media":0,"parent":0,"menu_order":0,"comment_status":"closed","ping_status":"closed","template":"","meta":{"_acf_changed":false,"ngg_post_thumbnail":0,"footnotes":""},"class_list":["post-12342","page","type-page","status-publish","hentry"],"acf":[],"yoast_head":"<!-- This site is optimized with the Yoast SEO plugin v27.3 - https:\/\/yoast.com\/product\/yoast-seo-wordpress\/ -->\n<title>XIII. South Bohemia Classic 2022 - South Bohemia Classic<\/title>\n<meta name=\"robots\" content=\"index, follow, max-snippet:-1, max-image-preview:large, max-video-preview:-1\" \/>\n<link rel=\"canonical\" href=\"https:\/\/southbohemiaclassic.cz\/galerie-2022\/\" \/>\n<meta property=\"og:locale\" content=\"en_US\" \/>\n<meta property=\"og:type\" content=\"article\" \/>\n<meta property=\"og:title\" content=\"XIII. South Bohemia Classic 2022 - South Bohemia Classic\" \/>\n<meta property=\"og:description\" content=\"For hi-resolution images, please contact us:&nbsp;info@southbohemiaclassic.cz. Author: Petr Sk\u0159iv\u00e1nek Author: Zden\u011bk Kl\u00edma Author: Jan Marek START &#8211; all participants\" \/>\n<meta property=\"og:url\" content=\"https:\/\/southbohemiaclassic.cz\/galerie-2022\/\" \/>\n<meta property=\"og:site_name\" content=\"South Bohemia Classic\" \/>\n<meta property=\"article:modified_time\" content=\"2022-11-24T08:17:57+00:00\" \/>\n<meta name=\"twitter:card\" content=\"summary_large_image\" \/>\n<meta name=\"twitter:label1\" content=\"Est. reading time\" \/>\n\t<meta name=\"twitter:data1\" content=\"1 minute\" \/>\n<script type=\"application\/ld+json\" class=\"yoast-schema-graph\">{\"@context\":\"https:\\\/\\\/schema.org\",\"@graph\":[{\"@type\":\"WebPage\",\"@id\":\"https:\\\/\\\/southbohemiaclassic.cz\\\/galerie-2022\\\/\",\"url\":\"https:\\\/\\\/southbohemiaclassic.cz\\\/galerie-2022\\\/\",\"name\":\"XIII. South Bohemia Classic 2022 - South Bohemia Classic\",\"isPartOf\":{\"@id\":\"https:\\\/\\\/southbohemiaclassic.cz\\\/#website\"},\"datePublished\":\"2022-09-16T12:33:46+00:00\",\"dateModified\":\"2022-11-24T08:17:57+00:00\",\"breadcrumb\":{\"@id\":\"https:\\\/\\\/southbohemiaclassic.cz\\\/galerie-2022\\\/#breadcrumb\"},\"inLanguage\":\"en-US\",\"potentialAction\":[{\"@type\":\"ReadAction\",\"target\":[\"https:\\\/\\\/southbohemiaclassic.cz\\\/galerie-2022\\\/\"]}]},{\"@type\":\"BreadcrumbList\",\"@id\":\"https:\\\/\\\/southbohemiaclassic.cz\\\/galerie-2022\\\/#breadcrumb\",\"itemListElement\":[{\"@type\":\"ListItem\",\"position\":1,\"name\":\"Dom\u016f\",\"item\":\"https:\\\/\\\/southbohemiaclassic.cz\\\/\"},{\"@type\":\"ListItem\",\"position\":2,\"name\":\"XIII. South Bohemia Classic 2022\"}]},{\"@type\":\"WebSite\",\"@id\":\"https:\\\/\\\/southbohemiaclassic.cz\\\/#website\",\"url\":\"https:\\\/\\\/southbohemiaclassic.cz\\\/\",\"name\":\"South Bohemia Classic\",\"description\":\"South Bohemia Classic\",\"potentialAction\":[{\"@type\":\"SearchAction\",\"target\":{\"@type\":\"EntryPoint\",\"urlTemplate\":\"https:\\\/\\\/southbohemiaclassic.cz\\\/?s={search_term_string}\"},\"query-input\":{\"@type\":\"PropertyValueSpecification\",\"valueRequired\":true,\"valueName\":\"search_term_string\"}}],\"inLanguage\":\"en-US\"}]}<\/script>\n<!-- \/ Yoast SEO plugin. -->","yoast_head_json":{"title":"XIII. South Bohemia Classic 2022 - South Bohemia Classic","robots":{"index":"index","follow":"follow","max-snippet":"max-snippet:-1","max-image-preview":"max-image-preview:large","max-video-preview":"max-video-preview:-1"},"canonical":"https:\/\/southbohemiaclassic.cz\/galerie-2022\/","og_locale":"en_US","og_type":"article","og_title":"XIII. South Bohemia Classic 2022 - South Bohemia Classic","og_description":"For hi-resolution images, please contact us:&nbsp;info@southbohemiaclassic.cz. Author: Petr Sk\u0159iv\u00e1nek Author: Zden\u011bk Kl\u00edma Author: Jan Marek START &#8211; all participants","og_url":"https:\/\/southbohemiaclassic.cz\/galerie-2022\/","og_site_name":"South Bohemia Classic","article_modified_time":"2022-11-24T08:17:57+00:00","twitter_card":"summary_large_image","twitter_misc":{"Est. reading time":"1 minute"},"schema":{"@context":"https:\/\/schema.org","@graph":[{"@type":"WebPage","@id":"https:\/\/southbohemiaclassic.cz\/galerie-2022\/","url":"https:\/\/southbohemiaclassic.cz\/galerie-2022\/","name":"XIII. South Bohemia Classic 2022 - South Bohemia Classic","isPartOf":{"@id":"https:\/\/southbohemiaclassic.cz\/#website"},"datePublished":"2022-09-16T12:33:46+00:00","dateModified":"2022-11-24T08:17:57+00:00","breadcrumb":{"@id":"https:\/\/southbohemiaclassic.cz\/galerie-2022\/#breadcrumb"},"inLanguage":"en-US","potentialAction":[{"@type":"ReadAction","target":["https:\/\/southbohemiaclassic.cz\/galerie-2022\/"]}]},{"@type":"BreadcrumbList","@id":"https:\/\/southbohemiaclassic.cz\/galerie-2022\/#breadcrumb","itemListElement":[{"@type":"ListItem","position":1,"name":"Dom\u016f","item":"https:\/\/southbohemiaclassic.cz\/"},{"@type":"ListItem","position":2,"name":"XIII. South Bohemia Classic 2022"}]},{"@type":"WebSite","@id":"https:\/\/southbohemiaclassic.cz\/#website","url":"https:\/\/southbohemiaclassic.cz\/","name":"South Bohemia Classic","description":"South Bohemia Classic","potentialAction":[{"@type":"SearchAction","target":{"@type":"EntryPoint","urlTemplate":"https:\/\/southbohemiaclassic.cz\/?s={search_term_string}"},"query-input":{"@type":"PropertyValueSpecification","valueRequired":true,"valueName":"search_term_string"}}],"inLanguage":"en-US"}]}},"_links":{"self":[{"href":"https:\/\/southbohemiaclassic.cz\/en\/wp-json\/wp\/v2\/pages\/12342","targetHints":{"allow":["GET"]}}],"collection":[{"href":"https:\/\/southbohemiaclassic.cz\/en\/wp-json\/wp\/v2\/pages"}],"about":[{"href":"https:\/\/southbohemiaclassic.cz\/en\/wp-json\/wp\/v2\/types\/page"}],"author":[{"embeddable":true,"href":"https:\/\/southbohemiaclassic.cz\/en\/wp-json\/wp\/v2\/users\/2"}],"replies":[{"embeddable":true,"href":"https:\/\/southbohemiaclassic.cz\/en\/wp-json\/wp\/v2\/comments?post=12342"}],"version-history":[{"count":7,"href":"https:\/\/southbohemiaclassic.cz\/en\/wp-json\/wp\/v2\/pages\/12342\/revisions"}],"predecessor-version":[{"id":12616,"href":"https:\/\/southbohemiaclassic.cz\/en\/wp-json\/wp\/v2\/pages\/12342\/revisions\/12616"}],"wp:attachment":[{"href":"https:\/\/southbohemiaclassic.cz\/en\/wp-json\/wp\/v2\/media?parent=12342"}],"curies":[{"name":"wp","href":"https:\/\/api.w.org\/{rel}","templated":true}]}}