{"id":11931,"date":"2022-08-31T11:27:39","date_gmt":"2022-08-31T10:27:39","guid":{"rendered":"https:\/\/southbohemiaclassic.cz\/?page_id=11931"},"modified":"2023-08-31T20:32:59","modified_gmt":"2023-08-31T19:32:59","slug":"trasa-2022","status":"publish","type":"page","link":"https:\/\/southbohemiaclassic.cz\/en\/trasa-2022\/","title":{"rendered":"Route 2022"},"content":{"rendered":"<p><\/p>\n\n\n\n<h3 class=\"wp-block-heading\">Leg 1 &#8211; South Bohemian Pearls (145 kms)<\/h3>\n\n\n\n<p><strong>Friday, September 9, 2022<\/strong><\/p>\n\n\n\n<p>16:45&nbsp; \u010cesk\u00e9 Bud\u011bjovice, square &#8211; START<br>16:53&nbsp; \u00daAMK, driving school &#8211; TEST<br>17:00&nbsp; \u00dasiln\u00e9<br>17:03&nbsp; H\u016fry<br>17:06&nbsp; Adamov<br>17:11&nbsp; Rudolfov<br>17:14&nbsp; Hlincov\u00e1 Hora<br>17:16&nbsp; Ortv\u00ednovice<br>17:17&nbsp; Zv\u00edkov<br>17:21&nbsp; Li\u0161ov<br>17:25&nbsp; Sosn\u00ed, Steinbauer Lechner &#8211; TEST<br>17:28&nbsp; Milet\u00edn<br>17:31&nbsp; Dunajovice<br>17:34&nbsp; Slov\u011bnice<br>17:39&nbsp; H\u016frky<br>17:42&nbsp; Hrutov<br>17:44&nbsp; Velechv\u00edn<br>17:46&nbsp; Koln\u00fd<br>17:48&nbsp; Lhotice<br>18:00&nbsp; Hlubok\u00e1 nad Vltavou, square &#8211; 15 minutes<br>18:20&nbsp; Munice<br>18:23&nbsp; Zliv, square &#8211; TEST<br>18:29&nbsp; \u010ce\u0161novice<br>18:33&nbsp; B\u0159ehov<br>18:37&nbsp; \u010cejkovice<br>18:42&nbsp; K\u0159enovice<br>18:43&nbsp; Dubn\u00e9<br>18:48&nbsp; \u010cakov<br>18:51&nbsp; Jankov, village square &#8211; TEST<br>18:54&nbsp; Hola\u0161ovice<br>19:01&nbsp; Chmeln\u00e1<br>19:04&nbsp; Stupn\u00e1<br>19:05&nbsp; Chlume\u010dek<br>19:06&nbsp; Pas\u00ed\u010dka<br>19:07&nbsp; K\u0159em\u017ee<br>19:10&nbsp; Chlum<br>19:14&nbsp; Holubov<br>19:17&nbsp; T\u0159\u00edsov<br>19:26&nbsp; Zlat\u00e1 Koruna<br>19:30&nbsp; R\u00e1jov<br>19:33&nbsp; P\u0159\u00edse\u010dn\u00e1<br>19:45&nbsp; \u010cesk\u00fd Krumlov, square &#8211; 15 minutes<br>20:15&nbsp; K\u00e1jov, sports ground<br>20:38&nbsp; \u010cern\u00e1 v Po\u0161umav\u00ed<br>20:41&nbsp; Bli\u017en\u00e1<br>20:45&nbsp; Doln\u00ed Vltavice, Hotel Resort Relax<\/p>\n\n\n\n<h3 class=\"wp-block-heading\">Leg 2 &#8211; Through the Bohemian Forest (295 kms)<\/h3>\n\n\n\n<p><strong>Saturday, September 10, 2022<\/strong><\/p>\n\n\n\n<p>8:30&nbsp; Doln\u00ed Vltavice, HRR &#8211; START &amp; TEST<br>8:34&nbsp; Bli\u017en\u00e1<br>8:36&nbsp; \u010cern\u00e1 v Po\u0161umav\u00ed<br>8:40&nbsp; Mokr\u00e1<br>8:43&nbsp; Kv\u011btu\u0161\u00edn<br>8:46&nbsp; Ol\u0161ina<br>8:49&nbsp; Hod\u0148ov<br>8:51&nbsp; Go-karts Horn\u00ed Plan\u00e1 &#8211; TEST<br>8:54&nbsp; Horn\u00ed Plan\u00e1<br>8:57&nbsp; Pihlov<br>8:59&nbsp; Pernek<br>9:03&nbsp; \u017delnava<br>9:05&nbsp; Slune\u010dn\u00e1<br>9:19&nbsp; Volary, square &#8211; TEST<br>9:26&nbsp; Soumarsk\u00fd most<br>9:32&nbsp; \u010cesk\u00e9 \u017dleby<br>9:37&nbsp; Hlini\u0161t\u011b<br>9:44&nbsp; Horn\u00ed Vltavice<br>9:56&nbsp; Borov\u00e1 Lada<br>10:05&nbsp; Kvilda<br>10:10&nbsp; Horsk\u00e1 Kvilda, Hotel Rankl &#8211; 20 minutes<br>10:55&nbsp; Vimperk, square &#8211; TEST<br>11:00&nbsp; Boubsk\u00e1<br>11:02&nbsp; Bo\u0159anovice<br>11:05&nbsp; Smr\u010dn\u00e1<br>11:08&nbsp; Svat\u00e1 Ma\u0159\u00ed<br>11:13&nbsp; Buk<br>11:21&nbsp; Chl\u00edstov<br>11:23&nbsp; Kratu\u0161\u00edn<br>11:27&nbsp; Z\u00e1blat\u00ed<br>11:40&nbsp; Zbytiny<br>11:46&nbsp; K\u0159i\u0161\u0165anov<br>11:53&nbsp; Tisovka<br>11:56&nbsp; Kti\u0161<br>11:59&nbsp; B\u0159ezov\u00edk<br>12:06&nbsp; Chval\u0161iny, square &#8211; TEST<br>12:10&nbsp; \u010cerven\u00fd Dv\u016fr Castle &#8211; 50 minutes<br>13:03&nbsp; K\u0159enov<br>13:08&nbsp; Kladn\u00e9<br>13:13&nbsp; V\u011bt\u0159n\u00ed, apprenticeship &#8211; TEST<br>13:19&nbsp; \u010cesk\u00fd Krumlov<br>13:25&nbsp; Drahoslavice<br>13:28&nbsp; P\u0159\u00eddol\u00ed<br>13:35&nbsp; Zaho\u0159\u00e1nky<br>13:37&nbsp; Silni\u010dn\u00ed Domky<br>13:45&nbsp; Omleni\u010dka<br>13:53&nbsp; \u017d\u010f\u00e1r<br>13:54&nbsp; Po\u0159e\u0161inec<br>13:56&nbsp; Po\u0159e\u0161\u00edn<br>14:01&nbsp; Besednice<br>14:04&nbsp; Sob\u011bnov<br>14:08&nbsp; Blansko<br>14:12&nbsp; GRAND PRIX Kaplice<br>14:30&nbsp; Bujanov, horse-drawn railway &#8211; 15 minutes<br>14:50&nbsp; Ro\u017emit\u00e1l na \u0160umav\u011b<br>15:00&nbsp; Z\u00e1to\u0148<br>15:12&nbsp; V\u011btrn\u00e1<br>15:15&nbsp; Mal\u0161\u00edn<br>15:21&nbsp; Moravick\u00e1 &#8211; TEST<br>15:25&nbsp; Stezka korunami strom\u016f<br>15:28&nbsp; Lipno nad Vltavou<br>15:37&nbsp; Frymburk<br>15:44&nbsp; Miln\u00e1<br>15:50&nbsp; \u010cern\u00e1 v Po\u0161umav\u00ed<br>15:52&nbsp; Bli\u017en\u00e1<br>15:55&nbsp; Doln\u00ed Vltavice, Hotel Resort Relax &#8211; FINISH<\/p>\n\n\n\n<p> <\/p>","protected":false},"excerpt":{"rendered":"<p>Leg 1 &#8211; South Bohemian Pearls (145 kms) Friday, September 9, 2022 16:45&nbsp; \u010cesk\u00e9 Bud\u011bjovice, square &#8211; START16:53&nbsp; \u00daAMK, driving school &#8211; TEST17:00&nbsp; \u00dasiln\u00e917:03&nbsp; H\u016fry17:06&nbsp; Adamov17:11&nbsp; Rudolfov17:14&nbsp; Hlincov\u00e1 Hora17:16&nbsp; Ortv\u00ednovice17:17&nbsp; Zv\u00edkov17:21&nbsp; Li\u0161ov17:25&nbsp; Sosn\u00ed, Steinbauer Lechner &#8211; TEST17:28&nbsp; Milet\u00edn17:31&nbsp; Dunajovice17:34&nbsp; Slov\u011bnice17:39&nbsp; H\u016frky17:42&nbsp; Hrutov17:44&nbsp; Velechv\u00edn17:46&nbsp; Koln\u00fd17:48&nbsp; Lhotice18:00&nbsp; Hlubok\u00e1 nad Vltavou, square &#8211; 15 minutes18:20&nbsp; Munice18:23&nbsp; Zliv, square [&hellip;]<\/p>\n","protected":false},"author":2,"featured_media":0,"parent":0,"menu_order":0,"comment_status":"closed","ping_status":"closed","template":"","meta":{"_acf_changed":false,"ngg_post_thumbnail":0,"footnotes":""},"class_list":["post-11931","page","type-page","status-publish","hentry"],"acf":[],"yoast_head":"<!-- This site is optimized with the Yoast SEO plugin v27.3 - https:\/\/yoast.com\/product\/yoast-seo-wordpress\/ -->\n<title>Trasa XIII. South Bohemia Classic 2022<\/title>\n<meta name=\"description\" content=\"P\u0159ehled m\u011bst a obc\u00ed na trase sout\u011b\u017ee v\u010detn\u011b p\u0159edpokl\u00e1dan\u00e9ho \u010dasu pr\u016fjezdu 1. vozidla.\" \/>\n<meta name=\"robots\" content=\"index, follow, max-snippet:-1, max-image-preview:large, max-video-preview:-1\" \/>\n<link rel=\"canonical\" href=\"https:\/\/southbohemiaclassic.cz\/trasa-2022\/\" \/>\n<meta property=\"og:locale\" content=\"en_US\" \/>\n<meta property=\"og:type\" content=\"article\" \/>\n<meta property=\"og:title\" content=\"Trasa XIII. South Bohemia Classic 2022\" \/>\n<meta property=\"og:description\" content=\"Kudy se 9. a 10. z\u00e1\u0159\u00ed pojede?\" \/>\n<meta property=\"og:url\" content=\"https:\/\/southbohemiaclassic.cz\/trasa-2022\/\" \/>\n<meta property=\"og:site_name\" content=\"South Bohemia Classic\" \/>\n<meta property=\"article:modified_time\" content=\"2023-08-31T19:32:59+00:00\" \/>\n<meta property=\"og:image\" content=\"https:\/\/southbohemiaclassic.cz\/wp-content\/uploads\/2022\/09\/sbc2022_logo-pismo.jpg\" \/>\n\t<meta property=\"og:image:width\" content=\"1600\" \/>\n\t<meta property=\"og:image:height\" content=\"1066\" \/>\n\t<meta property=\"og:image:type\" content=\"image\/jpeg\" \/>\n<meta name=\"twitter:card\" content=\"summary_large_image\" \/>\n<meta name=\"twitter:title\" content=\"Trasa XIII. South Bohemia Classic 2022\" \/>\n<meta name=\"twitter:description\" content=\"Kudy se 9. a 10. z\u00e1\u0159\u00ed pojede?\" \/>\n<meta name=\"twitter:image\" content=\"https:\/\/southbohemiaclassic.cz\/wp-content\/uploads\/2022\/09\/sbc2022_logo-pismo.jpg\" \/>\n<meta name=\"twitter:label1\" content=\"Est. reading time\" \/>\n\t<meta name=\"twitter:data1\" content=\"6 minutes\" \/>\n<script type=\"application\/ld+json\" class=\"yoast-schema-graph\">{\"@context\":\"https:\\\/\\\/schema.org\",\"@graph\":[{\"@type\":\"WebPage\",\"@id\":\"https:\\\/\\\/southbohemiaclassic.cz\\\/trasa-2022\\\/\",\"url\":\"https:\\\/\\\/southbohemiaclassic.cz\\\/trasa-2022\\\/\",\"name\":\"Trasa XIII. South Bohemia Classic 2022\",\"isPartOf\":{\"@id\":\"https:\\\/\\\/southbohemiaclassic.cz\\\/#website\"},\"datePublished\":\"2022-08-31T10:27:39+00:00\",\"dateModified\":\"2023-08-31T19:32:59+00:00\",\"description\":\"P\u0159ehled m\u011bst a obc\u00ed na trase sout\u011b\u017ee v\u010detn\u011b p\u0159edpokl\u00e1dan\u00e9ho \u010dasu pr\u016fjezdu 1. vozidla.\",\"breadcrumb\":{\"@id\":\"https:\\\/\\\/southbohemiaclassic.cz\\\/trasa-2022\\\/#breadcrumb\"},\"inLanguage\":\"en-US\",\"potentialAction\":[{\"@type\":\"ReadAction\",\"target\":[\"https:\\\/\\\/southbohemiaclassic.cz\\\/trasa-2022\\\/\"]}]},{\"@type\":\"BreadcrumbList\",\"@id\":\"https:\\\/\\\/southbohemiaclassic.cz\\\/trasa-2022\\\/#breadcrumb\",\"itemListElement\":[{\"@type\":\"ListItem\",\"position\":1,\"name\":\"Dom\u016f\",\"item\":\"https:\\\/\\\/southbohemiaclassic.cz\\\/\"},{\"@type\":\"ListItem\",\"position\":2,\"name\":\"Trasa sout\u011b\u017ee 2022\"}]},{\"@type\":\"WebSite\",\"@id\":\"https:\\\/\\\/southbohemiaclassic.cz\\\/#website\",\"url\":\"https:\\\/\\\/southbohemiaclassic.cz\\\/\",\"name\":\"South Bohemia Classic\",\"description\":\"South Bohemia Classic\",\"potentialAction\":[{\"@type\":\"SearchAction\",\"target\":{\"@type\":\"EntryPoint\",\"urlTemplate\":\"https:\\\/\\\/southbohemiaclassic.cz\\\/?s={search_term_string}\"},\"query-input\":{\"@type\":\"PropertyValueSpecification\",\"valueRequired\":true,\"valueName\":\"search_term_string\"}}],\"inLanguage\":\"en-US\"}]}<\/script>\n<!-- \/ Yoast SEO plugin. -->","yoast_head_json":{"title":"Trasa XIII. South Bohemia Classic 2022","description":"P\u0159ehled m\u011bst a obc\u00ed na trase sout\u011b\u017ee v\u010detn\u011b p\u0159edpokl\u00e1dan\u00e9ho \u010dasu pr\u016fjezdu 1. vozidla.","robots":{"index":"index","follow":"follow","max-snippet":"max-snippet:-1","max-image-preview":"max-image-preview:large","max-video-preview":"max-video-preview:-1"},"canonical":"https:\/\/southbohemiaclassic.cz\/trasa-2022\/","og_locale":"en_US","og_type":"article","og_title":"Trasa XIII. South Bohemia Classic 2022","og_description":"Kudy se 9. a 10. z\u00e1\u0159\u00ed pojede?","og_url":"https:\/\/southbohemiaclassic.cz\/trasa-2022\/","og_site_name":"South Bohemia Classic","article_modified_time":"2023-08-31T19:32:59+00:00","og_image":[{"width":1600,"height":1066,"url":"https:\/\/southbohemiaclassic.cz\/wp-content\/uploads\/2022\/09\/sbc2022_logo-pismo.jpg","type":"image\/jpeg"}],"twitter_card":"summary_large_image","twitter_title":"Trasa XIII. South Bohemia Classic 2022","twitter_description":"Kudy se 9. a 10. z\u00e1\u0159\u00ed pojede?","twitter_image":"https:\/\/southbohemiaclassic.cz\/wp-content\/uploads\/2022\/09\/sbc2022_logo-pismo.jpg","twitter_misc":{"Est. reading time":"6 minutes"},"schema":{"@context":"https:\/\/schema.org","@graph":[{"@type":"WebPage","@id":"https:\/\/southbohemiaclassic.cz\/trasa-2022\/","url":"https:\/\/southbohemiaclassic.cz\/trasa-2022\/","name":"Trasa XIII. South Bohemia Classic 2022","isPartOf":{"@id":"https:\/\/southbohemiaclassic.cz\/#website"},"datePublished":"2022-08-31T10:27:39+00:00","dateModified":"2023-08-31T19:32:59+00:00","description":"P\u0159ehled m\u011bst a obc\u00ed na trase sout\u011b\u017ee v\u010detn\u011b p\u0159edpokl\u00e1dan\u00e9ho \u010dasu pr\u016fjezdu 1. vozidla.","breadcrumb":{"@id":"https:\/\/southbohemiaclassic.cz\/trasa-2022\/#breadcrumb"},"inLanguage":"en-US","potentialAction":[{"@type":"ReadAction","target":["https:\/\/southbohemiaclassic.cz\/trasa-2022\/"]}]},{"@type":"BreadcrumbList","@id":"https:\/\/southbohemiaclassic.cz\/trasa-2022\/#breadcrumb","itemListElement":[{"@type":"ListItem","position":1,"name":"Dom\u016f","item":"https:\/\/southbohemiaclassic.cz\/"},{"@type":"ListItem","position":2,"name":"Trasa sout\u011b\u017ee 2022"}]},{"@type":"WebSite","@id":"https:\/\/southbohemiaclassic.cz\/#website","url":"https:\/\/southbohemiaclassic.cz\/","name":"South Bohemia Classic","description":"South Bohemia Classic","potentialAction":[{"@type":"SearchAction","target":{"@type":"EntryPoint","urlTemplate":"https:\/\/southbohemiaclassic.cz\/?s={search_term_string}"},"query-input":{"@type":"PropertyValueSpecification","valueRequired":true,"valueName":"search_term_string"}}],"inLanguage":"en-US"}]}},"_links":{"self":[{"href":"https:\/\/southbohemiaclassic.cz\/en\/wp-json\/wp\/v2\/pages\/11931","targetHints":{"allow":["GET"]}}],"collection":[{"href":"https:\/\/southbohemiaclassic.cz\/en\/wp-json\/wp\/v2\/pages"}],"about":[{"href":"https:\/\/southbohemiaclassic.cz\/en\/wp-json\/wp\/v2\/types\/page"}],"author":[{"embeddable":true,"href":"https:\/\/southbohemiaclassic.cz\/en\/wp-json\/wp\/v2\/users\/2"}],"replies":[{"embeddable":true,"href":"https:\/\/southbohemiaclassic.cz\/en\/wp-json\/wp\/v2\/comments?post=11931"}],"version-history":[{"count":8,"href":"https:\/\/southbohemiaclassic.cz\/en\/wp-json\/wp\/v2\/pages\/11931\/revisions"}],"predecessor-version":[{"id":12707,"href":"https:\/\/southbohemiaclassic.cz\/en\/wp-json\/wp\/v2\/pages\/11931\/revisions\/12707"}],"wp:attachment":[{"href":"https:\/\/southbohemiaclassic.cz\/en\/wp-json\/wp\/v2\/media?parent=11931"}],"curies":[{"name":"wp","href":"https:\/\/api.w.org\/{rel}","templated":true}]}}