{"id":1188,"date":"2017-09-04T22:31:32","date_gmt":"2017-09-04T21:31:32","guid":{"rendered":"http:\/\/southbohemiaclassic.cz\/?page_id=1188"},"modified":"2017-09-11T12:01:13","modified_gmt":"2017-09-11T11:01:13","slug":"vysledky-2017","status":"publish","type":"page","link":"https:\/\/southbohemiaclassic.cz\/en\/vysledky-2017\/","title":{"rendered":"Results VIII. South Bohemia Classic 2017"},"content":{"rendered":"<p><\/p>\n<ul>\n<li>RT 1 \u00daAMK &#8211; <strong><a href=\"http:\/\/southbohemiaclassic.cz\/wp-content\/uploads\/2017\/09\/sbc2017_rt01_classic.pdf\">Club &amp; Classic<\/a>&nbsp;<\/strong>| <strong><a href=\"http:\/\/southbohemiaclassic.cz\/wp-content\/uploads\/2017\/09\/sbc2017_rt01_exclusive.pdf\">Exclusive<\/a><\/strong><\/li>\n<li>RT 2 Statut\u00e1rn\u00ed m\u011bsto \u010cesk\u00e9 Bud\u011bjovice &#8211; <a href=\"http:\/\/southbohemiaclassic.cz\/wp-content\/uploads\/2017\/09\/sbc2017_rt02_classic.pdf\"><strong>Club &amp; Classic<\/strong><\/a>&nbsp;| <strong><a href=\"http:\/\/southbohemiaclassic.cz\/wp-content\/uploads\/2017\/09\/sbc2017_rt02_exclusive.pdf\">Exclusive<\/a><\/strong><\/li>\n<li>RT 3 GW JIHOTRANS &#8211; <strong><a href=\"http:\/\/southbohemiaclassic.cz\/wp-content\/uploads\/2017\/09\/sbc2017_rt03_classic.pdf\">Club &amp; Classic<\/a><\/strong>&nbsp;| <strong><a href=\"http:\/\/southbohemiaclassic.cz\/wp-content\/uploads\/2017\/09\/sbc2017_rt03_exclusive.pdf\">Exclusive<\/a><\/strong><\/li>\n<li>RT 4 Obec Chval\u0161iny &#8211; <a href=\"http:\/\/southbohemiaclassic.cz\/wp-content\/uploads\/2017\/09\/sbc2017_rt04_classic.pdf\"><strong>Club &amp; Classic<\/strong><\/a>&nbsp;| <strong><a href=\"http:\/\/southbohemiaclassic.cz\/wp-content\/uploads\/2017\/09\/sbc2017_rt04_exclusive.pdf\">Exclusive<\/a><\/strong><\/li>\n<\/ul>\n<p>Results after Leg 1 &#8211; <strong><a href=\"http:\/\/southbohemiaclassic.cz\/wp-content\/uploads\/2017\/09\/sbc2017_classic_patek.pdf\">Club &amp; Classic<\/a><\/strong>&nbsp;| <strong><a href=\"http:\/\/southbohemiaclassic.cz\/wp-content\/uploads\/2017\/09\/sbc2017_exclusive_patek.pdf\">Exclusive<\/a> <\/strong>| <strong><a href=\"http:\/\/southbohemiaclassic.cz\/wp-content\/uploads\/2017\/09\/sbc2017_tymovy-pohar_patek.pdf\">Team Trophy<\/a><\/strong><\/p>\n<ul>\n<li>RT 5 Hotel RELAX &#8211; <strong><a href=\"http:\/\/southbohemiaclassic.cz\/wp-content\/uploads\/2017\/09\/sbc2017_rt05_classic.pdf\">Club &amp; Classic<\/a><\/strong><\/li>\n<li>RT 6 Obec \u010cern\u00e1 v Po\u0161umav\u00ed &#8211; <strong><a href=\"http:\/\/southbohemiaclassic.cz\/wp-content\/uploads\/2017\/09\/sbc2017_rt06_classic.pdf\">Club &amp; Classic<\/a><\/strong> | <strong><a href=\"http:\/\/southbohemiaclassic.cz\/wp-content\/uploads\/2017\/09\/sbc2017_rt06_exclusive.pdf\">Exclusive<\/a><\/strong><\/li>\n<li>RT 7 SpolehlivePneu.cz &#8211; <strong><a href=\"http:\/\/southbohemiaclassic.cz\/wp-content\/uploads\/2017\/09\/sbc2017_rt07_classic.pdf\">Club &amp; Classic<\/a><\/strong>&nbsp;| <strong><a href=\"http:\/\/southbohemiaclassic.cz\/wp-content\/uploads\/2017\/09\/sbc2017_rt07_exclusive.pdf\">Exclusive<\/a><\/strong><\/li>\n<li>RT 8 M\u011bsto Nov\u00e9 Hrady &#8211; <strong><a href=\"http:\/\/southbohemiaclassic.cz\/wp-content\/uploads\/2017\/09\/sbc2017_rt08_classic.pdf\">Club &amp; Classic<\/a><\/strong>&nbsp;| <strong><a href=\"http:\/\/southbohemiaclassic.cz\/wp-content\/uploads\/2017\/09\/sbc2017_rt08_exclusive.pdf\">Exclusive<\/a><\/strong><\/li>\n<li>RT 9 M\u011bstys Chlum u T\u0159ebon\u011b &#8211; <strong><a href=\"http:\/\/southbohemiaclassic.cz\/wp-content\/uploads\/2017\/09\/sbc2017_rt09_classic.pdf\">Club &amp; Classic<\/a><\/strong>&nbsp;| <strong><a href=\"http:\/\/southbohemiaclassic.cz\/wp-content\/uploads\/2017\/09\/sbc2017_rt09_exclusive.pdf\">Exclusive<\/a><\/strong><\/li>\n<li>RT 10 M\u011bsto Trhov\u00e9 Sviny &#8211; <strong><a href=\"http:\/\/southbohemiaclassic.cz\/wp-content\/uploads\/2017\/09\/sbc2017_rt10_classic.pdf\">Club &amp; Classic<\/a>&nbsp;| <a href=\"http:\/\/southbohemiaclassic.cz\/wp-content\/uploads\/2017\/09\/sbc2017_rt10_exclusive.pdf\">Exclusive<\/a><\/strong><\/li>\n<li>RT 11 LINDE POHONY &#8211; <strong><a href=\"http:\/\/southbohemiaclassic.cz\/wp-content\/uploads\/2017\/09\/sbc2017_rt11_classic.pdf\">Club &amp; Classic<\/a><\/strong>&nbsp;| <strong><a href=\"http:\/\/southbohemiaclassic.cz\/wp-content\/uploads\/2017\/09\/sbc2017_rt11_exclusive.pdf\">Exclusive<\/a><\/strong><\/li>\n<li>RT 12 STEINBAUER LECHNER &#8211; <strong><a href=\"http:\/\/southbohemiaclassic.cz\/wp-content\/uploads\/2017\/09\/sbc2017_rt12_exclusive.pdf\">Club &amp; Classic&nbsp;| Exclusive<\/a><\/strong><\/li>\n<li>ST 1 Fo\u0161um Cars &#8211; <strong><a href=\"http:\/\/southbohemiaclassic.cz\/wp-content\/uploads\/2017\/09\/sbc2017_st01_classic.pdf\">Club &amp; Classic<\/a>&nbsp;| <a href=\"http:\/\/southbohemiaclassic.cz\/wp-content\/uploads\/2017\/09\/sbc2017_st01_exclusive.pdf\">Exclusive<\/a><\/strong><\/li>\n<\/ul>\n<p>Results in Leg 2 &#8211; <strong><a href=\"http:\/\/southbohemiaclassic.cz\/wp-content\/uploads\/2017\/09\/sbc2017_Prubezne_vysledky_sobota__classic_club.pdf\">Club &amp; Classic<\/a><\/strong>&nbsp;| <strong><a href=\"http:\/\/southbohemiaclassic.cz\/wp-content\/uploads\/2017\/09\/sbc2017_Prubezne_vysledky_sobota__exclusive.pdf\">Exclusive <\/a><\/strong>| <strong><a href=\"http:\/\/southbohemiaclassic.cz\/wp-content\/uploads\/2017\/09\/sbc2017_Prubezne_vysledky_sobota__tymovy_pohar.pdf\">T\u00fdmov\u00fd poh\u00e1r<\/a><\/strong><\/p>\n<p>Final Classification &#8211; <strong><a href=\"http:\/\/southbohemiaclassic.cz\/wp-content\/uploads\/2017\/09\/sbc2017_Celkove_vysledky__club.pdf\">Club<\/a><\/strong> | <a href=\"http:\/\/southbohemiaclassic.cz\/wp-content\/uploads\/2017\/09\/sbc2017_Celkove_vysledky__classic.pdf\"><strong>Classic<\/strong><\/a>&nbsp;| <a href=\"http:\/\/southbohemiaclassic.cz\/wp-content\/uploads\/2017\/09\/sbc2017_Celkove_vysledky__exclusive.pdf\"><strong>Exclusive<\/strong><\/a>&nbsp;| <a href=\"http:\/\/southbohemiaclassic.cz\/wp-content\/uploads\/2017\/09\/sbc2017_Mechanicke_stopky.pdf\"><strong>Mechanical stopwatch<\/strong><\/a> | <a href=\"http:\/\/southbohemiaclassic.cz\/wp-content\/uploads\/2017\/09\/sbc2017_Damsky_pohar.pdf\"><strong>Ladies Trophy<\/strong><\/a> | <a href=\"http:\/\/southbohemiaclassic.cz\/wp-content\/uploads\/2017\/09\/sbc2017_Rodinny_pohar.pdf\"><strong>Family Trophy<\/strong><\/a> |&nbsp;<a href=\"http:\/\/southbohemiaclassic.cz\/wp-content\/uploads\/2017\/09\/sbc2017_Tymovy_pohar.pdf\"><strong>Team Trophy<\/strong><\/a><\/p>\n<p><strong><a href=\"http:\/\/southbohemiaclassic.cz\/wp-content\/uploads\/2017\/09\/sbc2017_Pohar_Trophy.pdf\">Final standing of Classic Rallye Trophy<\/a><\/strong><\/p>","protected":false},"excerpt":{"rendered":"<p>RT 1 \u00daAMK &#8211; Club &amp; Classic&nbsp;| Exclusive RT 2 Statut\u00e1rn\u00ed m\u011bsto \u010cesk\u00e9 Bud\u011bjovice &#8211; Club &amp; Classic&nbsp;| Exclusive RT 3 GW JIHOTRANS &#8211; Club &amp; Classic&nbsp;| Exclusive RT 4 Obec Chval\u0161iny &#8211; Club &amp; Classic&nbsp;| Exclusive Results after Leg 1 &#8211; Club &amp; Classic&nbsp;| Exclusive | Team Trophy RT 5 Hotel RELAX &#8211; Club [&hellip;]<\/p>\n","protected":false},"author":2,"featured_media":0,"parent":0,"menu_order":0,"comment_status":"closed","ping_status":"closed","template":"","meta":{"_acf_changed":false,"ngg_post_thumbnail":0,"footnotes":""},"class_list":["post-1188","page","type-page","status-publish","hentry"],"acf":[],"yoast_head":"<!-- This site is optimized with the Yoast SEO plugin v27.3 - https:\/\/yoast.com\/product\/yoast-seo-wordpress\/ -->\n<title>Results VIII. South Bohemia Classic 2017 - South Bohemia Classic<\/title>\n<meta name=\"robots\" content=\"index, follow, max-snippet:-1, max-image-preview:large, max-video-preview:-1\" \/>\n<link rel=\"canonical\" href=\"https:\/\/southbohemiaclassic.cz\/de\/vysledky-2017\/\" \/>\n<meta property=\"og:locale\" content=\"en_US\" \/>\n<meta property=\"og:type\" content=\"article\" \/>\n<meta property=\"og:title\" content=\"[:cs]V\u00fdsledky VIII. South Bohemia Classic 2017[:de]Ergebnisse VIII. South Bohemia Classic 2017[:en]Results VIII. South Bohemia Classic 2017[:] - South Bohemia Classic\" \/>\n<meta property=\"og:description\" content=\"RT 1 \u00daAMK &#8211; Club &amp; Classic&nbsp;| Exclusive RT 2 Statut\u00e1rn\u00ed m\u011bsto \u010cesk\u00e9 Bud\u011bjovice &#8211; Club &amp; Classic&nbsp;| Exclusive RT 3 GW JIHOTRANS &#8211; Club &amp; Classic&nbsp;| Exclusive RT 4 Obec Chval\u0161iny &#8211; Club &amp; Classic&nbsp;| Exclusive Results after Leg 1 &#8211; Club &amp; Classic&nbsp;| Exclusive | Team Trophy RT 5 Hotel RELAX &#8211; Club [&hellip;]\" \/>\n<meta property=\"og:url\" content=\"https:\/\/southbohemiaclassic.cz\/de\/vysledky-2017\/\" \/>\n<meta property=\"og:site_name\" content=\"South Bohemia Classic\" \/>\n<meta property=\"article:modified_time\" content=\"2017-09-11T11:01:13+00:00\" \/>\n<meta name=\"twitter:card\" content=\"summary_large_image\" \/>\n<meta name=\"twitter:label1\" content=\"Est. reading time\" \/>\n\t<meta name=\"twitter:data1\" content=\"3 minutes\" \/>\n<script type=\"application\/ld+json\" class=\"yoast-schema-graph\">{\"@context\":\"https:\\\/\\\/schema.org\",\"@graph\":[{\"@type\":\"WebPage\",\"@id\":\"https:\\\/\\\/southbohemiaclassic.cz\\\/de\\\/vysledky-2017\\\/\",\"url\":\"https:\\\/\\\/southbohemiaclassic.cz\\\/de\\\/vysledky-2017\\\/\",\"name\":\"[:cs]V\u00fdsledky VIII. South Bohemia Classic 2017[:de]Ergebnisse VIII. South Bohemia Classic 2017[:en]Results VIII. South Bohemia Classic 2017[:] - South Bohemia Classic\",\"isPartOf\":{\"@id\":\"https:\\\/\\\/southbohemiaclassic.cz\\\/#website\"},\"datePublished\":\"2017-09-04T21:31:32+00:00\",\"dateModified\":\"2017-09-11T11:01:13+00:00\",\"breadcrumb\":{\"@id\":\"https:\\\/\\\/southbohemiaclassic.cz\\\/de\\\/vysledky-2017\\\/#breadcrumb\"},\"inLanguage\":\"en-US\",\"potentialAction\":[{\"@type\":\"ReadAction\",\"target\":[\"https:\\\/\\\/southbohemiaclassic.cz\\\/de\\\/vysledky-2017\\\/\"]}]},{\"@type\":\"BreadcrumbList\",\"@id\":\"https:\\\/\\\/southbohemiaclassic.cz\\\/de\\\/vysledky-2017\\\/#breadcrumb\",\"itemListElement\":[{\"@type\":\"ListItem\",\"position\":1,\"name\":\"Dom\u016f\",\"item\":\"https:\\\/\\\/southbohemiaclassic.cz\\\/\"},{\"@type\":\"ListItem\",\"position\":2,\"name\":\"Ergebnisse VIII. South Bohemia Classic 2017\"}]},{\"@type\":\"WebSite\",\"@id\":\"https:\\\/\\\/southbohemiaclassic.cz\\\/#website\",\"url\":\"https:\\\/\\\/southbohemiaclassic.cz\\\/\",\"name\":\"South Bohemia Classic\",\"description\":\"South Bohemia Classic\",\"potentialAction\":[{\"@type\":\"SearchAction\",\"target\":{\"@type\":\"EntryPoint\",\"urlTemplate\":\"https:\\\/\\\/southbohemiaclassic.cz\\\/?s={search_term_string}\"},\"query-input\":{\"@type\":\"PropertyValueSpecification\",\"valueRequired\":true,\"valueName\":\"search_term_string\"}}],\"inLanguage\":\"en-US\"}]}<\/script>\n<!-- \/ Yoast SEO plugin. -->","yoast_head_json":{"title":"[:cs]V\u00fdsledky VIII. South Bohemia Classic 2017[:de]Ergebnisse VIII. South Bohemia Classic 2017[:en]Results VIII. South Bohemia Classic 2017[:] - South Bohemia Classic","robots":{"index":"index","follow":"follow","max-snippet":"max-snippet:-1","max-image-preview":"max-image-preview:large","max-video-preview":"max-video-preview:-1"},"canonical":"https:\/\/southbohemiaclassic.cz\/de\/vysledky-2017\/","og_locale":"en_US","og_type":"article","og_title":"[:cs]V\u00fdsledky VIII. South Bohemia Classic 2017[:de]Ergebnisse VIII. South Bohemia Classic 2017[:en]Results VIII. South Bohemia Classic 2017[:] - South Bohemia Classic","og_description":"RT 1 \u00daAMK &#8211; Club &amp; Classic&nbsp;| Exclusive RT 2 Statut\u00e1rn\u00ed m\u011bsto \u010cesk\u00e9 Bud\u011bjovice &#8211; Club &amp; Classic&nbsp;| Exclusive RT 3 GW JIHOTRANS &#8211; Club &amp; Classic&nbsp;| Exclusive RT 4 Obec Chval\u0161iny &#8211; Club &amp; Classic&nbsp;| Exclusive Results after Leg 1 &#8211; Club &amp; Classic&nbsp;| Exclusive | Team Trophy RT 5 Hotel RELAX &#8211; Club [&hellip;]","og_url":"https:\/\/southbohemiaclassic.cz\/de\/vysledky-2017\/","og_site_name":"South Bohemia Classic","article_modified_time":"2017-09-11T11:01:13+00:00","twitter_card":"summary_large_image","twitter_misc":{"Est. reading time":"3 minutes"},"schema":{"@context":"https:\/\/schema.org","@graph":[{"@type":"WebPage","@id":"https:\/\/southbohemiaclassic.cz\/de\/vysledky-2017\/","url":"https:\/\/southbohemiaclassic.cz\/de\/vysledky-2017\/","name":"[:cs]V\u00fdsledky VIII. South Bohemia Classic 2017[:de]Ergebnisse VIII. South Bohemia Classic 2017[:en]Results VIII. South Bohemia Classic 2017[:] - South Bohemia Classic","isPartOf":{"@id":"https:\/\/southbohemiaclassic.cz\/#website"},"datePublished":"2017-09-04T21:31:32+00:00","dateModified":"2017-09-11T11:01:13+00:00","breadcrumb":{"@id":"https:\/\/southbohemiaclassic.cz\/de\/vysledky-2017\/#breadcrumb"},"inLanguage":"en-US","potentialAction":[{"@type":"ReadAction","target":["https:\/\/southbohemiaclassic.cz\/de\/vysledky-2017\/"]}]},{"@type":"BreadcrumbList","@id":"https:\/\/southbohemiaclassic.cz\/de\/vysledky-2017\/#breadcrumb","itemListElement":[{"@type":"ListItem","position":1,"name":"Dom\u016f","item":"https:\/\/southbohemiaclassic.cz\/"},{"@type":"ListItem","position":2,"name":"Ergebnisse VIII. South Bohemia Classic 2017"}]},{"@type":"WebSite","@id":"https:\/\/southbohemiaclassic.cz\/#website","url":"https:\/\/southbohemiaclassic.cz\/","name":"South Bohemia Classic","description":"South Bohemia Classic","potentialAction":[{"@type":"SearchAction","target":{"@type":"EntryPoint","urlTemplate":"https:\/\/southbohemiaclassic.cz\/?s={search_term_string}"},"query-input":{"@type":"PropertyValueSpecification","valueRequired":true,"valueName":"search_term_string"}}],"inLanguage":"en-US"}]}},"_links":{"self":[{"href":"https:\/\/southbohemiaclassic.cz\/en\/wp-json\/wp\/v2\/pages\/1188","targetHints":{"allow":["GET"]}}],"collection":[{"href":"https:\/\/southbohemiaclassic.cz\/en\/wp-json\/wp\/v2\/pages"}],"about":[{"href":"https:\/\/southbohemiaclassic.cz\/en\/wp-json\/wp\/v2\/types\/page"}],"author":[{"embeddable":true,"href":"https:\/\/southbohemiaclassic.cz\/en\/wp-json\/wp\/v2\/users\/2"}],"replies":[{"embeddable":true,"href":"https:\/\/southbohemiaclassic.cz\/en\/wp-json\/wp\/v2\/comments?post=1188"}],"version-history":[{"count":19,"href":"https:\/\/southbohemiaclassic.cz\/en\/wp-json\/wp\/v2\/pages\/1188\/revisions"}],"predecessor-version":[{"id":1287,"href":"https:\/\/southbohemiaclassic.cz\/en\/wp-json\/wp\/v2\/pages\/1188\/revisions\/1287"}],"wp:attachment":[{"href":"https:\/\/southbohemiaclassic.cz\/en\/wp-json\/wp\/v2\/media?parent=1188"}],"curies":[{"name":"wp","href":"https:\/\/api.w.org\/{rel}","templated":true}]}}