{"id":11751,"date":"2021-11-30T21:53:47","date_gmt":"2021-11-30T20:53:47","guid":{"rendered":"https:\/\/southbohemiaclassic.cz\/?page_id=11751"},"modified":"2022-07-01T10:48:11","modified_gmt":"2022-07-01T09:48:11","slug":"propozice-classic-challenge-2022","status":"publish","type":"page","link":"https:\/\/southbohemiaclassic.cz\/en\/propozice-classic-challenge-2022\/","title":{"rendered":"\u00daAMK Classic Challenge 2022 Regulations"},"content":{"rendered":"<p><\/p>\n\n\n\n<h4 class=\"wp-block-heading\"><strong>1. General conditions<\/strong><\/h4>\n\n\n\n<p>A series of one-hundredth rallies for classical cars, \u00daAMK Classic Challenge 2022, organised for participants of the:<\/p>\n\n\n\n<p><\/p>\n\n\n\n<ul class=\"wp-block-list\"><li><a href=\"https:\/\/www.springclassic.cz\/en\" target=\"_blank\" rel=\"noreferrer noopener\">3rd Spring Classic<\/a> | 23. 4. 2022<\/li><li><a href=\"https:\/\/www.mwc.cz\/en\" target=\"_blank\" rel=\"noreferrer noopener\">2nd Moravian Wallachia Classic<\/a> | 24. &#8211; 25. 6. 2022<\/li><li>13th South Bohemia Classic | 9. &#8211; 10. 9. 2022<\/li><\/ul>\n\n\n\n<p>Drivers who will take part in these events with a car corresponding to the Classic category (manufactured up to 1992 incl.) will score points for the final classification. The driver may start with a different car into each of the competitions, however the car must always correspond to the Classic category to be eligible for classification in the \u00daAMK Classic Challenge 2022.<\/p>\n\n\n\n<h4 class=\"wp-block-heading\"><strong>2. Regulations<\/strong><\/h4>\n\n\n\n<p>The \u00daAMK Classic Challenge 2022 is organised according to the regulations described in the Supplementary Regulations for each event.<\/p>\n\n\n\n<h4 class=\"wp-block-heading\"><strong>3. Classification<\/strong><\/h4>\n\n\n\n<p>The final classification will be established by adding the sum of points scored by a driver for his final rankings in the separate events. The crew with the highest sum of points will become the winner of the \u00daAMK Classic Challenge 2022.<\/p>\n\n\n\n<p>Points shall be attributed for the 1st to 15th positions in the absolute classification in each event following the scale 30, 24, 19, 15, 12, 10, 9, 8, 7, 6, 5, 4, 3, 2, 1. For two-day competitions these points shall be multiplied by the coefficient of 1.5.&nbsp;<\/p>\n\n\n\n<p>In case of a Dead Heat, the higher number of better rankings reached in the final classification of the individual events (1st, 2nd, 3rd position etc.) will be decisive. If the points are still equal, the smaller engine volume of the car used by the driver in the 13th South Bohemia Classic will be decisive.<\/p>\n\n\n\n<p>If the driver changes his co-driver during the season, only that co-driver will be awarded the prize who gained more points in total. If all the co-drivers gain the same number of points, only that one will be awarded who took part in the 13th South Bohemia Classic. If, even after using the above mentioned criteria, the winner cannot be established, drawing lots shall decide.<\/p>\n\n\n\n<h4 class=\"wp-block-heading\"><strong>4. Prizes<\/strong><\/h4>\n\n\n\n<p>Crews on the 1st to 3rd positions in the overall classification of the \u00daAMK Classic Challenge 2022 will be awarded trophies and the following prizes during the 13th South Bohemia Classic gala evening:<\/p>\n\n\n\n<p>1st place \u2013 entry fee for 14th South Bohemia Classic 2023<br>2nd place \u2013 entry fee for 3rd Moravian Wallachia Classic 2023<br>3rd place \u2013 entry fee for 4th Spring Classic 2023<\/p>\n\n\n\n<div style=\"height:20px\" aria-hidden=\"true\" class=\"wp-block-spacer\"><\/div>\n\n\n\n<figure class=\"wp-block-image size-large is-resized\"><img loading=\"lazy\" decoding=\"async\" src=\"https:\/\/southbohemiaclassic.cz\/wp-content\/uploads\/2021\/11\/classic-challenge2022-829x1024.png\" alt=\"\" class=\"wp-image-11752\" width=\"243\" height=\"300\" srcset=\"https:\/\/southbohemiaclassic.cz\/wp-content\/uploads\/2021\/11\/classic-challenge2022-829x1024.png 829w, https:\/\/southbohemiaclassic.cz\/wp-content\/uploads\/2021\/11\/classic-challenge2022-243x300.png 243w, https:\/\/southbohemiaclassic.cz\/wp-content\/uploads\/2021\/11\/classic-challenge2022-768x948.png 768w, https:\/\/southbohemiaclassic.cz\/wp-content\/uploads\/2021\/11\/classic-challenge2022.png 840w\" sizes=\"auto, (max-width: 243px) 100vw, 243px\" \/><\/figure>\n\n\n\n<p><\/p>","protected":false},"excerpt":{"rendered":"<p>1. General conditions A series of one-hundredth rallies for classical cars, \u00daAMK Classic Challenge 2022, organised for participants of the: 3rd Spring Classic | 23. 4. 2022 2nd Moravian Wallachia Classic | 24. &#8211; 25. 6. 2022 13th South Bohemia Classic | 9. &#8211; 10. 9. 2022 Drivers who will take part in these events [&hellip;]<\/p>\n","protected":false},"author":2,"featured_media":0,"parent":0,"menu_order":0,"comment_status":"closed","ping_status":"closed","template":"","meta":{"_acf_changed":false,"ngg_post_thumbnail":0,"footnotes":""},"class_list":["post-11751","page","type-page","status-publish","hentry"],"acf":[],"yoast_head":"<!-- This site is optimized with the Yoast SEO plugin v27.3 - https:\/\/yoast.com\/product\/yoast-seo-wordpress\/ -->\n<title>Propozice \u00daAMK Classic Challenge 2022<\/title>\n<meta name=\"description\" content=\"Pravidla seri\u00e1lu setinov\u00fdch rallye klasick\u00fdch vozidel.\" \/>\n<meta name=\"robots\" content=\"index, follow, max-snippet:-1, max-image-preview:large, max-video-preview:-1\" \/>\n<link rel=\"canonical\" href=\"https:\/\/southbohemiaclassic.cz\/propozice-classic-challenge-2022\/\" \/>\n<meta property=\"og:locale\" content=\"en_US\" \/>\n<meta property=\"og:type\" content=\"article\" \/>\n<meta property=\"og:title\" content=\"Propozice \u00daAMK Classic Challenge 2022\" \/>\n<meta property=\"og:description\" content=\"Pravidla seri\u00e1lu setinov\u00fdch rallye klasick\u00fdch vozidel.\" \/>\n<meta property=\"og:url\" content=\"https:\/\/southbohemiaclassic.cz\/propozice-classic-challenge-2022\/\" \/>\n<meta property=\"og:site_name\" content=\"South Bohemia Classic\" \/>\n<meta property=\"article:modified_time\" content=\"2022-07-01T09:48:11+00:00\" \/>\n<meta property=\"og:image\" content=\"https:\/\/southbohemiaclassic.cz\/wp-content\/uploads\/2021\/11\/classic-challenge2022-829x1024.png\" \/>\n<meta name=\"twitter:card\" content=\"summary_large_image\" \/>\n<meta name=\"twitter:label1\" content=\"Est. reading time\" \/>\n\t<meta name=\"twitter:data1\" content=\"5 minutes\" \/>\n<script type=\"application\/ld+json\" class=\"yoast-schema-graph\">{\"@context\":\"https:\\\/\\\/schema.org\",\"@graph\":[{\"@type\":\"WebPage\",\"@id\":\"https:\\\/\\\/southbohemiaclassic.cz\\\/propozice-classic-challenge-2022\\\/\",\"url\":\"https:\\\/\\\/southbohemiaclassic.cz\\\/propozice-classic-challenge-2022\\\/\",\"name\":\"Propozice \u00daAMK Classic Challenge 2022\",\"isPartOf\":{\"@id\":\"https:\\\/\\\/southbohemiaclassic.cz\\\/#website\"},\"primaryImageOfPage\":{\"@id\":\"https:\\\/\\\/southbohemiaclassic.cz\\\/propozice-classic-challenge-2022\\\/#primaryimage\"},\"image\":{\"@id\":\"https:\\\/\\\/southbohemiaclassic.cz\\\/propozice-classic-challenge-2022\\\/#primaryimage\"},\"thumbnailUrl\":\"https:\\\/\\\/southbohemiaclassic.cz\\\/wp-content\\\/uploads\\\/2021\\\/11\\\/classic-challenge2022-829x1024.png\",\"datePublished\":\"2021-11-30T20:53:47+00:00\",\"dateModified\":\"2022-07-01T09:48:11+00:00\",\"description\":\"Pravidla seri\u00e1lu setinov\u00fdch rallye klasick\u00fdch vozidel.\",\"breadcrumb\":{\"@id\":\"https:\\\/\\\/southbohemiaclassic.cz\\\/propozice-classic-challenge-2022\\\/#breadcrumb\"},\"inLanguage\":\"en-US\",\"potentialAction\":[{\"@type\":\"ReadAction\",\"target\":[\"https:\\\/\\\/southbohemiaclassic.cz\\\/propozice-classic-challenge-2022\\\/\"]}]},{\"@type\":\"ImageObject\",\"inLanguage\":\"en-US\",\"@id\":\"https:\\\/\\\/southbohemiaclassic.cz\\\/propozice-classic-challenge-2022\\\/#primaryimage\",\"url\":\"https:\\\/\\\/southbohemiaclassic.cz\\\/wp-content\\\/uploads\\\/2021\\\/11\\\/classic-challenge2022-829x1024.png\",\"contentUrl\":\"https:\\\/\\\/southbohemiaclassic.cz\\\/wp-content\\\/uploads\\\/2021\\\/11\\\/classic-challenge2022-829x1024.png\"},{\"@type\":\"BreadcrumbList\",\"@id\":\"https:\\\/\\\/southbohemiaclassic.cz\\\/propozice-classic-challenge-2022\\\/#breadcrumb\",\"itemListElement\":[{\"@type\":\"ListItem\",\"position\":1,\"name\":\"Dom\u016f\",\"item\":\"https:\\\/\\\/southbohemiaclassic.cz\\\/\"},{\"@type\":\"ListItem\",\"position\":2,\"name\":\"Propozice \u00daAMK Classic Challenge 2022\"}]},{\"@type\":\"WebSite\",\"@id\":\"https:\\\/\\\/southbohemiaclassic.cz\\\/#website\",\"url\":\"https:\\\/\\\/southbohemiaclassic.cz\\\/\",\"name\":\"South Bohemia Classic\",\"description\":\"South Bohemia Classic\",\"potentialAction\":[{\"@type\":\"SearchAction\",\"target\":{\"@type\":\"EntryPoint\",\"urlTemplate\":\"https:\\\/\\\/southbohemiaclassic.cz\\\/?s={search_term_string}\"},\"query-input\":{\"@type\":\"PropertyValueSpecification\",\"valueRequired\":true,\"valueName\":\"search_term_string\"}}],\"inLanguage\":\"en-US\"}]}<\/script>\n<!-- \/ Yoast SEO plugin. -->","yoast_head_json":{"title":"Propozice \u00daAMK Classic Challenge 2022","description":"Pravidla seri\u00e1lu setinov\u00fdch rallye klasick\u00fdch vozidel.","robots":{"index":"index","follow":"follow","max-snippet":"max-snippet:-1","max-image-preview":"max-image-preview:large","max-video-preview":"max-video-preview:-1"},"canonical":"https:\/\/southbohemiaclassic.cz\/propozice-classic-challenge-2022\/","og_locale":"en_US","og_type":"article","og_title":"Propozice \u00daAMK Classic Challenge 2022","og_description":"Pravidla seri\u00e1lu setinov\u00fdch rallye klasick\u00fdch vozidel.","og_url":"https:\/\/southbohemiaclassic.cz\/propozice-classic-challenge-2022\/","og_site_name":"South Bohemia Classic","article_modified_time":"2022-07-01T09:48:11+00:00","og_image":[{"url":"https:\/\/southbohemiaclassic.cz\/wp-content\/uploads\/2021\/11\/classic-challenge2022-829x1024.png","type":"","width":"","height":""}],"twitter_card":"summary_large_image","twitter_misc":{"Est. reading time":"5 minutes"},"schema":{"@context":"https:\/\/schema.org","@graph":[{"@type":"WebPage","@id":"https:\/\/southbohemiaclassic.cz\/propozice-classic-challenge-2022\/","url":"https:\/\/southbohemiaclassic.cz\/propozice-classic-challenge-2022\/","name":"Propozice \u00daAMK Classic Challenge 2022","isPartOf":{"@id":"https:\/\/southbohemiaclassic.cz\/#website"},"primaryImageOfPage":{"@id":"https:\/\/southbohemiaclassic.cz\/propozice-classic-challenge-2022\/#primaryimage"},"image":{"@id":"https:\/\/southbohemiaclassic.cz\/propozice-classic-challenge-2022\/#primaryimage"},"thumbnailUrl":"https:\/\/southbohemiaclassic.cz\/wp-content\/uploads\/2021\/11\/classic-challenge2022-829x1024.png","datePublished":"2021-11-30T20:53:47+00:00","dateModified":"2022-07-01T09:48:11+00:00","description":"Pravidla seri\u00e1lu setinov\u00fdch rallye klasick\u00fdch vozidel.","breadcrumb":{"@id":"https:\/\/southbohemiaclassic.cz\/propozice-classic-challenge-2022\/#breadcrumb"},"inLanguage":"en-US","potentialAction":[{"@type":"ReadAction","target":["https:\/\/southbohemiaclassic.cz\/propozice-classic-challenge-2022\/"]}]},{"@type":"ImageObject","inLanguage":"en-US","@id":"https:\/\/southbohemiaclassic.cz\/propozice-classic-challenge-2022\/#primaryimage","url":"https:\/\/southbohemiaclassic.cz\/wp-content\/uploads\/2021\/11\/classic-challenge2022-829x1024.png","contentUrl":"https:\/\/southbohemiaclassic.cz\/wp-content\/uploads\/2021\/11\/classic-challenge2022-829x1024.png"},{"@type":"BreadcrumbList","@id":"https:\/\/southbohemiaclassic.cz\/propozice-classic-challenge-2022\/#breadcrumb","itemListElement":[{"@type":"ListItem","position":1,"name":"Dom\u016f","item":"https:\/\/southbohemiaclassic.cz\/"},{"@type":"ListItem","position":2,"name":"Propozice \u00daAMK Classic Challenge 2022"}]},{"@type":"WebSite","@id":"https:\/\/southbohemiaclassic.cz\/#website","url":"https:\/\/southbohemiaclassic.cz\/","name":"South Bohemia Classic","description":"South Bohemia Classic","potentialAction":[{"@type":"SearchAction","target":{"@type":"EntryPoint","urlTemplate":"https:\/\/southbohemiaclassic.cz\/?s={search_term_string}"},"query-input":{"@type":"PropertyValueSpecification","valueRequired":true,"valueName":"search_term_string"}}],"inLanguage":"en-US"}]}},"_links":{"self":[{"href":"https:\/\/southbohemiaclassic.cz\/en\/wp-json\/wp\/v2\/pages\/11751","targetHints":{"allow":["GET"]}}],"collection":[{"href":"https:\/\/southbohemiaclassic.cz\/en\/wp-json\/wp\/v2\/pages"}],"about":[{"href":"https:\/\/southbohemiaclassic.cz\/en\/wp-json\/wp\/v2\/types\/page"}],"author":[{"embeddable":true,"href":"https:\/\/southbohemiaclassic.cz\/en\/wp-json\/wp\/v2\/users\/2"}],"replies":[{"embeddable":true,"href":"https:\/\/southbohemiaclassic.cz\/en\/wp-json\/wp\/v2\/comments?post=11751"}],"version-history":[{"count":4,"href":"https:\/\/southbohemiaclassic.cz\/en\/wp-json\/wp\/v2\/pages\/11751\/revisions"}],"predecessor-version":[{"id":11875,"href":"https:\/\/southbohemiaclassic.cz\/en\/wp-json\/wp\/v2\/pages\/11751\/revisions\/11875"}],"wp:attachment":[{"href":"https:\/\/southbohemiaclassic.cz\/en\/wp-json\/wp\/v2\/media?parent=11751"}],"curies":[{"name":"wp","href":"https:\/\/api.w.org\/{rel}","templated":true}]}}