{"id":10784,"date":"2021-09-08T21:56:19","date_gmt":"2021-09-08T20:56:19","guid":{"rendered":"https:\/\/southbohemiaclassic.cz\/?page_id=10784"},"modified":"2021-10-05T13:22:25","modified_gmt":"2021-10-05T12:22:25","slug":"vysledky-2021","status":"publish","type":"page","link":"https:\/\/southbohemiaclassic.cz\/en\/vysledky-2021\/","title":{"rendered":"Results XII. South Bohemia Classic 2021"},"content":{"rendered":"<ul class=\"wp-block-list\"><li>RT 1 \u00daAMK &#8211; <a href=\"https:\/\/southbohemiaclassic.cz\/wp-content\/uploads\/2021\/09\/xii-south-bohemia-classic_RT1_classic_20210911-022127.pdf\"><strong>Classic<\/strong><\/a> | <a href=\"https:\/\/southbohemiaclassic.cz\/wp-content\/uploads\/2021\/09\/xii-south-bohemia-classic_RT1_exclusive_20210911-022219.pdf\"><strong>Exclusive<\/strong><\/a><\/li><li>RT 2 Hanhart &#8211; <a href=\"https:\/\/southbohemiaclassic.cz\/wp-content\/uploads\/2021\/09\/xii-south-bohemia-classic_RT2_classic_20210911-022133.pdf\"><strong>Classic<\/strong><\/a> | <a href=\"https:\/\/southbohemiaclassic.cz\/wp-content\/uploads\/2021\/09\/xii-south-bohemia-classic_RT2_exclusive_20210911-022224.pdf\"><strong>Exclusive<\/strong><\/a><\/li><li>ST 1 Bohemia Timing &#8211; <a href=\"https:\/\/southbohemiaclassic.cz\/wp-content\/uploads\/2021\/09\/xii-south-bohemia-classic_ST1_classic_20210911-022140.pdf\"><strong>Classic<\/strong><\/a> | <a href=\"https:\/\/southbohemiaclassic.cz\/wp-content\/uploads\/2021\/09\/xii-south-bohemia-classic_ST1_exclusive_20210911-022230.pdf\"><strong>Exclusive<\/strong><\/a><\/li><li>RT 3 GRANCANN &#8211; <a href=\"https:\/\/southbohemiaclassic.cz\/wp-content\/uploads\/2021\/09\/xii-south-bohemia-classic_RT3_classic_20210911-022146.pdf\"><strong>Classic<\/strong><\/a> | <a href=\"https:\/\/southbohemiaclassic.cz\/wp-content\/uploads\/2021\/09\/xii-south-bohemia-classic_RT3_exclusive_20210911-022237.pdf\"><strong>Exclusive<\/strong><\/a><\/li><li>RT 4 Obec Chval\u0161iny &#8211; <a href=\"https:\/\/southbohemiaclassic.cz\/wp-content\/uploads\/2021\/09\/xii-south-bohemia-classic_RT4_classic_20210911-022153.pdf\"><strong>Classic<\/strong><\/a> | <a href=\"https:\/\/southbohemiaclassic.cz\/wp-content\/uploads\/2021\/09\/xii-south-bohemia-classic_RT4_exclusive_20210911-022243.pdf\"><strong>Exclusive<\/strong><\/a><\/li><li>RT 5 RENOMIA NETWORK &#8211; <a href=\"https:\/\/southbohemiaclassic.cz\/wp-content\/uploads\/2021\/09\/xii-south-bohemia-classic_RT5_classic_20210911-022200.pdf\"><strong>Classic<\/strong><\/a> | <a href=\"https:\/\/southbohemiaclassic.cz\/wp-content\/uploads\/2021\/09\/xii-south-bohemia-classic_RT5_exclusive_20210911-022249.pdf\"><strong>Exclusive<\/strong><\/a><\/li><li>RT 6 Klub P\u00e1n\u016f z Pono\u017ekovic &#8211; <a href=\"https:\/\/southbohemiaclassic.cz\/wp-content\/uploads\/2021\/09\/xii-south-bohemia-classic_RT6_classic_20210911-022209.pdf\"><strong>Classic<\/strong><\/a> | <a href=\"https:\/\/southbohemiaclassic.cz\/wp-content\/uploads\/2021\/09\/xii-south-bohemia-classic_RT6_exclusive_20210911-022255.pdf\"><strong>Exclusive<\/strong><\/a><\/li><\/ul>\n\n\n\n<p>Results in Leg 1 &#8211; <a href=\"https:\/\/southbohemiaclassic.cz\/wp-content\/uploads\/2021\/09\/xii-south-bohemia-classic_RT1-RT6_classic_20210911-023126.pdf\"><strong>Classic<\/strong><\/a> | <a href=\"https:\/\/southbohemiaclassic.cz\/wp-content\/uploads\/2021\/09\/xii-south-bohemia-classic_RT1-RT6_exclusive_20210911-023133.pdf\"><strong>Exclusive<\/strong><\/a><br><a href=\"https:\/\/southbohemiaclassic.cz\/wp-content\/uploads\/2021\/09\/xii-south-bohemia-classic_penalties_20210911-023219.pdf\"><strong>Penalties<\/strong><\/a><\/p>\n\n\n\n<ul class=\"wp-block-list\"><li>RT 7 Hotel Resort Relax &#8211; <a href=\"https:\/\/southbohemiaclassic.cz\/wp-content\/uploads\/2021\/09\/xii-south-bohemia-classic_RT7_classic_20210911-113411.pdf\"><strong>Classic<\/strong><\/a> | <a href=\"https:\/\/southbohemiaclassic.cz\/wp-content\/uploads\/2021\/09\/xii-south-bohemia-classic_RT7_exclusive_20210911-113405.pdf\"><strong>Exclusive<\/strong><\/a><\/li><li>RT 8 Rezidence \u010cern\u00e1 Perla &#8211; <a href=\"https:\/\/southbohemiaclassic.cz\/wp-content\/uploads\/2021\/09\/xii-south-bohemia-classic_RT8_classic_20210911-121637.pdf\"><strong>Classic<\/strong><\/a> | <a href=\"https:\/\/southbohemiaclassic.cz\/wp-content\/uploads\/2021\/09\/xii-south-bohemia-classic_RT8_exclusive_20210911-121630.pdf\"><strong>Exclusive<\/strong><\/a><\/li><li>RT 9 Steinbauer Lechner &#8211; <a href=\"https:\/\/southbohemiaclassic.cz\/wp-content\/uploads\/2021\/09\/xii-south-bohemia-classic_RT9_classic_20210911-125727.pdf\"><strong>Classic<\/strong><\/a> | <a href=\"https:\/\/southbohemiaclassic.cz\/wp-content\/uploads\/2021\/09\/xii-south-bohemia-classic_RT9_exclusive_20210911-125734.pdf\"><strong>Exclusive<\/strong><\/a><\/li><li>RT 10 INOTECH electronic &#8211; <a href=\"https:\/\/southbohemiaclassic.cz\/wp-content\/uploads\/2021\/09\/xii-south-bohemia-classic_RT10_classic_20210911-182832.pdf\"><strong>Classic<\/strong><\/a> | <a href=\"https:\/\/southbohemiaclassic.cz\/wp-content\/uploads\/2021\/09\/xii-south-bohemia-classic_RT10_exclusive_20210911-182840.pdf\"><strong>Exclusive<\/strong><\/a><\/li><li>RT 11 \u010cesk\u00e1 podnikatelsk\u00e1 poji\u0161\u0165ovna &#8211; <a href=\"https:\/\/southbohemiaclassic.cz\/wp-content\/uploads\/2021\/09\/xii-south-bohemia-classic_RT11_classic_20210911-155225.pdf\"><strong>Classic<\/strong><\/a> | <a href=\"https:\/\/southbohemiaclassic.cz\/wp-content\/uploads\/2021\/09\/xii-south-bohemia-classic_RT11_exclusive_20210911-155232.pdf\"><strong>Exclusive<\/strong><\/a><\/li><li>RT 12 HM Plast &#8211; <a href=\"https:\/\/southbohemiaclassic.cz\/wp-content\/uploads\/2021\/09\/xii-south-bohemia-classic_RT12_classic_20210911-183014.pdf\"><strong>Classic<\/strong><\/a> | <a href=\"https:\/\/southbohemiaclassic.cz\/wp-content\/uploads\/2021\/09\/xii-south-bohemia-classic_RT12_exclusive_20210911-183058.pdf\"><strong>Exclusive<\/strong><\/a><\/li><li>RT 13 SM produkt &#8211; <a href=\"https:\/\/southbohemiaclassic.cz\/wp-content\/uploads\/2021\/09\/xii-south-bohemia-classic_RT13_classic_20210911-184617.pdf\"><strong>Classic<\/strong><\/a> | <a href=\"https:\/\/southbohemiaclassic.cz\/wp-content\/uploads\/2021\/09\/xii-south-bohemia-classic_RT13_exclusive_20210911-184648.pdf\"><strong>Exclusive<\/strong><\/a><\/li><li>ST 2 Penzion Baron\u016fv most &#8211; <a href=\"https:\/\/southbohemiaclassic.cz\/wp-content\/uploads\/2021\/09\/xii-south-bohemia-classic_ST2_classic_20210911-184624.pdf\"><strong>Classic<\/strong><\/a> | <a href=\"https:\/\/southbohemiaclassic.cz\/wp-content\/uploads\/2021\/09\/xii-south-bohemia-classic_ST2_exclusive_20210911-184655.pdf\"><strong>Exclusive<\/strong><\/a><\/li><li>RT 14 GRAND PRIX Kaplice &#8211; <a href=\"https:\/\/southbohemiaclassic.cz\/wp-content\/uploads\/2021\/09\/xii-south-bohemia-classic_RT14_classic_20210911-184631.pdf\"><strong>Classic<\/strong><\/a> | <a href=\"https:\/\/southbohemiaclassic.cz\/wp-content\/uploads\/2021\/09\/xii-south-bohemia-classic_RT14_exclusive_20210911-184700.pdf\"><strong>Exclusive<\/strong><\/a><\/li><li>RT 15 120 let \u0160KODA Motorsport &#8211; <a href=\"https:\/\/southbohemiaclassic.cz\/wp-content\/uploads\/2021\/09\/xii-south-bohemia-classic_RT15_classic_20210911-184639.pdf\"><strong>Classic<\/strong><\/a> | <a href=\"https:\/\/southbohemiaclassic.cz\/wp-content\/uploads\/2021\/09\/xii-south-bohemia-classic_RT15_exclusive_20210911-184706.pdf\"><strong>Exclusive<\/strong><\/a><\/li><\/ul>\n\n\n\n<p>Results in Leg 2 \u2013 <a href=\"https:\/\/southbohemiaclassic.cz\/wp-content\/uploads\/2021\/09\/xii-south-bohemia-classic_RT7-RT15_classic_20210911-194810.pdf\"><strong>Classic<\/strong><\/a>&nbsp;| <a href=\"https:\/\/southbohemiaclassic.cz\/wp-content\/uploads\/2021\/09\/xii-south-bohemia-classic_RT7-RT15_exclusive_20210911-194818.pdf\"><strong>Exclusive<\/strong><\/a><br><a href=\"https:\/\/southbohemiaclassic.cz\/wp-content\/uploads\/2021\/09\/xii-south-bohemia-classic_penalties_20210911-193754.pdf\"><strong>Penalties<\/strong><\/a><\/p>\n\n\n\n<p>Final Classification \u2013 <a href=\"https:\/\/southbohemiaclassic.cz\/wp-content\/uploads\/2021\/09\/xii-south-bohemia-classic_final_classic_20210911-232852.pdf\"><strong>Classic<\/strong><\/a>&nbsp;| <a href=\"https:\/\/southbohemiaclassic.cz\/wp-content\/uploads\/2021\/09\/xii-south-bohemia-classic_final_exclusive_20210911-232900.pdf\"><strong>Exclusive<\/strong><\/a> | <a href=\"https:\/\/southbohemiaclassic.cz\/wp-content\/uploads\/2021\/09\/xii-south-bohemia-classic_final_mechanicke-stopky_20210911-232916.pdf\"><strong>Mechanical stopwatch<\/strong><\/a>&nbsp;| <a href=\"https:\/\/southbohemiaclassic.cz\/wp-content\/uploads\/2021\/09\/xii-south-bohemia-classic_final_damsky-pohar_20210911-232908.pdf\"><strong>Ladies Trophy<\/strong><\/a> | <a href=\"https:\/\/southbohemiaclassic.cz\/wp-content\/uploads\/2021\/09\/xii-south-bohemia-classic_team_cup_20210911-232947.pdf\"><strong>Team Trophy<\/strong><\/a> | <a href=\"https:\/\/southbohemiaclassic.cz\/wp-content\/uploads\/2021\/09\/xii-south-bohemia-classic_final_rodinny-pohar_20210911-232940.pdf\"><strong>Family trophy<\/strong><\/a> | <a href=\"https:\/\/southbohemiaclassic.cz\/wp-content\/uploads\/2021\/09\/xii-south-bohemia-classic_final_pohar-skoda-classic_20210911-232932.pdf\"><strong>\u0160KODA Classic trophy<\/strong><\/a> | <a href=\"https:\/\/southbohemiaclassic.cz\/wp-content\/uploads\/2021\/09\/xii-south-bohemia-classic_final_pohar-porsche-classic-2021-o-cenu-jaroslava-juhana_20210911-232924.pdf\"><strong>Porsche Classic 2021 trophy<\/strong><\/a><\/p>\n\n\n\n<p><a href=\"https:\/\/southbohemiaclassic.cz\/wp-content\/uploads\/2021\/09\/bc2021_konecne-poradi.pdf\" target=\"_blank\" rel=\"noreferrer noopener\"><strong>II. Bohemia Classic 2021<\/strong><\/a><\/p>\n\n\n\n<p><strong><a href=\"https:\/\/southbohemiaclassic.cz\/wp-content\/uploads\/2021\/09\/cc2021_konecne-poradi.pdf\" target=\"_blank\" rel=\"noreferrer noopener\">\u00daAMK Classic Challenge 2021<\/a><\/strong><\/p>","protected":false},"excerpt":{"rendered":"<p>RT 1 \u00daAMK &#8211; Classic | Exclusive RT 2 Hanhart &#8211; Classic | Exclusive ST 1 Bohemia Timing &#8211; Classic | Exclusive RT 3 GRANCANN &#8211; Classic | Exclusive RT 4 Obec Chval\u0161iny &#8211; Classic | Exclusive RT 5 RENOMIA NETWORK &#8211; Classic | Exclusive RT 6 Klub P\u00e1n\u016f z Pono\u017ekovic &#8211; Classic | Exclusive [&hellip;]<\/p>\n","protected":false},"author":2,"featured_media":0,"parent":0,"menu_order":0,"comment_status":"closed","ping_status":"closed","template":"","meta":{"_acf_changed":false,"ngg_post_thumbnail":0,"footnotes":""},"class_list":["post-10784","page","type-page","status-publish","hentry"],"acf":[],"yoast_head":"<!-- This site is optimized with the Yoast SEO plugin v27.3 - https:\/\/yoast.com\/product\/yoast-seo-wordpress\/ -->\n<title>Results XII. South Bohemia Classic 2021 - South Bohemia Classic<\/title>\n<meta name=\"robots\" content=\"index, follow, max-snippet:-1, max-image-preview:large, max-video-preview:-1\" \/>\n<link rel=\"canonical\" href=\"https:\/\/southbohemiaclassic.cz\/vysledky-2021\/\" \/>\n<meta property=\"og:locale\" content=\"en_US\" \/>\n<meta property=\"og:type\" content=\"article\" \/>\n<meta property=\"og:title\" content=\"[:cs]V\u00fdsledky XII. South Bohemia Classic 2021[:de]Ergebnisse XII. South Bohemia Classic 2021[:en]Results XII. South Bohemia Classic 2021 - South Bohemia Classic\" \/>\n<meta property=\"og:description\" content=\"RT 1 \u00daAMK &#8211; Classic | Exclusive RT 2 Hanhart &#8211; Classic | Exclusive ST 1 Bohemia Timing &#8211; Classic | Exclusive RT 3 GRANCANN &#8211; Classic | Exclusive RT 4 Obec Chval\u0161iny &#8211; Classic | Exclusive RT 5 RENOMIA NETWORK &#8211; Classic | Exclusive RT 6 Klub P\u00e1n\u016f z Pono\u017ekovic &#8211; Classic | Exclusive [&hellip;]\" \/>\n<meta property=\"og:url\" content=\"https:\/\/southbohemiaclassic.cz\/vysledky-2021\/\" \/>\n<meta property=\"og:site_name\" content=\"South Bohemia Classic\" \/>\n<meta property=\"article:modified_time\" content=\"2021-10-05T12:22:25+00:00\" \/>\n<meta name=\"twitter:card\" content=\"summary_large_image\" \/>\n<meta name=\"twitter:label1\" content=\"Est. reading time\" \/>\n\t<meta name=\"twitter:data1\" content=\"2 minutes\" \/>\n<script type=\"application\/ld+json\" class=\"yoast-schema-graph\">{\"@context\":\"https:\\\/\\\/schema.org\",\"@graph\":[{\"@type\":\"WebPage\",\"@id\":\"https:\\\/\\\/southbohemiaclassic.cz\\\/vysledky-2021\\\/\",\"url\":\"https:\\\/\\\/southbohemiaclassic.cz\\\/vysledky-2021\\\/\",\"name\":\"[:cs]V\u00fdsledky XII. South Bohemia Classic 2021[:de]Ergebnisse XII. South Bohemia Classic 2021[:en]Results XII. South Bohemia Classic 2021 - South Bohemia Classic\",\"isPartOf\":{\"@id\":\"https:\\\/\\\/southbohemiaclassic.cz\\\/#website\"},\"datePublished\":\"2021-09-08T20:56:19+00:00\",\"dateModified\":\"2021-10-05T12:22:25+00:00\",\"breadcrumb\":{\"@id\":\"https:\\\/\\\/southbohemiaclassic.cz\\\/vysledky-2021\\\/#breadcrumb\"},\"inLanguage\":\"en-US\",\"potentialAction\":[{\"@type\":\"ReadAction\",\"target\":[\"https:\\\/\\\/southbohemiaclassic.cz\\\/vysledky-2021\\\/\"]}]},{\"@type\":\"BreadcrumbList\",\"@id\":\"https:\\\/\\\/southbohemiaclassic.cz\\\/vysledky-2021\\\/#breadcrumb\",\"itemListElement\":[{\"@type\":\"ListItem\",\"position\":1,\"name\":\"Dom\u016f\",\"item\":\"https:\\\/\\\/southbohemiaclassic.cz\\\/\"},{\"@type\":\"ListItem\",\"position\":2,\"name\":\"V\u00fdsledky XII. South Bohemia Classic 2021\"}]},{\"@type\":\"WebSite\",\"@id\":\"https:\\\/\\\/southbohemiaclassic.cz\\\/#website\",\"url\":\"https:\\\/\\\/southbohemiaclassic.cz\\\/\",\"name\":\"South Bohemia Classic\",\"description\":\"South Bohemia Classic\",\"potentialAction\":[{\"@type\":\"SearchAction\",\"target\":{\"@type\":\"EntryPoint\",\"urlTemplate\":\"https:\\\/\\\/southbohemiaclassic.cz\\\/?s={search_term_string}\"},\"query-input\":{\"@type\":\"PropertyValueSpecification\",\"valueRequired\":true,\"valueName\":\"search_term_string\"}}],\"inLanguage\":\"en-US\"}]}<\/script>\n<!-- \/ Yoast SEO plugin. -->","yoast_head_json":{"title":"[:cs]V\u00fdsledky XII. South Bohemia Classic 2021[:de]Ergebnisse XII. South Bohemia Classic 2021[:en]Results XII. South Bohemia Classic 2021 - South Bohemia Classic","robots":{"index":"index","follow":"follow","max-snippet":"max-snippet:-1","max-image-preview":"max-image-preview:large","max-video-preview":"max-video-preview:-1"},"canonical":"https:\/\/southbohemiaclassic.cz\/vysledky-2021\/","og_locale":"en_US","og_type":"article","og_title":"[:cs]V\u00fdsledky XII. South Bohemia Classic 2021[:de]Ergebnisse XII. South Bohemia Classic 2021[:en]Results XII. South Bohemia Classic 2021 - South Bohemia Classic","og_description":"RT 1 \u00daAMK &#8211; Classic | Exclusive RT 2 Hanhart &#8211; Classic | Exclusive ST 1 Bohemia Timing &#8211; Classic | Exclusive RT 3 GRANCANN &#8211; Classic | Exclusive RT 4 Obec Chval\u0161iny &#8211; Classic | Exclusive RT 5 RENOMIA NETWORK &#8211; Classic | Exclusive RT 6 Klub P\u00e1n\u016f z Pono\u017ekovic &#8211; Classic | Exclusive [&hellip;]","og_url":"https:\/\/southbohemiaclassic.cz\/vysledky-2021\/","og_site_name":"South Bohemia Classic","article_modified_time":"2021-10-05T12:22:25+00:00","twitter_card":"summary_large_image","twitter_misc":{"Est. reading time":"2 minutes"},"schema":{"@context":"https:\/\/schema.org","@graph":[{"@type":"WebPage","@id":"https:\/\/southbohemiaclassic.cz\/vysledky-2021\/","url":"https:\/\/southbohemiaclassic.cz\/vysledky-2021\/","name":"[:cs]V\u00fdsledky XII. South Bohemia Classic 2021[:de]Ergebnisse XII. South Bohemia Classic 2021[:en]Results XII. South Bohemia Classic 2021 - South Bohemia Classic","isPartOf":{"@id":"https:\/\/southbohemiaclassic.cz\/#website"},"datePublished":"2021-09-08T20:56:19+00:00","dateModified":"2021-10-05T12:22:25+00:00","breadcrumb":{"@id":"https:\/\/southbohemiaclassic.cz\/vysledky-2021\/#breadcrumb"},"inLanguage":"en-US","potentialAction":[{"@type":"ReadAction","target":["https:\/\/southbohemiaclassic.cz\/vysledky-2021\/"]}]},{"@type":"BreadcrumbList","@id":"https:\/\/southbohemiaclassic.cz\/vysledky-2021\/#breadcrumb","itemListElement":[{"@type":"ListItem","position":1,"name":"Dom\u016f","item":"https:\/\/southbohemiaclassic.cz\/"},{"@type":"ListItem","position":2,"name":"V\u00fdsledky XII. South Bohemia Classic 2021"}]},{"@type":"WebSite","@id":"https:\/\/southbohemiaclassic.cz\/#website","url":"https:\/\/southbohemiaclassic.cz\/","name":"South Bohemia Classic","description":"South Bohemia Classic","potentialAction":[{"@type":"SearchAction","target":{"@type":"EntryPoint","urlTemplate":"https:\/\/southbohemiaclassic.cz\/?s={search_term_string}"},"query-input":{"@type":"PropertyValueSpecification","valueRequired":true,"valueName":"search_term_string"}}],"inLanguage":"en-US"}]}},"_links":{"self":[{"href":"https:\/\/southbohemiaclassic.cz\/en\/wp-json\/wp\/v2\/pages\/10784","targetHints":{"allow":["GET"]}}],"collection":[{"href":"https:\/\/southbohemiaclassic.cz\/en\/wp-json\/wp\/v2\/pages"}],"about":[{"href":"https:\/\/southbohemiaclassic.cz\/en\/wp-json\/wp\/v2\/types\/page"}],"author":[{"embeddable":true,"href":"https:\/\/southbohemiaclassic.cz\/en\/wp-json\/wp\/v2\/users\/2"}],"replies":[{"embeddable":true,"href":"https:\/\/southbohemiaclassic.cz\/en\/wp-json\/wp\/v2\/comments?post=10784"}],"version-history":[{"count":37,"href":"https:\/\/southbohemiaclassic.cz\/en\/wp-json\/wp\/v2\/pages\/10784\/revisions"}],"predecessor-version":[{"id":11744,"href":"https:\/\/southbohemiaclassic.cz\/en\/wp-json\/wp\/v2\/pages\/10784\/revisions\/11744"}],"wp:attachment":[{"href":"https:\/\/southbohemiaclassic.cz\/en\/wp-json\/wp\/v2\/media?parent=10784"}],"curies":[{"name":"wp","href":"https:\/\/api.w.org\/{rel}","templated":true}]}}