{"id":7605,"date":"2020-06-11T13:47:39","date_gmt":"2020-06-11T12:47:39","guid":{"rendered":"https:\/\/southbohemiaclassic.cz\/?page_id=7605"},"modified":"2020-06-11T13:47:40","modified_gmt":"2020-06-11T12:47:40","slug":"propozice-south-bohemia-trophy-2020","status":"publish","type":"page","link":"https:\/\/southbohemiaclassic.cz\/de\/propozice-south-bohemia-trophy-2020\/","title":{"rendered":"Propozice South Bohemia Trophy 2020"},"content":{"rendered":"\n<h4 class=\"wp-block-heading\"><strong>1. Obecn\u011b<\/strong><\/h4>\n\n\n\n<p>Seri\u00e1l setinov\u00fdch rallye klasick\u00fdch vozidel South Bohemia Trophy 2020 je vypsan\u00fd pro \u00fa\u010dastn\u00edky I. Spring Classic a XI. South Bohemia Classic. Do kone\u010dn\u00e9ho po\u0159ad\u00ed budou hodnoceny pos\u00e1dky, kter\u00e9 odstartuj\u00ed a dokon\u010d\u00ed oba podniky s&nbsp;vozem odpov\u00eddaj\u00edc\u00edm kategorii Classic (vyroben\u00fdm do roku 1990 v\u010detn\u011b).<\/p>\n\n\n\n<h4 class=\"wp-block-heading\"><strong>2. Pravidla<\/strong><\/h4>\n\n\n\n<p>South Bohemia Trophy 2020 se kon\u00e1 podle pravidel uveden\u00fdch ve zvl\u00e1\u0161tn\u00edch ustanoven\u00edch ka\u017ed\u00e9ho podniku.<\/p>\n\n\n\n<h4 class=\"wp-block-heading\"><strong>3. Hodnocen\u00ed<\/strong><\/h4>\n\n\n\n<p>Celkov\u00e9 po\u0159ad\u00ed bude ur\u010deno sou\u010dtem kone\u010dn\u00e9 sumy penalizac\u00ed, kter\u00e9 ka\u017ed\u00e1 pos\u00e1dka dos\u00e1hne v&nbsp;jednotliv\u00fdch podnic\u00edch. V\u00edt\u011bzem South Bohemia Trophy 2020 se st\u00e1v\u00e1 pos\u00e1dka s nejmen\u0161\u00edm sou\u010dtem bod\u016f penalizace.<\/p>\n\n\n\n<p>V&nbsp;p\u0159\u00edpad\u011b rovnosti bod\u016f rozhoduje po\u010det trestn\u00fdch bod\u016f z\u00edskan\u00fdch na trati XI. South Bohemia Classic. Pokud jsou body i tak shodn\u00e9, v\u00edt\u011bz\u00ed v\u016fz, kter\u00fd se z\u00fa\u010dastnil t\u00e9to sout\u011b\u017ee a m\u00e1 ni\u017e\u0161\u00ed objem motoru.<\/p>\n\n\n\n<h4 class=\"wp-block-heading\"><strong>4. Ceny<\/strong><\/h4>\n\n\n\n<p>Pos\u00e1dky na 1. \u2013 3. m\u00edst\u011b absolutn\u00edho po\u0159ad\u00ed South Bohemia Trophy 2020 z\u00edskaj\u00ed b\u011bhem galave\u010dera XI. South Bohemia Classic trofeje a v\u011bcn\u00e9 ceny.<\/p>\n\n\n\n<p>Krit\u00e9riem pro ocen\u011bn\u00ed je \u00fa\u010dast jezdce v&nbsp;obou podnic\u00edch. Pokud do ka\u017ed\u00e9 sout\u011b\u017ee odstartuje s&nbsp;jin\u00fdm navig\u00e1torem, ocen\u011bn bude pouze spolujezdec, kter\u00fd se z\u00fa\u010dastnil XI. South Bohemia Classic.<\/p>\n","protected":false},"excerpt":{"rendered":"<p>1. Obecn\u011b Seri\u00e1l setinov\u00fdch rallye klasick\u00fdch vozidel South Bohemia Trophy 2020 je vypsan\u00fd pro \u00fa\u010dastn\u00edky I. Spring Classic a XI. South Bohemia Classic. Do kone\u010dn\u00e9ho po\u0159ad\u00ed budou hodnoceny pos\u00e1dky, kter\u00e9 odstartuj\u00ed a dokon\u010d\u00ed oba podniky s&nbsp;vozem odpov\u00eddaj\u00edc\u00edm kategorii Classic (vyroben\u00fdm do roku 1990 v\u010detn\u011b). 2. Pravidla South Bohemia Trophy 2020 se kon\u00e1 podle pravidel uveden\u00fdch [&hellip;]<\/p>\n","protected":false},"author":2,"featured_media":0,"parent":0,"menu_order":0,"comment_status":"closed","ping_status":"closed","template":"","meta":{"_acf_changed":false,"ngg_post_thumbnail":0,"footnotes":""},"class_list":["post-7605","page","type-page","status-publish","hentry"],"acf":[],"yoast_head":"<!-- This site is optimized with the Yoast SEO plugin v27.4 - https:\/\/yoast.com\/product\/yoast-seo-wordpress\/ -->\n<title>Propozice South Bohemia Trophy 2020 - South Bohemia Classic<\/title>\n<meta name=\"robots\" content=\"index, follow, max-snippet:-1, max-image-preview:large, max-video-preview:-1\" \/>\n<link rel=\"canonical\" href=\"https:\/\/southbohemiaclassic.cz\/propozice-south-bohemia-trophy-2020\/\" \/>\n<meta property=\"og:locale\" content=\"de_DE\" \/>\n<meta property=\"og:type\" content=\"article\" \/>\n<meta property=\"og:title\" content=\"Propozice South Bohemia Trophy 2020 - South Bohemia Classic\" \/>\n<meta property=\"og:description\" content=\"1. Obecn\u011b Seri\u00e1l setinov\u00fdch rallye klasick\u00fdch vozidel South Bohemia Trophy 2020 je vypsan\u00fd pro \u00fa\u010dastn\u00edky I. Spring Classic a XI. South Bohemia Classic. Do kone\u010dn\u00e9ho po\u0159ad\u00ed budou hodnoceny pos\u00e1dky, kter\u00e9 odstartuj\u00ed a dokon\u010d\u00ed oba podniky s&nbsp;vozem odpov\u00eddaj\u00edc\u00edm kategorii Classic (vyroben\u00fdm do roku 1990 v\u010detn\u011b). 2. Pravidla South Bohemia Trophy 2020 se kon\u00e1 podle pravidel uveden\u00fdch [&hellip;]\" \/>\n<meta property=\"og:url\" content=\"https:\/\/southbohemiaclassic.cz\/propozice-south-bohemia-trophy-2020\/\" \/>\n<meta property=\"og:site_name\" content=\"South Bohemia Classic\" \/>\n<meta property=\"article:modified_time\" content=\"2020-06-11T12:47:40+00:00\" \/>\n<meta name=\"twitter:card\" content=\"summary_large_image\" \/>\n<meta name=\"twitter:label1\" content=\"Gesch\u00e4tzte Lesezeit\" \/>\n\t<meta name=\"twitter:data1\" content=\"1\u00a0Minute\" \/>\n<script type=\"application\/ld+json\" class=\"yoast-schema-graph\">{\"@context\":\"https:\\\/\\\/schema.org\",\"@graph\":[{\"@type\":\"WebPage\",\"@id\":\"https:\\\/\\\/southbohemiaclassic.cz\\\/propozice-south-bohemia-trophy-2020\\\/\",\"url\":\"https:\\\/\\\/southbohemiaclassic.cz\\\/propozice-south-bohemia-trophy-2020\\\/\",\"name\":\"Propozice South Bohemia Trophy 2020 - South Bohemia Classic\",\"isPartOf\":{\"@id\":\"https:\\\/\\\/southbohemiaclassic.cz\\\/#website\"},\"datePublished\":\"2020-06-11T12:47:39+00:00\",\"dateModified\":\"2020-06-11T12:47:40+00:00\",\"breadcrumb\":{\"@id\":\"https:\\\/\\\/southbohemiaclassic.cz\\\/propozice-south-bohemia-trophy-2020\\\/#breadcrumb\"},\"inLanguage\":\"de\",\"potentialAction\":[{\"@type\":\"ReadAction\",\"target\":[\"https:\\\/\\\/southbohemiaclassic.cz\\\/propozice-south-bohemia-trophy-2020\\\/\"]}]},{\"@type\":\"BreadcrumbList\",\"@id\":\"https:\\\/\\\/southbohemiaclassic.cz\\\/propozice-south-bohemia-trophy-2020\\\/#breadcrumb\",\"itemListElement\":[{\"@type\":\"ListItem\",\"position\":1,\"name\":\"Dom\u016f\",\"item\":\"https:\\\/\\\/southbohemiaclassic.cz\\\/\"},{\"@type\":\"ListItem\",\"position\":2,\"name\":\"Propozice South Bohemia Trophy 2020\"}]},{\"@type\":\"WebSite\",\"@id\":\"https:\\\/\\\/southbohemiaclassic.cz\\\/#website\",\"url\":\"https:\\\/\\\/southbohemiaclassic.cz\\\/\",\"name\":\"South Bohemia Classic\",\"description\":\"South Bohemia Classic\",\"potentialAction\":[{\"@type\":\"SearchAction\",\"target\":{\"@type\":\"EntryPoint\",\"urlTemplate\":\"https:\\\/\\\/southbohemiaclassic.cz\\\/?s={search_term_string}\"},\"query-input\":{\"@type\":\"PropertyValueSpecification\",\"valueRequired\":true,\"valueName\":\"search_term_string\"}}],\"inLanguage\":\"de\"}]}<\/script>\n<!-- \/ Yoast SEO plugin. -->","yoast_head_json":{"title":"Propozice South Bohemia Trophy 2020 - South Bohemia Classic","robots":{"index":"index","follow":"follow","max-snippet":"max-snippet:-1","max-image-preview":"max-image-preview:large","max-video-preview":"max-video-preview:-1"},"canonical":"https:\/\/southbohemiaclassic.cz\/propozice-south-bohemia-trophy-2020\/","og_locale":"de_DE","og_type":"article","og_title":"Propozice South Bohemia Trophy 2020 - South Bohemia Classic","og_description":"1. Obecn\u011b Seri\u00e1l setinov\u00fdch rallye klasick\u00fdch vozidel South Bohemia Trophy 2020 je vypsan\u00fd pro \u00fa\u010dastn\u00edky I. Spring Classic a XI. South Bohemia Classic. Do kone\u010dn\u00e9ho po\u0159ad\u00ed budou hodnoceny pos\u00e1dky, kter\u00e9 odstartuj\u00ed a dokon\u010d\u00ed oba podniky s&nbsp;vozem odpov\u00eddaj\u00edc\u00edm kategorii Classic (vyroben\u00fdm do roku 1990 v\u010detn\u011b). 2. Pravidla South Bohemia Trophy 2020 se kon\u00e1 podle pravidel uveden\u00fdch [&hellip;]","og_url":"https:\/\/southbohemiaclassic.cz\/propozice-south-bohemia-trophy-2020\/","og_site_name":"South Bohemia Classic","article_modified_time":"2020-06-11T12:47:40+00:00","twitter_card":"summary_large_image","twitter_misc":{"Gesch\u00e4tzte Lesezeit":"1\u00a0Minute"},"schema":{"@context":"https:\/\/schema.org","@graph":[{"@type":"WebPage","@id":"https:\/\/southbohemiaclassic.cz\/propozice-south-bohemia-trophy-2020\/","url":"https:\/\/southbohemiaclassic.cz\/propozice-south-bohemia-trophy-2020\/","name":"Propozice South Bohemia Trophy 2020 - South Bohemia Classic","isPartOf":{"@id":"https:\/\/southbohemiaclassic.cz\/#website"},"datePublished":"2020-06-11T12:47:39+00:00","dateModified":"2020-06-11T12:47:40+00:00","breadcrumb":{"@id":"https:\/\/southbohemiaclassic.cz\/propozice-south-bohemia-trophy-2020\/#breadcrumb"},"inLanguage":"de","potentialAction":[{"@type":"ReadAction","target":["https:\/\/southbohemiaclassic.cz\/propozice-south-bohemia-trophy-2020\/"]}]},{"@type":"BreadcrumbList","@id":"https:\/\/southbohemiaclassic.cz\/propozice-south-bohemia-trophy-2020\/#breadcrumb","itemListElement":[{"@type":"ListItem","position":1,"name":"Dom\u016f","item":"https:\/\/southbohemiaclassic.cz\/"},{"@type":"ListItem","position":2,"name":"Propozice South Bohemia Trophy 2020"}]},{"@type":"WebSite","@id":"https:\/\/southbohemiaclassic.cz\/#website","url":"https:\/\/southbohemiaclassic.cz\/","name":"South Bohemia Classic","description":"South Bohemia Classic","potentialAction":[{"@type":"SearchAction","target":{"@type":"EntryPoint","urlTemplate":"https:\/\/southbohemiaclassic.cz\/?s={search_term_string}"},"query-input":{"@type":"PropertyValueSpecification","valueRequired":true,"valueName":"search_term_string"}}],"inLanguage":"de"}]}},"_links":{"self":[{"href":"https:\/\/southbohemiaclassic.cz\/de\/wp-json\/wp\/v2\/pages\/7605","targetHints":{"allow":["GET"]}}],"collection":[{"href":"https:\/\/southbohemiaclassic.cz\/de\/wp-json\/wp\/v2\/pages"}],"about":[{"href":"https:\/\/southbohemiaclassic.cz\/de\/wp-json\/wp\/v2\/types\/page"}],"author":[{"embeddable":true,"href":"https:\/\/southbohemiaclassic.cz\/de\/wp-json\/wp\/v2\/users\/2"}],"replies":[{"embeddable":true,"href":"https:\/\/southbohemiaclassic.cz\/de\/wp-json\/wp\/v2\/comments?post=7605"}],"version-history":[{"count":1,"href":"https:\/\/southbohemiaclassic.cz\/de\/wp-json\/wp\/v2\/pages\/7605\/revisions"}],"predecessor-version":[{"id":7606,"href":"https:\/\/southbohemiaclassic.cz\/de\/wp-json\/wp\/v2\/pages\/7605\/revisions\/7606"}],"wp:attachment":[{"href":"https:\/\/southbohemiaclassic.cz\/de\/wp-json\/wp\/v2\/media?parent=7605"}],"curies":[{"name":"wp","href":"https:\/\/api.w.org\/{rel}","templated":true}]}}