{"id":7046,"date":"2019-09-16T17:49:37","date_gmt":"2019-09-16T16:49:37","guid":{"rendered":"https:\/\/southbohemiaclassic.cz\/?page_id=7046"},"modified":"2019-09-16T17:49:55","modified_gmt":"2019-09-16T16:49:55","slug":"galerie-2019_start-cil","status":"publish","type":"page","link":"https:\/\/southbohemiaclassic.cz\/de\/galerie-2019_start-cil\/","title":{"rendered":"X. South Bohemia Classic 2019 &#8211; Start &#038; Ziel"},"content":{"rendered":"<p><\/p>\n<h3>Start &#8211; \u010cesk\u00e9 Bud\u011bjovice<\/h3>\n<p>Autor: <strong>Jan Marek<\/strong><\/p>\nngg_shortcode_2_placeholder\n<h3>Ziel &#8211; Doln\u00ed Vltavice<\/h3>\n<p>Autor: <strong>Jaroslav \u010cerv<\/strong><\/p>\n<p>ngg_shortcode_3_placeholder<\/p>","protected":false},"excerpt":{"rendered":"<p>Start &#8211; \u010cesk\u00e9 Bud\u011bjovice Autor: Jan Marek Ziel &#8211; Doln\u00ed Vltavice Autor: Jaroslav \u010cerv<\/p>\n","protected":false},"author":2,"featured_media":0,"parent":0,"menu_order":0,"comment_status":"closed","ping_status":"closed","template":"","meta":{"_acf_changed":false,"ngg_post_thumbnail":0,"footnotes":""},"class_list":["post-7046","page","type-page","status-publish","hentry"],"acf":[],"yoast_head":"<!-- This site is optimized with the Yoast SEO plugin v27.3 - https:\/\/yoast.com\/product\/yoast-seo-wordpress\/ -->\n<title>X. South Bohemia Classic 2019 - Start &amp; Ziel - South Bohemia Classic<\/title>\n<meta name=\"robots\" content=\"index, follow, max-snippet:-1, max-image-preview:large, max-video-preview:-1\" \/>\n<link rel=\"canonical\" href=\"https:\/\/southbohemiaclassic.cz\/galerie-2019_start-cil\/\" \/>\n<meta property=\"og:locale\" content=\"de_DE\" \/>\n<meta property=\"og:type\" content=\"article\" \/>\n<meta property=\"og:title\" content=\"[:cs]X. South Bohemia Classic 2019 - start &amp; c\u00edl[:de]X. South Bohemia Classic 2019 - Start &amp; Ziel[:en]X. South Bohemia Classic 2019 - Start &amp; Finish[:] - South Bohemia Classic\" \/>\n<meta property=\"og:description\" content=\"Start &#8211; \u010cesk\u00e9 Bud\u011bjovice Autor: Jan Marek Ziel &#8211; Doln\u00ed Vltavice Autor: Jaroslav \u010cerv\" \/>\n<meta property=\"og:url\" content=\"https:\/\/southbohemiaclassic.cz\/galerie-2019_start-cil\/\" \/>\n<meta property=\"og:site_name\" content=\"South Bohemia Classic\" \/>\n<meta property=\"article:modified_time\" content=\"2019-09-16T16:49:55+00:00\" \/>\n<meta name=\"twitter:card\" content=\"summary_large_image\" \/>\n<meta name=\"twitter:label1\" content=\"Gesch\u00e4tzte Lesezeit\" \/>\n\t<meta name=\"twitter:data1\" content=\"1\u00a0Minute\" \/>\n<script type=\"application\/ld+json\" class=\"yoast-schema-graph\">{\"@context\":\"https:\\\/\\\/schema.org\",\"@graph\":[{\"@type\":\"WebPage\",\"@id\":\"https:\\\/\\\/southbohemiaclassic.cz\\\/galerie-2019_start-cil\\\/\",\"url\":\"https:\\\/\\\/southbohemiaclassic.cz\\\/galerie-2019_start-cil\\\/\",\"name\":\"[:cs]X. South Bohemia Classic 2019 - start & c\u00edl[:de]X. South Bohemia Classic 2019 - Start & Ziel[:en]X. South Bohemia Classic 2019 - Start & Finish[:] - South Bohemia Classic\",\"isPartOf\":{\"@id\":\"https:\\\/\\\/southbohemiaclassic.cz\\\/#website\"},\"datePublished\":\"2019-09-16T16:49:37+00:00\",\"dateModified\":\"2019-09-16T16:49:55+00:00\",\"breadcrumb\":{\"@id\":\"https:\\\/\\\/southbohemiaclassic.cz\\\/galerie-2019_start-cil\\\/#breadcrumb\"},\"inLanguage\":\"de\",\"potentialAction\":[{\"@type\":\"ReadAction\",\"target\":[\"https:\\\/\\\/southbohemiaclassic.cz\\\/galerie-2019_start-cil\\\/\"]}]},{\"@type\":\"BreadcrumbList\",\"@id\":\"https:\\\/\\\/southbohemiaclassic.cz\\\/galerie-2019_start-cil\\\/#breadcrumb\",\"itemListElement\":[{\"@type\":\"ListItem\",\"position\":1,\"name\":\"Dom\u016f\",\"item\":\"https:\\\/\\\/southbohemiaclassic.cz\\\/\"},{\"@type\":\"ListItem\",\"position\":2,\"name\":\"X. South Bohemia Classic 2019 &#8211; start &#038; c\u00edl\"}]},{\"@type\":\"WebSite\",\"@id\":\"https:\\\/\\\/southbohemiaclassic.cz\\\/#website\",\"url\":\"https:\\\/\\\/southbohemiaclassic.cz\\\/\",\"name\":\"South Bohemia Classic\",\"description\":\"South Bohemia Classic\",\"potentialAction\":[{\"@type\":\"SearchAction\",\"target\":{\"@type\":\"EntryPoint\",\"urlTemplate\":\"https:\\\/\\\/southbohemiaclassic.cz\\\/?s={search_term_string}\"},\"query-input\":{\"@type\":\"PropertyValueSpecification\",\"valueRequired\":true,\"valueName\":\"search_term_string\"}}],\"inLanguage\":\"de\"}]}<\/script>\n<!-- \/ Yoast SEO plugin. -->","yoast_head_json":{"title":"[:cs]X. South Bohemia Classic 2019 - start & c\u00edl[:de]X. South Bohemia Classic 2019 - Start & Ziel[:en]X. South Bohemia Classic 2019 - Start & Finish[:] - South Bohemia Classic","robots":{"index":"index","follow":"follow","max-snippet":"max-snippet:-1","max-image-preview":"max-image-preview:large","max-video-preview":"max-video-preview:-1"},"canonical":"https:\/\/southbohemiaclassic.cz\/galerie-2019_start-cil\/","og_locale":"de_DE","og_type":"article","og_title":"[:cs]X. South Bohemia Classic 2019 - start & c\u00edl[:de]X. South Bohemia Classic 2019 - Start & Ziel[:en]X. South Bohemia Classic 2019 - Start & Finish[:] - South Bohemia Classic","og_description":"Start &#8211; \u010cesk\u00e9 Bud\u011bjovice Autor: Jan Marek Ziel &#8211; Doln\u00ed Vltavice Autor: Jaroslav \u010cerv","og_url":"https:\/\/southbohemiaclassic.cz\/galerie-2019_start-cil\/","og_site_name":"South Bohemia Classic","article_modified_time":"2019-09-16T16:49:55+00:00","twitter_card":"summary_large_image","twitter_misc":{"Gesch\u00e4tzte Lesezeit":"1\u00a0Minute"},"schema":{"@context":"https:\/\/schema.org","@graph":[{"@type":"WebPage","@id":"https:\/\/southbohemiaclassic.cz\/galerie-2019_start-cil\/","url":"https:\/\/southbohemiaclassic.cz\/galerie-2019_start-cil\/","name":"[:cs]X. South Bohemia Classic 2019 - start & c\u00edl[:de]X. South Bohemia Classic 2019 - Start & Ziel[:en]X. South Bohemia Classic 2019 - Start & Finish[:] - South Bohemia Classic","isPartOf":{"@id":"https:\/\/southbohemiaclassic.cz\/#website"},"datePublished":"2019-09-16T16:49:37+00:00","dateModified":"2019-09-16T16:49:55+00:00","breadcrumb":{"@id":"https:\/\/southbohemiaclassic.cz\/galerie-2019_start-cil\/#breadcrumb"},"inLanguage":"de","potentialAction":[{"@type":"ReadAction","target":["https:\/\/southbohemiaclassic.cz\/galerie-2019_start-cil\/"]}]},{"@type":"BreadcrumbList","@id":"https:\/\/southbohemiaclassic.cz\/galerie-2019_start-cil\/#breadcrumb","itemListElement":[{"@type":"ListItem","position":1,"name":"Dom\u016f","item":"https:\/\/southbohemiaclassic.cz\/"},{"@type":"ListItem","position":2,"name":"X. South Bohemia Classic 2019 &#8211; start &#038; c\u00edl"}]},{"@type":"WebSite","@id":"https:\/\/southbohemiaclassic.cz\/#website","url":"https:\/\/southbohemiaclassic.cz\/","name":"South Bohemia Classic","description":"South Bohemia Classic","potentialAction":[{"@type":"SearchAction","target":{"@type":"EntryPoint","urlTemplate":"https:\/\/southbohemiaclassic.cz\/?s={search_term_string}"},"query-input":{"@type":"PropertyValueSpecification","valueRequired":true,"valueName":"search_term_string"}}],"inLanguage":"de"}]}},"_links":{"self":[{"href":"https:\/\/southbohemiaclassic.cz\/de\/wp-json\/wp\/v2\/pages\/7046","targetHints":{"allow":["GET"]}}],"collection":[{"href":"https:\/\/southbohemiaclassic.cz\/de\/wp-json\/wp\/v2\/pages"}],"about":[{"href":"https:\/\/southbohemiaclassic.cz\/de\/wp-json\/wp\/v2\/types\/page"}],"author":[{"embeddable":true,"href":"https:\/\/southbohemiaclassic.cz\/de\/wp-json\/wp\/v2\/users\/2"}],"replies":[{"embeddable":true,"href":"https:\/\/southbohemiaclassic.cz\/de\/wp-json\/wp\/v2\/comments?post=7046"}],"version-history":[{"count":1,"href":"https:\/\/southbohemiaclassic.cz\/de\/wp-json\/wp\/v2\/pages\/7046\/revisions"}],"predecessor-version":[{"id":7047,"href":"https:\/\/southbohemiaclassic.cz\/de\/wp-json\/wp\/v2\/pages\/7046\/revisions\/7047"}],"wp:attachment":[{"href":"https:\/\/southbohemiaclassic.cz\/de\/wp-json\/wp\/v2\/media?parent=7046"}],"curies":[{"name":"wp","href":"https:\/\/api.w.org\/{rel}","templated":true}]}}