{"id":6480,"date":"2019-09-05T00:31:34","date_gmt":"2019-09-04T23:31:34","guid":{"rendered":"https:\/\/southbohemiaclassic.cz\/?page_id=6480"},"modified":"2019-09-15T21:49:23","modified_gmt":"2019-09-15T20:49:23","slug":"vysledky-2019","status":"publish","type":"page","link":"https:\/\/southbohemiaclassic.cz\/de\/vysledky-2019\/","title":{"rendered":"Ergebnisee X. South Bohemia Classic 2019"},"content":{"rendered":"<p><\/p>\n<ul>\n<li>RT 1 \u00daAMK &#8211; <strong><a href=\"https:\/\/southbohemiaclassic.cz\/wp-content\/uploads\/2019\/09\/RT_1___Club__Classic.pdf\" target=\"_blank\" rel=\"noopener noreferrer\">Club &amp; Classic<\/a>&nbsp;| <a href=\"https:\/\/southbohemiaclassic.cz\/wp-content\/uploads\/2019\/09\/RT_1___Exclusive.pdf\" target=\"_blank\" rel=\"noopener noreferrer\">Exclusive<\/a><\/strong><\/li>\n<li>RT 2 Klub P\u00e1n\u016f z Pono\u017ekovic &#8211; <strong><a href=\"https:\/\/southbohemiaclassic.cz\/wp-content\/uploads\/2019\/09\/RT_2___Club__Classic.pdf\" target=\"_blank\" rel=\"noopener noreferrer\">Club &amp; Classic<\/a>&nbsp;| <a href=\"https:\/\/southbohemiaclassic.cz\/wp-content\/uploads\/2019\/09\/RT_2___Exclusive.pdf\" target=\"_blank\" rel=\"noopener noreferrer\">Exclusive<\/a><\/strong><\/li>\n<li>RT 3 \u010cesk\u00e1 podnikatelsk\u00e1 poji\u0161\u0165ovna &#8211; <strong><a href=\"https:\/\/southbohemiaclassic.cz\/wp-content\/uploads\/2019\/09\/RT_3___Club__Classic.pdf\" target=\"_blank\" rel=\"noopener noreferrer\">Club &amp; Classic<\/a>&nbsp;| <a href=\"https:\/\/southbohemiaclassic.cz\/wp-content\/uploads\/2019\/09\/RT_3___Exclusive.pdf\" target=\"_blank\" rel=\"noopener noreferrer\">Exclusive<\/a><\/strong><\/li>\n<li>RT 4 Linde Pohony &#8211; <strong><a href=\"https:\/\/southbohemiaclassic.cz\/wp-content\/uploads\/2019\/09\/RT_4___Club__Classic.pdf\" target=\"_blank\" rel=\"noopener noreferrer\">Club &amp; Classic<\/a> | <a href=\"https:\/\/southbohemiaclassic.cz\/wp-content\/uploads\/2019\/09\/RT_4___Exclusive.pdf\" target=\"_blank\" rel=\"noopener noreferrer\">Exclusive<\/a><\/strong><\/li>\n<\/ul>\n<p>Ergebnisse nach 1. Etappe &#8211; <strong><a href=\"https:\/\/southbohemiaclassic.cz\/wp-content\/uploads\/2019\/09\/Prubezne_vysledky_po_I_Etape___Club__Classic.pdf\" target=\"_blank\" rel=\"noopener noreferrer\">Club &amp; Classic<\/a>&nbsp;| <a href=\"https:\/\/southbohemiaclassic.cz\/wp-content\/uploads\/2019\/09\/Prubezne_vysledky_po_I_Etape___Exclusive.pdf\" target=\"_blank\" rel=\"noopener noreferrer\">Exclusive<\/a><\/strong><\/p>\n<ul>\n<li>RT 5 Hotel Resort RELAX &#8211; <a href=\"https:\/\/southbohemiaclassic.cz\/wp-content\/uploads\/2019\/09\/RT_5___Club__Classic.pdf\" target=\"_blank\" rel=\"noopener noreferrer\"><strong>Club &amp; Classic<\/strong><\/a><\/li>\n<li>RT 6 SM produkt &#8211; <strong><a href=\"https:\/\/southbohemiaclassic.cz\/wp-content\/uploads\/2019\/09\/RT_6___Club__Classic.pdf\" target=\"_blank\" rel=\"noopener noreferrer\">Club &amp; Classic<\/a>&nbsp;| <a href=\"https:\/\/southbohemiaclassic.cz\/wp-content\/uploads\/2019\/09\/RT_6___Exclusive.pdf\" target=\"_blank\" rel=\"noopener noreferrer\">Exclusive<\/a><\/strong><\/li>\n<li>RT 7 Motok\u00e1ry Horn\u00ed Plan\u00e1 &#8211; <strong><a href=\"https:\/\/southbohemiaclassic.cz\/wp-content\/uploads\/2019\/09\/RT_7___Club__Classic.pdf\" target=\"_blank\" rel=\"noopener noreferrer\">Club &amp; Classic<\/a>&nbsp;| <a href=\"https:\/\/southbohemiaclassic.cz\/wp-content\/uploads\/2019\/09\/RT_7___Exclusive.pdf\" target=\"_blank\" rel=\"noopener noreferrer\">Exclusive<\/a><\/strong><\/li>\n<li>RT 8 Skiare\u00e1l Lipno &#8211; <strong><a href=\"https:\/\/southbohemiaclassic.cz\/wp-content\/uploads\/2019\/09\/RT_8___Club__Classic.pdf\" target=\"_blank\" rel=\"noopener noreferrer\">Club &amp; Classic<\/a>&nbsp;| <a href=\"https:\/\/southbohemiaclassic.cz\/wp-content\/uploads\/2019\/09\/RT_8___Exclusive.pdf\" target=\"_blank\" rel=\"noopener noreferrer\">Exclusive<\/a><\/strong><\/li>\n<li>RT 9 Bernstein Bank &#8211; <strong><a href=\"https:\/\/southbohemiaclassic.cz\/wp-content\/uploads\/2019\/09\/RT_9___Club__Classic.pdf\" target=\"_blank\" rel=\"noopener noreferrer\">Club &amp; Classic<\/a>&nbsp;| <a href=\"https:\/\/southbohemiaclassic.cz\/wp-content\/uploads\/2019\/09\/RT_9___Exclusive.pdf\" target=\"_blank\" rel=\"noopener noreferrer\">Exclusive<\/a><\/strong><\/li>\n<li>RT 10 \u0160KODA AUTO &#8211; <strong><a href=\"https:\/\/southbohemiaclassic.cz\/wp-content\/uploads\/2019\/09\/RT_10___Club__Classic.pdf\" target=\"_blank\" rel=\"noopener noreferrer\">Club &amp; Classic<\/a>&nbsp;| <a href=\"https:\/\/southbohemiaclassic.cz\/wp-content\/uploads\/2019\/09\/RT_10___Exclusive.pdf\" target=\"_blank\" rel=\"noopener noreferrer\">Exclusive<\/a><\/strong><\/li>\n<li>RT 11 GRAND PRIX Kaplice &#8211; <strong><a href=\"https:\/\/southbohemiaclassic.cz\/wp-content\/uploads\/2019\/09\/RT_11___Club__Classic.pdf\" target=\"_blank\" rel=\"noopener noreferrer\">Club &amp; Classic<\/a>&nbsp;| <a href=\"https:\/\/southbohemiaclassic.cz\/wp-content\/uploads\/2019\/09\/RT_11___Exclusive.pdf\" target=\"_blank\" rel=\"noopener noreferrer\">Exclusive<\/a><\/strong><\/li>\n<li>RT 12 Fo\u0161um cars &#8211; <strong><a href=\"https:\/\/southbohemiaclassic.cz\/wp-content\/uploads\/2019\/09\/RT12___Club__Classic.pdf\" target=\"_blank\" rel=\"noopener noreferrer\">Club &amp; Classic<\/a>&nbsp;| <a href=\"https:\/\/southbohemiaclassic.cz\/wp-content\/uploads\/2019\/09\/RT12___Exclusive.pdf\" target=\"_blank\" rel=\"noopener noreferrer\">Exclusive<\/a><\/strong><\/li>\n<li>RT 13 Steinbauer Lechner &#8211; <strong><a href=\"https:\/\/southbohemiaclassic.cz\/wp-content\/uploads\/2019\/09\/RT_13___Club__Classic.pdf\" target=\"_blank\" rel=\"noopener noreferrer\">Club &amp; Classic<\/a> | <a href=\"https:\/\/southbohemiaclassic.cz\/wp-content\/uploads\/2019\/09\/RT_13___Exclusive.pdf\" target=\"_blank\" rel=\"noopener noreferrer\">Exclusive<\/a><\/strong><\/li>\n<li>ST Jiho\u010desk\u00fd kraj &#8211; <strong><a href=\"https:\/\/southbohemiaclassic.cz\/wp-content\/uploads\/2019\/09\/ST_Jihocesky_kraj___Club__Classic.pdf\" target=\"_blank\" rel=\"noopener noreferrer\">Club &amp; Classic<\/a> | <a href=\"https:\/\/southbohemiaclassic.cz\/wp-content\/uploads\/2019\/09\/ST_Jihocesky_kraj___Exclusive.pdf\" target=\"_blank\" rel=\"noopener noreferrer\">Exclusive<\/a><\/strong><\/li>\n<\/ul>\n<p>Ergebnisse im 2. Etappe &#8211; <strong><a href=\"https:\/\/southbohemiaclassic.cz\/wp-content\/uploads\/2019\/09\/Prubezne_vysledky_po_II_Etape___Club__Classic.pdf\" target=\"_blank\" rel=\"noopener noreferrer\">Club &amp; Classic<\/a>&nbsp;| <a href=\"https:\/\/southbohemiaclassic.cz\/wp-content\/uploads\/2019\/09\/Prubezne_vysledky_po_II_Etape___Exclusive.pdf\" target=\"_blank\" rel=\"noopener noreferrer\">Exclusive<\/a><\/strong><\/p>\n<p>Endergebnisse &#8211; <a href=\"https:\/\/southbohemiaclassic.cz\/wp-content\/uploads\/2019\/09\/Oficialni_konecne_vysledky___Club.pdf\" target=\"_blank\" rel=\"noopener noreferrer\"><strong>Club<\/strong> <\/a>| <a href=\"https:\/\/southbohemiaclassic.cz\/wp-content\/uploads\/2019\/09\/Oficialni_konecne_vysledky___Classsic.pdf\" target=\"_blank\" rel=\"noopener noreferrer\"><strong>Classic<\/strong>&nbsp;<\/a>| <a href=\"https:\/\/southbohemiaclassic.cz\/wp-content\/uploads\/2019\/09\/Oficialni_konecne_vysledky___Exclusive.pdf\" target=\"_blank\" rel=\"noopener noreferrer\"><strong>Exclusive<\/strong><\/a> | <a href=\"https:\/\/southbohemiaclassic.cz\/wp-content\/uploads\/2019\/09\/Mechanicke_stopky.pdf\" target=\"_blank\" rel=\"noopener noreferrer\"><strong>Mechanische Stopuhr<\/strong><\/a>&nbsp;| <a href=\"https:\/\/southbohemiaclassic.cz\/wp-content\/uploads\/2019\/09\/Damsky_pohar.pdf\" target=\"_blank\" rel=\"noopener noreferrer\"><strong>Damenpokal<\/strong> <\/a>| <a href=\"https:\/\/southbohemiaclassic.cz\/wp-content\/uploads\/2019\/09\/Tymovy_pohar.pdf\" target=\"_blank\" rel=\"noopener noreferrer\"><strong>Teampokal<\/strong><\/a><\/p>\n<p><strong><a href=\"https:\/\/southbohemiaclassic.cz\/wp-content\/uploads\/2019\/09\/sbc2019_penalizace.pdf\" target=\"_blank\" rel=\"noopener noreferrer\">Gr\u00fcnde f\u00fcr Strafen<\/a><\/strong><\/p>\n<p><\/p>","protected":false},"excerpt":{"rendered":"<p>RT 1 \u00daAMK &#8211; Club &amp; Classic&nbsp;| Exclusive RT 2 Klub P\u00e1n\u016f z Pono\u017ekovic &#8211; Club &amp; Classic&nbsp;| Exclusive RT 3 \u010cesk\u00e1 podnikatelsk\u00e1 poji\u0161\u0165ovna &#8211; Club &amp; Classic&nbsp;| Exclusive RT 4 Linde Pohony &#8211; Club &amp; Classic | Exclusive Ergebnisse nach 1. Etappe &#8211; Club &amp; Classic&nbsp;| Exclusive RT 5 Hotel Resort RELAX &#8211; Club [&hellip;]<\/p>\n","protected":false},"author":2,"featured_media":0,"parent":0,"menu_order":0,"comment_status":"closed","ping_status":"closed","template":"","meta":{"_acf_changed":false,"ngg_post_thumbnail":0,"footnotes":""},"class_list":["post-6480","page","type-page","status-publish","hentry"],"acf":[],"yoast_head":"<!-- This site is optimized with the Yoast SEO plugin v27.3 - https:\/\/yoast.com\/product\/yoast-seo-wordpress\/ -->\n<title>Ergebnisee X. South Bohemia Classic 2019 - South Bohemia Classic<\/title>\n<meta name=\"robots\" content=\"index, follow, max-snippet:-1, max-image-preview:large, max-video-preview:-1\" \/>\n<link rel=\"canonical\" href=\"https:\/\/southbohemiaclassic.cz\/vysledky-2019\/\" \/>\n<meta property=\"og:locale\" content=\"de_DE\" \/>\n<meta property=\"og:type\" content=\"article\" \/>\n<meta property=\"og:title\" content=\"[:cs]V\u00fdsledky X. South Bohemia Classic 2019[:de]Ergebnisee X. South Bohemia Classic 2019[:en]Results X. South Bohemia Classic 2019[:] - South Bohemia Classic\" \/>\n<meta property=\"og:description\" content=\"RT 1 \u00daAMK &#8211; Club &amp; Classic&nbsp;| Exclusive RT 2 Klub P\u00e1n\u016f z Pono\u017ekovic &#8211; Club &amp; Classic&nbsp;| Exclusive RT 3 \u010cesk\u00e1 podnikatelsk\u00e1 poji\u0161\u0165ovna &#8211; Club &amp; Classic&nbsp;| Exclusive RT 4 Linde Pohony &#8211; Club &amp; Classic | Exclusive Ergebnisse nach 1. Etappe &#8211; Club &amp; Classic&nbsp;| Exclusive RT 5 Hotel Resort RELAX &#8211; Club [&hellip;]\" \/>\n<meta property=\"og:url\" content=\"https:\/\/southbohemiaclassic.cz\/vysledky-2019\/\" \/>\n<meta property=\"og:site_name\" content=\"South Bohemia Classic\" \/>\n<meta property=\"article:modified_time\" content=\"2019-09-15T20:49:23+00:00\" \/>\n<meta name=\"twitter:card\" content=\"summary_large_image\" \/>\n<meta name=\"twitter:label1\" content=\"Gesch\u00e4tzte Lesezeit\" \/>\n\t<meta name=\"twitter:data1\" content=\"3\u00a0Minuten\" \/>\n<script type=\"application\/ld+json\" class=\"yoast-schema-graph\">{\"@context\":\"https:\\\/\\\/schema.org\",\"@graph\":[{\"@type\":\"WebPage\",\"@id\":\"https:\\\/\\\/southbohemiaclassic.cz\\\/vysledky-2019\\\/\",\"url\":\"https:\\\/\\\/southbohemiaclassic.cz\\\/vysledky-2019\\\/\",\"name\":\"[:cs]V\u00fdsledky X. South Bohemia Classic 2019[:de]Ergebnisee X. South Bohemia Classic 2019[:en]Results X. South Bohemia Classic 2019[:] - South Bohemia Classic\",\"isPartOf\":{\"@id\":\"https:\\\/\\\/southbohemiaclassic.cz\\\/#website\"},\"datePublished\":\"2019-09-04T23:31:34+00:00\",\"dateModified\":\"2019-09-15T20:49:23+00:00\",\"breadcrumb\":{\"@id\":\"https:\\\/\\\/southbohemiaclassic.cz\\\/vysledky-2019\\\/#breadcrumb\"},\"inLanguage\":\"de\",\"potentialAction\":[{\"@type\":\"ReadAction\",\"target\":[\"https:\\\/\\\/southbohemiaclassic.cz\\\/vysledky-2019\\\/\"]}]},{\"@type\":\"BreadcrumbList\",\"@id\":\"https:\\\/\\\/southbohemiaclassic.cz\\\/vysledky-2019\\\/#breadcrumb\",\"itemListElement\":[{\"@type\":\"ListItem\",\"position\":1,\"name\":\"Dom\u016f\",\"item\":\"https:\\\/\\\/southbohemiaclassic.cz\\\/\"},{\"@type\":\"ListItem\",\"position\":2,\"name\":\"V\u00fdsledky X. South Bohemia Classic 2019\"}]},{\"@type\":\"WebSite\",\"@id\":\"https:\\\/\\\/southbohemiaclassic.cz\\\/#website\",\"url\":\"https:\\\/\\\/southbohemiaclassic.cz\\\/\",\"name\":\"South Bohemia Classic\",\"description\":\"South Bohemia Classic\",\"potentialAction\":[{\"@type\":\"SearchAction\",\"target\":{\"@type\":\"EntryPoint\",\"urlTemplate\":\"https:\\\/\\\/southbohemiaclassic.cz\\\/?s={search_term_string}\"},\"query-input\":{\"@type\":\"PropertyValueSpecification\",\"valueRequired\":true,\"valueName\":\"search_term_string\"}}],\"inLanguage\":\"de\"}]}<\/script>\n<!-- \/ Yoast SEO plugin. -->","yoast_head_json":{"title":"[:cs]V\u00fdsledky X. South Bohemia Classic 2019[:de]Ergebnisee X. South Bohemia Classic 2019[:en]Results X. South Bohemia Classic 2019[:] - South Bohemia Classic","robots":{"index":"index","follow":"follow","max-snippet":"max-snippet:-1","max-image-preview":"max-image-preview:large","max-video-preview":"max-video-preview:-1"},"canonical":"https:\/\/southbohemiaclassic.cz\/vysledky-2019\/","og_locale":"de_DE","og_type":"article","og_title":"[:cs]V\u00fdsledky X. South Bohemia Classic 2019[:de]Ergebnisee X. South Bohemia Classic 2019[:en]Results X. South Bohemia Classic 2019[:] - South Bohemia Classic","og_description":"RT 1 \u00daAMK &#8211; Club &amp; Classic&nbsp;| Exclusive RT 2 Klub P\u00e1n\u016f z Pono\u017ekovic &#8211; Club &amp; Classic&nbsp;| Exclusive RT 3 \u010cesk\u00e1 podnikatelsk\u00e1 poji\u0161\u0165ovna &#8211; Club &amp; Classic&nbsp;| Exclusive RT 4 Linde Pohony &#8211; Club &amp; Classic | Exclusive Ergebnisse nach 1. Etappe &#8211; Club &amp; Classic&nbsp;| Exclusive RT 5 Hotel Resort RELAX &#8211; Club [&hellip;]","og_url":"https:\/\/southbohemiaclassic.cz\/vysledky-2019\/","og_site_name":"South Bohemia Classic","article_modified_time":"2019-09-15T20:49:23+00:00","twitter_card":"summary_large_image","twitter_misc":{"Gesch\u00e4tzte Lesezeit":"3\u00a0Minuten"},"schema":{"@context":"https:\/\/schema.org","@graph":[{"@type":"WebPage","@id":"https:\/\/southbohemiaclassic.cz\/vysledky-2019\/","url":"https:\/\/southbohemiaclassic.cz\/vysledky-2019\/","name":"[:cs]V\u00fdsledky X. South Bohemia Classic 2019[:de]Ergebnisee X. South Bohemia Classic 2019[:en]Results X. South Bohemia Classic 2019[:] - South Bohemia Classic","isPartOf":{"@id":"https:\/\/southbohemiaclassic.cz\/#website"},"datePublished":"2019-09-04T23:31:34+00:00","dateModified":"2019-09-15T20:49:23+00:00","breadcrumb":{"@id":"https:\/\/southbohemiaclassic.cz\/vysledky-2019\/#breadcrumb"},"inLanguage":"de","potentialAction":[{"@type":"ReadAction","target":["https:\/\/southbohemiaclassic.cz\/vysledky-2019\/"]}]},{"@type":"BreadcrumbList","@id":"https:\/\/southbohemiaclassic.cz\/vysledky-2019\/#breadcrumb","itemListElement":[{"@type":"ListItem","position":1,"name":"Dom\u016f","item":"https:\/\/southbohemiaclassic.cz\/"},{"@type":"ListItem","position":2,"name":"V\u00fdsledky X. South Bohemia Classic 2019"}]},{"@type":"WebSite","@id":"https:\/\/southbohemiaclassic.cz\/#website","url":"https:\/\/southbohemiaclassic.cz\/","name":"South Bohemia Classic","description":"South Bohemia Classic","potentialAction":[{"@type":"SearchAction","target":{"@type":"EntryPoint","urlTemplate":"https:\/\/southbohemiaclassic.cz\/?s={search_term_string}"},"query-input":{"@type":"PropertyValueSpecification","valueRequired":true,"valueName":"search_term_string"}}],"inLanguage":"de"}]}},"_links":{"self":[{"href":"https:\/\/southbohemiaclassic.cz\/de\/wp-json\/wp\/v2\/pages\/6480","targetHints":{"allow":["GET"]}}],"collection":[{"href":"https:\/\/southbohemiaclassic.cz\/de\/wp-json\/wp\/v2\/pages"}],"about":[{"href":"https:\/\/southbohemiaclassic.cz\/de\/wp-json\/wp\/v2\/types\/page"}],"author":[{"embeddable":true,"href":"https:\/\/southbohemiaclassic.cz\/de\/wp-json\/wp\/v2\/users\/2"}],"replies":[{"embeddable":true,"href":"https:\/\/southbohemiaclassic.cz\/de\/wp-json\/wp\/v2\/comments?post=6480"}],"version-history":[{"count":22,"href":"https:\/\/southbohemiaclassic.cz\/de\/wp-json\/wp\/v2\/pages\/6480\/revisions"}],"predecessor-version":[{"id":6565,"href":"https:\/\/southbohemiaclassic.cz\/de\/wp-json\/wp\/v2\/pages\/6480\/revisions\/6565"}],"wp:attachment":[{"href":"https:\/\/southbohemiaclassic.cz\/de\/wp-json\/wp\/v2\/media?parent=6480"}],"curies":[{"name":"wp","href":"https:\/\/api.w.org\/{rel}","templated":true}]}}