{"id":6336,"date":"2019-08-22T12:40:12","date_gmt":"2019-08-22T11:40:12","guid":{"rendered":"https:\/\/southbohemiaclassic.cz\/?page_id=6336"},"modified":"2020-08-18T23:31:45","modified_gmt":"2020-08-18T22:31:45","slug":"trasa-2019","status":"publish","type":"page","link":"https:\/\/southbohemiaclassic.cz\/de\/trasa-2019\/","title":{"rendered":"Rallye-Route 2019"},"content":{"rendered":"<p><\/p>\n<h3>I. Etappe &#8211; B\u00f6hmerwalde F\u00fcllung (157 km)<\/h3>\n<p><strong>Freitag 6. September 2019<\/strong><\/p>\n<p>16:30&nbsp; \u010cesk\u00e9 Bud\u011bjovice, Hauptplatz &#8211; START<br \/>\n16:37&nbsp; Mercury centrum, Busbahnhof<br \/>\n16:45&nbsp; \u00daAMK, Polygon, K. Sv\u011btl\u00e9 Stra\u00dfe &#8211; TEST<br \/>\n16:51&nbsp; Borek<br \/>\n16:55&nbsp; Hos\u00edn<br \/>\n17:03&nbsp; Hlubok\u00e1 nad Vltavou<br \/>\n17:14&nbsp; \u010cejkovice<br \/>\n17:19&nbsp; Jaronice<br \/>\n17:21&nbsp; \u017dabov\u0159esky<br \/>\n17:27&nbsp; \u010cakov<br \/>\n17:31&nbsp; Hola\u0161ovice, Dorfplatz &#8211; TEST<br \/>\n17:35&nbsp; Lipanovice<br \/>\n17:38&nbsp; Dob\u010dice<br \/>\n17:41&nbsp; Chvalovice<br \/>\n17:43&nbsp; Babice<br \/>\n17:48&nbsp; Netolice<br \/>\n17:55&nbsp; Schloss Kratochv\u00edle &#8211; 15 Minuten<br \/>\n18:15&nbsp; \u017ditn\u00e1<br \/>\n18:18&nbsp; Vrbice<br \/>\n18:23&nbsp; Vit\u011bjovice, Dorfplatz &#8211; TEST<br \/>\n18:40&nbsp; Prachatice, Hauptplatz &#8211; 15 Minuten<br \/>\n19:01&nbsp; Lepta\u010d<br \/>\n19:05&nbsp; Chroboly<br \/>\n19:08&nbsp; Z\u00e1ho\u0159\u00ed<br \/>\n19:12&nbsp; Sm\u011bde\u010d<br \/>\n19:15&nbsp; Kuklov<br \/>\n19:20&nbsp; Brloh<br \/>\n19:23&nbsp; Roj\u0161\u00edn<br \/>\n19:27&nbsp; Chlum<br \/>\n19:30&nbsp; K\u0159em\u017ee, Hauptplatz &#8211; TEST<br \/>\n19:34&nbsp; Holubov<br \/>\n19:37&nbsp; T\u0159\u00edsov<br \/>\n19:45&nbsp; Zlat\u00e1 Koruna<br \/>\n19:48&nbsp; R\u00e1jov<br \/>\n19:51&nbsp; P\u0159\u00edse\u010dn\u00e1<br \/>\n20:00&nbsp; \u010cesk\u00fd Krumlov, Hauptplatz &#8211; 10 Minuten<br \/>\n20:19&nbsp; V\u011bt\u0159n\u00ed<br \/>\n20:33&nbsp; Sv\u011btl\u00edk, U Anton\u00ed\u010dka<br \/>\n20:39&nbsp; Blatn\u00e1<br \/>\n20:45&nbsp; Frymburk<br \/>\n20:49&nbsp; Miln\u00e1<br \/>\n20:55&nbsp; \u010cern\u00e1 v Po\u0161umav\u00ed<br \/>\n20:57&nbsp; Bli\u017en\u00e1<br \/>\n21:00&nbsp; Doln\u00ed Vltavice, Hotel Resort RELAX<\/p>\n<h3>II. Etappe &#8211; Moldau-Promenade (258 km)<\/h3>\n<p><strong>Samstag 7. September 2019<\/strong><\/p>\n<p>8:10&nbsp; &nbsp; Doln\u00ed Vltavice, Hotel Resort RELAX &#8211; START &amp; TEST<br \/>\n8:14&nbsp; &nbsp; Bli\u017en\u00e1<br \/>\n8:16&nbsp; &nbsp; \u010cern\u00e1 v Po\u0161umav\u00ed<br \/>\n8:21&nbsp; &nbsp; Mokr\u00e1<br \/>\n8:25&nbsp; &nbsp; Kv\u011btu\u0161\u00edn<br \/>\n8:29&nbsp; &nbsp; Ol\u0161ina<br \/>\n8:32&nbsp; &nbsp; Hod\u0148ov<br \/>\n8:35&nbsp; &nbsp; Kart Polygon Horn\u00ed Plan\u00e1 &#8211; TEST<br \/>\n8:39&nbsp; &nbsp; Horn\u00ed Plan\u00e1<br \/>\n8:44&nbsp; &nbsp; H\u016frka<br \/>\n8:47&nbsp; &nbsp; \u010cern\u00e1 v Po\u0161umav\u00ed<br \/>\n8:54&nbsp; &nbsp; Miln\u00e1<br \/>\n8:59&nbsp; &nbsp; Frymburk<br \/>\n9:18&nbsp; &nbsp; Skigebiet Lipno, Parkplatz &#8211; TEST<br \/>\n9:35&nbsp; &nbsp; P\u0159edn\u00ed V\u00fdto\u0148 &#8211; 15 Minuten<br \/>\n10:03&nbsp; Pase\u010dn\u00e1<br \/>\n10:18&nbsp; P\u0159edn\u00ed V\u00fdto\u0148<br \/>\n10:27&nbsp; Lou\u010dovice<br \/>\n10:35&nbsp; Vy\u0161\u0161\u00ed Brod<br \/>\n10:41&nbsp; Hrudkov<br \/>\n10:45&nbsp; Ro\u017emberk nad Vltavou<br \/>\n11:00&nbsp; V\u0161em\u011bry, Deponie &#8211; TEST<br \/>\n11:05&nbsp; Pr\u00e1\u010dov<br \/>\n11:09&nbsp; P\u0159\u00eddol\u00ed<br \/>\n11:14&nbsp; Spol\u00ed<br \/>\n11:18&nbsp; Slupenec<br \/>\n11:25&nbsp; \u010cesk\u00fd Krumlov, Pod po\u0161tou &#8211; 50 Minuten<br \/>\n12:23&nbsp; Drahoslavice<br \/>\n12:27&nbsp; P\u0159\u00eddol\u00ed, Dorfplatz &#8211; TEST<br \/>\n12:35&nbsp; Zaho\u0159\u00e1nky<br \/>\n12:37&nbsp; Silni\u010dn\u00ed Domky<br \/>\n12:47&nbsp; Omleni\u010dka<br \/>\n13:00&nbsp; GRAND PRIX Kaplice<br \/>\n13:11&nbsp; Blansko<br \/>\n13:15&nbsp; Hradi\u0161t\u011b<br \/>\n13:23&nbsp; Bene\u0161ov nad \u010cernou<br \/>\n13:36&nbsp; Pohorsk\u00e1 Ves<br \/>\n13:40&nbsp; Leopoldov<br \/>\n13:45&nbsp; Penzion Baron\u016fv most &#8211; 15 Minuten<br \/>\n14:05&nbsp; Leopoldov<br \/>\n14:09&nbsp; Pohorsk\u00e1 Ves<br \/>\n14:18&nbsp; Malonty, Dorfplatz &#8211; TEST<br \/>\n14:30&nbsp; Bukovsko<br \/>\n14:36&nbsp; Rychnov nad Mal\u0161\u00ed<br \/>\n14:40&nbsp; Doln\u00ed Dvo\u0159i\u0161t\u011b<br \/>\n14:56&nbsp; Ro\u017emberk nad Vltavou<br \/>\n15:07&nbsp; Mal\u0161\u00edn, Dorfplatz &#8211; TEST<br \/>\n15:20&nbsp; Stezka korunami strom\u016f<br \/>\n15:31&nbsp; Slupe\u010dn\u00e1<br \/>\n15:42&nbsp; Frymburk<br \/>\n15:47&nbsp; Miln\u00e1<br \/>\n15:53&nbsp; \u010cern\u00e1 v Po\u0161umav\u00ed<br \/>\n15:55&nbsp; Bli\u017en\u00e1<br \/>\n16:00&nbsp; Doln\u00ed Vltavice, Hotel Resort RELAX &#8211; ZIEL<\/p>\n<p><a href=\"https:\/\/southbohemiaclassic.cz\/wp-content\/uploads\/2019\/09\/sbc2019_mapa.jpg\"><img loading=\"lazy\" decoding=\"async\" class=\"alignnone size-large wp-image-6452\" src=\"https:\/\/southbohemiaclassic.cz\/wp-content\/uploads\/2019\/09\/sbc2019_mapa-1024x1024.jpg\" alt=\"\" width=\"1024\" height=\"1024\" srcset=\"https:\/\/southbohemiaclassic.cz\/wp-content\/uploads\/2019\/09\/sbc2019_mapa-1024x1024.jpg 1024w, https:\/\/southbohemiaclassic.cz\/wp-content\/uploads\/2019\/09\/sbc2019_mapa-150x150.jpg 150w, https:\/\/southbohemiaclassic.cz\/wp-content\/uploads\/2019\/09\/sbc2019_mapa-300x300.jpg 300w, https:\/\/southbohemiaclassic.cz\/wp-content\/uploads\/2019\/09\/sbc2019_mapa-768x768.jpg 768w\" sizes=\"auto, (max-width: 1024px) 100vw, 1024px\" \/><\/a><\/p>\n<p><\/p>","protected":false},"excerpt":{"rendered":"<p>I. Etappe &#8211; B\u00f6hmerwalde F\u00fcllung (157 km) Freitag 6. September 2019 16:30&nbsp; \u010cesk\u00e9 Bud\u011bjovice, Hauptplatz &#8211; START 16:37&nbsp; Mercury centrum, Busbahnhof 16:45&nbsp; \u00daAMK, Polygon, K. Sv\u011btl\u00e9 Stra\u00dfe &#8211; TEST 16:51&nbsp; Borek 16:55&nbsp; Hos\u00edn 17:03&nbsp; Hlubok\u00e1 nad Vltavou 17:14&nbsp; \u010cejkovice 17:19&nbsp; Jaronice 17:21&nbsp; \u017dabov\u0159esky 17:27&nbsp; \u010cakov 17:31&nbsp; Hola\u0161ovice, Dorfplatz &#8211; TEST 17:35&nbsp; Lipanovice 17:38&nbsp; Dob\u010dice 17:41&nbsp; [&hellip;]<\/p>\n","protected":false},"author":2,"featured_media":0,"parent":0,"menu_order":0,"comment_status":"closed","ping_status":"closed","template":"","meta":{"_acf_changed":false,"ngg_post_thumbnail":0,"footnotes":""},"class_list":["post-6336","page","type-page","status-publish","hentry"],"acf":[],"yoast_head":"<!-- This site is optimized with the Yoast SEO plugin v27.3 - https:\/\/yoast.com\/product\/yoast-seo-wordpress\/ -->\n<title>Rallye-Route 2019 - South Bohemia Classic<\/title>\n<meta name=\"robots\" content=\"index, follow, max-snippet:-1, max-image-preview:large, max-video-preview:-1\" \/>\n<link rel=\"canonical\" href=\"https:\/\/southbohemiaclassic.cz\/trasa-2019\/\" \/>\n<meta property=\"og:locale\" content=\"de_DE\" \/>\n<meta property=\"og:type\" content=\"article\" \/>\n<meta property=\"og:title\" content=\"[:cs]Trasa sout\u011b\u017ee 2019[:de]Rallye-Route 2019[:en]Route 2019[:] - South Bohemia Classic\" \/>\n<meta property=\"og:description\" content=\"I. Etappe &#8211; B\u00f6hmerwalde F\u00fcllung (157 km) Freitag 6. September 2019 16:30&nbsp; \u010cesk\u00e9 Bud\u011bjovice, Hauptplatz &#8211; START 16:37&nbsp; Mercury centrum, Busbahnhof 16:45&nbsp; \u00daAMK, Polygon, K. Sv\u011btl\u00e9 Stra\u00dfe &#8211; TEST 16:51&nbsp; Borek 16:55&nbsp; Hos\u00edn 17:03&nbsp; Hlubok\u00e1 nad Vltavou 17:14&nbsp; \u010cejkovice 17:19&nbsp; Jaronice 17:21&nbsp; \u017dabov\u0159esky 17:27&nbsp; \u010cakov 17:31&nbsp; Hola\u0161ovice, Dorfplatz &#8211; TEST 17:35&nbsp; Lipanovice 17:38&nbsp; Dob\u010dice 17:41&nbsp; [&hellip;]\" \/>\n<meta property=\"og:url\" content=\"https:\/\/southbohemiaclassic.cz\/trasa-2019\/\" \/>\n<meta property=\"og:site_name\" content=\"South Bohemia Classic\" \/>\n<meta property=\"article:modified_time\" content=\"2020-08-18T22:31:45+00:00\" \/>\n<meta property=\"og:image\" content=\"https:\/\/southbohemiaclassic.cz\/wp-content\/uploads\/2019\/09\/sbc2019_mapa-1024x1024.jpg\" \/>\n<meta name=\"twitter:card\" content=\"summary_large_image\" \/>\n<meta name=\"twitter:label1\" content=\"Gesch\u00e4tzte Lesezeit\" \/>\n\t<meta name=\"twitter:data1\" content=\"6\u00a0Minuten\" \/>\n<script type=\"application\/ld+json\" class=\"yoast-schema-graph\">{\"@context\":\"https:\\\/\\\/schema.org\",\"@graph\":[{\"@type\":\"WebPage\",\"@id\":\"https:\\\/\\\/southbohemiaclassic.cz\\\/trasa-2019\\\/\",\"url\":\"https:\\\/\\\/southbohemiaclassic.cz\\\/trasa-2019\\\/\",\"name\":\"[:cs]Trasa sout\u011b\u017ee 2019[:de]Rallye-Route 2019[:en]Route 2019[:] - South Bohemia Classic\",\"isPartOf\":{\"@id\":\"https:\\\/\\\/southbohemiaclassic.cz\\\/#website\"},\"primaryImageOfPage\":{\"@id\":\"https:\\\/\\\/southbohemiaclassic.cz\\\/trasa-2019\\\/#primaryimage\"},\"image\":{\"@id\":\"https:\\\/\\\/southbohemiaclassic.cz\\\/trasa-2019\\\/#primaryimage\"},\"thumbnailUrl\":\"https:\\\/\\\/southbohemiaclassic.cz\\\/wp-content\\\/uploads\\\/2019\\\/09\\\/sbc2019_mapa-1024x1024.jpg\",\"datePublished\":\"2019-08-22T11:40:12+00:00\",\"dateModified\":\"2020-08-18T22:31:45+00:00\",\"breadcrumb\":{\"@id\":\"https:\\\/\\\/southbohemiaclassic.cz\\\/trasa-2019\\\/#breadcrumb\"},\"inLanguage\":\"de\",\"potentialAction\":[{\"@type\":\"ReadAction\",\"target\":[\"https:\\\/\\\/southbohemiaclassic.cz\\\/trasa-2019\\\/\"]}]},{\"@type\":\"ImageObject\",\"inLanguage\":\"de\",\"@id\":\"https:\\\/\\\/southbohemiaclassic.cz\\\/trasa-2019\\\/#primaryimage\",\"url\":\"https:\\\/\\\/southbohemiaclassic.cz\\\/wp-content\\\/uploads\\\/2019\\\/09\\\/sbc2019_mapa-1024x1024.jpg\",\"contentUrl\":\"https:\\\/\\\/southbohemiaclassic.cz\\\/wp-content\\\/uploads\\\/2019\\\/09\\\/sbc2019_mapa-1024x1024.jpg\"},{\"@type\":\"BreadcrumbList\",\"@id\":\"https:\\\/\\\/southbohemiaclassic.cz\\\/trasa-2019\\\/#breadcrumb\",\"itemListElement\":[{\"@type\":\"ListItem\",\"position\":1,\"name\":\"Dom\u016f\",\"item\":\"https:\\\/\\\/southbohemiaclassic.cz\\\/\"},{\"@type\":\"ListItem\",\"position\":2,\"name\":\"Trasa sout\u011b\u017ee 2019\"}]},{\"@type\":\"WebSite\",\"@id\":\"https:\\\/\\\/southbohemiaclassic.cz\\\/#website\",\"url\":\"https:\\\/\\\/southbohemiaclassic.cz\\\/\",\"name\":\"South Bohemia Classic\",\"description\":\"South Bohemia Classic\",\"potentialAction\":[{\"@type\":\"SearchAction\",\"target\":{\"@type\":\"EntryPoint\",\"urlTemplate\":\"https:\\\/\\\/southbohemiaclassic.cz\\\/?s={search_term_string}\"},\"query-input\":{\"@type\":\"PropertyValueSpecification\",\"valueRequired\":true,\"valueName\":\"search_term_string\"}}],\"inLanguage\":\"de\"}]}<\/script>\n<!-- \/ Yoast SEO plugin. -->","yoast_head_json":{"title":"[:cs]Trasa sout\u011b\u017ee 2019[:de]Rallye-Route 2019[:en]Route 2019[:] - South Bohemia Classic","robots":{"index":"index","follow":"follow","max-snippet":"max-snippet:-1","max-image-preview":"max-image-preview:large","max-video-preview":"max-video-preview:-1"},"canonical":"https:\/\/southbohemiaclassic.cz\/trasa-2019\/","og_locale":"de_DE","og_type":"article","og_title":"[:cs]Trasa sout\u011b\u017ee 2019[:de]Rallye-Route 2019[:en]Route 2019[:] - South Bohemia Classic","og_description":"I. Etappe &#8211; B\u00f6hmerwalde F\u00fcllung (157 km) Freitag 6. September 2019 16:30&nbsp; \u010cesk\u00e9 Bud\u011bjovice, Hauptplatz &#8211; START 16:37&nbsp; Mercury centrum, Busbahnhof 16:45&nbsp; \u00daAMK, Polygon, K. Sv\u011btl\u00e9 Stra\u00dfe &#8211; TEST 16:51&nbsp; Borek 16:55&nbsp; Hos\u00edn 17:03&nbsp; Hlubok\u00e1 nad Vltavou 17:14&nbsp; \u010cejkovice 17:19&nbsp; Jaronice 17:21&nbsp; \u017dabov\u0159esky 17:27&nbsp; \u010cakov 17:31&nbsp; Hola\u0161ovice, Dorfplatz &#8211; TEST 17:35&nbsp; Lipanovice 17:38&nbsp; Dob\u010dice 17:41&nbsp; [&hellip;]","og_url":"https:\/\/southbohemiaclassic.cz\/trasa-2019\/","og_site_name":"South Bohemia Classic","article_modified_time":"2020-08-18T22:31:45+00:00","og_image":[{"url":"https:\/\/southbohemiaclassic.cz\/wp-content\/uploads\/2019\/09\/sbc2019_mapa-1024x1024.jpg","type":"","width":"","height":""}],"twitter_card":"summary_large_image","twitter_misc":{"Gesch\u00e4tzte Lesezeit":"6\u00a0Minuten"},"schema":{"@context":"https:\/\/schema.org","@graph":[{"@type":"WebPage","@id":"https:\/\/southbohemiaclassic.cz\/trasa-2019\/","url":"https:\/\/southbohemiaclassic.cz\/trasa-2019\/","name":"[:cs]Trasa sout\u011b\u017ee 2019[:de]Rallye-Route 2019[:en]Route 2019[:] - South Bohemia Classic","isPartOf":{"@id":"https:\/\/southbohemiaclassic.cz\/#website"},"primaryImageOfPage":{"@id":"https:\/\/southbohemiaclassic.cz\/trasa-2019\/#primaryimage"},"image":{"@id":"https:\/\/southbohemiaclassic.cz\/trasa-2019\/#primaryimage"},"thumbnailUrl":"https:\/\/southbohemiaclassic.cz\/wp-content\/uploads\/2019\/09\/sbc2019_mapa-1024x1024.jpg","datePublished":"2019-08-22T11:40:12+00:00","dateModified":"2020-08-18T22:31:45+00:00","breadcrumb":{"@id":"https:\/\/southbohemiaclassic.cz\/trasa-2019\/#breadcrumb"},"inLanguage":"de","potentialAction":[{"@type":"ReadAction","target":["https:\/\/southbohemiaclassic.cz\/trasa-2019\/"]}]},{"@type":"ImageObject","inLanguage":"de","@id":"https:\/\/southbohemiaclassic.cz\/trasa-2019\/#primaryimage","url":"https:\/\/southbohemiaclassic.cz\/wp-content\/uploads\/2019\/09\/sbc2019_mapa-1024x1024.jpg","contentUrl":"https:\/\/southbohemiaclassic.cz\/wp-content\/uploads\/2019\/09\/sbc2019_mapa-1024x1024.jpg"},{"@type":"BreadcrumbList","@id":"https:\/\/southbohemiaclassic.cz\/trasa-2019\/#breadcrumb","itemListElement":[{"@type":"ListItem","position":1,"name":"Dom\u016f","item":"https:\/\/southbohemiaclassic.cz\/"},{"@type":"ListItem","position":2,"name":"Trasa sout\u011b\u017ee 2019"}]},{"@type":"WebSite","@id":"https:\/\/southbohemiaclassic.cz\/#website","url":"https:\/\/southbohemiaclassic.cz\/","name":"South Bohemia Classic","description":"South Bohemia Classic","potentialAction":[{"@type":"SearchAction","target":{"@type":"EntryPoint","urlTemplate":"https:\/\/southbohemiaclassic.cz\/?s={search_term_string}"},"query-input":{"@type":"PropertyValueSpecification","valueRequired":true,"valueName":"search_term_string"}}],"inLanguage":"de"}]}},"_links":{"self":[{"href":"https:\/\/southbohemiaclassic.cz\/de\/wp-json\/wp\/v2\/pages\/6336","targetHints":{"allow":["GET"]}}],"collection":[{"href":"https:\/\/southbohemiaclassic.cz\/de\/wp-json\/wp\/v2\/pages"}],"about":[{"href":"https:\/\/southbohemiaclassic.cz\/de\/wp-json\/wp\/v2\/types\/page"}],"author":[{"embeddable":true,"href":"https:\/\/southbohemiaclassic.cz\/de\/wp-json\/wp\/v2\/users\/2"}],"replies":[{"embeddable":true,"href":"https:\/\/southbohemiaclassic.cz\/de\/wp-json\/wp\/v2\/comments?post=6336"}],"version-history":[{"count":23,"href":"https:\/\/southbohemiaclassic.cz\/de\/wp-json\/wp\/v2\/pages\/6336\/revisions"}],"predecessor-version":[{"id":7655,"href":"https:\/\/southbohemiaclassic.cz\/de\/wp-json\/wp\/v2\/pages\/6336\/revisions\/7655"}],"wp:attachment":[{"href":"https:\/\/southbohemiaclassic.cz\/de\/wp-json\/wp\/v2\/media?parent=6336"}],"curies":[{"name":"wp","href":"https:\/\/api.w.org\/{rel}","templated":true}]}}