{"id":6190,"date":"2025-07-27T10:00:00","date_gmt":"2025-07-27T09:00:00","guid":{"rendered":"https:\/\/southbohemiaclassic.cz\/?page_id=6190"},"modified":"2025-07-27T10:38:18","modified_gmt":"2025-07-27T09:38:18","slug":"ubytovani","status":"publish","type":"page","link":"https:\/\/southbohemiaclassic.cz\/de\/ubytovani\/","title":{"rendered":"Unterkunftsangebot"},"content":{"rendered":"<p><\/p>\n<h3 style=\"text-align: center;\">Hotel Resort Relax<br \/>\n<strong>****<\/strong><\/h3>\n<p style=\"text-align: center;\"><a href=\"https:\/\/www.hotelresortrelax.cz\/\" target=\"_blank\" rel=\"noopener noreferrer\">www.hotelresortrelax.cz<\/a><\/p>\n<h3 style=\"text-align: center;\">Wellness Hotel Frymburk<br \/>\n<strong>****<\/strong><\/h3>\n<p style=\"text-align: center;\"><a href=\"https:\/\/www.hotelfrymburk.cz\/\" target=\"_blank\" rel=\"noopener noreferrer\">www.hotelfrymburk.cz<\/a><\/p>\n<h3 style=\"text-align: center;\">Font\u00e1na Blue Marine Resort<br \/>\n<strong>***<\/strong><\/h3>\n<p style=\"text-align: center;\"><a href=\"https:\/\/www.hotel-fontana.cz\/\" target=\"_blank\" rel=\"noopener noreferrer\">www.hotel-fontana.cz<\/a><\/p>\n<h3 style=\"text-align: center;\">Hotel Maxant<br \/>\n<strong>***<\/strong><\/h3>\n<p style=\"text-align: center;\"><a href=\"https:\/\/www.hotelmaxant.cz\/\" target=\"_blank\" rel=\"noopener noreferrer\">www.hotelmaxant.cz<\/a><\/p>\n<h3 style=\"text-align: center;\">Hotel Jest\u0159\u00e1b\u00ed<br \/>\n<strong>***<\/strong><\/h3>\n<p style=\"text-align: center;\"><a href=\"http:\/\/hoteljestrabi.cz\/\" target=\"_blank\" rel=\"noopener noreferrer\">www.hoteljestrabi.cz<\/a><\/p>\n<h3 style=\"text-align: center;\">Pension Calla<\/h3>\n<p style=\"text-align: center;\"><a href=\"http:\/\/pensioncalla.cz\/\" target=\"_blank\" rel=\"noopener noreferrer\">www.pensioncalla.cz<\/a><\/p>\n<h3 style=\"text-align: center;\">Autocamp Jeni\u0161ov<\/h3>\n<p style=\"text-align: center;\"><a href=\"https:\/\/www.autocampjenisov.cz\/\" target=\"_blank\" rel=\"noopener noreferrer\">www.autocampjenisov.cz<\/a><\/p>\n<p>&nbsp;<\/p>\n<p style=\"text-align: center;\">Da sich die Unterkunftskapazit\u00e4ten schnell f\u00fcllen, empfehlen wir eine fr\u00fchzeitige Buchung.<\/p>\n<p><\/p>","protected":false},"excerpt":{"rendered":"<p>Hotel Resort Relax **** www.hotelresortrelax.cz Wellness Hotel Frymburk **** www.hotelfrymburk.cz Font\u00e1na Blue Marine Resort *** www.hotel-fontana.cz Hotel Maxant *** www.hotelmaxant.cz Hotel Jest\u0159\u00e1b\u00ed *** www.hoteljestrabi.cz Pension Calla www.pensioncalla.cz Autocamp Jeni\u0161ov www.autocampjenisov.cz &nbsp; Da sich die Unterkunftskapazit\u00e4ten schnell f\u00fcllen, empfehlen wir eine fr\u00fchzeitige Buchung.<\/p>\n","protected":false},"author":2,"featured_media":0,"parent":0,"menu_order":0,"comment_status":"closed","ping_status":"closed","template":"","meta":{"_acf_changed":false,"ngg_post_thumbnail":0,"footnotes":""},"class_list":["post-6190","page","type-page","status-publish","hentry"],"acf":[],"yoast_head":"<!-- This site is optimized with the Yoast SEO plugin v27.3 - https:\/\/yoast.com\/product\/yoast-seo-wordpress\/ -->\n<title>Unterkunftsangebot - South Bohemia Classic<\/title>\n<meta name=\"robots\" content=\"index, follow, max-snippet:-1, max-image-preview:large, max-video-preview:-1\" \/>\n<link rel=\"canonical\" href=\"https:\/\/southbohemiaclassic.cz\/ubytovani\/\" \/>\n<meta property=\"og:locale\" content=\"de_DE\" \/>\n<meta property=\"og:type\" content=\"article\" \/>\n<meta property=\"og:title\" content=\"[:cs]Nab\u00eddka ubytov\u00e1n\u00ed[:de]Unterkunftsangebot[:en]Accomodation offer[:] - South Bohemia Classic\" \/>\n<meta property=\"og:description\" content=\"Hotel Resort Relax **** www.hotelresortrelax.cz Wellness Hotel Frymburk **** www.hotelfrymburk.cz Font\u00e1na Blue Marine Resort *** www.hotel-fontana.cz Hotel Maxant *** www.hotelmaxant.cz Hotel Jest\u0159\u00e1b\u00ed *** www.hoteljestrabi.cz Pension Calla www.pensioncalla.cz Autocamp Jeni\u0161ov www.autocampjenisov.cz &nbsp; Da sich die Unterkunftskapazit\u00e4ten schnell f\u00fcllen, empfehlen wir eine fr\u00fchzeitige Buchung.\" \/>\n<meta property=\"og:url\" content=\"https:\/\/southbohemiaclassic.cz\/ubytovani\/\" \/>\n<meta property=\"og:site_name\" content=\"South Bohemia Classic\" \/>\n<meta property=\"article:modified_time\" content=\"2025-07-27T09:38:18+00:00\" \/>\n<meta name=\"twitter:card\" content=\"summary_large_image\" \/>\n<meta name=\"twitter:label1\" content=\"Gesch\u00e4tzte Lesezeit\" \/>\n\t<meta name=\"twitter:data1\" content=\"1\u00a0Minute\" \/>\n<script type=\"application\/ld+json\" class=\"yoast-schema-graph\">{\"@context\":\"https:\\\/\\\/schema.org\",\"@graph\":[{\"@type\":\"WebPage\",\"@id\":\"https:\\\/\\\/southbohemiaclassic.cz\\\/ubytovani\\\/\",\"url\":\"https:\\\/\\\/southbohemiaclassic.cz\\\/ubytovani\\\/\",\"name\":\"[:cs]Nab\u00eddka ubytov\u00e1n\u00ed[:de]Unterkunftsangebot[:en]Accomodation offer[:] - South Bohemia Classic\",\"isPartOf\":{\"@id\":\"https:\\\/\\\/southbohemiaclassic.cz\\\/#website\"},\"datePublished\":\"2025-07-27T09:00:00+00:00\",\"dateModified\":\"2025-07-27T09:38:18+00:00\",\"breadcrumb\":{\"@id\":\"https:\\\/\\\/southbohemiaclassic.cz\\\/ubytovani\\\/#breadcrumb\"},\"inLanguage\":\"de\",\"potentialAction\":[{\"@type\":\"ReadAction\",\"target\":[\"https:\\\/\\\/southbohemiaclassic.cz\\\/ubytovani\\\/\"]}]},{\"@type\":\"BreadcrumbList\",\"@id\":\"https:\\\/\\\/southbohemiaclassic.cz\\\/ubytovani\\\/#breadcrumb\",\"itemListElement\":[{\"@type\":\"ListItem\",\"position\":1,\"name\":\"Dom\u016f\",\"item\":\"https:\\\/\\\/southbohemiaclassic.cz\\\/\"},{\"@type\":\"ListItem\",\"position\":2,\"name\":\"Nab\u00eddka ubytov\u00e1n\u00ed\"}]},{\"@type\":\"WebSite\",\"@id\":\"https:\\\/\\\/southbohemiaclassic.cz\\\/#website\",\"url\":\"https:\\\/\\\/southbohemiaclassic.cz\\\/\",\"name\":\"South Bohemia Classic\",\"description\":\"South Bohemia Classic\",\"potentialAction\":[{\"@type\":\"SearchAction\",\"target\":{\"@type\":\"EntryPoint\",\"urlTemplate\":\"https:\\\/\\\/southbohemiaclassic.cz\\\/?s={search_term_string}\"},\"query-input\":{\"@type\":\"PropertyValueSpecification\",\"valueRequired\":true,\"valueName\":\"search_term_string\"}}],\"inLanguage\":\"de\"}]}<\/script>\n<!-- \/ Yoast SEO plugin. -->","yoast_head_json":{"title":"[:cs]Nab\u00eddka ubytov\u00e1n\u00ed[:de]Unterkunftsangebot[:en]Accomodation offer[:] - South Bohemia Classic","robots":{"index":"index","follow":"follow","max-snippet":"max-snippet:-1","max-image-preview":"max-image-preview:large","max-video-preview":"max-video-preview:-1"},"canonical":"https:\/\/southbohemiaclassic.cz\/ubytovani\/","og_locale":"de_DE","og_type":"article","og_title":"[:cs]Nab\u00eddka ubytov\u00e1n\u00ed[:de]Unterkunftsangebot[:en]Accomodation offer[:] - South Bohemia Classic","og_description":"Hotel Resort Relax **** www.hotelresortrelax.cz Wellness Hotel Frymburk **** www.hotelfrymburk.cz Font\u00e1na Blue Marine Resort *** www.hotel-fontana.cz Hotel Maxant *** www.hotelmaxant.cz Hotel Jest\u0159\u00e1b\u00ed *** www.hoteljestrabi.cz Pension Calla www.pensioncalla.cz Autocamp Jeni\u0161ov www.autocampjenisov.cz &nbsp; Da sich die Unterkunftskapazit\u00e4ten schnell f\u00fcllen, empfehlen wir eine fr\u00fchzeitige Buchung.","og_url":"https:\/\/southbohemiaclassic.cz\/ubytovani\/","og_site_name":"South Bohemia Classic","article_modified_time":"2025-07-27T09:38:18+00:00","twitter_card":"summary_large_image","twitter_misc":{"Gesch\u00e4tzte Lesezeit":"1\u00a0Minute"},"schema":{"@context":"https:\/\/schema.org","@graph":[{"@type":"WebPage","@id":"https:\/\/southbohemiaclassic.cz\/ubytovani\/","url":"https:\/\/southbohemiaclassic.cz\/ubytovani\/","name":"[:cs]Nab\u00eddka ubytov\u00e1n\u00ed[:de]Unterkunftsangebot[:en]Accomodation offer[:] - South Bohemia Classic","isPartOf":{"@id":"https:\/\/southbohemiaclassic.cz\/#website"},"datePublished":"2025-07-27T09:00:00+00:00","dateModified":"2025-07-27T09:38:18+00:00","breadcrumb":{"@id":"https:\/\/southbohemiaclassic.cz\/ubytovani\/#breadcrumb"},"inLanguage":"de","potentialAction":[{"@type":"ReadAction","target":["https:\/\/southbohemiaclassic.cz\/ubytovani\/"]}]},{"@type":"BreadcrumbList","@id":"https:\/\/southbohemiaclassic.cz\/ubytovani\/#breadcrumb","itemListElement":[{"@type":"ListItem","position":1,"name":"Dom\u016f","item":"https:\/\/southbohemiaclassic.cz\/"},{"@type":"ListItem","position":2,"name":"Nab\u00eddka ubytov\u00e1n\u00ed"}]},{"@type":"WebSite","@id":"https:\/\/southbohemiaclassic.cz\/#website","url":"https:\/\/southbohemiaclassic.cz\/","name":"South Bohemia Classic","description":"South Bohemia Classic","potentialAction":[{"@type":"SearchAction","target":{"@type":"EntryPoint","urlTemplate":"https:\/\/southbohemiaclassic.cz\/?s={search_term_string}"},"query-input":{"@type":"PropertyValueSpecification","valueRequired":true,"valueName":"search_term_string"}}],"inLanguage":"de"}]}},"_links":{"self":[{"href":"https:\/\/southbohemiaclassic.cz\/de\/wp-json\/wp\/v2\/pages\/6190","targetHints":{"allow":["GET"]}}],"collection":[{"href":"https:\/\/southbohemiaclassic.cz\/de\/wp-json\/wp\/v2\/pages"}],"about":[{"href":"https:\/\/southbohemiaclassic.cz\/de\/wp-json\/wp\/v2\/types\/page"}],"author":[{"embeddable":true,"href":"https:\/\/southbohemiaclassic.cz\/de\/wp-json\/wp\/v2\/users\/2"}],"replies":[{"embeddable":true,"href":"https:\/\/southbohemiaclassic.cz\/de\/wp-json\/wp\/v2\/comments?post=6190"}],"version-history":[{"count":14,"href":"https:\/\/southbohemiaclassic.cz\/de\/wp-json\/wp\/v2\/pages\/6190\/revisions"}],"predecessor-version":[{"id":15412,"href":"https:\/\/southbohemiaclassic.cz\/de\/wp-json\/wp\/v2\/pages\/6190\/revisions\/15412"}],"wp:attachment":[{"href":"https:\/\/southbohemiaclassic.cz\/de\/wp-json\/wp\/v2\/media?parent=6190"}],"curies":[{"name":"wp","href":"https:\/\/api.w.org\/{rel}","templated":true}]}}