{"id":6009,"date":"2018-11-29T21:30:43","date_gmt":"2018-11-29T20:30:43","guid":{"rendered":"http:\/\/southbohemiaclassic.cz\/?page_id=6009"},"modified":"2020-02-18T23:13:14","modified_gmt":"2020-02-18T22:13:14","slug":"program-2019","status":"publish","type":"page","link":"https:\/\/southbohemiaclassic.cz\/de\/program-2019\/","title":{"rendered":"Programm 2019"},"content":{"rendered":"<p><\/p>\n<h3>Sonntag 30. Juni&nbsp;2019<\/h3>\n<p><strong>24:00<\/strong><br \/>\nNennungsschluss<\/p>\n<hr>\n<h3>Freitag 6. September 2019<\/h3>\n<p><strong>8:30 &#8211; 12:00<\/strong><br \/>\nTrainingscamp<br \/>\nDoln\u00ed Vltavice, Hotel Resort RELAX<br \/>\nPr\u00e4sentation: 8:00 &#8211; 8:30<\/p>\n<p><strong>13:00 &#8211; 15:30<\/strong><br \/>\nTeilnehmerankunft<br \/>\n\u010cesk\u00e9 Bud\u011bjovice, n\u00e1m\u011bst\u00ed P\u0159emysla Otakara II. (Hauptplatz), Grandhotel Zvon<\/p>\n<p><strong>14:00 &#8211; 16:00<\/strong><br \/>\nKonzert The Dixie Hot Licks<br \/>\n\u010cesk\u00e9 Bud\u011bjovice, n\u00e1m\u011bst\u00ed P\u0159emysla Otakara II. (Hauptplatz)<\/p>\n<p><strong>16:00<\/strong><br \/>\nTeilnehmerbriefing<br \/>\n\u010cesk\u00e9 Bud\u011bjovice, n\u00e1m\u011bst\u00ed P\u0159emysla Otakara II. (Hauptplatz)<\/p>\n<p><strong>16:30<\/strong><br \/>\nStart 1. Etappe (157 km)<br \/>\n\u010cesk\u00e9 Bud\u011bjovice, n\u00e1m\u011bst\u00ed P\u0159emysla Otakara II. (Hauptplatz)<\/p>\n<p><strong>17:55<\/strong><br \/>\nLahofer break<br \/>\nZ\u00e1mek Kratochv\u00edle<\/p>\n<p><strong>18:40<\/strong><br \/>\nPit stop<br \/>\nPrachatice, Velk\u00e9 n\u00e1m\u011bst\u00ed<\/p>\n<p><strong>20:00<\/strong><br \/>\nNachtdurchfart \u010cesk\u00fd Krumlov &amp; Ziel 1. Etappe<br \/>\n\u010cesk\u00fd Krumlov<\/p>\n<p><strong>20:30 &#8211; 23:30<\/strong><br \/>\nDurchfahrtskontrolle (PC 1)<br \/>\nSv\u011btl\u00edk, Restaurace U Anton\u00ed\u010dka<\/p>\n<p><strong>21:00 &#8211; 24:00<\/strong><br \/>\nDurchfahrtskontrolle (PC 2) &amp; Driver&#8217;s drink<br \/>\nDoln\u00ed Vltavice,&nbsp;Hotel Resort RELAX<\/p>\n<hr>\n<h3>Samstag 7. September 2019<\/h3>\n<p><strong>8:10<\/strong><br \/>\nStart II. Etappe (258 km)<br \/>\nDoln\u00ed Vltavice,&nbsp;Hotel Resort RELAX<\/p>\n<p><strong>9:35<\/strong><br \/>\nCoffee break<br \/>\nP\u0159edn\u00ed V\u00fdto\u0148, Hotel Barborka<\/p>\n<p><strong>11:25<\/strong><br \/>\nMittagspauze &amp; Mittagessen<br \/>\n\u010cesk\u00fd Krumlov, <a href=\"http:\/\/www.pivovarceskykrumlov.cz\/\" target=\"_blank\" rel=\"noopener noreferrer\">Brauereirestaurant<\/a><\/p>\n<p><strong>13:00<\/strong><br \/>\nGRAND PRIX Kaplice<br \/>\nKaplice<\/p>\n<p><strong>13:45<\/strong><br \/>\nCoffee break<br \/>\nPenzion Baron\u016fv most<\/p>\n<p><strong>16:00<\/strong><br \/>\nZiel<br \/>\nDoln\u00ed Vltavice,&nbsp;Hotel Resort RELAX<\/p>\n<p><strong>16:00 &#8211; 20:00<\/strong><br \/>\nSouth Bohemia Concours d\u2019Elegance<br \/>\nDoln\u00ed Vltavice,&nbsp;Hotel Resort RELAX<\/p>\n<p><strong>19:30<\/strong><br \/>\nSiegerehrung &amp; South Bohemia Classic Party<br \/>\n<em>(dress code: Tenue de Ville)<\/em><br \/>\nDoln\u00ed Vltavice,&nbsp;Hotel Resort RELAX<\/p>\n<hr>\n<p><em>Organisator ist berechtigt zu Programm\u00e4nderung.<\/em><\/p>","protected":false},"excerpt":{"rendered":"<p>Sonntag 30. Juni&nbsp;2019 24:00 Nennungsschluss Freitag 6. September 2019 8:30 &#8211; 12:00 Trainingscamp Doln\u00ed Vltavice, Hotel Resort RELAX Pr\u00e4sentation: 8:00 &#8211; 8:30 13:00 &#8211; 15:30 Teilnehmerankunft \u010cesk\u00e9 Bud\u011bjovice, n\u00e1m\u011bst\u00ed P\u0159emysla Otakara II. (Hauptplatz), Grandhotel Zvon 14:00 &#8211; 16:00 Konzert The Dixie Hot Licks \u010cesk\u00e9 Bud\u011bjovice, n\u00e1m\u011bst\u00ed P\u0159emysla Otakara II. (Hauptplatz) 16:00 Teilnehmerbriefing \u010cesk\u00e9 Bud\u011bjovice, n\u00e1m\u011bst\u00ed [&hellip;]<\/p>\n","protected":false},"author":2,"featured_media":0,"parent":0,"menu_order":0,"comment_status":"closed","ping_status":"closed","template":"","meta":{"_acf_changed":false,"ngg_post_thumbnail":0,"footnotes":""},"class_list":["post-6009","page","type-page","status-publish","hentry"],"acf":[],"yoast_head":"<!-- This site is optimized with the Yoast SEO plugin v27.3 - https:\/\/yoast.com\/product\/yoast-seo-wordpress\/ -->\n<title>Programm 2019 - South Bohemia Classic<\/title>\n<meta name=\"robots\" content=\"index, follow, max-snippet:-1, max-image-preview:large, max-video-preview:-1\" \/>\n<link rel=\"canonical\" href=\"https:\/\/southbohemiaclassic.cz\/program-2019\/\" \/>\n<meta property=\"og:locale\" content=\"de_DE\" \/>\n<meta property=\"og:type\" content=\"article\" \/>\n<meta property=\"og:title\" content=\"[:cs]Program sout\u011b\u017ee 2019[:de]Programm 2019[:en]Programme 2019[:] - South Bohemia Classic\" \/>\n<meta property=\"og:description\" content=\"Sonntag 30. Juni&nbsp;2019 24:00 Nennungsschluss Freitag 6. September 2019 8:30 &#8211; 12:00 Trainingscamp Doln\u00ed Vltavice, Hotel Resort RELAX Pr\u00e4sentation: 8:00 &#8211; 8:30 13:00 &#8211; 15:30 Teilnehmerankunft \u010cesk\u00e9 Bud\u011bjovice, n\u00e1m\u011bst\u00ed P\u0159emysla Otakara II. (Hauptplatz), Grandhotel Zvon 14:00 &#8211; 16:00 Konzert The Dixie Hot Licks \u010cesk\u00e9 Bud\u011bjovice, n\u00e1m\u011bst\u00ed P\u0159emysla Otakara II. (Hauptplatz) 16:00 Teilnehmerbriefing \u010cesk\u00e9 Bud\u011bjovice, n\u00e1m\u011bst\u00ed [&hellip;]\" \/>\n<meta property=\"og:url\" content=\"https:\/\/southbohemiaclassic.cz\/program-2019\/\" \/>\n<meta property=\"og:site_name\" content=\"South Bohemia Classic\" \/>\n<meta property=\"article:modified_time\" content=\"2020-02-18T22:13:14+00:00\" \/>\n<meta name=\"twitter:card\" content=\"summary_large_image\" \/>\n<meta name=\"twitter:label1\" content=\"Gesch\u00e4tzte Lesezeit\" \/>\n\t<meta name=\"twitter:data1\" content=\"3\u00a0Minuten\" \/>\n<script type=\"application\/ld+json\" class=\"yoast-schema-graph\">{\"@context\":\"https:\\\/\\\/schema.org\",\"@graph\":[{\"@type\":\"WebPage\",\"@id\":\"https:\\\/\\\/southbohemiaclassic.cz\\\/program-2019\\\/\",\"url\":\"https:\\\/\\\/southbohemiaclassic.cz\\\/program-2019\\\/\",\"name\":\"[:cs]Program sout\u011b\u017ee 2019[:de]Programm 2019[:en]Programme 2019[:] - South Bohemia Classic\",\"isPartOf\":{\"@id\":\"https:\\\/\\\/southbohemiaclassic.cz\\\/#website\"},\"datePublished\":\"2018-11-29T20:30:43+00:00\",\"dateModified\":\"2020-02-18T22:13:14+00:00\",\"breadcrumb\":{\"@id\":\"https:\\\/\\\/southbohemiaclassic.cz\\\/program-2019\\\/#breadcrumb\"},\"inLanguage\":\"de\",\"potentialAction\":[{\"@type\":\"ReadAction\",\"target\":[\"https:\\\/\\\/southbohemiaclassic.cz\\\/program-2019\\\/\"]}]},{\"@type\":\"BreadcrumbList\",\"@id\":\"https:\\\/\\\/southbohemiaclassic.cz\\\/program-2019\\\/#breadcrumb\",\"itemListElement\":[{\"@type\":\"ListItem\",\"position\":1,\"name\":\"Dom\u016f\",\"item\":\"https:\\\/\\\/southbohemiaclassic.cz\\\/\"},{\"@type\":\"ListItem\",\"position\":2,\"name\":\"Program sout\u011b\u017ee 2019\"}]},{\"@type\":\"WebSite\",\"@id\":\"https:\\\/\\\/southbohemiaclassic.cz\\\/#website\",\"url\":\"https:\\\/\\\/southbohemiaclassic.cz\\\/\",\"name\":\"South Bohemia Classic\",\"description\":\"South Bohemia Classic\",\"potentialAction\":[{\"@type\":\"SearchAction\",\"target\":{\"@type\":\"EntryPoint\",\"urlTemplate\":\"https:\\\/\\\/southbohemiaclassic.cz\\\/?s={search_term_string}\"},\"query-input\":{\"@type\":\"PropertyValueSpecification\",\"valueRequired\":true,\"valueName\":\"search_term_string\"}}],\"inLanguage\":\"de\"}]}<\/script>\n<!-- \/ Yoast SEO plugin. -->","yoast_head_json":{"title":"[:cs]Program sout\u011b\u017ee 2019[:de]Programm 2019[:en]Programme 2019[:] - South Bohemia Classic","robots":{"index":"index","follow":"follow","max-snippet":"max-snippet:-1","max-image-preview":"max-image-preview:large","max-video-preview":"max-video-preview:-1"},"canonical":"https:\/\/southbohemiaclassic.cz\/program-2019\/","og_locale":"de_DE","og_type":"article","og_title":"[:cs]Program sout\u011b\u017ee 2019[:de]Programm 2019[:en]Programme 2019[:] - South Bohemia Classic","og_description":"Sonntag 30. Juni&nbsp;2019 24:00 Nennungsschluss Freitag 6. September 2019 8:30 &#8211; 12:00 Trainingscamp Doln\u00ed Vltavice, Hotel Resort RELAX Pr\u00e4sentation: 8:00 &#8211; 8:30 13:00 &#8211; 15:30 Teilnehmerankunft \u010cesk\u00e9 Bud\u011bjovice, n\u00e1m\u011bst\u00ed P\u0159emysla Otakara II. (Hauptplatz), Grandhotel Zvon 14:00 &#8211; 16:00 Konzert The Dixie Hot Licks \u010cesk\u00e9 Bud\u011bjovice, n\u00e1m\u011bst\u00ed P\u0159emysla Otakara II. (Hauptplatz) 16:00 Teilnehmerbriefing \u010cesk\u00e9 Bud\u011bjovice, n\u00e1m\u011bst\u00ed [&hellip;]","og_url":"https:\/\/southbohemiaclassic.cz\/program-2019\/","og_site_name":"South Bohemia Classic","article_modified_time":"2020-02-18T22:13:14+00:00","twitter_card":"summary_large_image","twitter_misc":{"Gesch\u00e4tzte Lesezeit":"3\u00a0Minuten"},"schema":{"@context":"https:\/\/schema.org","@graph":[{"@type":"WebPage","@id":"https:\/\/southbohemiaclassic.cz\/program-2019\/","url":"https:\/\/southbohemiaclassic.cz\/program-2019\/","name":"[:cs]Program sout\u011b\u017ee 2019[:de]Programm 2019[:en]Programme 2019[:] - South Bohemia Classic","isPartOf":{"@id":"https:\/\/southbohemiaclassic.cz\/#website"},"datePublished":"2018-11-29T20:30:43+00:00","dateModified":"2020-02-18T22:13:14+00:00","breadcrumb":{"@id":"https:\/\/southbohemiaclassic.cz\/program-2019\/#breadcrumb"},"inLanguage":"de","potentialAction":[{"@type":"ReadAction","target":["https:\/\/southbohemiaclassic.cz\/program-2019\/"]}]},{"@type":"BreadcrumbList","@id":"https:\/\/southbohemiaclassic.cz\/program-2019\/#breadcrumb","itemListElement":[{"@type":"ListItem","position":1,"name":"Dom\u016f","item":"https:\/\/southbohemiaclassic.cz\/"},{"@type":"ListItem","position":2,"name":"Program sout\u011b\u017ee 2019"}]},{"@type":"WebSite","@id":"https:\/\/southbohemiaclassic.cz\/#website","url":"https:\/\/southbohemiaclassic.cz\/","name":"South Bohemia Classic","description":"South Bohemia Classic","potentialAction":[{"@type":"SearchAction","target":{"@type":"EntryPoint","urlTemplate":"https:\/\/southbohemiaclassic.cz\/?s={search_term_string}"},"query-input":{"@type":"PropertyValueSpecification","valueRequired":true,"valueName":"search_term_string"}}],"inLanguage":"de"}]}},"_links":{"self":[{"href":"https:\/\/southbohemiaclassic.cz\/de\/wp-json\/wp\/v2\/pages\/6009","targetHints":{"allow":["GET"]}}],"collection":[{"href":"https:\/\/southbohemiaclassic.cz\/de\/wp-json\/wp\/v2\/pages"}],"about":[{"href":"https:\/\/southbohemiaclassic.cz\/de\/wp-json\/wp\/v2\/types\/page"}],"author":[{"embeddable":true,"href":"https:\/\/southbohemiaclassic.cz\/de\/wp-json\/wp\/v2\/users\/2"}],"replies":[{"embeddable":true,"href":"https:\/\/southbohemiaclassic.cz\/de\/wp-json\/wp\/v2\/comments?post=6009"}],"version-history":[{"count":25,"href":"https:\/\/southbohemiaclassic.cz\/de\/wp-json\/wp\/v2\/pages\/6009\/revisions"}],"predecessor-version":[{"id":7553,"href":"https:\/\/southbohemiaclassic.cz\/de\/wp-json\/wp\/v2\/pages\/6009\/revisions\/7553"}],"wp:attachment":[{"href":"https:\/\/southbohemiaclassic.cz\/de\/wp-json\/wp\/v2\/media?parent=6009"}],"curies":[{"name":"wp","href":"https:\/\/api.w.org\/{rel}","templated":true}]}}