{"id":494,"date":"2016-09-11T17:45:52","date_gmt":"2016-09-11T16:45:52","guid":{"rendered":"http:\/\/southbohemiaclassic.cz\/?page_id=494"},"modified":"2016-10-13T20:51:25","modified_gmt":"2016-10-13T19:51:25","slug":"vysledky-2016","status":"publish","type":"page","link":"https:\/\/southbohemiaclassic.cz\/de\/vysledky-2016\/","title":{"rendered":"Ergebnisse VII. South Bohemia Classic 2016"},"content":{"rendered":"<p><\/p>\n<ul>\n<li>RT 1 \u00daAMK &#8211; <a href=\"http:\/\/southbohemiaclassic.cz\/wp-content\/uploads\/2016\/09\/classic_rt-01.pdf\">Classic<\/a>\u00a0| <a href=\"http:\/\/southbohemiaclassic.cz\/wp-content\/uploads\/2016\/09\/exclusive_rt-01.pdf\">Exclusive<\/a><\/li>\n<li>RT 2 KOMAT\u00a0&#8211; <a href=\"http:\/\/southbohemiaclassic.cz\/wp-content\/uploads\/2016\/09\/classic_rt-02.pdf\">Classic<\/a>\u00a0| <a href=\"http:\/\/southbohemiaclassic.cz\/wp-content\/uploads\/2016\/09\/exclusive_rt-02.pdf\">Exclusive<\/a><\/li>\n<li>RT 3 Statut\u00e1rn\u00ed m\u011bsto \u010cesk\u00e9 Bud\u011bjovice &#8211; <a href=\"http:\/\/southbohemiaclassic.cz\/wp-content\/uploads\/2016\/09\/classic_rt-03.pdf\">Classic<\/a>\u00a0| <a href=\"http:\/\/southbohemiaclassic.cz\/wp-content\/uploads\/2016\/09\/exclusive_rt-03.pdf\">Exclusive<\/a><\/li>\n<li>RT 4 Obec Chval\u0161iny &#8211; <a href=\"http:\/\/southbohemiaclassic.cz\/wp-content\/uploads\/2016\/09\/classic_rt-04.pdf\">Classic<\/a>\u00a0| <a href=\"http:\/\/southbohemiaclassic.cz\/wp-content\/uploads\/2016\/09\/exclusive_rt-04.pdf\">Exclusive<\/a><\/li>\n<li>RT 5 M\u011bsto \u010cesk\u00fd Krumlov &#8211; <a href=\"http:\/\/southbohemiaclassic.cz\/wp-content\/uploads\/2016\/09\/classic_rt-05.pdf\">Classic<\/a>\u00a0| <a href=\"http:\/\/southbohemiaclassic.cz\/wp-content\/uploads\/2016\/09\/exclusive_rt-05.pdf\">Exclusive<\/a><\/li>\n<li>RT 6 Obec \u010cern\u00e1 v Po\u0161umav\u00ed &#8211; <a href=\"http:\/\/southbohemiaclassic.cz\/wp-content\/uploads\/2016\/09\/classic_rt-06.pdf\">Classic<\/a>\u00a0| <a href=\"http:\/\/southbohemiaclassic.cz\/wp-content\/uploads\/2016\/09\/exclusive_rt-06.pdf\">Exclusive<\/a><\/li>\n<\/ul>\n<p>Ergebnisse nach\u00a01. Etappe &#8211; <a href=\"http:\/\/southbohemiaclassic.cz\/wp-content\/uploads\/2016\/09\/classic_1etapa.pdf\">Classic<\/a>\u00a0| <a href=\"http:\/\/southbohemiaclassic.cz\/wp-content\/uploads\/2016\/09\/exclusive_1etapa.pdf\">Exclusive<\/a><\/p>\n<ul>\n<li>RT 7 Hotel RELAX &#8211; <a href=\"http:\/\/southbohemiaclassic.cz\/wp-content\/uploads\/2016\/09\/classic_rt-07.pdf\">Classic<\/a><\/li>\n<li>RT 8 Go-karts Horn\u00ed Plan\u00e1 &#8211; <a href=\"http:\/\/southbohemiaclassic.cz\/wp-content\/uploads\/2016\/09\/classic_rt-08.pdf\">Classic<\/a>\u00a0| <a href=\"http:\/\/southbohemiaclassic.cz\/wp-content\/uploads\/2016\/09\/exclusive_rt-08.pdf\">Exclusive<\/a><\/li>\n<li>RT 9 Dreisesselalm &#8211; <a href=\"http:\/\/southbohemiaclassic.cz\/wp-content\/uploads\/2016\/09\/classic_rt-09.pdf\">Classic<\/a>\u00a0| <a href=\"http:\/\/southbohemiaclassic.cz\/wp-content\/uploads\/2016\/09\/exclusive_rt-09.pdf\">Exclusive<\/a><\/li>\n<li>ST 1 Mattoni &#8211; <a href=\"http:\/\/southbohemiaclassic.cz\/wp-content\/uploads\/2016\/09\/classic_st-01.pdf\">Classic<\/a>\u00a0| <a href=\"http:\/\/southbohemiaclassic.cz\/wp-content\/uploads\/2016\/09\/exclusive_rt-10.pdf\">Exclusive<\/a><\/li>\n<li>RT 10 \u0160umava &#8211; <a href=\"http:\/\/southbohemiaclassic.cz\/wp-content\/uploads\/2016\/09\/classic_rt-10.pdf\">Classic<\/a>\u00a0| <a href=\"http:\/\/southbohemiaclassic.cz\/wp-content\/uploads\/2016\/09\/exclusive_rt-10.pdf\">Exclusive<\/a><\/li>\n<li>RT 11 M\u011bsto Vimperk &#8211; <a href=\"http:\/\/southbohemiaclassic.cz\/wp-content\/uploads\/2016\/09\/classic_rt-11.pdf\">Classic<\/a>\u00a0| <a href=\"http:\/\/southbohemiaclassic.cz\/wp-content\/uploads\/2016\/09\/exclusive_rt-11.pdf\">Exclusive<\/a><\/li>\n<li>RT 12 M\u011bstsk\u00e1 knihovna Prachatice &#8211; <a href=\"http:\/\/southbohemiaclassic.cz\/wp-content\/uploads\/2016\/09\/classic_rt-12.pdf\">Classic<\/a>\u00a0| <a href=\"http:\/\/southbohemiaclassic.cz\/wp-content\/uploads\/2016\/09\/exclusive_rt-12.pdf\">Exclusive<\/a><\/li>\n<li>RT 13 CB AUTO &#8211; <a href=\"http:\/\/southbohemiaclassic.cz\/wp-content\/uploads\/2016\/09\/classic_rt-13.pdf\">Classic<\/a>\u00a0| <a href=\"http:\/\/southbohemiaclassic.cz\/wp-content\/uploads\/2016\/09\/exclusive_rt-13.pdf\">Exclusive<\/a><\/li>\n<\/ul>\n<p>Ergebnisse im\u00a02. Etappe &#8211; <a href=\"http:\/\/southbohemiaclassic.cz\/wp-content\/uploads\/2016\/09\/classic_2etapa.pdf\">Classic<\/a>\u00a0| <a href=\"http:\/\/southbohemiaclassic.cz\/wp-content\/uploads\/2016\/09\/exclusive_2etapa.pdf\">Exclusive<\/a><\/p>\n<p>Endergebnisse\u00a0&#8211; <a href=\"http:\/\/southbohemiaclassic.cz\/wp-content\/uploads\/2016\/09\/classic_celkove.pdf\">Classic<\/a>\u00a0| <a href=\"http:\/\/southbohemiaclassic.cz\/wp-content\/uploads\/2016\/09\/exclusive_celkove.pdf\">Exclusive<\/a>\u00a0| <a href=\"http:\/\/southbohemiaclassic.cz\/wp-content\/uploads\/2016\/09\/mechanicke-stopky.pdf\">Mechanische Stopuhr<\/a>\u00a0| <a href=\"http:\/\/southbohemiaclassic.cz\/wp-content\/uploads\/2016\/09\/damsky-pohar.pdf\">Damenpokal<\/a>\u00a0| <a href=\"http:\/\/southbohemiaclassic.cz\/wp-content\/uploads\/2016\/09\/rodinny-pohar.pdf\">Familienpokal<\/a><\/p>","protected":false},"excerpt":{"rendered":"<p>RT 1 \u00daAMK &#8211; Classic\u00a0| Exclusive RT 2 KOMAT\u00a0&#8211; Classic\u00a0| Exclusive RT 3 Statut\u00e1rn\u00ed m\u011bsto \u010cesk\u00e9 Bud\u011bjovice &#8211; Classic\u00a0| Exclusive RT 4 Obec Chval\u0161iny &#8211; Classic\u00a0| Exclusive RT 5 M\u011bsto \u010cesk\u00fd Krumlov &#8211; Classic\u00a0| Exclusive RT 6 Obec \u010cern\u00e1 v Po\u0161umav\u00ed &#8211; Classic\u00a0| Exclusive Ergebnisse nach\u00a01. Etappe &#8211; Classic\u00a0| Exclusive RT 7 Hotel RELAX &#8211; [&hellip;]<\/p>\n","protected":false},"author":2,"featured_media":0,"parent":0,"menu_order":0,"comment_status":"closed","ping_status":"closed","template":"","meta":{"_acf_changed":false,"ngg_post_thumbnail":0,"footnotes":""},"class_list":["post-494","page","type-page","status-publish","hentry"],"acf":[],"yoast_head":"<!-- This site is optimized with the Yoast SEO plugin v27.3 - https:\/\/yoast.com\/product\/yoast-seo-wordpress\/ -->\n<title>Ergebnisse VII. South Bohemia Classic 2016 - South Bohemia Classic<\/title>\n<meta name=\"robots\" content=\"index, follow, max-snippet:-1, max-image-preview:large, max-video-preview:-1\" \/>\n<link rel=\"canonical\" href=\"https:\/\/southbohemiaclassic.cz\/vysledky-2016\/\" \/>\n<meta property=\"og:locale\" content=\"de_DE\" \/>\n<meta property=\"og:type\" content=\"article\" \/>\n<meta property=\"og:title\" content=\"[:cs]V\u00fdsledky VII. South Bohemia Classic 2016[:de]Ergebnisse VII. South Bohemia Classic 2016[:en]Results VII. South Bohemia Classic 2016[:] - South Bohemia Classic\" \/>\n<meta property=\"og:description\" content=\"RT 1 \u00daAMK &#8211; Classic\u00a0| Exclusive RT 2 KOMAT\u00a0&#8211; Classic\u00a0| Exclusive RT 3 Statut\u00e1rn\u00ed m\u011bsto \u010cesk\u00e9 Bud\u011bjovice &#8211; Classic\u00a0| Exclusive RT 4 Obec Chval\u0161iny &#8211; Classic\u00a0| Exclusive RT 5 M\u011bsto \u010cesk\u00fd Krumlov &#8211; Classic\u00a0| Exclusive RT 6 Obec \u010cern\u00e1 v Po\u0161umav\u00ed &#8211; Classic\u00a0| Exclusive Ergebnisse nach\u00a01. Etappe &#8211; Classic\u00a0| Exclusive RT 7 Hotel RELAX &#8211; [&hellip;]\" \/>\n<meta property=\"og:url\" content=\"https:\/\/southbohemiaclassic.cz\/vysledky-2016\/\" \/>\n<meta property=\"og:site_name\" content=\"South Bohemia Classic\" \/>\n<meta property=\"article:modified_time\" content=\"2016-10-13T19:51:25+00:00\" \/>\n<meta name=\"twitter:card\" content=\"summary_large_image\" \/>\n<meta name=\"twitter:label1\" content=\"Gesch\u00e4tzte Lesezeit\" \/>\n\t<meta name=\"twitter:data1\" content=\"2\u00a0Minuten\" \/>\n<script type=\"application\/ld+json\" class=\"yoast-schema-graph\">{\"@context\":\"https:\\\/\\\/schema.org\",\"@graph\":[{\"@type\":\"WebPage\",\"@id\":\"https:\\\/\\\/southbohemiaclassic.cz\\\/vysledky-2016\\\/\",\"url\":\"https:\\\/\\\/southbohemiaclassic.cz\\\/vysledky-2016\\\/\",\"name\":\"[:cs]V\u00fdsledky VII. South Bohemia Classic 2016[:de]Ergebnisse VII. South Bohemia Classic 2016[:en]Results VII. South Bohemia Classic 2016[:] - South Bohemia Classic\",\"isPartOf\":{\"@id\":\"https:\\\/\\\/southbohemiaclassic.cz\\\/#website\"},\"datePublished\":\"2016-09-11T16:45:52+00:00\",\"dateModified\":\"2016-10-13T19:51:25+00:00\",\"breadcrumb\":{\"@id\":\"https:\\\/\\\/southbohemiaclassic.cz\\\/vysledky-2016\\\/#breadcrumb\"},\"inLanguage\":\"de\",\"potentialAction\":[{\"@type\":\"ReadAction\",\"target\":[\"https:\\\/\\\/southbohemiaclassic.cz\\\/vysledky-2016\\\/\"]}]},{\"@type\":\"BreadcrumbList\",\"@id\":\"https:\\\/\\\/southbohemiaclassic.cz\\\/vysledky-2016\\\/#breadcrumb\",\"itemListElement\":[{\"@type\":\"ListItem\",\"position\":1,\"name\":\"Dom\u016f\",\"item\":\"https:\\\/\\\/southbohemiaclassic.cz\\\/\"},{\"@type\":\"ListItem\",\"position\":2,\"name\":\"V\u00fdsledky VII. South Bohemia Classic 2016\"}]},{\"@type\":\"WebSite\",\"@id\":\"https:\\\/\\\/southbohemiaclassic.cz\\\/#website\",\"url\":\"https:\\\/\\\/southbohemiaclassic.cz\\\/\",\"name\":\"South Bohemia Classic\",\"description\":\"South Bohemia Classic\",\"potentialAction\":[{\"@type\":\"SearchAction\",\"target\":{\"@type\":\"EntryPoint\",\"urlTemplate\":\"https:\\\/\\\/southbohemiaclassic.cz\\\/?s={search_term_string}\"},\"query-input\":{\"@type\":\"PropertyValueSpecification\",\"valueRequired\":true,\"valueName\":\"search_term_string\"}}],\"inLanguage\":\"de\"}]}<\/script>\n<!-- \/ Yoast SEO plugin. -->","yoast_head_json":{"title":"[:cs]V\u00fdsledky VII. South Bohemia Classic 2016[:de]Ergebnisse VII. South Bohemia Classic 2016[:en]Results VII. South Bohemia Classic 2016[:] - South Bohemia Classic","robots":{"index":"index","follow":"follow","max-snippet":"max-snippet:-1","max-image-preview":"max-image-preview:large","max-video-preview":"max-video-preview:-1"},"canonical":"https:\/\/southbohemiaclassic.cz\/vysledky-2016\/","og_locale":"de_DE","og_type":"article","og_title":"[:cs]V\u00fdsledky VII. South Bohemia Classic 2016[:de]Ergebnisse VII. South Bohemia Classic 2016[:en]Results VII. South Bohemia Classic 2016[:] - South Bohemia Classic","og_description":"RT 1 \u00daAMK &#8211; Classic\u00a0| Exclusive RT 2 KOMAT\u00a0&#8211; Classic\u00a0| Exclusive RT 3 Statut\u00e1rn\u00ed m\u011bsto \u010cesk\u00e9 Bud\u011bjovice &#8211; Classic\u00a0| Exclusive RT 4 Obec Chval\u0161iny &#8211; Classic\u00a0| Exclusive RT 5 M\u011bsto \u010cesk\u00fd Krumlov &#8211; Classic\u00a0| Exclusive RT 6 Obec \u010cern\u00e1 v Po\u0161umav\u00ed &#8211; Classic\u00a0| Exclusive Ergebnisse nach\u00a01. Etappe &#8211; Classic\u00a0| Exclusive RT 7 Hotel RELAX &#8211; [&hellip;]","og_url":"https:\/\/southbohemiaclassic.cz\/vysledky-2016\/","og_site_name":"South Bohemia Classic","article_modified_time":"2016-10-13T19:51:25+00:00","twitter_card":"summary_large_image","twitter_misc":{"Gesch\u00e4tzte Lesezeit":"2\u00a0Minuten"},"schema":{"@context":"https:\/\/schema.org","@graph":[{"@type":"WebPage","@id":"https:\/\/southbohemiaclassic.cz\/vysledky-2016\/","url":"https:\/\/southbohemiaclassic.cz\/vysledky-2016\/","name":"[:cs]V\u00fdsledky VII. South Bohemia Classic 2016[:de]Ergebnisse VII. South Bohemia Classic 2016[:en]Results VII. South Bohemia Classic 2016[:] - South Bohemia Classic","isPartOf":{"@id":"https:\/\/southbohemiaclassic.cz\/#website"},"datePublished":"2016-09-11T16:45:52+00:00","dateModified":"2016-10-13T19:51:25+00:00","breadcrumb":{"@id":"https:\/\/southbohemiaclassic.cz\/vysledky-2016\/#breadcrumb"},"inLanguage":"de","potentialAction":[{"@type":"ReadAction","target":["https:\/\/southbohemiaclassic.cz\/vysledky-2016\/"]}]},{"@type":"BreadcrumbList","@id":"https:\/\/southbohemiaclassic.cz\/vysledky-2016\/#breadcrumb","itemListElement":[{"@type":"ListItem","position":1,"name":"Dom\u016f","item":"https:\/\/southbohemiaclassic.cz\/"},{"@type":"ListItem","position":2,"name":"V\u00fdsledky VII. South Bohemia Classic 2016"}]},{"@type":"WebSite","@id":"https:\/\/southbohemiaclassic.cz\/#website","url":"https:\/\/southbohemiaclassic.cz\/","name":"South Bohemia Classic","description":"South Bohemia Classic","potentialAction":[{"@type":"SearchAction","target":{"@type":"EntryPoint","urlTemplate":"https:\/\/southbohemiaclassic.cz\/?s={search_term_string}"},"query-input":{"@type":"PropertyValueSpecification","valueRequired":true,"valueName":"search_term_string"}}],"inLanguage":"de"}]}},"_links":{"self":[{"href":"https:\/\/southbohemiaclassic.cz\/de\/wp-json\/wp\/v2\/pages\/494","targetHints":{"allow":["GET"]}}],"collection":[{"href":"https:\/\/southbohemiaclassic.cz\/de\/wp-json\/wp\/v2\/pages"}],"about":[{"href":"https:\/\/southbohemiaclassic.cz\/de\/wp-json\/wp\/v2\/types\/page"}],"author":[{"embeddable":true,"href":"https:\/\/southbohemiaclassic.cz\/de\/wp-json\/wp\/v2\/users\/2"}],"replies":[{"embeddable":true,"href":"https:\/\/southbohemiaclassic.cz\/de\/wp-json\/wp\/v2\/comments?post=494"}],"version-history":[{"count":3,"href":"https:\/\/southbohemiaclassic.cz\/de\/wp-json\/wp\/v2\/pages\/494\/revisions"}],"predecessor-version":[{"id":793,"href":"https:\/\/southbohemiaclassic.cz\/de\/wp-json\/wp\/v2\/pages\/494\/revisions\/793"}],"wp:attachment":[{"href":"https:\/\/southbohemiaclassic.cz\/de\/wp-json\/wp\/v2\/media?parent=494"}],"curies":[{"name":"wp","href":"https:\/\/api.w.org\/{rel}","templated":true}]}}