{"id":476,"date":"2016-09-05T23:54:43","date_gmt":"2016-09-05T22:54:43","guid":{"rendered":"http:\/\/southbohemiaclassic.cz\/?page_id=476"},"modified":"2017-08-23T18:35:32","modified_gmt":"2017-08-23T17:35:32","slug":"vyveska-2016","status":"publish","type":"page","link":"https:\/\/southbohemiaclassic.cz\/de\/vyveska-2016\/","title":{"rendered":"Online Aushang 2016"},"content":{"rendered":"<p><\/p>\n<ul>\n<li><a href=\"http:\/\/southbohemiaclassic.cz\/vysledky-2016\/\">Ergebnisse<\/a><\/li>\n<li><a href=\"http:\/\/southbohemiaclassic.cz\/wp-content\/uploads\/2016\/09\/sbc2016_cedule.pdf\">Zeichenerkl\u00e4rung<\/a><\/li>\n<li><a href=\"http:\/\/southbohemiaclassic.cz\/wp-content\/uploads\/2016\/09\/sbc2016_informace-pred-startem_de.pdf\">Information f\u00fcr Teilnehmer<\/a><\/li>\n<li><a href=\"http:\/\/southbohemiaclassic.cz\/wp-content\/uploads\/2016\/09\/sbc2016_prihlasene-posadky.pdf\">Nennliste<\/a><\/li>\n<li><a href=\"http:\/\/southbohemiaclassic.cz\/wp-content\/uploads\/2016\/08\/sbc2016_harmonogram.pdf\">Zeitplan<\/a><\/li>\n<li><a href=\"http:\/\/southbohemiaclassic.cz\/wp-content\/uploads\/2016\/09\/sbc2016_povinna-reklama.pdf\">Wagensbeklebung<\/a><\/li>\n<li><a href=\"http:\/\/southbohemiaclassic.cz\/wp-content\/uploads\/2016\/09\/sbc2016_zu-de.pdf\">Ausschreibung<\/a><\/li>\n<\/ul>\n<p><\/p>","protected":false},"excerpt":{"rendered":"<p>Ergebnisse Zeichenerkl\u00e4rung Information f\u00fcr Teilnehmer Nennliste Zeitplan Wagensbeklebung Ausschreibung<\/p>\n","protected":false},"author":2,"featured_media":0,"parent":0,"menu_order":0,"comment_status":"closed","ping_status":"closed","template":"","meta":{"_acf_changed":false,"ngg_post_thumbnail":0,"footnotes":""},"class_list":["post-476","page","type-page","status-publish","hentry"],"acf":[],"yoast_head":"<!-- This site is optimized with the Yoast SEO plugin v27.3 - https:\/\/yoast.com\/product\/yoast-seo-wordpress\/ -->\n<title>Online Aushang 2016 - South Bohemia Classic<\/title>\n<meta name=\"robots\" content=\"index, follow, max-snippet:-1, max-image-preview:large, max-video-preview:-1\" \/>\n<link rel=\"canonical\" href=\"https:\/\/southbohemiaclassic.cz\/vyveska-2016\/\" \/>\n<meta property=\"og:locale\" content=\"de_DE\" \/>\n<meta property=\"og:type\" content=\"article\" \/>\n<meta property=\"og:title\" content=\"[:cs]Elektronick\u00e1 v\u00fdv\u011bska 2016[:de]Online Aushang 2016[:en]Online Notice Board 2016[:] - South Bohemia Classic\" \/>\n<meta property=\"og:description\" content=\"Ergebnisse Zeichenerkl\u00e4rung Information f\u00fcr Teilnehmer Nennliste Zeitplan Wagensbeklebung Ausschreibung\" \/>\n<meta property=\"og:url\" content=\"https:\/\/southbohemiaclassic.cz\/vyveska-2016\/\" \/>\n<meta property=\"og:site_name\" content=\"South Bohemia Classic\" \/>\n<meta property=\"article:modified_time\" content=\"2017-08-23T17:35:32+00:00\" \/>\n<meta name=\"twitter:card\" content=\"summary_large_image\" \/>\n<script type=\"application\/ld+json\" class=\"yoast-schema-graph\">{\"@context\":\"https:\\\/\\\/schema.org\",\"@graph\":[{\"@type\":\"WebPage\",\"@id\":\"https:\\\/\\\/southbohemiaclassic.cz\\\/vyveska-2016\\\/\",\"url\":\"https:\\\/\\\/southbohemiaclassic.cz\\\/vyveska-2016\\\/\",\"name\":\"[:cs]Elektronick\u00e1 v\u00fdv\u011bska 2016[:de]Online Aushang 2016[:en]Online Notice Board 2016[:] - South Bohemia Classic\",\"isPartOf\":{\"@id\":\"https:\\\/\\\/southbohemiaclassic.cz\\\/#website\"},\"datePublished\":\"2016-09-05T22:54:43+00:00\",\"dateModified\":\"2017-08-23T17:35:32+00:00\",\"breadcrumb\":{\"@id\":\"https:\\\/\\\/southbohemiaclassic.cz\\\/vyveska-2016\\\/#breadcrumb\"},\"inLanguage\":\"de\",\"potentialAction\":[{\"@type\":\"ReadAction\",\"target\":[\"https:\\\/\\\/southbohemiaclassic.cz\\\/vyveska-2016\\\/\"]}]},{\"@type\":\"BreadcrumbList\",\"@id\":\"https:\\\/\\\/southbohemiaclassic.cz\\\/vyveska-2016\\\/#breadcrumb\",\"itemListElement\":[{\"@type\":\"ListItem\",\"position\":1,\"name\":\"Dom\u016f\",\"item\":\"https:\\\/\\\/southbohemiaclassic.cz\\\/\"},{\"@type\":\"ListItem\",\"position\":2,\"name\":\"Elektronick\u00e1 v\u00fdv\u011bska 2016\"}]},{\"@type\":\"WebSite\",\"@id\":\"https:\\\/\\\/southbohemiaclassic.cz\\\/#website\",\"url\":\"https:\\\/\\\/southbohemiaclassic.cz\\\/\",\"name\":\"South Bohemia Classic\",\"description\":\"South Bohemia Classic\",\"potentialAction\":[{\"@type\":\"SearchAction\",\"target\":{\"@type\":\"EntryPoint\",\"urlTemplate\":\"https:\\\/\\\/southbohemiaclassic.cz\\\/?s={search_term_string}\"},\"query-input\":{\"@type\":\"PropertyValueSpecification\",\"valueRequired\":true,\"valueName\":\"search_term_string\"}}],\"inLanguage\":\"de\"}]}<\/script>\n<!-- \/ Yoast SEO plugin. -->","yoast_head_json":{"title":"[:cs]Elektronick\u00e1 v\u00fdv\u011bska 2016[:de]Online Aushang 2016[:en]Online Notice Board 2016[:] - South Bohemia Classic","robots":{"index":"index","follow":"follow","max-snippet":"max-snippet:-1","max-image-preview":"max-image-preview:large","max-video-preview":"max-video-preview:-1"},"canonical":"https:\/\/southbohemiaclassic.cz\/vyveska-2016\/","og_locale":"de_DE","og_type":"article","og_title":"[:cs]Elektronick\u00e1 v\u00fdv\u011bska 2016[:de]Online Aushang 2016[:en]Online Notice Board 2016[:] - South Bohemia Classic","og_description":"Ergebnisse Zeichenerkl\u00e4rung Information f\u00fcr Teilnehmer Nennliste Zeitplan Wagensbeklebung Ausschreibung","og_url":"https:\/\/southbohemiaclassic.cz\/vyveska-2016\/","og_site_name":"South Bohemia Classic","article_modified_time":"2017-08-23T17:35:32+00:00","twitter_card":"summary_large_image","schema":{"@context":"https:\/\/schema.org","@graph":[{"@type":"WebPage","@id":"https:\/\/southbohemiaclassic.cz\/vyveska-2016\/","url":"https:\/\/southbohemiaclassic.cz\/vyveska-2016\/","name":"[:cs]Elektronick\u00e1 v\u00fdv\u011bska 2016[:de]Online Aushang 2016[:en]Online Notice Board 2016[:] - South Bohemia Classic","isPartOf":{"@id":"https:\/\/southbohemiaclassic.cz\/#website"},"datePublished":"2016-09-05T22:54:43+00:00","dateModified":"2017-08-23T17:35:32+00:00","breadcrumb":{"@id":"https:\/\/southbohemiaclassic.cz\/vyveska-2016\/#breadcrumb"},"inLanguage":"de","potentialAction":[{"@type":"ReadAction","target":["https:\/\/southbohemiaclassic.cz\/vyveska-2016\/"]}]},{"@type":"BreadcrumbList","@id":"https:\/\/southbohemiaclassic.cz\/vyveska-2016\/#breadcrumb","itemListElement":[{"@type":"ListItem","position":1,"name":"Dom\u016f","item":"https:\/\/southbohemiaclassic.cz\/"},{"@type":"ListItem","position":2,"name":"Elektronick\u00e1 v\u00fdv\u011bska 2016"}]},{"@type":"WebSite","@id":"https:\/\/southbohemiaclassic.cz\/#website","url":"https:\/\/southbohemiaclassic.cz\/","name":"South Bohemia Classic","description":"South Bohemia Classic","potentialAction":[{"@type":"SearchAction","target":{"@type":"EntryPoint","urlTemplate":"https:\/\/southbohemiaclassic.cz\/?s={search_term_string}"},"query-input":{"@type":"PropertyValueSpecification","valueRequired":true,"valueName":"search_term_string"}}],"inLanguage":"de"}]}},"_links":{"self":[{"href":"https:\/\/southbohemiaclassic.cz\/de\/wp-json\/wp\/v2\/pages\/476","targetHints":{"allow":["GET"]}}],"collection":[{"href":"https:\/\/southbohemiaclassic.cz\/de\/wp-json\/wp\/v2\/pages"}],"about":[{"href":"https:\/\/southbohemiaclassic.cz\/de\/wp-json\/wp\/v2\/types\/page"}],"author":[{"embeddable":true,"href":"https:\/\/southbohemiaclassic.cz\/de\/wp-json\/wp\/v2\/users\/2"}],"replies":[{"embeddable":true,"href":"https:\/\/southbohemiaclassic.cz\/de\/wp-json\/wp\/v2\/comments?post=476"}],"version-history":[{"count":6,"href":"https:\/\/southbohemiaclassic.cz\/de\/wp-json\/wp\/v2\/pages\/476\/revisions"}],"predecessor-version":[{"id":1085,"href":"https:\/\/southbohemiaclassic.cz\/de\/wp-json\/wp\/v2\/pages\/476\/revisions\/1085"}],"wp:attachment":[{"href":"https:\/\/southbohemiaclassic.cz\/de\/wp-json\/wp\/v2\/media?parent=476"}],"curies":[{"name":"wp","href":"https:\/\/api.w.org\/{rel}","templated":true}]}}