{"id":3382,"date":"2018-09-01T12:00:21","date_gmt":"2018-09-01T11:00:21","guid":{"rendered":"http:\/\/southbohemiaclassic.cz\/?page_id=3382"},"modified":"2018-09-04T22:27:18","modified_gmt":"2018-09-04T21:27:18","slug":"trasa-2018","status":"publish","type":"page","link":"https:\/\/southbohemiaclassic.cz\/de\/trasa-2018\/","title":{"rendered":"Rallye-Route 2018"},"content":{"rendered":"<p><\/p>\n<h3><strong>I. Etappe &#8211;&nbsp;Durch die Region der Teiche und des Biers (131 km)<\/strong><\/h3>\n<p><strong>Freitag 7. September 2018<\/strong><\/p>\n<table width=\"410\" cellspacing=\"10\">\n<tbody>\n<tr>\n<td width=\"345\">\u010cesk\u00e9 Bud\u011bjovice, Hauptplatz &#8211; START<\/td>\n<td width=\"65\">17:15<\/td>\n<\/tr>\n<tr>\n<td>Mercury centrum, Busbahnhof<\/td>\n<td>17:18<\/td>\n<\/tr>\n<tr>\n<td>\u00daAMK, cvi\u010di\u0161t\u011b, K. Sv\u011btl\u00e9&nbsp;Stra\u00dfe &#8211; TEST<\/td>\n<td>17:25<\/td>\n<\/tr>\n<tr>\n<td>Borek<\/td>\n<td>17:31<\/td>\n<\/tr>\n<tr>\n<td>Hos\u00edn<\/td>\n<td>17:34<\/td>\n<\/tr>\n<tr>\n<td>Hlubok\u00e1 nad Vltavou, Brauerei<\/td>\n<td>17:42<\/td>\n<\/tr>\n<tr>\n<td>\u010cejkovice<\/td>\n<td>17:54<\/td>\n<\/tr>\n<tr>\n<td>Jaronice<\/td>\n<td>17:58<\/td>\n<\/tr>\n<tr>\n<td>\u017dabov\u0159esky<\/td>\n<td>18:00<\/td>\n<\/tr>\n<tr>\n<td>Deht\u00e1\u0159e<\/td>\n<td>18:02<\/td>\n<\/tr>\n<tr>\n<td>Rado\u0161ovice<\/td>\n<td>18:05<\/td>\n<\/tr>\n<tr>\n<td>N\u011bm\u010dice<\/td>\n<td>18:07<\/td>\n<\/tr>\n<tr>\n<td>Zv\u011b\u0159etice<\/td>\n<td>18:11<\/td>\n<\/tr>\n<tr>\n<td>Babice<\/td>\n<td>18:13<\/td>\n<\/tr>\n<tr>\n<td>Chvalovice<\/td>\n<td>18:15<\/td>\n<\/tr>\n<tr>\n<td>Dob\u010dice, Dorfplatz &#8211; TEST<\/td>\n<td>18:18<\/td>\n<\/tr>\n<tr>\n<td>Lipanovice<\/td>\n<td>18:23<\/td>\n<\/tr>\n<tr>\n<td>Hola\u0161ovice, Dorfplatz &#8211; COFFEE BREAK &#8211; 20 Min.<\/td>\n<td>18:30<\/td>\n<\/tr>\n<tr>\n<td>Nov\u00e1 Ves<\/td>\n<td>18:55<\/td>\n<\/tr>\n<tr>\n<td>Brloh<\/td>\n<td>18:59<\/td>\n<\/tr>\n<tr>\n<td>Jansk\u00e9 \u00dadol\u00ed<\/td>\n<td>19:02<\/td>\n<\/tr>\n<tr>\n<td>Chval\u0161iny, Dorfplatz &#8211; TEST<\/td>\n<td>19:11<\/td>\n<\/tr>\n<tr>\n<td>K\u0159enov<\/td>\n<td>19:16<\/td>\n<\/tr>\n<tr>\n<td>\u010cesk\u00fd Krumlov, Hauptplatz &#8211; INTERVIEW &#8211; 10 Min.<\/td>\n<td>19:35<\/td>\n<\/tr>\n<tr>\n<td>Drahoslavice<\/td>\n<td>19:54<\/td>\n<\/tr>\n<tr>\n<td>P\u0159\u00eddol\u00ed, Dorfplatz &#8211; TEST<\/td>\n<td>19:58<\/td>\n<\/tr>\n<tr>\n<td>Pr\u00e1\u010dov<\/td>\n<td>20:04<\/td>\n<\/tr>\n<tr>\n<td>Su\u0161<\/td>\n<td>20:18<\/td>\n<\/tr>\n<tr>\n<td>Sv\u011btl\u00edk<\/td>\n<td>20:27<\/td>\n<\/tr>\n<tr>\n<td>Blatn\u00e1<\/td>\n<td>20:34<\/td>\n<\/tr>\n<tr>\n<td>Frymburk<\/td>\n<td>20:40<\/td>\n<\/tr>\n<tr>\n<td>Miln\u00e1<\/td>\n<td>20:45<\/td>\n<\/tr>\n<tr>\n<td>\u010cern\u00e1 v Po\u0161umav\u00ed<\/td>\n<td>20:53<\/td>\n<\/tr>\n<tr>\n<td>Bli\u017en\u00e1<\/td>\n<td>20:56<\/td>\n<\/tr>\n<tr>\n<td>Doln\u00ed Vltavice, Hotel Resort RELAX &#8211; ZIEL<\/td>\n<td>21:00<\/td>\n<\/tr>\n<\/tbody>\n<\/table>\n<p>&nbsp;<\/p>\n<h3><strong>II. Etappe &#8211; H\u00fcgel ab h\u00fcgel auf (279 km)<\/strong><\/h3>\n<p><strong>Samstag 8. September 2018<\/strong><\/p>\n<table width=\"410\" cellspacing=\"10\">\n<tbody>\n<tr>\n<td width=\"345\">Doln\u00ed Vltavice, Hotel Resort RELAX &#8211; START &amp; TEST<\/td>\n<td width=\"65\">8:15<\/td>\n<\/tr>\n<tr>\n<td>Bli\u017en\u00e1<\/td>\n<td>8:20<\/td>\n<\/tr>\n<tr>\n<td>\u010cern\u00e1 v Po\u0161umav\u00ed<\/td>\n<td>8:23<\/td>\n<\/tr>\n<tr>\n<td>Miln\u00e1<\/td>\n<td>8:30<\/td>\n<\/tr>\n<tr>\n<td>Frymburk<\/td>\n<td>8:35<\/td>\n<\/tr>\n<tr>\n<td>Mal\u0161\u00edn, Dorfplatz &#8211; TEST<\/td>\n<td>8:48<\/td>\n<\/tr>\n<tr>\n<td>V\u011btrn\u00e1<\/td>\n<td>8:51<\/td>\n<\/tr>\n<tr>\n<td>Naho\u0159any<\/td>\n<td>8:58<\/td>\n<\/tr>\n<tr>\n<td>Ro\u017emberk nad Vltavou, Hauptplatz &#8211; TEST<\/td>\n<td>9:08<\/td>\n<\/tr>\n<tr>\n<td>Horn\u00ed Dvo\u0159i\u0161t\u011b<\/td>\n<td>9:24<\/td>\n<\/tr>\n<tr>\n<td>\u010cesk\u00fd Her\u0161l\u00e1k<\/td>\n<td>9:26<\/td>\n<\/tr>\n<tr>\n<td>CZ\/A<\/td>\n<td>9:27<\/td>\n<\/tr>\n<tr>\n<td>Deutsch-H\u00f6rschlag<\/td>\n<td>9:29<\/td>\n<\/tr>\n<tr>\n<td>Rainbach im M\u00fchlkreis<\/td>\n<td>9:33<\/td>\n<\/tr>\n<tr>\n<td>Lichtenau<\/td>\n<td>9:36<\/td>\n<\/tr>\n<tr>\n<td>Windhaag<\/td>\n<td>9:43<\/td>\n<\/tr>\n<tr>\n<td>Oberwindhaag<\/td>\n<td>9:45<\/td>\n<\/tr>\n<tr>\n<td>Sandl<\/td>\n<td>9:55<\/td>\n<\/tr>\n<tr>\n<td>Kohlstatt<\/td>\n<td>9:57<\/td>\n<\/tr>\n<tr>\n<td>A\/CZ<\/td>\n<td>10:12<\/td>\n<\/tr>\n<tr>\n<td>Poho\u0159\u00ed na \u0160umav\u011b<\/td>\n<td>10:18<\/td>\n<\/tr>\n<tr>\n<td>Baron\u016fv most &#8211; COFFEE BREAK &#8211; 15 Min.<\/td>\n<td>10:25<\/td>\n<\/tr>\n<tr>\n<td>Leopoldov<\/td>\n<td>10:43<\/td>\n<\/tr>\n<tr>\n<td>Pohorsk\u00e1 Ves<\/td>\n<td>10:47<\/td>\n<\/tr>\n<tr>\n<td>\u010cern\u00e9 \u00dadol\u00ed<\/td>\n<td>10:53<\/td>\n<\/tr>\n<tr>\n<td>Star\u00e9 Hut\u011b<\/td>\n<td>10:58<\/td>\n<\/tr>\n<tr>\n<td>Hojn\u00e1 Voda<\/td>\n<td>10:59<\/td>\n<\/tr>\n<tr>\n<td>Dobr\u00e1 Voda<\/td>\n<td>11:01<\/td>\n<\/tr>\n<tr>\n<td>Horn\u00ed Stropnice<\/td>\n<td>11:07<\/td>\n<\/tr>\n<tr>\n<td>Sv\u011btv\u00ed<\/td>\n<td>11:10<\/td>\n<\/tr>\n<tr>\n<td>\u00dadol\u00ed u Nov\u00fdch Hrad\u016f<\/td>\n<td>11:14<\/td>\n<\/tr>\n<tr>\n<td>Nov\u00e9 Hrady, Hauptplatz &#8211; TEST<\/td>\n<td>11:18<\/td>\n<\/tr>\n<tr>\n<td>By\u0148ov<\/td>\n<td>11:24<\/td>\n<\/tr>\n<tr>\n<td>Jakule<\/td>\n<td>11:25<\/td>\n<\/tr>\n<tr>\n<td>Pet\u0159\u00edkov<\/td>\n<td>11:31<\/td>\n<\/tr>\n<tr>\n<td>Ole\u0161nice<\/td>\n<td>11:35<\/td>\n<\/tr>\n<tr>\n<td>Lhotka<\/td>\n<td>11:38<\/td>\n<\/tr>\n<tr>\n<td>T\u0159ebe\u010d<\/td>\n<td>11:40<\/td>\n<\/tr>\n<tr>\n<td>Dvorec<\/td>\n<td>11:41<\/td>\n<\/tr>\n<tr>\n<td>Borovany, Kloster &#8211; MITTAGESSEN &#8211; 40 Min.<\/td>\n<td>11:45<\/td>\n<\/tr>\n<tr>\n<td>Dvorec<\/td>\n<td>12:34<\/td>\n<\/tr>\n<tr>\n<td>Trhov\u00e9 Sviny<\/td>\n<td>12:39<\/td>\n<\/tr>\n<tr>\n<td>Mohu\u0159ice<\/td>\n<td>12:45<\/td>\n<\/tr>\n<tr>\n<td>Slav\u010de<\/td>\n<td>12:47<\/td>\n<\/tr>\n<tr>\n<td>Chvalkov<\/td>\n<td>12:49<\/td>\n<\/tr>\n<tr>\n<td>Klen\u00ed<\/td>\n<td>12:55<\/td>\n<\/tr>\n<tr>\n<td>Bene\u0161ov nad \u010cernou<\/td>\n<td>13:00<\/td>\n<\/tr>\n<tr>\n<td>Hradi\u0161t\u011b<\/td>\n<td>13:07<\/td>\n<\/tr>\n<tr>\n<td>Blansko &#8211; TEST<\/td>\n<td>13:11<\/td>\n<\/tr>\n<tr>\n<td>Sob\u011bnov<\/td>\n<td>13:16<\/td>\n<\/tr>\n<tr>\n<td>P\u0159\u00edse\u010dno<\/td>\n<td>13:21<\/td>\n<\/tr>\n<tr>\n<td>Blansko<\/td>\n<td>13:25<\/td>\n<\/tr>\n<tr>\n<td>GRAND PRIX Kaplice<\/td>\n<td>13:30<\/td>\n<\/tr>\n<tr>\n<td>Jarom\u011b\u0159<\/td>\n<td>13:46<\/td>\n<\/tr>\n<tr>\n<td>Malonty, Dorfplatz &#8211; TEST<\/td>\n<td>13:50<\/td>\n<\/tr>\n<tr>\n<td>B\u011bl\u00e1<\/td>\n<td>13:57<\/td>\n<\/tr>\n<tr>\n<td>Cetviny<\/td>\n<td>14:07<\/td>\n<\/tr>\n<tr>\n<td>Tich\u00e1<\/td>\n<td>14:13<\/td>\n<\/tr>\n<tr>\n<td>Svat\u00fd K\u00e1men<\/td>\n<td>14:17<\/td>\n<\/tr>\n<tr>\n<td>Rychnov nad Mal\u0161\u00ed<\/td>\n<td>14:20<\/td>\n<\/tr>\n<tr>\n<td>Doln\u00ed Dvo\u0159i\u0161t\u011b, Casino Imperator &#8211; COFFEE BREAK<\/td>\n<td>14:25<\/td>\n<\/tr>\n<tr>\n<td>Rybn\u00edk<\/td>\n<td>14:42<\/td>\n<\/tr>\n<tr>\n<td>Vy\u0161\u0161\u00ed Brod, Zeltplatz &#8211; TEST<\/td>\n<td>14:57<\/td>\n<\/tr>\n<tr>\n<td>Lou\u010dovice<\/td>\n<td>15:03<\/td>\n<\/tr>\n<tr>\n<td>Lipno nad Vltavou<\/td>\n<td>15:09<\/td>\n<\/tr>\n<tr>\n<td>Stezka korunami strom\u016f<\/td>\n<td>15:15<\/td>\n<\/tr>\n<tr>\n<td>Slupe\u010dn\u00e1<\/td>\n<td>15:20<\/td>\n<\/tr>\n<tr>\n<td>Frymburk<\/td>\n<td>15:31<\/td>\n<\/tr>\n<tr>\n<td>Miln\u00e1<\/td>\n<td>15:36<\/td>\n<\/tr>\n<tr>\n<td>\u010cern\u00e1 v Po\u0161umav\u00ed<\/td>\n<td>15:43<\/td>\n<\/tr>\n<tr>\n<td>Bli\u017en\u00e1<\/td>\n<td>15:46<\/td>\n<\/tr>\n<tr>\n<td>Doln\u00ed Vltavice, Hotel Resort RELAX &#8211; ZIEL<\/td>\n<td>15:50<\/td>\n<\/tr>\n<\/tbody>\n<\/table>\n<p>&nbsp;<\/p>\n<p><em>Gesch\u00e4tzte Zeit des Durchgang des ersten Fahrzeug.<\/em><\/p>\n<p><a href=\"http:\/\/southbohemiaclassic.cz\/wp-content\/uploads\/2018\/09\/sbc2018_mapa.jpg\" target=\"_blank\" rel=\"noopener\"><img loading=\"lazy\" decoding=\"async\" class=\"alignnone wp-image-3417 size-large\" src=\"http:\/\/southbohemiaclassic.cz\/wp-content\/uploads\/2018\/09\/sbc2018_mapa-1024x1011.jpg\" alt=\"\" width=\"1024\" height=\"1011\" srcset=\"https:\/\/southbohemiaclassic.cz\/wp-content\/uploads\/2018\/09\/sbc2018_mapa-1024x1011.jpg 1024w, https:\/\/southbohemiaclassic.cz\/wp-content\/uploads\/2018\/09\/sbc2018_mapa-300x296.jpg 300w, https:\/\/southbohemiaclassic.cz\/wp-content\/uploads\/2018\/09\/sbc2018_mapa-768x758.jpg 768w\" sizes=\"auto, (max-width: 1024px) 100vw, 1024px\" \/><\/a><\/p>","protected":false},"excerpt":{"rendered":"<p>I. Etappe &#8211;&nbsp;Durch die Region der Teiche und des Biers (131 km) Freitag 7. September 2018 \u010cesk\u00e9 Bud\u011bjovice, Hauptplatz &#8211; START 17:15 Mercury centrum, Busbahnhof 17:18 \u00daAMK, cvi\u010di\u0161t\u011b, K. Sv\u011btl\u00e9&nbsp;Stra\u00dfe &#8211; TEST 17:25 Borek 17:31 Hos\u00edn 17:34 Hlubok\u00e1 nad Vltavou, Brauerei 17:42 \u010cejkovice 17:54 Jaronice 17:58 \u017dabov\u0159esky 18:00 Deht\u00e1\u0159e 18:02 Rado\u0161ovice 18:05 N\u011bm\u010dice 18:07 Zv\u011b\u0159etice [&hellip;]<\/p>\n","protected":false},"author":2,"featured_media":0,"parent":0,"menu_order":0,"comment_status":"closed","ping_status":"closed","template":"","meta":{"_acf_changed":false,"ngg_post_thumbnail":0,"footnotes":""},"class_list":["post-3382","page","type-page","status-publish","hentry"],"acf":[],"yoast_head":"<!-- This site is optimized with the Yoast SEO plugin v27.3 - https:\/\/yoast.com\/product\/yoast-seo-wordpress\/ -->\n<title>Rallye-Route 2018 - South Bohemia Classic<\/title>\n<meta name=\"robots\" content=\"index, follow, max-snippet:-1, max-image-preview:large, max-video-preview:-1\" \/>\n<link rel=\"canonical\" href=\"https:\/\/southbohemiaclassic.cz\/trasa-2018\/\" \/>\n<meta property=\"og:locale\" content=\"de_DE\" \/>\n<meta property=\"og:type\" content=\"article\" \/>\n<meta property=\"og:title\" content=\"[:cs]Trasa sout\u011b\u017ee 2018[:de]Rallye-Route 2018[:en]Route 2018[:] - South Bohemia Classic\" \/>\n<meta property=\"og:description\" content=\"I. Etappe &#8211;&nbsp;Durch die Region der Teiche und des Biers (131 km) Freitag 7. September 2018 \u010cesk\u00e9 Bud\u011bjovice, Hauptplatz &#8211; START 17:15 Mercury centrum, Busbahnhof 17:18 \u00daAMK, cvi\u010di\u0161t\u011b, K. Sv\u011btl\u00e9&nbsp;Stra\u00dfe &#8211; TEST 17:25 Borek 17:31 Hos\u00edn 17:34 Hlubok\u00e1 nad Vltavou, Brauerei 17:42 \u010cejkovice 17:54 Jaronice 17:58 \u017dabov\u0159esky 18:00 Deht\u00e1\u0159e 18:02 Rado\u0161ovice 18:05 N\u011bm\u010dice 18:07 Zv\u011b\u0159etice [&hellip;]\" \/>\n<meta property=\"og:url\" content=\"https:\/\/southbohemiaclassic.cz\/trasa-2018\/\" \/>\n<meta property=\"og:site_name\" content=\"South Bohemia Classic\" \/>\n<meta property=\"article:modified_time\" content=\"2018-09-04T21:27:18+00:00\" \/>\n<meta property=\"og:image\" content=\"http:\/\/southbohemiaclassic.cz\/wp-content\/uploads\/2018\/09\/sbc2018_mapa-1024x1011.jpg\" \/>\n<meta name=\"twitter:card\" content=\"summary_large_image\" \/>\n<meta name=\"twitter:label1\" content=\"Gesch\u00e4tzte Lesezeit\" \/>\n\t<meta name=\"twitter:data1\" content=\"5\u00a0Minuten\" \/>\n<script type=\"application\/ld+json\" class=\"yoast-schema-graph\">{\"@context\":\"https:\\\/\\\/schema.org\",\"@graph\":[{\"@type\":\"WebPage\",\"@id\":\"https:\\\/\\\/southbohemiaclassic.cz\\\/trasa-2018\\\/\",\"url\":\"https:\\\/\\\/southbohemiaclassic.cz\\\/trasa-2018\\\/\",\"name\":\"[:cs]Trasa sout\u011b\u017ee 2018[:de]Rallye-Route 2018[:en]Route 2018[:] - South Bohemia Classic\",\"isPartOf\":{\"@id\":\"https:\\\/\\\/southbohemiaclassic.cz\\\/#website\"},\"primaryImageOfPage\":{\"@id\":\"https:\\\/\\\/southbohemiaclassic.cz\\\/trasa-2018\\\/#primaryimage\"},\"image\":{\"@id\":\"https:\\\/\\\/southbohemiaclassic.cz\\\/trasa-2018\\\/#primaryimage\"},\"thumbnailUrl\":\"http:\\\/\\\/southbohemiaclassic.cz\\\/wp-content\\\/uploads\\\/2018\\\/09\\\/sbc2018_mapa-1024x1011.jpg\",\"datePublished\":\"2018-09-01T11:00:21+00:00\",\"dateModified\":\"2018-09-04T21:27:18+00:00\",\"breadcrumb\":{\"@id\":\"https:\\\/\\\/southbohemiaclassic.cz\\\/trasa-2018\\\/#breadcrumb\"},\"inLanguage\":\"de\",\"potentialAction\":[{\"@type\":\"ReadAction\",\"target\":[\"https:\\\/\\\/southbohemiaclassic.cz\\\/trasa-2018\\\/\"]}]},{\"@type\":\"ImageObject\",\"inLanguage\":\"de\",\"@id\":\"https:\\\/\\\/southbohemiaclassic.cz\\\/trasa-2018\\\/#primaryimage\",\"url\":\"http:\\\/\\\/southbohemiaclassic.cz\\\/wp-content\\\/uploads\\\/2018\\\/09\\\/sbc2018_mapa-1024x1011.jpg\",\"contentUrl\":\"http:\\\/\\\/southbohemiaclassic.cz\\\/wp-content\\\/uploads\\\/2018\\\/09\\\/sbc2018_mapa-1024x1011.jpg\"},{\"@type\":\"BreadcrumbList\",\"@id\":\"https:\\\/\\\/southbohemiaclassic.cz\\\/trasa-2018\\\/#breadcrumb\",\"itemListElement\":[{\"@type\":\"ListItem\",\"position\":1,\"name\":\"Dom\u016f\",\"item\":\"https:\\\/\\\/southbohemiaclassic.cz\\\/\"},{\"@type\":\"ListItem\",\"position\":2,\"name\":\"Trasa sout\u011b\u017ee 2018\"}]},{\"@type\":\"WebSite\",\"@id\":\"https:\\\/\\\/southbohemiaclassic.cz\\\/#website\",\"url\":\"https:\\\/\\\/southbohemiaclassic.cz\\\/\",\"name\":\"South Bohemia Classic\",\"description\":\"South Bohemia Classic\",\"potentialAction\":[{\"@type\":\"SearchAction\",\"target\":{\"@type\":\"EntryPoint\",\"urlTemplate\":\"https:\\\/\\\/southbohemiaclassic.cz\\\/?s={search_term_string}\"},\"query-input\":{\"@type\":\"PropertyValueSpecification\",\"valueRequired\":true,\"valueName\":\"search_term_string\"}}],\"inLanguage\":\"de\"}]}<\/script>\n<!-- \/ Yoast SEO plugin. -->","yoast_head_json":{"title":"[:cs]Trasa sout\u011b\u017ee 2018[:de]Rallye-Route 2018[:en]Route 2018[:] - South Bohemia Classic","robots":{"index":"index","follow":"follow","max-snippet":"max-snippet:-1","max-image-preview":"max-image-preview:large","max-video-preview":"max-video-preview:-1"},"canonical":"https:\/\/southbohemiaclassic.cz\/trasa-2018\/","og_locale":"de_DE","og_type":"article","og_title":"[:cs]Trasa sout\u011b\u017ee 2018[:de]Rallye-Route 2018[:en]Route 2018[:] - South Bohemia Classic","og_description":"I. Etappe &#8211;&nbsp;Durch die Region der Teiche und des Biers (131 km) Freitag 7. September 2018 \u010cesk\u00e9 Bud\u011bjovice, Hauptplatz &#8211; START 17:15 Mercury centrum, Busbahnhof 17:18 \u00daAMK, cvi\u010di\u0161t\u011b, K. Sv\u011btl\u00e9&nbsp;Stra\u00dfe &#8211; TEST 17:25 Borek 17:31 Hos\u00edn 17:34 Hlubok\u00e1 nad Vltavou, Brauerei 17:42 \u010cejkovice 17:54 Jaronice 17:58 \u017dabov\u0159esky 18:00 Deht\u00e1\u0159e 18:02 Rado\u0161ovice 18:05 N\u011bm\u010dice 18:07 Zv\u011b\u0159etice [&hellip;]","og_url":"https:\/\/southbohemiaclassic.cz\/trasa-2018\/","og_site_name":"South Bohemia Classic","article_modified_time":"2018-09-04T21:27:18+00:00","og_image":[{"url":"http:\/\/southbohemiaclassic.cz\/wp-content\/uploads\/2018\/09\/sbc2018_mapa-1024x1011.jpg","type":"","width":"","height":""}],"twitter_card":"summary_large_image","twitter_misc":{"Gesch\u00e4tzte Lesezeit":"5\u00a0Minuten"},"schema":{"@context":"https:\/\/schema.org","@graph":[{"@type":"WebPage","@id":"https:\/\/southbohemiaclassic.cz\/trasa-2018\/","url":"https:\/\/southbohemiaclassic.cz\/trasa-2018\/","name":"[:cs]Trasa sout\u011b\u017ee 2018[:de]Rallye-Route 2018[:en]Route 2018[:] - South Bohemia Classic","isPartOf":{"@id":"https:\/\/southbohemiaclassic.cz\/#website"},"primaryImageOfPage":{"@id":"https:\/\/southbohemiaclassic.cz\/trasa-2018\/#primaryimage"},"image":{"@id":"https:\/\/southbohemiaclassic.cz\/trasa-2018\/#primaryimage"},"thumbnailUrl":"http:\/\/southbohemiaclassic.cz\/wp-content\/uploads\/2018\/09\/sbc2018_mapa-1024x1011.jpg","datePublished":"2018-09-01T11:00:21+00:00","dateModified":"2018-09-04T21:27:18+00:00","breadcrumb":{"@id":"https:\/\/southbohemiaclassic.cz\/trasa-2018\/#breadcrumb"},"inLanguage":"de","potentialAction":[{"@type":"ReadAction","target":["https:\/\/southbohemiaclassic.cz\/trasa-2018\/"]}]},{"@type":"ImageObject","inLanguage":"de","@id":"https:\/\/southbohemiaclassic.cz\/trasa-2018\/#primaryimage","url":"http:\/\/southbohemiaclassic.cz\/wp-content\/uploads\/2018\/09\/sbc2018_mapa-1024x1011.jpg","contentUrl":"http:\/\/southbohemiaclassic.cz\/wp-content\/uploads\/2018\/09\/sbc2018_mapa-1024x1011.jpg"},{"@type":"BreadcrumbList","@id":"https:\/\/southbohemiaclassic.cz\/trasa-2018\/#breadcrumb","itemListElement":[{"@type":"ListItem","position":1,"name":"Dom\u016f","item":"https:\/\/southbohemiaclassic.cz\/"},{"@type":"ListItem","position":2,"name":"Trasa sout\u011b\u017ee 2018"}]},{"@type":"WebSite","@id":"https:\/\/southbohemiaclassic.cz\/#website","url":"https:\/\/southbohemiaclassic.cz\/","name":"South Bohemia Classic","description":"South Bohemia Classic","potentialAction":[{"@type":"SearchAction","target":{"@type":"EntryPoint","urlTemplate":"https:\/\/southbohemiaclassic.cz\/?s={search_term_string}"},"query-input":{"@type":"PropertyValueSpecification","valueRequired":true,"valueName":"search_term_string"}}],"inLanguage":"de"}]}},"_links":{"self":[{"href":"https:\/\/southbohemiaclassic.cz\/de\/wp-json\/wp\/v2\/pages\/3382","targetHints":{"allow":["GET"]}}],"collection":[{"href":"https:\/\/southbohemiaclassic.cz\/de\/wp-json\/wp\/v2\/pages"}],"about":[{"href":"https:\/\/southbohemiaclassic.cz\/de\/wp-json\/wp\/v2\/types\/page"}],"author":[{"embeddable":true,"href":"https:\/\/southbohemiaclassic.cz\/de\/wp-json\/wp\/v2\/users\/2"}],"replies":[{"embeddable":true,"href":"https:\/\/southbohemiaclassic.cz\/de\/wp-json\/wp\/v2\/comments?post=3382"}],"version-history":[{"count":9,"href":"https:\/\/southbohemiaclassic.cz\/de\/wp-json\/wp\/v2\/pages\/3382\/revisions"}],"predecessor-version":[{"id":3419,"href":"https:\/\/southbohemiaclassic.cz\/de\/wp-json\/wp\/v2\/pages\/3382\/revisions\/3419"}],"wp:attachment":[{"href":"https:\/\/southbohemiaclassic.cz\/de\/wp-json\/wp\/v2\/media?parent=3382"}],"curies":[{"name":"wp","href":"https:\/\/api.w.org\/{rel}","templated":true}]}}