{"id":3335,"date":"2018-09-01T07:00:41","date_gmt":"2018-09-01T06:00:41","guid":{"rendered":"http:\/\/southbohemiaclassic.cz\/?page_id=3335"},"modified":"2018-09-01T22:36:59","modified_gmt":"2018-09-01T21:36:59","slug":"dotaznik","status":"publish","type":"page","link":"https:\/\/southbohemiaclassic.cz\/de\/dotaznik\/","title":{"rendered":"Fragebogen f\u00fcr die Teilnehmer"},"content":{"rendered":"<p><\/p>\n<p style=\"text-align: center;\">Diese Informationen werden f\u00fcr Presentation den Besarzungen in der Laufe IX. South Bohemia Classic 2018 verwendet.<\/p>\n<p style=\"text-align: center;\">Das Formblatt verwenden Sie auch f\u00fcr Nennung in <strong>Teampokal<\/strong>.<\/p>\n<p style=\"text-align: center;\"><span style=\"text-decoration: underline;\"><a href=\"http:\/\/southbohemiaclassic.cz\/wp-content\/uploads\/2018\/08\/sbc2018_prihlasene-posadky.pdf\" target=\"_blank\" rel=\"noopener\">Startliste<\/a><\/span><\/p>\n<p style=\"text-align: center;\">\n<div class=\"wpcf7 no-js\" id=\"wpcf7-f3345-o2\" lang=\"cs-CZ\" dir=\"ltr\" data-wpcf7-id=\"3345\">\n<div class=\"screen-reader-response\"><p role=\"status\" aria-live=\"polite\" aria-atomic=\"true\"><\/p> <ul><\/ul><\/div>\n<form action=\"\/de\/wp-json\/wp\/v2\/pages\/3335#wpcf7-f3345-o2\" method=\"post\" class=\"wpcf7-form init\" aria-label=\"Kontaktn\u00ed formul\u00e1\u0159\" novalidate=\"novalidate\" data-status=\"init\">\n<fieldset class=\"hidden-fields-container\"><input type=\"hidden\" name=\"_wpcf7\" value=\"3345\" \/><input type=\"hidden\" name=\"_wpcf7_version\" value=\"6.1.5\" \/><input type=\"hidden\" name=\"_wpcf7_locale\" value=\"cs_CZ\" \/><input type=\"hidden\" name=\"_wpcf7_unit_tag\" value=\"wpcf7-f3345-o2\" \/><input type=\"hidden\" name=\"_wpcf7_container_post\" value=\"0\" \/><input type=\"hidden\" name=\"_wpcf7_posted_data_hash\" value=\"\" \/>\n<\/fieldset>\n<div class=\"form-part\">\n\t<div class=\"row\">\n\t\t<div class=\"col-sm-4\">\n\t\t\t<p>Teamname\n\t\t\t<\/p>\n\t\t<\/div>\n\t\t<div class=\"col-sm-8\">\n\t\t\t<p><span class=\"wpcf7-form-control-wrap\" data-name=\"tym-nazev\"><input size=\"40\" maxlength=\"400\" class=\"wpcf7-form-control wpcf7-text\" aria-invalid=\"false\" value=\"\" type=\"text\" name=\"tym-nazev\" \/><\/span>\n\t\t\t<\/p>\n\t\t<\/div>\n\t<\/div>\n\t<div class=\"row\">\n\t\t<div class=\"col-sm-4\">\n\t\t\t<p>Team Crews\n\t\t\t<\/p>\n\t\t<\/div>\n\t\t<div class=\"col-sm-8\">\n\t\t\t<p><span class=\"wpcf7-form-control-wrap\" data-name=\"tym-posadky\"><textarea cols=\"40\" rows=\"10\" maxlength=\"2000\" class=\"wpcf7-form-control wpcf7-textarea\" aria-invalid=\"false\" name=\"tym-posadky\"><\/textarea><\/span>\n\t\t\t<\/p>\n\t\t<\/div>\n\t<\/div>\n<\/div>\n<p><span id=\"wpcf7-69e37e9378834-wrapper\" class=\"wpcf7-form-control-wrap honeypot-740-wrap\" style=\"display:none !important; visibility:hidden !important;\"><label for=\"wpcf7-69e37e9378834-field\" class=\"hp-message\">Ponechte toto pole pr\u00e1zdn\u00e9.<\/label><input id=\"wpcf7-69e37e9378834-field\"  class=\"wpcf7-form-control wpcf7-text\" type=\"text\" name=\"honeypot-740\" value=\"\" size=\"40\" tabindex=\"-1\" autocomplete=\"new-password\" \/><\/span>\n<\/p>\n<p><input class=\"wpcf7-form-control wpcf7-submit has-spinner\" type=\"submit\" value=\"Senden\" \/>\n<\/p><div class=\"wpcf7-response-output\" aria-hidden=\"true\"><\/div>\n<\/form>\n<\/div>\n<\/p>\n<p><\/p>","protected":false},"excerpt":{"rendered":"<p>Diese Informationen werden f\u00fcr Presentation den Besarzungen in der Laufe IX. South Bohemia Classic 2018 verwendet. Das Formblatt verwenden Sie auch f\u00fcr Nennung in Teampokal. Startliste<\/p>\n","protected":false},"author":2,"featured_media":0,"parent":0,"menu_order":0,"comment_status":"closed","ping_status":"closed","template":"","meta":{"_acf_changed":false,"ngg_post_thumbnail":0,"footnotes":""},"class_list":["post-3335","page","type-page","status-publish","hentry"],"acf":[],"yoast_head":"<!-- This site is optimized with the Yoast SEO plugin v27.3 - https:\/\/yoast.com\/product\/yoast-seo-wordpress\/ -->\n<title>Fragebogen f\u00fcr die Teilnehmer - South Bohemia Classic<\/title>\n<meta name=\"robots\" content=\"index, follow, max-snippet:-1, max-image-preview:large, max-video-preview:-1\" \/>\n<link rel=\"canonical\" href=\"https:\/\/southbohemiaclassic.cz\/dotaznik\/\" \/>\n<meta property=\"og:locale\" content=\"de_DE\" \/>\n<meta property=\"og:type\" content=\"article\" \/>\n<meta property=\"og:title\" content=\"[:cs]Dotazn\u00edk pro p\u0159ihl\u00e1\u0161en\u00e9 pos\u00e1dky[:de]Fragebogen f\u00fcr die Teilnehmer[:en]Questionnaire for participants[:] - South Bohemia Classic\" \/>\n<meta property=\"og:description\" content=\"Diese Informationen werden f\u00fcr Presentation den Besarzungen in der Laufe IX. South Bohemia Classic 2018 verwendet. Das Formblatt verwenden Sie auch f\u00fcr Nennung in Teampokal. Startliste\" \/>\n<meta property=\"og:url\" content=\"https:\/\/southbohemiaclassic.cz\/dotaznik\/\" \/>\n<meta property=\"og:site_name\" content=\"South Bohemia Classic\" \/>\n<meta property=\"article:modified_time\" content=\"2018-09-01T21:36:59+00:00\" \/>\n<meta name=\"twitter:card\" content=\"summary_large_image\" \/>\n<meta name=\"twitter:label1\" content=\"Gesch\u00e4tzte Lesezeit\" \/>\n\t<meta name=\"twitter:data1\" content=\"1\u00a0Minute\" \/>\n<script type=\"application\/ld+json\" class=\"yoast-schema-graph\">{\"@context\":\"https:\\\/\\\/schema.org\",\"@graph\":[{\"@type\":\"WebPage\",\"@id\":\"https:\\\/\\\/southbohemiaclassic.cz\\\/dotaznik\\\/\",\"url\":\"https:\\\/\\\/southbohemiaclassic.cz\\\/dotaznik\\\/\",\"name\":\"[:cs]Dotazn\u00edk pro p\u0159ihl\u00e1\u0161en\u00e9 pos\u00e1dky[:de]Fragebogen f\u00fcr die Teilnehmer[:en]Questionnaire for participants[:] - South Bohemia Classic\",\"isPartOf\":{\"@id\":\"https:\\\/\\\/southbohemiaclassic.cz\\\/#website\"},\"datePublished\":\"2018-09-01T06:00:41+00:00\",\"dateModified\":\"2018-09-01T21:36:59+00:00\",\"breadcrumb\":{\"@id\":\"https:\\\/\\\/southbohemiaclassic.cz\\\/dotaznik\\\/#breadcrumb\"},\"inLanguage\":\"de\",\"potentialAction\":[{\"@type\":\"ReadAction\",\"target\":[\"https:\\\/\\\/southbohemiaclassic.cz\\\/dotaznik\\\/\"]}]},{\"@type\":\"BreadcrumbList\",\"@id\":\"https:\\\/\\\/southbohemiaclassic.cz\\\/dotaznik\\\/#breadcrumb\",\"itemListElement\":[{\"@type\":\"ListItem\",\"position\":1,\"name\":\"Dom\u016f\",\"item\":\"https:\\\/\\\/southbohemiaclassic.cz\\\/\"},{\"@type\":\"ListItem\",\"position\":2,\"name\":\"Dotazn\u00edk pro p\u0159ihl\u00e1\u0161en\u00e9 pos\u00e1dky\"}]},{\"@type\":\"WebSite\",\"@id\":\"https:\\\/\\\/southbohemiaclassic.cz\\\/#website\",\"url\":\"https:\\\/\\\/southbohemiaclassic.cz\\\/\",\"name\":\"South Bohemia Classic\",\"description\":\"South Bohemia Classic\",\"potentialAction\":[{\"@type\":\"SearchAction\",\"target\":{\"@type\":\"EntryPoint\",\"urlTemplate\":\"https:\\\/\\\/southbohemiaclassic.cz\\\/?s={search_term_string}\"},\"query-input\":{\"@type\":\"PropertyValueSpecification\",\"valueRequired\":true,\"valueName\":\"search_term_string\"}}],\"inLanguage\":\"de\"}]}<\/script>\n<!-- \/ Yoast SEO plugin. -->","yoast_head_json":{"title":"[:cs]Dotazn\u00edk pro p\u0159ihl\u00e1\u0161en\u00e9 pos\u00e1dky[:de]Fragebogen f\u00fcr die Teilnehmer[:en]Questionnaire for participants[:] - South Bohemia Classic","robots":{"index":"index","follow":"follow","max-snippet":"max-snippet:-1","max-image-preview":"max-image-preview:large","max-video-preview":"max-video-preview:-1"},"canonical":"https:\/\/southbohemiaclassic.cz\/dotaznik\/","og_locale":"de_DE","og_type":"article","og_title":"[:cs]Dotazn\u00edk pro p\u0159ihl\u00e1\u0161en\u00e9 pos\u00e1dky[:de]Fragebogen f\u00fcr die Teilnehmer[:en]Questionnaire for participants[:] - South Bohemia Classic","og_description":"Diese Informationen werden f\u00fcr Presentation den Besarzungen in der Laufe IX. South Bohemia Classic 2018 verwendet. Das Formblatt verwenden Sie auch f\u00fcr Nennung in Teampokal. Startliste","og_url":"https:\/\/southbohemiaclassic.cz\/dotaznik\/","og_site_name":"South Bohemia Classic","article_modified_time":"2018-09-01T21:36:59+00:00","twitter_card":"summary_large_image","twitter_misc":{"Gesch\u00e4tzte Lesezeit":"1\u00a0Minute"},"schema":{"@context":"https:\/\/schema.org","@graph":[{"@type":"WebPage","@id":"https:\/\/southbohemiaclassic.cz\/dotaznik\/","url":"https:\/\/southbohemiaclassic.cz\/dotaznik\/","name":"[:cs]Dotazn\u00edk pro p\u0159ihl\u00e1\u0161en\u00e9 pos\u00e1dky[:de]Fragebogen f\u00fcr die Teilnehmer[:en]Questionnaire for participants[:] - South Bohemia Classic","isPartOf":{"@id":"https:\/\/southbohemiaclassic.cz\/#website"},"datePublished":"2018-09-01T06:00:41+00:00","dateModified":"2018-09-01T21:36:59+00:00","breadcrumb":{"@id":"https:\/\/southbohemiaclassic.cz\/dotaznik\/#breadcrumb"},"inLanguage":"de","potentialAction":[{"@type":"ReadAction","target":["https:\/\/southbohemiaclassic.cz\/dotaznik\/"]}]},{"@type":"BreadcrumbList","@id":"https:\/\/southbohemiaclassic.cz\/dotaznik\/#breadcrumb","itemListElement":[{"@type":"ListItem","position":1,"name":"Dom\u016f","item":"https:\/\/southbohemiaclassic.cz\/"},{"@type":"ListItem","position":2,"name":"Dotazn\u00edk pro p\u0159ihl\u00e1\u0161en\u00e9 pos\u00e1dky"}]},{"@type":"WebSite","@id":"https:\/\/southbohemiaclassic.cz\/#website","url":"https:\/\/southbohemiaclassic.cz\/","name":"South Bohemia Classic","description":"South Bohemia Classic","potentialAction":[{"@type":"SearchAction","target":{"@type":"EntryPoint","urlTemplate":"https:\/\/southbohemiaclassic.cz\/?s={search_term_string}"},"query-input":{"@type":"PropertyValueSpecification","valueRequired":true,"valueName":"search_term_string"}}],"inLanguage":"de"}]}},"_links":{"self":[{"href":"https:\/\/southbohemiaclassic.cz\/de\/wp-json\/wp\/v2\/pages\/3335","targetHints":{"allow":["GET"]}}],"collection":[{"href":"https:\/\/southbohemiaclassic.cz\/de\/wp-json\/wp\/v2\/pages"}],"about":[{"href":"https:\/\/southbohemiaclassic.cz\/de\/wp-json\/wp\/v2\/types\/page"}],"author":[{"embeddable":true,"href":"https:\/\/southbohemiaclassic.cz\/de\/wp-json\/wp\/v2\/users\/2"}],"replies":[{"embeddable":true,"href":"https:\/\/southbohemiaclassic.cz\/de\/wp-json\/wp\/v2\/comments?post=3335"}],"version-history":[{"count":7,"href":"https:\/\/southbohemiaclassic.cz\/de\/wp-json\/wp\/v2\/pages\/3335\/revisions"}],"predecessor-version":[{"id":3360,"href":"https:\/\/southbohemiaclassic.cz\/de\/wp-json\/wp\/v2\/pages\/3335\/revisions\/3360"}],"wp:attachment":[{"href":"https:\/\/southbohemiaclassic.cz\/de\/wp-json\/wp\/v2\/media?parent=3335"}],"curies":[{"name":"wp","href":"https:\/\/api.w.org\/{rel}","templated":true}]}}