{"id":3220,"date":"2018-09-01T08:00:59","date_gmt":"2018-09-01T07:00:59","guid":{"rendered":"http:\/\/southbohemiaclassic.cz\/?page_id=3220"},"modified":"2018-11-29T21:03:18","modified_gmt":"2018-11-29T20:03:18","slug":"program-2018","status":"publish","type":"page","link":"https:\/\/southbohemiaclassic.cz\/de\/program-2018\/","title":{"rendered":"Programm 2018"},"content":{"rendered":"<p><strong>Samstag&nbsp;30. Juni&nbsp;2018<\/strong><\/p>\n<table style=\"width: 1124px;\" border=\"0\" cellspacing=\"5\" cellpadding=\"5\">\n<tbody>\n<tr>\n<td style=\"text-align: left; width: 120px; height: 40px;\">24:00<\/td>\n<td style=\"text-align: left; width: 450px; height: 40px;\">Nennungsschluss<\/td>\n<td style=\"text-align: left; width: 554px; height: 40px;\">&nbsp;<\/td>\n<\/tr>\n<\/tbody>\n<\/table>\n<p>&nbsp;<br \/>\n<strong>Montag&nbsp;3. September&nbsp;2018<\/strong><\/p>\n<table style=\"width: 1124px;\" border=\"0\" cellspacing=\"5\" cellpadding=\"5\">\n<tbody>\n<tr>\n<td style=\"text-align: left; width: 120px; height: 40px;\">13:00<\/td>\n<td style=\"text-align: left; width: 450px; height: 40px;\">Pressekonferenz<\/td>\n<td style=\"text-align: left; width: 554px; height: 40px;\">\u010cesk\u00e9 Bud\u011bjovice, Hauptplatz, Grandhotel Zvon<\/td>\n<\/tr>\n<\/tbody>\n<\/table>\n<p>&nbsp;<br \/>\n<strong>Freitag 7. September 2018<\/strong><\/p>\n<table style=\"width: 1124px;\" border=\"0\" cellspacing=\"5\" cellpadding=\"5\">\n<tbody>\n<tr>\n<td style=\"text-align: left; width: 120px; height: 40px;\">9:00 &#8211; 12:00<\/td>\n<td style=\"text-align: left; width: 450px; height: 40px;\">Trainingscamp<\/td>\n<td style=\"text-align: left; width: 554px; height: 40px;\">Doln\u00ed Vltavice,&nbsp;Hotel Resort RELAX<\/td>\n<\/tr>\n<tr>\n<td style=\"text-align: left; width: 120px; height: 40px;\">13:30 &#8211; 16:15<\/td>\n<td style=\"text-align: left; width: 450px; height: 40px;\">Teilnehmerankunft<\/td>\n<td style=\"text-align: left; width: 554px; height: 40px;\">\u010cesk\u00e9 Bud\u011bjovice, Hauptplatz, Grandhotel Zvon<\/td>\n<\/tr>\n<tr>\n<td style=\"text-align: left; width: 120px; height: 40px;\">14:00 &#8211; 20:00<\/td>\n<td style=\"text-align: left; width: 450px; height: 40px;\">Ausstellung &#8222;100 let \u010deskoslovensk\u00e9ho motorismu&#8220;<\/td>\n<td style=\"text-align: left; width: 554px; height: 40px;\">\u010cesk\u00e9 Bud\u011bjovice, Dr. Stejskala Stra\u00dfe<\/td>\n<\/tr>\n<tr>\n<td style=\"text-align: left; width: 120px; height: 40px;\">14:00 &#8211; 16:45<\/td>\n<td style=\"text-align: left; width: 450px; height: 40px;\">Konzert \u0160oufl\u0160ou<\/td>\n<td style=\"text-align: left; width: 554px; height: 40px;\">\u010cesk\u00e9 Bud\u011bjovice, Hauptplatz<\/td>\n<\/tr>\n<tr>\n<td style=\"text-align: left; width: 120px; height: 40px;\">16:45<\/td>\n<td style=\"text-align: left; width: 450px; height: 40px;\">Teilnehmerbriefing<\/td>\n<td style=\"text-align: left; width: 554px; height: 40px;\">\u010cesk\u00e9 Bud\u011bjovice, Hauptplatz<\/td>\n<\/tr>\n<tr>\n<td style=\"text-align: left; width: 120px; height: 40px;\">17:15<\/td>\n<td style=\"text-align: left; width: 450px; height: 40px;\">Start 1. Etappe (131 km)<\/td>\n<td style=\"text-align: left; width: 554px; height: 40px;\">\u010cesk\u00e9 Bud\u011bjovice, Hauptplatz<\/td>\n<\/tr>\n<tr>\n<td style=\"text-align: left; width: 120px; height: 40px;\">18:30<\/td>\n<td style=\"text-align: left; width: 450px; height: 40px;\">Coffee break<\/td>\n<td style=\"text-align: left; width: 554px; height: 40px;\">Hola\u0161ovice, \u0160pejchar U Vojty<\/td>\n<\/tr>\n<tr>\n<td style=\"text-align: left; width: 120px; height: 40px;\">19:30<\/td>\n<td style=\"text-align: left; width: 450px; height: 40px;\">Nachtdurchfart \u010cesk\u00fd Krumlov<\/td>\n<td style=\"text-align: left; width: 554px; height: 40px;\">\u010cesk\u00fd Krumlov<\/td>\n<\/tr>\n<tr>\n<td style=\"text-align: left; width: 120px; height: 40px;\">21:00<\/td>\n<td style=\"text-align: left; width: 450px; height: 40px;\">Ziel 1. Etappe &amp; Driver&#8217;s drink<\/td>\n<td style=\"text-align: left; width: 554px; height: 40px;\">Doln\u00ed Vltavice,&nbsp;Hotel Resort RELAX<\/td>\n<\/tr>\n<\/tbody>\n<\/table>\n<p>&nbsp;<\/p>\n<p><strong>Sammstag 8. September 2018<\/strong><\/p>\n<table style=\"width: 1124px;\" border=\"0\" cellspacing=\"5\" cellpadding=\"5\">\n<tbody>\n<tr>\n<td style=\"text-align: left; width: 120px; height: 40px;\">8:15<\/td>\n<td style=\"text-align: left; width: 450px; height: 40px;\">Start 2. Etappe (279 km)<\/td>\n<td style=\"text-align: left; width: 554px; height: 40px;\">Doln\u00ed Vltavice,&nbsp;Hotel Resort RELAX<\/td>\n<\/tr>\n<tr>\n<td style=\"text-align: left; width: 120px; height: 40px;\">10:25<\/td>\n<td style=\"text-align: left; width: 450px; height: 40px;\">Coffee break<\/td>\n<td style=\"text-align: left; width: 554px; height: 40px;\">Penzion Baron\u016fv most<\/td>\n<\/tr>\n<tr>\n<td style=\"text-align: left; width: 120px; height: 40px;\">11:45<\/td>\n<td style=\"text-align: left; width: 450px; height: 40px;\">Mittagspauze<\/td>\n<td style=\"text-align: left; width: 554px; height: 40px;\">Borovany, Kloster<\/td>\n<\/tr>\n<tr>\n<td style=\"text-align: left; width: 120px; height: 40px;\">13:00 &#8211; 16:30<\/td>\n<td style=\"text-align: left; width: 450px; height: 40px;\">Grand Prix Kaplice<\/td>\n<td style=\"text-align: left; width: 554px; height: 40px;\">Kaplice<\/td>\n<\/tr>\n<tr>\n<td style=\"text-align: left; width: 120px; height: 40px;\">14:25<\/td>\n<td style=\"text-align: left; width: 450px; height: 40px;\">Coffee break<\/td>\n<td style=\"text-align: left; width: 554px; height: 40px;\">Doln\u00ed Dvo\u0159i\u0161t\u011b, Casino Imperator<\/td>\n<\/tr>\n<tr>\n<td style=\"text-align: left; width: 120px; height: 40px;\">15:50<\/td>\n<td style=\"text-align: left; width: 450px; height: 40px;\">Ziel<\/td>\n<td style=\"text-align: left; width: 554px; height: 40px;\">Doln\u00ed Vltavice,&nbsp;Hotel Resort RELAX<\/td>\n<\/tr>\n<tr>\n<td style=\"text-align: left; width: 120px; height: 40px;\">19:30<\/td>\n<td style=\"text-align: left; width: 450px; height: 40px;\">Siegerehrung &amp; South Bohemia Classic Party<br \/>\n<em>(dress code: Tenue de Ville)<\/em><\/td>\n<td style=\"text-align: left; width: 554px; height: 40px;\">Doln\u00ed Vltavice,&nbsp;Hotel Resort RELAX<\/td>\n<\/tr>\n<\/tbody>\n<\/table>\n<p>&nbsp;<\/p>\n<p><em>Organisator ist berechtigt zu Programm\u00e4nderung.<\/em><\/p>","protected":false},"excerpt":{"rendered":"<p>Samstag&nbsp;30. Juni&nbsp;2018 24:00 Nennungsschluss &nbsp; &nbsp; Montag&nbsp;3. September&nbsp;2018 13:00 Pressekonferenz \u010cesk\u00e9 Bud\u011bjovice, Hauptplatz, Grandhotel Zvon &nbsp; Freitag 7. September 2018 9:00 &#8211; 12:00 Trainingscamp Doln\u00ed Vltavice,&nbsp;Hotel Resort RELAX 13:30 &#8211; 16:15 Teilnehmerankunft \u010cesk\u00e9 Bud\u011bjovice, Hauptplatz, Grandhotel Zvon 14:00 &#8211; 20:00 Ausstellung &#8222;100 let \u010deskoslovensk\u00e9ho motorismu&#8220; \u010cesk\u00e9 Bud\u011bjovice, Dr. Stejskala Stra\u00dfe 14:00 &#8211; 16:45 Konzert \u0160oufl\u0160ou [&hellip;]<\/p>\n","protected":false},"author":2,"featured_media":0,"parent":0,"menu_order":0,"comment_status":"closed","ping_status":"closed","template":"","meta":{"_acf_changed":false,"ngg_post_thumbnail":0,"footnotes":""},"class_list":["post-3220","page","type-page","status-publish","hentry"],"acf":[],"yoast_head":"<!-- This site is optimized with the Yoast SEO plugin v27.3 - https:\/\/yoast.com\/product\/yoast-seo-wordpress\/ -->\n<title>Programm 2018 - South Bohemia Classic<\/title>\n<meta name=\"robots\" content=\"index, follow, max-snippet:-1, max-image-preview:large, max-video-preview:-1\" \/>\n<link rel=\"canonical\" href=\"https:\/\/southbohemiaclassic.cz\/program-2018\/\" \/>\n<meta property=\"og:locale\" content=\"de_DE\" \/>\n<meta property=\"og:type\" content=\"article\" \/>\n<meta property=\"og:title\" content=\"[:cs]Program sout\u011b\u017ee 2018[:de]Programm 2018[:en]Programme 2018[:] - South Bohemia Classic\" \/>\n<meta property=\"og:description\" content=\"Samstag&nbsp;30. Juni&nbsp;2018 24:00 Nennungsschluss &nbsp; &nbsp; Montag&nbsp;3. September&nbsp;2018 13:00 Pressekonferenz \u010cesk\u00e9 Bud\u011bjovice, Hauptplatz, Grandhotel Zvon &nbsp; Freitag 7. September 2018 9:00 &#8211; 12:00 Trainingscamp Doln\u00ed Vltavice,&nbsp;Hotel Resort RELAX 13:30 &#8211; 16:15 Teilnehmerankunft \u010cesk\u00e9 Bud\u011bjovice, Hauptplatz, Grandhotel Zvon 14:00 &#8211; 20:00 Ausstellung &#8222;100 let \u010deskoslovensk\u00e9ho motorismu&#8220; \u010cesk\u00e9 Bud\u011bjovice, Dr. Stejskala Stra\u00dfe 14:00 &#8211; 16:45 Konzert \u0160oufl\u0160ou [&hellip;]\" \/>\n<meta property=\"og:url\" content=\"https:\/\/southbohemiaclassic.cz\/program-2018\/\" \/>\n<meta property=\"og:site_name\" content=\"South Bohemia Classic\" \/>\n<meta property=\"article:modified_time\" content=\"2018-11-29T20:03:18+00:00\" \/>\n<meta name=\"twitter:card\" content=\"summary_large_image\" \/>\n<meta name=\"twitter:label1\" content=\"Gesch\u00e4tzte Lesezeit\" \/>\n\t<meta name=\"twitter:data1\" content=\"3\u00a0Minuten\" \/>\n<script type=\"application\/ld+json\" class=\"yoast-schema-graph\">{\"@context\":\"https:\\\/\\\/schema.org\",\"@graph\":[{\"@type\":\"WebPage\",\"@id\":\"https:\\\/\\\/southbohemiaclassic.cz\\\/program-2018\\\/\",\"url\":\"https:\\\/\\\/southbohemiaclassic.cz\\\/program-2018\\\/\",\"name\":\"[:cs]Program sout\u011b\u017ee 2018[:de]Programm 2018[:en]Programme 2018[:] - South Bohemia Classic\",\"isPartOf\":{\"@id\":\"https:\\\/\\\/southbohemiaclassic.cz\\\/#website\"},\"datePublished\":\"2018-09-01T07:00:59+00:00\",\"dateModified\":\"2018-11-29T20:03:18+00:00\",\"breadcrumb\":{\"@id\":\"https:\\\/\\\/southbohemiaclassic.cz\\\/program-2018\\\/#breadcrumb\"},\"inLanguage\":\"de\",\"potentialAction\":[{\"@type\":\"ReadAction\",\"target\":[\"https:\\\/\\\/southbohemiaclassic.cz\\\/program-2018\\\/\"]}]},{\"@type\":\"BreadcrumbList\",\"@id\":\"https:\\\/\\\/southbohemiaclassic.cz\\\/program-2018\\\/#breadcrumb\",\"itemListElement\":[{\"@type\":\"ListItem\",\"position\":1,\"name\":\"Dom\u016f\",\"item\":\"https:\\\/\\\/southbohemiaclassic.cz\\\/\"},{\"@type\":\"ListItem\",\"position\":2,\"name\":\"Program sout\u011b\u017ee 2018\"}]},{\"@type\":\"WebSite\",\"@id\":\"https:\\\/\\\/southbohemiaclassic.cz\\\/#website\",\"url\":\"https:\\\/\\\/southbohemiaclassic.cz\\\/\",\"name\":\"South Bohemia Classic\",\"description\":\"South Bohemia Classic\",\"potentialAction\":[{\"@type\":\"SearchAction\",\"target\":{\"@type\":\"EntryPoint\",\"urlTemplate\":\"https:\\\/\\\/southbohemiaclassic.cz\\\/?s={search_term_string}\"},\"query-input\":{\"@type\":\"PropertyValueSpecification\",\"valueRequired\":true,\"valueName\":\"search_term_string\"}}],\"inLanguage\":\"de\"}]}<\/script>\n<!-- \/ Yoast SEO plugin. -->","yoast_head_json":{"title":"[:cs]Program sout\u011b\u017ee 2018[:de]Programm 2018[:en]Programme 2018[:] - South Bohemia Classic","robots":{"index":"index","follow":"follow","max-snippet":"max-snippet:-1","max-image-preview":"max-image-preview:large","max-video-preview":"max-video-preview:-1"},"canonical":"https:\/\/southbohemiaclassic.cz\/program-2018\/","og_locale":"de_DE","og_type":"article","og_title":"[:cs]Program sout\u011b\u017ee 2018[:de]Programm 2018[:en]Programme 2018[:] - South Bohemia Classic","og_description":"Samstag&nbsp;30. Juni&nbsp;2018 24:00 Nennungsschluss &nbsp; &nbsp; Montag&nbsp;3. September&nbsp;2018 13:00 Pressekonferenz \u010cesk\u00e9 Bud\u011bjovice, Hauptplatz, Grandhotel Zvon &nbsp; Freitag 7. September 2018 9:00 &#8211; 12:00 Trainingscamp Doln\u00ed Vltavice,&nbsp;Hotel Resort RELAX 13:30 &#8211; 16:15 Teilnehmerankunft \u010cesk\u00e9 Bud\u011bjovice, Hauptplatz, Grandhotel Zvon 14:00 &#8211; 20:00 Ausstellung &#8222;100 let \u010deskoslovensk\u00e9ho motorismu&#8220; \u010cesk\u00e9 Bud\u011bjovice, Dr. Stejskala Stra\u00dfe 14:00 &#8211; 16:45 Konzert \u0160oufl\u0160ou [&hellip;]","og_url":"https:\/\/southbohemiaclassic.cz\/program-2018\/","og_site_name":"South Bohemia Classic","article_modified_time":"2018-11-29T20:03:18+00:00","twitter_card":"summary_large_image","twitter_misc":{"Gesch\u00e4tzte Lesezeit":"3\u00a0Minuten"},"schema":{"@context":"https:\/\/schema.org","@graph":[{"@type":"WebPage","@id":"https:\/\/southbohemiaclassic.cz\/program-2018\/","url":"https:\/\/southbohemiaclassic.cz\/program-2018\/","name":"[:cs]Program sout\u011b\u017ee 2018[:de]Programm 2018[:en]Programme 2018[:] - South Bohemia Classic","isPartOf":{"@id":"https:\/\/southbohemiaclassic.cz\/#website"},"datePublished":"2018-09-01T07:00:59+00:00","dateModified":"2018-11-29T20:03:18+00:00","breadcrumb":{"@id":"https:\/\/southbohemiaclassic.cz\/program-2018\/#breadcrumb"},"inLanguage":"de","potentialAction":[{"@type":"ReadAction","target":["https:\/\/southbohemiaclassic.cz\/program-2018\/"]}]},{"@type":"BreadcrumbList","@id":"https:\/\/southbohemiaclassic.cz\/program-2018\/#breadcrumb","itemListElement":[{"@type":"ListItem","position":1,"name":"Dom\u016f","item":"https:\/\/southbohemiaclassic.cz\/"},{"@type":"ListItem","position":2,"name":"Program sout\u011b\u017ee 2018"}]},{"@type":"WebSite","@id":"https:\/\/southbohemiaclassic.cz\/#website","url":"https:\/\/southbohemiaclassic.cz\/","name":"South Bohemia Classic","description":"South Bohemia Classic","potentialAction":[{"@type":"SearchAction","target":{"@type":"EntryPoint","urlTemplate":"https:\/\/southbohemiaclassic.cz\/?s={search_term_string}"},"query-input":{"@type":"PropertyValueSpecification","valueRequired":true,"valueName":"search_term_string"}}],"inLanguage":"de"}]}},"_links":{"self":[{"href":"https:\/\/southbohemiaclassic.cz\/de\/wp-json\/wp\/v2\/pages\/3220","targetHints":{"allow":["GET"]}}],"collection":[{"href":"https:\/\/southbohemiaclassic.cz\/de\/wp-json\/wp\/v2\/pages"}],"about":[{"href":"https:\/\/southbohemiaclassic.cz\/de\/wp-json\/wp\/v2\/types\/page"}],"author":[{"embeddable":true,"href":"https:\/\/southbohemiaclassic.cz\/de\/wp-json\/wp\/v2\/users\/2"}],"replies":[{"embeddable":true,"href":"https:\/\/southbohemiaclassic.cz\/de\/wp-json\/wp\/v2\/comments?post=3220"}],"version-history":[{"count":18,"href":"https:\/\/southbohemiaclassic.cz\/de\/wp-json\/wp\/v2\/pages\/3220\/revisions"}],"predecessor-version":[{"id":6008,"href":"https:\/\/southbohemiaclassic.cz\/de\/wp-json\/wp\/v2\/pages\/3220\/revisions\/6008"}],"wp:attachment":[{"href":"https:\/\/southbohemiaclassic.cz\/de\/wp-json\/wp\/v2\/media?parent=3220"}],"curies":[{"name":"wp","href":"https:\/\/api.w.org\/{rel}","templated":true}]}}