{"id":3107,"date":"2017-11-13T09:22:40","date_gmt":"2017-11-13T08:22:40","guid":{"rendered":"http:\/\/southbohemiaclassic.cz\/?page_id=3107"},"modified":"2025-11-29T22:07:40","modified_gmt":"2025-11-29T21:07:40","slug":"archiv","status":"publish","type":"page","link":"https:\/\/southbohemiaclassic.cz\/de\/archiv\/","title":{"rendered":"Letzte Ausgaben"},"content":{"rendered":"<p><\/p>\n<p><img loading=\"lazy\" decoding=\"async\" class=\"aligncenter\" src=\"https:\/\/southbohemiaclassic.cz\/wp-content\/uploads\/2025\/11\/sbc2025.png\" width=\"400\" height=\"240\"><\/p>\n<p style=\"text-align: center;\"><strong><a href=\"https:\/\/southbohemiaclassic.cz\/de\/galerie-2025\/\">GALERIE<\/a> | <a href=\"https:\/\/www.youtube.com\/watch?v=kNgPih8JUys\" target=\"_blank\" rel=\"noopener noreferrer\">FILM<\/a>&nbsp;|&nbsp;<a href=\"https:\/\/southbohemiaclassic.cz\/de\/vysledky-2025\/\">ERGEBNISSE<\/a>&nbsp;| <a href=\"https:\/\/southbohemiaclassic.cz\/de\/trasa-2025\/\">STRECKE<\/a>&nbsp;| <a href=\"https:\/\/southbohemiaclassic.cz\/de\/program-2025\/\">PROGRAMM<\/a><\/strong><\/p>\n<hr>\n<p><img loading=\"lazy\" decoding=\"async\" class=\"aligncenter\" src=\"https:\/\/southbohemiaclassic.cz\/wp-content\/uploads\/2024\/12\/sbc2024.png\" width=\"400\" height=\"240\"><\/p>\n<p style=\"text-align: center;\"><strong><a href=\"https:\/\/southbohemiaclassic.cz\/de\/galerie-2024\/\">GALERIE<\/a> | <a href=\"https:\/\/www.youtube.com\/watch?v=kp6jchzlL68\" target=\"_blank\" rel=\"noopener noreferrer\">FILM<\/a>&nbsp;|&nbsp;<a href=\"https:\/\/southbohemiaclassic.cz\/de\/vysledky-2024\/\">ERGEBNISSE<\/a>&nbsp;| <a href=\"https:\/\/southbohemiaclassic.cz\/de\/trasa-2024\/\">STRECKE<\/a>&nbsp;| <a href=\"https:\/\/southbohemiaclassic.cz\/de\/program-2024\/\">PROGRAMM<\/a><\/strong><\/p>\n<hr>\n<p><img loading=\"lazy\" decoding=\"async\" class=\"aligncenter\" src=\"https:\/\/southbohemiaclassic.cz\/wp-content\/uploads\/2023\/11\/sbc2023.png\" width=\"400\" height=\"240\"><\/p>\n<p style=\"text-align: center;\"><strong><a href=\"https:\/\/southbohemiaclassic.cz\/de\/galerie-2023\/\">GALERIE<\/a> | <a href=\"https:\/\/youtu.be\/D_RLxXJsRZY?si=btnpgDcNdhiw1wx8\" target=\"_blank\" rel=\"noopener noreferrer\">FILM<\/a>&nbsp;|&nbsp;<a href=\"https:\/\/southbohemiaclassic.cz\/de\/vysledky-2023\/\">ERGEBNISSE<\/a>&nbsp;| <a href=\"https:\/\/southbohemiaclassic.cz\/de\/trasa-2023\/\">STRECKE<\/a>&nbsp;| <a href=\"https:\/\/southbohemiaclassic.cz\/de\/program-2023\/\">PROGRAMM<\/a><\/strong><\/p>\n<hr>\n<p><img loading=\"lazy\" decoding=\"async\" class=\"aligncenter\" src=\"https:\/\/southbohemiaclassic.cz\/wp-content\/uploads\/2022\/11\/sbc2022.png\" width=\"400\" height=\"240\"><\/p>\n<p style=\"text-align: center;\"><strong><a href=\"https:\/\/southbohemiaclassic.cz\/de\/galerie-2022\/\">GALERIE<\/a> | <a href=\"https:\/\/youtu.be\/mQ4Ajl2nbtY\" target=\"_blank\" rel=\"noopener noreferrer\">FILM<\/a>&nbsp;|&nbsp;<a href=\"https:\/\/southbohemiaclassic.cz\/de\/vysledky-2022\/\">ERGEBNISSE<\/a>&nbsp;| <a href=\"https:\/\/southbohemiaclassic.cz\/de\/trasa-2022\/\">STRECKE<\/a>&nbsp;| <a href=\"https:\/\/southbohemiaclassic.cz\/de\/program-2022\/\">PROGRAMM<\/a><\/strong><\/p>\n<hr>\n<p><img loading=\"lazy\" decoding=\"async\" class=\"aligncenter\" src=\"https:\/\/southbohemiaclassic.cz\/wp-content\/uploads\/2021\/11\/sbc2021.jpg\" width=\"400\" height=\"240\"><\/p>\n<p style=\"text-align: center;\"><strong><a href=\"https:\/\/southbohemiaclassic.cz\/de\/galerie-2021\/\">GALERIE<\/a> | <a href=\"https:\/\/youtu.be\/OYjIuE2calU\" target=\"_blank\" rel=\"noopener noreferrer\">FILM<\/a>&nbsp;|&nbsp;<a href=\"https:\/\/southbohemiaclassic.cz\/de\/vysledky-2021\/\">ERGEBNISSE<\/a>&nbsp;| <a href=\"https:\/\/southbohemiaclassic.cz\/de\/trasa-2021\/\">STRECKE<\/a>&nbsp;| <a href=\"https:\/\/southbohemiaclassic.cz\/de\/program-2021\/\">PROGRAMM<\/a><\/strong><\/p>\n<hr>\n<p><img loading=\"lazy\" decoding=\"async\" class=\"aligncenter\" src=\"https:\/\/southbohemiaclassic.cz\/wp-content\/uploads\/2020\/11\/sbc2020.jpg\" width=\"400\" height=\"239\"><\/p>\n<p style=\"text-align: center;\"><strong><a href=\"https:\/\/southbohemiaclassic.cz\/de\/galerie-2020\/\">GALERIE<\/a> | <a href=\"https:\/\/www.youtube.com\/watch?v=hYCoUdFa54M\" target=\"_blank\" rel=\"noopener noreferrer\">FILM<\/a>&nbsp;|&nbsp;<a href=\"https:\/\/southbohemiaclassic.cz\/de\/vysledky-2020\/\">ERGEBNISSE<\/a>&nbsp;| <a href=\"https:\/\/southbohemiaclassic.cz\/de\/trasa-2020\/\">STRECKE<\/a>&nbsp;| <a href=\"https:\/\/southbohemiaclassic.cz\/de\/program-2020\/\">PROGRAMM<\/a><\/strong><\/p>\n<hr>\n<p><img loading=\"lazy\" decoding=\"async\" class=\"aligncenter\" src=\"https:\/\/southbohemiaclassic.cz\/wp-content\/uploads\/2019\/11\/sbc2019.jpg\" width=\"400\" height=\"238\"><\/p>\n<p style=\"text-align: center;\"><strong><a href=\"http:\/\/southbohemiaclassic.cz\/de\/galerie-2019\/\">GALERIE<\/a> | <a href=\"https:\/\/www.youtube.com\/watch?v=19Osnil7NXY\" target=\"_blank\" rel=\"noopener noreferrer\">FILM<\/a>&nbsp;| <a href=\"http:\/\/southbohemiaclassic.cz\/de\/vysledky-2019\/\">ERGEBNISSE<\/a>&nbsp;| <a href=\"http:\/\/southbohemiaclassic.cz\/de\/trasa-2019\/\">STRECKE<\/a>&nbsp;| <a href=\"http:\/\/southbohemiaclassic.cz\/de\/program-2019\/\">PROGRAMM<\/a><\/strong><\/p>\n<hr>\n<p><img loading=\"lazy\" decoding=\"async\" class=\"aligncenter\" src=\"http:\/\/southbohemiaclassic.cz\/wp-content\/uploads\/2018\/11\/sbc2018.jpg\" width=\"400\" height=\"238\"><\/p>\n<p style=\"text-align: center;\"><strong><a href=\"http:\/\/southbohemiaclassic.cz\/de\/galerie-2018\/\">GALERIE<\/a> | <a href=\"https:\/\/www.ceskatelevize.cz\/porady\/10207469169-svet-motoru\/218471291269162-xi-south-bohemia-classic\/\" target=\"_blank\" rel=\"noopener noreferrer\">FILM<\/a>&nbsp;| <a href=\"http:\/\/southbohemiaclassic.cz\/de\/vysledky-2018\/\">ERGEBNISSE<\/a>&nbsp;| <a href=\"http:\/\/southbohemiaclassic.cz\/de\/trasa-2018\/\">STRECKE<\/a>&nbsp;| <a href=\"http:\/\/southbohemiaclassic.cz\/de\/program-2018\/\">PROGRAMM<\/a><\/strong><\/p>\n<hr>\n<p><img loading=\"lazy\" decoding=\"async\" class=\"aligncenter\" src=\"http:\/\/southbohemiaclassic.cz\/wp-content\/uploads\/2018\/06\/sbc2017.jpg\" width=\"400\" height=\"238\"><\/p>\n<p style=\"text-align: center;\"><strong><a href=\"http:\/\/southbohemiaclassic.cz\/de\/galerie-2017\/\">GALERIE<\/a> | <a href=\"https:\/\/www.youtube.com\/watch?v=JHtN0jf0oWk\" target=\"_blank\" rel=\"noopener noreferrer\">FILM<\/a>&nbsp;|&nbsp;<a href=\"http:\/\/southbohemiaclassic.cz\/de\/vysledky-2017\/\">ERGEBNISSE<\/a>&nbsp;| <a href=\"http:\/\/southbohemiaclassic.cz\/de\/trasa-2017\/\">STRECKE<\/a> | <a href=\"http:\/\/southbohemiaclassic.cz\/de\/program-2017\/\">PROGRAMM<\/a><\/strong><\/p>\n<hr>\n<p><img loading=\"lazy\" decoding=\"async\" class=\"aligncenter\" src=\"http:\/\/southbohemiaclassic.cz\/wp-content\/uploads\/2017\/11\/sbc2016.jpg\" width=\"400\" height=\"238\"><\/p>\n<p style=\"text-align: center;\"><strong><a href=\"http:\/\/southbohemiaclassic.cz\/de\/galerie-2016\/\">GALERIE<\/a> | <a href=\"https:\/\/www.youtube.com\/watch?v=H9R_pLRzhVs\" target=\"_blank\" rel=\"noopener noreferrer\">FILM<\/a>&nbsp;|&nbsp;<a href=\"http:\/\/southbohemiaclassic.cz\/de\/vysledky-2016\/\">ERGEBNISSE<\/a> | <a href=\"http:\/\/southbohemiaclassic.cz\/de\/trasa-2016\/\">STRECKE<\/a>&nbsp;| <a href=\"http:\/\/southbohemiaclassic.cz\/de\/program-2016\/\">PROGRAMM<\/a><\/strong><\/p>\n<hr>\n<p><img loading=\"lazy\" decoding=\"async\" class=\"aligncenter\" src=\"http:\/\/southbohemiaclassic.cz\/wp-content\/uploads\/2017\/11\/sbc2015.jpg\" width=\"400\" height=\"234\"><\/p>\n<p style=\"text-align: center;\"><strong><a href=\"http:\/\/southbohemiaclassic.cz\/de\/galerie-2015\/\">GALERIE<\/a> | <a href=\"https:\/\/www.youtube.com\/watch?v=deadU5fma_o\" target=\"_blank\" rel=\"noopener noreferrer\">FILM<\/a><\/strong><\/p>\n<p><\/p>","protected":false},"excerpt":{"rendered":"<p>GALERIE | FILM&nbsp;|&nbsp;ERGEBNISSE&nbsp;| STRECKE&nbsp;| PROGRAMM GALERIE | FILM&nbsp;|&nbsp;ERGEBNISSE&nbsp;| STRECKE&nbsp;| PROGRAMM GALERIE | FILM&nbsp;|&nbsp;ERGEBNISSE&nbsp;| STRECKE&nbsp;| PROGRAMM GALERIE | FILM&nbsp;|&nbsp;ERGEBNISSE&nbsp;| STRECKE&nbsp;| PROGRAMM GALERIE | FILM&nbsp;|&nbsp;ERGEBNISSE&nbsp;| STRECKE&nbsp;| PROGRAMM GALERIE | FILM&nbsp;|&nbsp;ERGEBNISSE&nbsp;| STRECKE&nbsp;| PROGRAMM GALERIE | FILM&nbsp;| ERGEBNISSE&nbsp;| STRECKE&nbsp;| PROGRAMM GALERIE | FILM&nbsp;| ERGEBNISSE&nbsp;| STRECKE&nbsp;| PROGRAMM GALERIE | FILM&nbsp;|&nbsp;ERGEBNISSE&nbsp;| STRECKE | PROGRAMM GALERIE | FILM&nbsp;|&nbsp;ERGEBNISSE | STRECKE&nbsp;| PROGRAMM GALERIE [&hellip;]<\/p>\n","protected":false},"author":2,"featured_media":0,"parent":0,"menu_order":0,"comment_status":"closed","ping_status":"closed","template":"","meta":{"_acf_changed":false,"ngg_post_thumbnail":0,"footnotes":""},"class_list":["post-3107","page","type-page","status-publish","hentry"],"acf":[],"yoast_head":"<!-- This site is optimized with the Yoast SEO plugin v27.3 - https:\/\/yoast.com\/product\/yoast-seo-wordpress\/ -->\n<title>Letzte Ausgaben - South Bohemia Classic<\/title>\n<meta name=\"robots\" content=\"index, follow, max-snippet:-1, max-image-preview:large, max-video-preview:-1\" \/>\n<link rel=\"canonical\" href=\"https:\/\/southbohemiaclassic.cz\/archiv\/\" \/>\n<meta property=\"og:locale\" content=\"de_DE\" \/>\n<meta property=\"og:type\" content=\"article\" \/>\n<meta property=\"og:title\" content=\"[:cs]Minul\u00e9 ro\u010dn\u00edky[:de]Letzte Ausgaben[:en]Previous editions[:] - South Bohemia Classic\" \/>\n<meta property=\"og:description\" content=\"GALERIE | FILM&nbsp;|&nbsp;ERGEBNISSE&nbsp;| STRECKE&nbsp;| PROGRAMM GALERIE | FILM&nbsp;|&nbsp;ERGEBNISSE&nbsp;| STRECKE&nbsp;| PROGRAMM GALERIE | FILM&nbsp;|&nbsp;ERGEBNISSE&nbsp;| STRECKE&nbsp;| PROGRAMM GALERIE | FILM&nbsp;|&nbsp;ERGEBNISSE&nbsp;| STRECKE&nbsp;| PROGRAMM GALERIE | FILM&nbsp;|&nbsp;ERGEBNISSE&nbsp;| STRECKE&nbsp;| PROGRAMM GALERIE | FILM&nbsp;|&nbsp;ERGEBNISSE&nbsp;| STRECKE&nbsp;| PROGRAMM GALERIE | FILM&nbsp;| ERGEBNISSE&nbsp;| STRECKE&nbsp;| PROGRAMM GALERIE | FILM&nbsp;| ERGEBNISSE&nbsp;| STRECKE&nbsp;| PROGRAMM GALERIE | FILM&nbsp;|&nbsp;ERGEBNISSE&nbsp;| STRECKE | PROGRAMM GALERIE | FILM&nbsp;|&nbsp;ERGEBNISSE | STRECKE&nbsp;| PROGRAMM GALERIE [&hellip;]\" \/>\n<meta property=\"og:url\" content=\"https:\/\/southbohemiaclassic.cz\/archiv\/\" \/>\n<meta property=\"og:site_name\" content=\"South Bohemia Classic\" \/>\n<meta property=\"article:modified_time\" content=\"2025-11-29T21:07:40+00:00\" \/>\n<meta property=\"og:image\" content=\"https:\/\/southbohemiaclassic.cz\/wp-content\/uploads\/2025\/11\/sbc2025.png\" \/>\n<meta name=\"twitter:card\" content=\"summary_large_image\" \/>\n<meta name=\"twitter:label1\" content=\"Gesch\u00e4tzte Lesezeit\" \/>\n\t<meta name=\"twitter:data1\" content=\"9\u00a0Minuten\" \/>\n<script type=\"application\/ld+json\" class=\"yoast-schema-graph\">{\"@context\":\"https:\\\/\\\/schema.org\",\"@graph\":[{\"@type\":\"WebPage\",\"@id\":\"https:\\\/\\\/southbohemiaclassic.cz\\\/archiv\\\/\",\"url\":\"https:\\\/\\\/southbohemiaclassic.cz\\\/archiv\\\/\",\"name\":\"[:cs]Minul\u00e9 ro\u010dn\u00edky[:de]Letzte Ausgaben[:en]Previous editions[:] - South Bohemia Classic\",\"isPartOf\":{\"@id\":\"https:\\\/\\\/southbohemiaclassic.cz\\\/#website\"},\"primaryImageOfPage\":{\"@id\":\"https:\\\/\\\/southbohemiaclassic.cz\\\/archiv\\\/#primaryimage\"},\"image\":{\"@id\":\"https:\\\/\\\/southbohemiaclassic.cz\\\/archiv\\\/#primaryimage\"},\"thumbnailUrl\":\"https:\\\/\\\/southbohemiaclassic.cz\\\/wp-content\\\/uploads\\\/2025\\\/11\\\/sbc2025.png\",\"datePublished\":\"2017-11-13T08:22:40+00:00\",\"dateModified\":\"2025-11-29T21:07:40+00:00\",\"breadcrumb\":{\"@id\":\"https:\\\/\\\/southbohemiaclassic.cz\\\/archiv\\\/#breadcrumb\"},\"inLanguage\":\"de\",\"potentialAction\":[{\"@type\":\"ReadAction\",\"target\":[\"https:\\\/\\\/southbohemiaclassic.cz\\\/archiv\\\/\"]}]},{\"@type\":\"ImageObject\",\"inLanguage\":\"de\",\"@id\":\"https:\\\/\\\/southbohemiaclassic.cz\\\/archiv\\\/#primaryimage\",\"url\":\"https:\\\/\\\/southbohemiaclassic.cz\\\/wp-content\\\/uploads\\\/2025\\\/11\\\/sbc2025.png\",\"contentUrl\":\"https:\\\/\\\/southbohemiaclassic.cz\\\/wp-content\\\/uploads\\\/2025\\\/11\\\/sbc2025.png\"},{\"@type\":\"BreadcrumbList\",\"@id\":\"https:\\\/\\\/southbohemiaclassic.cz\\\/archiv\\\/#breadcrumb\",\"itemListElement\":[{\"@type\":\"ListItem\",\"position\":1,\"name\":\"Dom\u016f\",\"item\":\"https:\\\/\\\/southbohemiaclassic.cz\\\/\"},{\"@type\":\"ListItem\",\"position\":2,\"name\":\"Minul\u00e9 ro\u010dn\u00edky\"}]},{\"@type\":\"WebSite\",\"@id\":\"https:\\\/\\\/southbohemiaclassic.cz\\\/#website\",\"url\":\"https:\\\/\\\/southbohemiaclassic.cz\\\/\",\"name\":\"South Bohemia Classic\",\"description\":\"South Bohemia Classic\",\"potentialAction\":[{\"@type\":\"SearchAction\",\"target\":{\"@type\":\"EntryPoint\",\"urlTemplate\":\"https:\\\/\\\/southbohemiaclassic.cz\\\/?s={search_term_string}\"},\"query-input\":{\"@type\":\"PropertyValueSpecification\",\"valueRequired\":true,\"valueName\":\"search_term_string\"}}],\"inLanguage\":\"de\"}]}<\/script>\n<!-- \/ Yoast SEO plugin. -->","yoast_head_json":{"title":"[:cs]Minul\u00e9 ro\u010dn\u00edky[:de]Letzte Ausgaben[:en]Previous editions[:] - South Bohemia Classic","robots":{"index":"index","follow":"follow","max-snippet":"max-snippet:-1","max-image-preview":"max-image-preview:large","max-video-preview":"max-video-preview:-1"},"canonical":"https:\/\/southbohemiaclassic.cz\/archiv\/","og_locale":"de_DE","og_type":"article","og_title":"[:cs]Minul\u00e9 ro\u010dn\u00edky[:de]Letzte Ausgaben[:en]Previous editions[:] - South Bohemia Classic","og_description":"GALERIE | FILM&nbsp;|&nbsp;ERGEBNISSE&nbsp;| STRECKE&nbsp;| PROGRAMM GALERIE | FILM&nbsp;|&nbsp;ERGEBNISSE&nbsp;| STRECKE&nbsp;| PROGRAMM GALERIE | FILM&nbsp;|&nbsp;ERGEBNISSE&nbsp;| STRECKE&nbsp;| PROGRAMM GALERIE | FILM&nbsp;|&nbsp;ERGEBNISSE&nbsp;| STRECKE&nbsp;| PROGRAMM GALERIE | FILM&nbsp;|&nbsp;ERGEBNISSE&nbsp;| STRECKE&nbsp;| PROGRAMM GALERIE | FILM&nbsp;|&nbsp;ERGEBNISSE&nbsp;| STRECKE&nbsp;| PROGRAMM GALERIE | FILM&nbsp;| ERGEBNISSE&nbsp;| STRECKE&nbsp;| PROGRAMM GALERIE | FILM&nbsp;| ERGEBNISSE&nbsp;| STRECKE&nbsp;| PROGRAMM GALERIE | FILM&nbsp;|&nbsp;ERGEBNISSE&nbsp;| STRECKE | PROGRAMM GALERIE | FILM&nbsp;|&nbsp;ERGEBNISSE | STRECKE&nbsp;| PROGRAMM GALERIE [&hellip;]","og_url":"https:\/\/southbohemiaclassic.cz\/archiv\/","og_site_name":"South Bohemia Classic","article_modified_time":"2025-11-29T21:07:40+00:00","og_image":[{"url":"https:\/\/southbohemiaclassic.cz\/wp-content\/uploads\/2025\/11\/sbc2025.png","type":"","width":"","height":""}],"twitter_card":"summary_large_image","twitter_misc":{"Gesch\u00e4tzte Lesezeit":"9\u00a0Minuten"},"schema":{"@context":"https:\/\/schema.org","@graph":[{"@type":"WebPage","@id":"https:\/\/southbohemiaclassic.cz\/archiv\/","url":"https:\/\/southbohemiaclassic.cz\/archiv\/","name":"[:cs]Minul\u00e9 ro\u010dn\u00edky[:de]Letzte Ausgaben[:en]Previous editions[:] - South Bohemia Classic","isPartOf":{"@id":"https:\/\/southbohemiaclassic.cz\/#website"},"primaryImageOfPage":{"@id":"https:\/\/southbohemiaclassic.cz\/archiv\/#primaryimage"},"image":{"@id":"https:\/\/southbohemiaclassic.cz\/archiv\/#primaryimage"},"thumbnailUrl":"https:\/\/southbohemiaclassic.cz\/wp-content\/uploads\/2025\/11\/sbc2025.png","datePublished":"2017-11-13T08:22:40+00:00","dateModified":"2025-11-29T21:07:40+00:00","breadcrumb":{"@id":"https:\/\/southbohemiaclassic.cz\/archiv\/#breadcrumb"},"inLanguage":"de","potentialAction":[{"@type":"ReadAction","target":["https:\/\/southbohemiaclassic.cz\/archiv\/"]}]},{"@type":"ImageObject","inLanguage":"de","@id":"https:\/\/southbohemiaclassic.cz\/archiv\/#primaryimage","url":"https:\/\/southbohemiaclassic.cz\/wp-content\/uploads\/2025\/11\/sbc2025.png","contentUrl":"https:\/\/southbohemiaclassic.cz\/wp-content\/uploads\/2025\/11\/sbc2025.png"},{"@type":"BreadcrumbList","@id":"https:\/\/southbohemiaclassic.cz\/archiv\/#breadcrumb","itemListElement":[{"@type":"ListItem","position":1,"name":"Dom\u016f","item":"https:\/\/southbohemiaclassic.cz\/"},{"@type":"ListItem","position":2,"name":"Minul\u00e9 ro\u010dn\u00edky"}]},{"@type":"WebSite","@id":"https:\/\/southbohemiaclassic.cz\/#website","url":"https:\/\/southbohemiaclassic.cz\/","name":"South Bohemia Classic","description":"South Bohemia Classic","potentialAction":[{"@type":"SearchAction","target":{"@type":"EntryPoint","urlTemplate":"https:\/\/southbohemiaclassic.cz\/?s={search_term_string}"},"query-input":{"@type":"PropertyValueSpecification","valueRequired":true,"valueName":"search_term_string"}}],"inLanguage":"de"}]}},"_links":{"self":[{"href":"https:\/\/southbohemiaclassic.cz\/de\/wp-json\/wp\/v2\/pages\/3107","targetHints":{"allow":["GET"]}}],"collection":[{"href":"https:\/\/southbohemiaclassic.cz\/de\/wp-json\/wp\/v2\/pages"}],"about":[{"href":"https:\/\/southbohemiaclassic.cz\/de\/wp-json\/wp\/v2\/types\/page"}],"author":[{"embeddable":true,"href":"https:\/\/southbohemiaclassic.cz\/de\/wp-json\/wp\/v2\/users\/2"}],"replies":[{"embeddable":true,"href":"https:\/\/southbohemiaclassic.cz\/de\/wp-json\/wp\/v2\/comments?post=3107"}],"version-history":[{"count":41,"href":"https:\/\/southbohemiaclassic.cz\/de\/wp-json\/wp\/v2\/pages\/3107\/revisions"}],"predecessor-version":[{"id":17108,"href":"https:\/\/southbohemiaclassic.cz\/de\/wp-json\/wp\/v2\/pages\/3107\/revisions\/17108"}],"wp:attachment":[{"href":"https:\/\/southbohemiaclassic.cz\/de\/wp-json\/wp\/v2\/media?parent=3107"}],"curies":[{"name":"wp","href":"https:\/\/api.w.org\/{rel}","templated":true}]}}