{"id":188,"date":"2016-06-12T21:50:53","date_gmt":"2016-06-12T20:50:53","guid":{"rendered":"http:\/\/southbohemiaclassic.cz\/?page_id=188"},"modified":"2016-12-01T19:38:18","modified_gmt":"2016-12-01T18:38:18","slug":"program-2016","status":"publish","type":"page","link":"https:\/\/southbohemiaclassic.cz\/de\/program-2016\/","title":{"rendered":"Programm 2016"},"content":{"rendered":"<p><strong>Sonntag 21. August 2016<\/strong><\/p>\n<table style=\"width: 1124px;\" border=\"0\" cellspacing=\"5\" cellpadding=\"5\">\n<tbody>\n<tr>\n<td style=\"text-align: left; width: 120px; height: 40px;\">24:00<\/td>\n<td style=\"text-align: left; width: 450px; height: 40px;\">Nennungsschluss<\/td>\n<td style=\"text-align: left; width: 554px; height: 40px;\">&nbsp;<\/td>\n<\/tr>\n<\/tbody>\n<\/table>\n<p>&nbsp;<\/p>\n<p><strong>Montag 5. September 2016<\/strong><\/p>\n<table style=\"width: 1124px;\" border=\"0\" cellspacing=\"5\" cellpadding=\"5\">\n<tbody>\n<tr>\n<td style=\"text-align: left; width: 120px; height: 40px;\">11:00<\/td>\n<td style=\"text-align: left; width: 450px; height: 40px;\">Pressekonferenz<\/td>\n<td style=\"text-align: left; width: 554px; height: 40px;\">\u010cesk\u00e9 Bud\u011bjovice, Haptplatz, Grandhotel Zvon<\/td>\n<\/tr>\n<\/tbody>\n<\/table>\n<p>&nbsp;<\/p>\n<p><strong>Freitag 9. September 2016<\/strong><\/p>\n<table style=\"width: 1124px;\" border=\"0\" cellspacing=\"5\" cellpadding=\"5\">\n<tbody>\n<tr>\n<td style=\"text-align: left; width: 120px; height: 40px;\">14:00 &#8211; 16:30<\/td>\n<td style=\"text-align: left; width: 450px; height: 40px;\">Teilnehmerankunft &amp; South Bohemia Classic Show<\/td>\n<td style=\"text-align: left; width: 554px; height: 40px;\">\u010cesk\u00e9 Bud\u011bjovice, Hauptplatz<\/td>\n<\/tr>\n<tr>\n<td style=\"text-align: left; width: 120px; height: 40px;\">14:00 &#8211; 16:45<\/td>\n<td style=\"text-align: left; width: 450px; height: 40px;\">Administrative Abnahme<\/td>\n<td style=\"text-align: left; width: 554px; height: 40px;\">\u010cesk\u00e9 Bud\u011bjovice, Hauptplatz, Grandhotel Zvon<\/td>\n<\/tr>\n<tr>\n<td style=\"text-align: left; width: 120px; height: 40px;\">15:00 &#8211; 17:25<\/td>\n<td style=\"text-align: left; width: 450px; height: 40px;\">Konzert BezNOT&nbsp;&amp; \u0160oufl\u0160ou<\/td>\n<td style=\"text-align: left; width: 554px; height: 40px;\">\u010cesk\u00e9 Bud\u011bjovice, Hauptplatz<\/td>\n<\/tr>\n<tr>\n<td style=\"text-align: left; width: 120px; height: 40px;\">17:00<\/td>\n<td style=\"text-align: left; width: 450px; height: 40px;\">Teilnehmerbesprechung<\/td>\n<td style=\"text-align: left; width: 554px; height: 40px;\">\u010cesk\u00e9 Bud\u011bjovice, Hauptplatz<\/td>\n<\/tr>\n<tr>\n<td style=\"text-align: left; width: 120px; height: 40px;\">17:30<\/td>\n<td style=\"text-align: left; width: 450px; height: 40px;\">Start 1. Etappe (132 km)<\/td>\n<td style=\"text-align: left; width: 554px; height: 40px;\">\u010cesk\u00e9 Bud\u011bjovice, Hauptplatz<\/td>\n<\/tr>\n<tr>\n<td style=\"text-align: left; width: 120px; height: 40px;\">19:00<\/td>\n<td style=\"text-align: left; width: 450px; height: 40px;\">Coffee break<\/td>\n<td style=\"text-align: left; width: 554px; height: 40px;\">Hola\u0161ovice, \u0160pejchar u Vojty<\/td>\n<\/tr>\n<tr>\n<td style=\"text-align: left; width: 120px; height: 40px;\">20:15<\/td>\n<td style=\"text-align: left; width: 450px; height: 40px;\">Nachtdurchfart \u010cesk\u00fd Krumlov<\/td>\n<td style=\"text-align: left; width: 554px; height: 40px;\">\u010cesk\u00fd Krumlov<\/td>\n<\/tr>\n<tr>\n<td style=\"text-align: left; width: 120px; height: 40px;\">21:20<\/td>\n<td style=\"text-align: left; width: 450px; height: 40px;\">Ziel 1. Etappe &amp; Driver\u00b4s drink<\/td>\n<td style=\"text-align: left; width: 554px; height: 40px;\">Doln\u00ed Vltavice,&nbsp;Hotel RELAX<\/td>\n<\/tr>\n<\/tbody>\n<\/table>\n<p>&nbsp;<\/p>\n<p><strong>Sammstag 10. September 2016<\/strong><\/p>\n<table style=\"width: 1124px;\" border=\"0\" cellspacing=\"5\" cellpadding=\"5\">\n<tbody>\n<tr>\n<td style=\"text-align: left; width: 120px; height: 40px;\">8:30<\/td>\n<td style=\"text-align: left; width: 450px; height: 40px;\">Start 2. Etappe (292&nbsp;km)<\/td>\n<td style=\"text-align: left; width: 554px; height: 40px;\">Doln\u00ed Vltavice,&nbsp;Hotel RELAX<\/td>\n<\/tr>\n<tr>\n<td style=\"text-align: left; width: 120px; height: 40px;\">10:10<\/td>\n<td style=\"text-align: left; width: 450px; height: 40px;\">Coffee break<\/td>\n<td style=\"text-align: left; width: 554px; height: 40px;\">Frauenberg, Dreisesselalm<\/td>\n<\/tr>\n<tr>\n<td style=\"text-align: left; width: 120px; height: 40px;\">11:55<\/td>\n<td style=\"text-align: left; width: 450px; height: 40px;\">Mittagspauze<\/td>\n<td style=\"text-align: left; width: 554px; height: 40px;\">Modrava, Brauerei&nbsp;Lyer<\/td>\n<\/tr>\n<tr>\n<td style=\"text-align: left; width: 120px; height: 40px;\">14:40<\/td>\n<td style=\"text-align: left; width: 450px; height: 40px;\">Coffee break<\/td>\n<td style=\"text-align: left; width: 554px; height: 40px;\">Prachatice, Hauptplatz<\/td>\n<\/tr>\n<tr>\n<td style=\"text-align: left; width: 120px; height: 40px;\">16:00<\/td>\n<td style=\"text-align: left; width: 450px; height: 40px;\">Ziel<\/td>\n<td style=\"text-align: left; width: 554px; height: 40px;\">Doln\u00ed Vltavice,&nbsp;Hotel RELAX<\/td>\n<\/tr>\n<tr>\n<td style=\"text-align: left; width: 120px; height: 40px;\">19:30<\/td>\n<td style=\"text-align: left; width: 450px; height: 40px;\">Siegerehrung &amp; South Bohemia Classic Party<br \/>\n<em>(dress code: Tenue de Ville)<\/em><\/td>\n<td style=\"text-align: left; width: 554px; height: 40px;\">Doln\u00ed Vltavice,&nbsp;Hotel RELAX<\/td>\n<\/tr>\n<\/tbody>\n<\/table>\n<p><\/p>","protected":false},"excerpt":{"rendered":"<p>Sonntag 21. August 2016 24:00 Nennungsschluss &nbsp; &nbsp; Montag 5. September 2016 11:00 Pressekonferenz \u010cesk\u00e9 Bud\u011bjovice, Haptplatz, Grandhotel Zvon &nbsp; Freitag 9. September 2016 14:00 &#8211; 16:30 Teilnehmerankunft &amp; South Bohemia Classic Show \u010cesk\u00e9 Bud\u011bjovice, Hauptplatz 14:00 &#8211; 16:45 Administrative Abnahme \u010cesk\u00e9 Bud\u011bjovice, Hauptplatz, Grandhotel Zvon 15:00 &#8211; 17:25 Konzert BezNOT&nbsp;&amp; \u0160oufl\u0160ou \u010cesk\u00e9 Bud\u011bjovice, Hauptplatz [&hellip;]<\/p>\n","protected":false},"author":2,"featured_media":0,"parent":0,"menu_order":0,"comment_status":"closed","ping_status":"closed","template":"","meta":{"_acf_changed":false,"ngg_post_thumbnail":0,"footnotes":""},"class_list":["post-188","page","type-page","status-publish","hentry"],"acf":[],"yoast_head":"<!-- This site is optimized with the Yoast SEO plugin v27.3 - https:\/\/yoast.com\/product\/yoast-seo-wordpress\/ -->\n<title>Programm 2016 - South Bohemia Classic<\/title>\n<meta name=\"robots\" content=\"index, follow, max-snippet:-1, max-image-preview:large, max-video-preview:-1\" \/>\n<link rel=\"canonical\" href=\"https:\/\/southbohemiaclassic.cz\/program-2016\/\" \/>\n<meta property=\"og:locale\" content=\"de_DE\" \/>\n<meta property=\"og:type\" content=\"article\" \/>\n<meta property=\"og:title\" content=\"[:cs]Program sout\u011b\u017ee 2016[:de]Programm 2016[:] - South Bohemia Classic\" \/>\n<meta property=\"og:description\" content=\"Sonntag 21. August 2016 24:00 Nennungsschluss &nbsp; &nbsp; Montag 5. September 2016 11:00 Pressekonferenz \u010cesk\u00e9 Bud\u011bjovice, Haptplatz, Grandhotel Zvon &nbsp; Freitag 9. September 2016 14:00 &#8211; 16:30 Teilnehmerankunft &amp; South Bohemia Classic Show \u010cesk\u00e9 Bud\u011bjovice, Hauptplatz 14:00 &#8211; 16:45 Administrative Abnahme \u010cesk\u00e9 Bud\u011bjovice, Hauptplatz, Grandhotel Zvon 15:00 &#8211; 17:25 Konzert BezNOT&nbsp;&amp; \u0160oufl\u0160ou \u010cesk\u00e9 Bud\u011bjovice, Hauptplatz [&hellip;]\" \/>\n<meta property=\"og:url\" content=\"https:\/\/southbohemiaclassic.cz\/program-2016\/\" \/>\n<meta property=\"og:site_name\" content=\"South Bohemia Classic\" \/>\n<meta property=\"article:modified_time\" content=\"2016-12-01T18:38:18+00:00\" \/>\n<meta name=\"twitter:card\" content=\"summary_large_image\" \/>\n<meta name=\"twitter:label1\" content=\"Gesch\u00e4tzte Lesezeit\" \/>\n\t<meta name=\"twitter:data1\" content=\"2\u00a0Minuten\" \/>\n<script type=\"application\/ld+json\" class=\"yoast-schema-graph\">{\"@context\":\"https:\\\/\\\/schema.org\",\"@graph\":[{\"@type\":\"WebPage\",\"@id\":\"https:\\\/\\\/southbohemiaclassic.cz\\\/program-2016\\\/\",\"url\":\"https:\\\/\\\/southbohemiaclassic.cz\\\/program-2016\\\/\",\"name\":\"[:cs]Program sout\u011b\u017ee 2016[:de]Programm 2016[:] - South Bohemia Classic\",\"isPartOf\":{\"@id\":\"https:\\\/\\\/southbohemiaclassic.cz\\\/#website\"},\"datePublished\":\"2016-06-12T20:50:53+00:00\",\"dateModified\":\"2016-12-01T18:38:18+00:00\",\"breadcrumb\":{\"@id\":\"https:\\\/\\\/southbohemiaclassic.cz\\\/program-2016\\\/#breadcrumb\"},\"inLanguage\":\"de\",\"potentialAction\":[{\"@type\":\"ReadAction\",\"target\":[\"https:\\\/\\\/southbohemiaclassic.cz\\\/program-2016\\\/\"]}]},{\"@type\":\"BreadcrumbList\",\"@id\":\"https:\\\/\\\/southbohemiaclassic.cz\\\/program-2016\\\/#breadcrumb\",\"itemListElement\":[{\"@type\":\"ListItem\",\"position\":1,\"name\":\"Dom\u016f\",\"item\":\"https:\\\/\\\/southbohemiaclassic.cz\\\/\"},{\"@type\":\"ListItem\",\"position\":2,\"name\":\"Program sout\u011b\u017ee 2016\"}]},{\"@type\":\"WebSite\",\"@id\":\"https:\\\/\\\/southbohemiaclassic.cz\\\/#website\",\"url\":\"https:\\\/\\\/southbohemiaclassic.cz\\\/\",\"name\":\"South Bohemia Classic\",\"description\":\"South Bohemia Classic\",\"potentialAction\":[{\"@type\":\"SearchAction\",\"target\":{\"@type\":\"EntryPoint\",\"urlTemplate\":\"https:\\\/\\\/southbohemiaclassic.cz\\\/?s={search_term_string}\"},\"query-input\":{\"@type\":\"PropertyValueSpecification\",\"valueRequired\":true,\"valueName\":\"search_term_string\"}}],\"inLanguage\":\"de\"}]}<\/script>\n<!-- \/ Yoast SEO plugin. -->","yoast_head_json":{"title":"[:cs]Program sout\u011b\u017ee 2016[:de]Programm 2016[:] - South Bohemia Classic","robots":{"index":"index","follow":"follow","max-snippet":"max-snippet:-1","max-image-preview":"max-image-preview:large","max-video-preview":"max-video-preview:-1"},"canonical":"https:\/\/southbohemiaclassic.cz\/program-2016\/","og_locale":"de_DE","og_type":"article","og_title":"[:cs]Program sout\u011b\u017ee 2016[:de]Programm 2016[:] - South Bohemia Classic","og_description":"Sonntag 21. August 2016 24:00 Nennungsschluss &nbsp; &nbsp; Montag 5. September 2016 11:00 Pressekonferenz \u010cesk\u00e9 Bud\u011bjovice, Haptplatz, Grandhotel Zvon &nbsp; Freitag 9. September 2016 14:00 &#8211; 16:30 Teilnehmerankunft &amp; South Bohemia Classic Show \u010cesk\u00e9 Bud\u011bjovice, Hauptplatz 14:00 &#8211; 16:45 Administrative Abnahme \u010cesk\u00e9 Bud\u011bjovice, Hauptplatz, Grandhotel Zvon 15:00 &#8211; 17:25 Konzert BezNOT&nbsp;&amp; \u0160oufl\u0160ou \u010cesk\u00e9 Bud\u011bjovice, Hauptplatz [&hellip;]","og_url":"https:\/\/southbohemiaclassic.cz\/program-2016\/","og_site_name":"South Bohemia Classic","article_modified_time":"2016-12-01T18:38:18+00:00","twitter_card":"summary_large_image","twitter_misc":{"Gesch\u00e4tzte Lesezeit":"2\u00a0Minuten"},"schema":{"@context":"https:\/\/schema.org","@graph":[{"@type":"WebPage","@id":"https:\/\/southbohemiaclassic.cz\/program-2016\/","url":"https:\/\/southbohemiaclassic.cz\/program-2016\/","name":"[:cs]Program sout\u011b\u017ee 2016[:de]Programm 2016[:] - South Bohemia Classic","isPartOf":{"@id":"https:\/\/southbohemiaclassic.cz\/#website"},"datePublished":"2016-06-12T20:50:53+00:00","dateModified":"2016-12-01T18:38:18+00:00","breadcrumb":{"@id":"https:\/\/southbohemiaclassic.cz\/program-2016\/#breadcrumb"},"inLanguage":"de","potentialAction":[{"@type":"ReadAction","target":["https:\/\/southbohemiaclassic.cz\/program-2016\/"]}]},{"@type":"BreadcrumbList","@id":"https:\/\/southbohemiaclassic.cz\/program-2016\/#breadcrumb","itemListElement":[{"@type":"ListItem","position":1,"name":"Dom\u016f","item":"https:\/\/southbohemiaclassic.cz\/"},{"@type":"ListItem","position":2,"name":"Program sout\u011b\u017ee 2016"}]},{"@type":"WebSite","@id":"https:\/\/southbohemiaclassic.cz\/#website","url":"https:\/\/southbohemiaclassic.cz\/","name":"South Bohemia Classic","description":"South Bohemia Classic","potentialAction":[{"@type":"SearchAction","target":{"@type":"EntryPoint","urlTemplate":"https:\/\/southbohemiaclassic.cz\/?s={search_term_string}"},"query-input":{"@type":"PropertyValueSpecification","valueRequired":true,"valueName":"search_term_string"}}],"inLanguage":"de"}]}},"_links":{"self":[{"href":"https:\/\/southbohemiaclassic.cz\/de\/wp-json\/wp\/v2\/pages\/188","targetHints":{"allow":["GET"]}}],"collection":[{"href":"https:\/\/southbohemiaclassic.cz\/de\/wp-json\/wp\/v2\/pages"}],"about":[{"href":"https:\/\/southbohemiaclassic.cz\/de\/wp-json\/wp\/v2\/types\/page"}],"author":[{"embeddable":true,"href":"https:\/\/southbohemiaclassic.cz\/de\/wp-json\/wp\/v2\/users\/2"}],"replies":[{"embeddable":true,"href":"https:\/\/southbohemiaclassic.cz\/de\/wp-json\/wp\/v2\/comments?post=188"}],"version-history":[{"count":16,"href":"https:\/\/southbohemiaclassic.cz\/de\/wp-json\/wp\/v2\/pages\/188\/revisions"}],"predecessor-version":[{"id":854,"href":"https:\/\/southbohemiaclassic.cz\/de\/wp-json\/wp\/v2\/pages\/188\/revisions\/854"}],"wp:attachment":[{"href":"https:\/\/southbohemiaclassic.cz\/de\/wp-json\/wp\/v2\/media?parent=188"}],"curies":[{"name":"wp","href":"https:\/\/api.w.org\/{rel}","templated":true}]}}