{"id":17096,"date":"2025-11-20T22:30:38","date_gmt":"2025-11-20T21:30:38","guid":{"rendered":"https:\/\/southbohemiaclassic.cz\/?page_id=17096"},"modified":"2025-11-20T22:35:50","modified_gmt":"2025-11-20T21:35:50","slug":"galerie-2025","status":"publish","type":"page","link":"https:\/\/southbohemiaclassic.cz\/de\/galerie-2025\/","title":{"rendered":"XVI. South Bohemia Classic 2025"},"content":{"rendered":"<p><\/p>\n\n\n\n<p>Habt Ihr Interesse um Fotosdatei Ihres Teams in Druckqualit\u00e4t? Schreiben Sie auf:<strong>&nbsp;<a href=\"mailto:info@southbohemiaclassic.cz\" target=\"_blank\" rel=\"noreferrer noopener\">info@southbohemiaclassic.cz<\/a><\/strong>.<\/p>\n\n\n\n<div style=\"height:20px\" aria-hidden=\"true\" class=\"wp-block-spacer\"><\/div>\n\n\n\n<p>Autor: <a href=\"https:\/\/www.facebook.com\/fotoskrivanek\/\" target=\"_blank\" rel=\"noreferrer noopener\"><strong>Petr Sk\u0159iv\u00e1nek<\/strong><\/a><\/p>\n\n\n\nngg_shortcode_4_placeholder\n\n\n\n<p>Autor: <strong><a href=\"https:\/\/www.facebook.com\/stepansturma\" target=\"_blank\" rel=\"noreferrer noopener\">\u0160t\u011bp\u00e1n \u0160turma<\/a><\/strong><\/p>\n\n\n\nngg_shortcode_5_placeholder\n\n\n\n<p>Autor: <strong><a href=\"https:\/\/www.facebook.com\/zklimafotograf\" target=\"_blank\" rel=\"noreferrer noopener\">Zden\u011bk Kl\u00edma<\/a><\/strong><\/p>\n\n\n\nngg_shortcode_6_placeholder\n\n\n\n<p>Autor: <strong>Franti\u0161ek Mal\u00fd<\/strong><\/p>\n\n\n\nngg_shortcode_7_placeholder\n\n\n\n<h3 class=\"wp-block-heading\"><a href=\"https:\/\/southbohemiaclassic.cz\/galerie-2025_start-cil\/\">Start &amp; Ziel &#8211; alle Teilnehmer<\/a><\/h3>\n\n\n\n<p><\/p>","protected":false},"excerpt":{"rendered":"<p>Habt Ihr Interesse um Fotosdatei Ihres Teams in Druckqualit\u00e4t? Schreiben Sie auf:&nbsp;info@southbohemiaclassic.cz. Autor: Petr Sk\u0159iv\u00e1nek Autor: \u0160t\u011bp\u00e1n \u0160turma Autor: Zden\u011bk Kl\u00edma Autor: Franti\u0161ek Mal\u00fd Start &amp; Ziel &#8211; alle Teilnehmer<\/p>\n","protected":false},"author":2,"featured_media":0,"parent":0,"menu_order":0,"comment_status":"closed","ping_status":"closed","template":"","meta":{"_acf_changed":false,"ngg_post_thumbnail":0,"footnotes":""},"class_list":["post-17096","page","type-page","status-publish","hentry"],"acf":[],"yoast_head":"<!-- This site is optimized with the Yoast SEO plugin v27.3 - https:\/\/yoast.com\/product\/yoast-seo-wordpress\/ -->\n<title>FOTOREPORT: XVI. South Bohemia Classic 2025<\/title>\n<meta name=\"description\" content=\"Fotogalerie z \u0161estn\u00e1ct\u00e9ho ro\u010dn\u00edku veter\u00e1nsk\u00e9 setinov\u00e9 rallye South Bohemia Classic, kter\u00e1 se uskute\u010dnila ve dnech 5. a 6. z\u00e1\u0159\u00ed 2025.\" \/>\n<meta name=\"robots\" content=\"index, follow, max-snippet:-1, max-image-preview:large, max-video-preview:-1\" \/>\n<link rel=\"canonical\" href=\"https:\/\/southbohemiaclassic.cz\/galerie-2025\/\" \/>\n<meta property=\"og:locale\" content=\"de_DE\" \/>\n<meta property=\"og:type\" content=\"article\" \/>\n<meta property=\"og:title\" content=\"FOTOREPORT: XVI. South Bohemia Classic 2025\" \/>\n<meta property=\"og:description\" content=\"Fotogalerie z \u0161estn\u00e1ct\u00e9ho ro\u010dn\u00edku veter\u00e1nsk\u00e9 setinov\u00e9 rallye South Bohemia Classic, kter\u00e1 se uskute\u010dnila ve dnech 5. a 6. z\u00e1\u0159\u00ed 2025.\" \/>\n<meta property=\"og:url\" content=\"https:\/\/southbohemiaclassic.cz\/galerie-2025\/\" \/>\n<meta property=\"og:site_name\" content=\"South Bohemia Classic\" \/>\n<meta property=\"article:modified_time\" content=\"2025-11-20T21:35:50+00:00\" \/>\n<meta property=\"og:image\" content=\"https:\/\/southbohemiaclassic.cz\/wp-content\/uploads\/2025\/11\/sbc2025_galerie.jpg\" \/>\n\t<meta property=\"og:image:width\" content=\"1600\" \/>\n\t<meta property=\"og:image:height\" content=\"1067\" \/>\n\t<meta property=\"og:image:type\" content=\"image\/jpeg\" \/>\n<meta name=\"twitter:card\" content=\"summary_large_image\" \/>\n<meta name=\"twitter:title\" content=\"FOTOREPORT: XVI. South Bohemia Classic 2025\" \/>\n<meta name=\"twitter:description\" content=\"Fotogalerie z \u0161estn\u00e1ct\u00e9ho ro\u010dn\u00edku veter\u00e1nsk\u00e9 setinov\u00e9 rallye South Bohemia Classic, kter\u00e1 se uskute\u010dnila ve dnech 5. a 6. z\u00e1\u0159\u00ed 2025.\" \/>\n<meta name=\"twitter:image\" content=\"https:\/\/southbohemiaclassic.cz\/wp-content\/uploads\/2025\/11\/sbc2025_galerie.jpg\" \/>\n<meta name=\"twitter:label1\" content=\"Gesch\u00e4tzte Lesezeit\" \/>\n\t<meta name=\"twitter:data1\" content=\"1\u00a0Minute\" \/>\n<script type=\"application\/ld+json\" class=\"yoast-schema-graph\">{\"@context\":\"https:\\\/\\\/schema.org\",\"@graph\":[{\"@type\":\"WebPage\",\"@id\":\"https:\\\/\\\/southbohemiaclassic.cz\\\/galerie-2025\\\/\",\"url\":\"https:\\\/\\\/southbohemiaclassic.cz\\\/galerie-2025\\\/\",\"name\":\"FOTOREPORT: XVI. South Bohemia Classic 2025\",\"isPartOf\":{\"@id\":\"https:\\\/\\\/southbohemiaclassic.cz\\\/#website\"},\"datePublished\":\"2025-11-20T21:30:38+00:00\",\"dateModified\":\"2025-11-20T21:35:50+00:00\",\"description\":\"Fotogalerie z \u0161estn\u00e1ct\u00e9ho ro\u010dn\u00edku veter\u00e1nsk\u00e9 setinov\u00e9 rallye South Bohemia Classic, kter\u00e1 se uskute\u010dnila ve dnech 5. a 6. z\u00e1\u0159\u00ed 2025.\",\"breadcrumb\":{\"@id\":\"https:\\\/\\\/southbohemiaclassic.cz\\\/galerie-2025\\\/#breadcrumb\"},\"inLanguage\":\"de\",\"potentialAction\":[{\"@type\":\"ReadAction\",\"target\":[\"https:\\\/\\\/southbohemiaclassic.cz\\\/galerie-2025\\\/\"]}]},{\"@type\":\"BreadcrumbList\",\"@id\":\"https:\\\/\\\/southbohemiaclassic.cz\\\/galerie-2025\\\/#breadcrumb\",\"itemListElement\":[{\"@type\":\"ListItem\",\"position\":1,\"name\":\"Dom\u016f\",\"item\":\"https:\\\/\\\/southbohemiaclassic.cz\\\/\"},{\"@type\":\"ListItem\",\"position\":2,\"name\":\"XVI. South Bohemia Classic 2025\"}]},{\"@type\":\"WebSite\",\"@id\":\"https:\\\/\\\/southbohemiaclassic.cz\\\/#website\",\"url\":\"https:\\\/\\\/southbohemiaclassic.cz\\\/\",\"name\":\"South Bohemia Classic\",\"description\":\"South Bohemia Classic\",\"potentialAction\":[{\"@type\":\"SearchAction\",\"target\":{\"@type\":\"EntryPoint\",\"urlTemplate\":\"https:\\\/\\\/southbohemiaclassic.cz\\\/?s={search_term_string}\"},\"query-input\":{\"@type\":\"PropertyValueSpecification\",\"valueRequired\":true,\"valueName\":\"search_term_string\"}}],\"inLanguage\":\"de\"}]}<\/script>\n<!-- \/ Yoast SEO plugin. -->","yoast_head_json":{"title":"FOTOREPORT: XVI. South Bohemia Classic 2025","description":"Fotogalerie z \u0161estn\u00e1ct\u00e9ho ro\u010dn\u00edku veter\u00e1nsk\u00e9 setinov\u00e9 rallye South Bohemia Classic, kter\u00e1 se uskute\u010dnila ve dnech 5. a 6. z\u00e1\u0159\u00ed 2025.","robots":{"index":"index","follow":"follow","max-snippet":"max-snippet:-1","max-image-preview":"max-image-preview:large","max-video-preview":"max-video-preview:-1"},"canonical":"https:\/\/southbohemiaclassic.cz\/galerie-2025\/","og_locale":"de_DE","og_type":"article","og_title":"FOTOREPORT: XVI. South Bohemia Classic 2025","og_description":"Fotogalerie z \u0161estn\u00e1ct\u00e9ho ro\u010dn\u00edku veter\u00e1nsk\u00e9 setinov\u00e9 rallye South Bohemia Classic, kter\u00e1 se uskute\u010dnila ve dnech 5. a 6. z\u00e1\u0159\u00ed 2025.","og_url":"https:\/\/southbohemiaclassic.cz\/galerie-2025\/","og_site_name":"South Bohemia Classic","article_modified_time":"2025-11-20T21:35:50+00:00","og_image":[{"width":1600,"height":1067,"url":"https:\/\/southbohemiaclassic.cz\/wp-content\/uploads\/2025\/11\/sbc2025_galerie.jpg","type":"image\/jpeg"}],"twitter_card":"summary_large_image","twitter_title":"FOTOREPORT: XVI. South Bohemia Classic 2025","twitter_description":"Fotogalerie z \u0161estn\u00e1ct\u00e9ho ro\u010dn\u00edku veter\u00e1nsk\u00e9 setinov\u00e9 rallye South Bohemia Classic, kter\u00e1 se uskute\u010dnila ve dnech 5. a 6. z\u00e1\u0159\u00ed 2025.","twitter_image":"https:\/\/southbohemiaclassic.cz\/wp-content\/uploads\/2025\/11\/sbc2025_galerie.jpg","twitter_misc":{"Gesch\u00e4tzte Lesezeit":"1\u00a0Minute"},"schema":{"@context":"https:\/\/schema.org","@graph":[{"@type":"WebPage","@id":"https:\/\/southbohemiaclassic.cz\/galerie-2025\/","url":"https:\/\/southbohemiaclassic.cz\/galerie-2025\/","name":"FOTOREPORT: XVI. South Bohemia Classic 2025","isPartOf":{"@id":"https:\/\/southbohemiaclassic.cz\/#website"},"datePublished":"2025-11-20T21:30:38+00:00","dateModified":"2025-11-20T21:35:50+00:00","description":"Fotogalerie z \u0161estn\u00e1ct\u00e9ho ro\u010dn\u00edku veter\u00e1nsk\u00e9 setinov\u00e9 rallye South Bohemia Classic, kter\u00e1 se uskute\u010dnila ve dnech 5. a 6. z\u00e1\u0159\u00ed 2025.","breadcrumb":{"@id":"https:\/\/southbohemiaclassic.cz\/galerie-2025\/#breadcrumb"},"inLanguage":"de","potentialAction":[{"@type":"ReadAction","target":["https:\/\/southbohemiaclassic.cz\/galerie-2025\/"]}]},{"@type":"BreadcrumbList","@id":"https:\/\/southbohemiaclassic.cz\/galerie-2025\/#breadcrumb","itemListElement":[{"@type":"ListItem","position":1,"name":"Dom\u016f","item":"https:\/\/southbohemiaclassic.cz\/"},{"@type":"ListItem","position":2,"name":"XVI. South Bohemia Classic 2025"}]},{"@type":"WebSite","@id":"https:\/\/southbohemiaclassic.cz\/#website","url":"https:\/\/southbohemiaclassic.cz\/","name":"South Bohemia Classic","description":"South Bohemia Classic","potentialAction":[{"@type":"SearchAction","target":{"@type":"EntryPoint","urlTemplate":"https:\/\/southbohemiaclassic.cz\/?s={search_term_string}"},"query-input":{"@type":"PropertyValueSpecification","valueRequired":true,"valueName":"search_term_string"}}],"inLanguage":"de"}]}},"_links":{"self":[{"href":"https:\/\/southbohemiaclassic.cz\/de\/wp-json\/wp\/v2\/pages\/17096","targetHints":{"allow":["GET"]}}],"collection":[{"href":"https:\/\/southbohemiaclassic.cz\/de\/wp-json\/wp\/v2\/pages"}],"about":[{"href":"https:\/\/southbohemiaclassic.cz\/de\/wp-json\/wp\/v2\/types\/page"}],"author":[{"embeddable":true,"href":"https:\/\/southbohemiaclassic.cz\/de\/wp-json\/wp\/v2\/users\/2"}],"replies":[{"embeddable":true,"href":"https:\/\/southbohemiaclassic.cz\/de\/wp-json\/wp\/v2\/comments?post=17096"}],"version-history":[{"count":2,"href":"https:\/\/southbohemiaclassic.cz\/de\/wp-json\/wp\/v2\/pages\/17096\/revisions"}],"predecessor-version":[{"id":17101,"href":"https:\/\/southbohemiaclassic.cz\/de\/wp-json\/wp\/v2\/pages\/17096\/revisions\/17101"}],"wp:attachment":[{"href":"https:\/\/southbohemiaclassic.cz\/de\/wp-json\/wp\/v2\/media?parent=17096"}],"curies":[{"name":"wp","href":"https:\/\/api.w.org\/{rel}","templated":true}]}}