{"id":15460,"date":"2025-09-05T09:30:20","date_gmt":"2025-09-05T08:30:20","guid":{"rendered":"https:\/\/southbohemiaclassic.cz\/?page_id=15460"},"modified":"2025-09-12T12:20:26","modified_gmt":"2025-09-12T11:20:26","slug":"vysledky-2025","status":"publish","type":"page","link":"https:\/\/southbohemiaclassic.cz\/de\/vysledky-2025\/","title":{"rendered":"Ergebnisse XVI. South Bohemia Classic 2025"},"content":{"rendered":"<h1 class=\"wp-block-heading\"><\/h1>\n\n\n\n<ul id=\"block-6c9e6375-81cd-4008-8edc-9c16fb2864db\" class=\"wp-block-list\">\n<li>RT 1 \u00daAMK &#8211; <strong><a href=\"https:\/\/southbohemiaclassic.cz\/wp-content\/uploads\/2025\/09\/xvi-south-bohemia-classic_RT1_classic_20250905-202259.pdf\" target=\"_blank\" rel=\"noreferrer noopener nofollow\">Classic<\/a><\/strong> | <strong><a href=\"https:\/\/southbohemiaclassic.cz\/wp-content\/uploads\/2025\/09\/xvi-south-bohemia-classic_RT1_exclusive_20250905-202305.pdf\" target=\"_blank\" rel=\"noreferrer noopener nofollow\">Exclusive<\/a><\/strong><\/li>\n\n\n\n<li>RT 2 FCC &#8211; <strong><a href=\"https:\/\/southbohemiaclassic.cz\/wp-content\/uploads\/2025\/09\/xvi-south-bohemia-classic_RT2_classic_20250905-211054.pdf\" target=\"_blank\" rel=\"noreferrer noopener nofollow\">Classic<\/a><\/strong> | <strong><a href=\"https:\/\/southbohemiaclassic.cz\/wp-content\/uploads\/2025\/09\/xvi-south-bohemia-classic_RT2_exclusive_20250905-211102.pdf\" target=\"_blank\" rel=\"noreferrer noopener nofollow\">Exclusive<\/a><\/strong><\/li>\n\n\n\n<li>RT 3 Obec Chval\u0161iny &#8211; <strong><a href=\"https:\/\/southbohemiaclassic.cz\/wp-content\/uploads\/2025\/09\/xvi-south-bohemia-classic_RT3_classic_20250905-221444.pdf\" target=\"_blank\" rel=\"noreferrer noopener nofollow\">Classic<\/a><\/strong> | <strong><a href=\"https:\/\/southbohemiaclassic.cz\/wp-content\/uploads\/2025\/09\/xvi-south-bohemia-classic_RT3_exclusive_20250905-221450.pdf\" target=\"_blank\" rel=\"noreferrer noopener nofollow\">Exclusive<\/a><\/strong><\/li>\n\n\n\n<li>ST 1 API CZ &#8211; <strong><a href=\"https:\/\/southbohemiaclassic.cz\/wp-content\/uploads\/2025\/09\/xvi-south-bohemia-classic_ST1_classic_20250905-221501.pdf\" target=\"_blank\" rel=\"noreferrer noopener nofollow\">Classic<\/a><\/strong> | <strong><a href=\"https:\/\/southbohemiaclassic.cz\/wp-content\/uploads\/2025\/09\/xvi-south-bohemia-classic_ST1_exclusive_20250905-221456.pdf\" target=\"_blank\" rel=\"noreferrer noopener nofollow\">Exclusive<\/a><\/strong><\/li>\n\n\n\n<li>RT 4 M\u011bstys K\u0159em\u017ee &#8211; <strong><a href=\"https:\/\/southbohemiaclassic.cz\/wp-content\/uploads\/2025\/09\/xvi-south-bohemia-classic_RT4_classic_20250906-073917.pdf\" target=\"_blank\" rel=\"noreferrer noopener nofollow\">Classic<\/a><\/strong> | <strong><a href=\"https:\/\/southbohemiaclassic.cz\/wp-content\/uploads\/2025\/09\/xvi-south-bohemia-classic_RT4_exclusive_20250905-224408.pdf\" target=\"_blank\" rel=\"noreferrer noopener nofollow\">Exclusive<\/a><\/strong><\/li>\n\n\n\n<li>RT 5 Port 1560 &#8211; <strong><a href=\"https:\/\/southbohemiaclassic.cz\/wp-content\/uploads\/2025\/09\/xvi-south-bohemia-classic_RT5_classic_20250905-225745.pdf\" target=\"_blank\" rel=\"noreferrer noopener nofollow\">Classic<\/a><\/strong> | <strong><a href=\"https:\/\/southbohemiaclassic.cz\/wp-content\/uploads\/2025\/09\/xvi-south-bohemia-classic_RT5_exclusive_20250905-225753.pdf\" target=\"_blank\" rel=\"noreferrer noopener nofollow\">Exclusive<\/a><\/strong><\/li>\n<\/ul>\n\n\n\n<p id=\"block-80fff29b-822f-495d-b26d-4b91b9520454\">Ergebnisse im 1. Etappe &#8211; <strong><a href=\"https:\/\/southbohemiaclassic.cz\/wp-content\/uploads\/2025\/09\/xvi-south-bohemia-classic_RT1-RT5_classic_20250906-003437.pdf\" target=\"_blank\" rel=\"noreferrer noopener nofollow\">Classic<\/a><\/strong> | <strong><a href=\"https:\/\/southbohemiaclassic.cz\/wp-content\/uploads\/2025\/09\/xvi-south-bohemia-classic_RT1-RT5_exclusive_20250906-003530.pdf\" target=\"_blank\" rel=\"noreferrer noopener nofollow\">Exclusive<\/a><\/strong> | <strong><a href=\"https:\/\/southbohemiaclassic.cz\/wp-content\/uploads\/2025\/09\/xvi-south-bohemia-classic_RT1-RT5_mechanicke-stopky_20250906-003652.pdf\" target=\"_blank\" rel=\"noreferrer noopener nofollow\">Mechanische Stopuhr<\/a><\/strong> | <strong><a href=\"https:\/\/southbohemiaclassic.cz\/wp-content\/uploads\/2025\/09\/xvi-south-bohemia-classic_RT1-RT5_vitar-junior-cup_20250906-003704.pdf\" target=\"_blank\" rel=\"noreferrer noopener nofollow\">VITAR Junior Cup<\/a><\/strong> | <strong><a href=\"https:\/\/southbohemiaclassic.cz\/wp-content\/uploads\/2025\/09\/xvi-south-bohemia-classic_RT1-RT5_damsky-pohar_20250906-003721.pdf\" target=\"_blank\" rel=\"noreferrer noopener nofollow\">Damenpokal<\/a><\/strong> | <strong><a href=\"https:\/\/southbohemiaclassic.cz\/wp-content\/uploads\/2025\/09\/xvi-south-bohemia-classic_RT1-RT5_rodinny-pohar_20250906-003732.pdf\" target=\"_blank\" rel=\"noreferrer noopener nofollow\">Familienpokal<\/a><\/strong><br><strong><a href=\"https:\/\/southbohemiaclassic.cz\/wp-content\/uploads\/2025\/09\/xvi-south-bohemia-classic_penalties_20250906-004412.pdf\" target=\"_blank\" rel=\"noreferrer noopener nofollow\">P\u00f6nalisierung<\/a><\/strong><\/p>\n\n\n\n<ul id=\"block-fddf20db-bdd2-46a6-a325-a35645742c72\" class=\"wp-block-list\">\n<li>RT 6 Hotel Resort Relax &#8211; <a href=\"https:\/\/southbohemiaclassic.cz\/wp-content\/uploads\/2025\/09\/xvi-south-bohemia-classic_RT6_classic_20250906-113034.pdf\" target=\"_blank\" rel=\"noreferrer noopener nofollow\"><strong>Classic<\/strong><\/a> | <strong><a href=\"https:\/\/southbohemiaclassic.cz\/wp-content\/uploads\/2025\/09\/xvi-south-bohemia-classic_RT6_exclusive_20250906-113101.pdf\" target=\"_blank\" rel=\"noreferrer noopener nofollow\">Exclusive<\/a><\/strong><\/li>\n\n\n\n<li>RT 7 Rodinn\u00fd are\u00e1l Lipno &#8211; <strong><a href=\"https:\/\/southbohemiaclassic.cz\/wp-content\/uploads\/2025\/09\/xvi-south-bohemia-classic_RT7_classic_20250906-214922.pdf\" target=\"_blank\" rel=\"noreferrer noopener nofollow\">Classic<\/a><\/strong> | <strong><a href=\"https:\/\/southbohemiaclassic.cz\/wp-content\/uploads\/2025\/09\/xvi-south-bohemia-classic_RT7_exclusive_20250906-120743.pdf\" target=\"_blank\" rel=\"noreferrer noopener nofollow\">Exclusive<\/a><\/strong><\/li>\n\n\n\n<li>RT 8 VITAR &#8211; <strong><a href=\"https:\/\/southbohemiaclassic.cz\/wp-content\/uploads\/2025\/09\/xvi-south-bohemia-classic_RT8_classic_20250906-181449.pdf\" target=\"_blank\" rel=\"noreferrer noopener nofollow\">Classic<\/a><\/strong> | <strong><a href=\"https:\/\/southbohemiaclassic.cz\/wp-content\/uploads\/2025\/09\/xvi-south-bohemia-classic_RT8_exclusive_20250906-181456.pdf\" target=\"_blank\" rel=\"noreferrer noopener nofollow\">Exclusive<\/a><\/strong><\/li>\n\n\n\n<li>RT 9 KeyTec &#8211; <strong><a href=\"https:\/\/southbohemiaclassic.cz\/wp-content\/uploads\/2025\/09\/xvi-south-bohemia-classic_RT9_classic_20250906-124805.pdf\" target=\"_blank\" rel=\"noreferrer noopener nofollow\">Classic<\/a><\/strong> | <strong><a href=\"https:\/\/southbohemiaclassic.cz\/wp-content\/uploads\/2025\/09\/xvi-south-bohemia-classic_RT9_exclusive_20250906-124817.pdf\" target=\"_blank\" rel=\"noreferrer noopener nofollow\">Exclusive<\/a><\/strong><\/li>\n\n\n\n<li>RT 10 Steinbauer Lechner &#8211; <strong><a href=\"https:\/\/southbohemiaclassic.cz\/wp-content\/uploads\/2025\/09\/xvi-south-bohemia-classic_RT10_classic_20250906-131910.pdf\" target=\"_blank\" rel=\"noreferrer noopener nofollow\">Classic<\/a><\/strong> | <strong><a href=\"https:\/\/southbohemiaclassic.cz\/wp-content\/uploads\/2025\/09\/xvi-south-bohemia-classic_RT10_exclusive_20250906-131934.pdf\" target=\"_blank\" rel=\"noreferrer noopener nofollow\">Exclusive<\/a><\/strong><\/li>\n\n\n\n<li>ST 2 Historick\u00fd pivovar \u010cesk\u00fd Krumlov &#8211; <strong><a href=\"https:\/\/southbohemiaclassic.cz\/wp-content\/uploads\/2025\/09\/xvi-south-bohemia-classic_ST2_classic_20250906-132130.pdf\" target=\"_blank\" rel=\"noreferrer noopener nofollow\">Classic<\/a><\/strong> | <strong><a href=\"https:\/\/southbohemiaclassic.cz\/wp-content\/uploads\/2025\/09\/xvi-south-bohemia-classic_ST2_exclusive_20250906-132123.pdf\" target=\"_blank\" rel=\"noreferrer noopener nofollow\">Exclusive<\/a><\/strong><\/li>\n\n\n\n<li>RT 11 SM produkt &#8211; <strong><a href=\"https:\/\/southbohemiaclassic.cz\/wp-content\/uploads\/2025\/09\/xvi-south-bohemia-classic_RT11_classic_20250906-160044.pdf\" target=\"_blank\" rel=\"noreferrer noopener nofollow\">Classic<\/a><\/strong> | <strong><a href=\"https:\/\/southbohemiaclassic.cz\/wp-content\/uploads\/2025\/09\/xvi-south-bohemia-classic_RT11_exclusive_20250906-160100.pdf\" target=\"_blank\" rel=\"noreferrer noopener nofollow\">Exclusive<\/a><\/strong><\/li>\n\n\n\n<li>RT 12 Casino Imperator &#8211; <a href=\"https:\/\/southbohemiaclassic.cz\/wp-content\/uploads\/2025\/09\/xvi-south-bohemia-classic_RT12_classic_20250906-163640.pdf\" target=\"_blank\" rel=\"noreferrer noopener nofollow\"><strong>Classic<\/strong><\/a> | <strong><a href=\"https:\/\/southbohemiaclassic.cz\/wp-content\/uploads\/2025\/09\/xvi-south-bohemia-classic_RT12_exclusive_20250906-163628.pdf\" target=\"_blank\" rel=\"noreferrer noopener nofollow\">Exclusive<\/a><\/strong><\/li>\n\n\n\n<li>RT 13 \u0160KODA AUTO \u010cR &#8211; <strong><a href=\"https:\/\/southbohemiaclassic.cz\/wp-content\/uploads\/2025\/09\/xvi-south-bohemia-classic_RT13_classic_20250906-174056.pdf\" target=\"_blank\" rel=\"noreferrer noopener nofollow\">Classic<\/a><\/strong> | <strong><a href=\"https:\/\/southbohemiaclassic.cz\/wp-content\/uploads\/2025\/09\/xvi-south-bohemia-classic_RT13_exclusive_20250906-174107.pdf\" target=\"_blank\" rel=\"noreferrer noopener nofollow\">Exclusive<\/a><\/strong><\/li>\n\n\n\n<li>ST 3 INOTECH electronic &#8211; <strong><a href=\"https:\/\/southbohemiaclassic.cz\/wp-content\/uploads\/2025\/09\/xvi-south-bohemia-classic_ST3_classic_20250906-175458.pdf\" target=\"_blank\" rel=\"noreferrer noopener nofollow\">Classic<\/a><\/strong> | <strong><a href=\"https:\/\/southbohemiaclassic.cz\/wp-content\/uploads\/2025\/09\/xvi-south-bohemia-classic_ST3_exclusive_20250906-175438.pdf\" target=\"_blank\" rel=\"noreferrer noopener nofollow\">Exclusive<\/a><\/strong><\/li>\n\n\n\n<li>RT 14 Grand Prix Kaplice &#8211; <strong><a href=\"https:\/\/southbohemiaclassic.cz\/wp-content\/uploads\/2025\/09\/xvi-south-bohemia-classic_RT14_classic_20250906-175733.pdf\" target=\"_blank\" rel=\"noreferrer noopener nofollow\">Classic<\/a><\/strong> | <strong><a href=\"https:\/\/southbohemiaclassic.cz\/wp-content\/uploads\/2025\/09\/xvi-south-bohemia-classic_RT14_exclusive_20250906-175742.pdf\" target=\"_blank\" rel=\"noreferrer noopener nofollow\">Exclusive<\/a><\/strong><\/li>\n\n\n\n<li>RT 15 IVT tepeln\u00e1 \u010derpadla &#8211; <strong><a href=\"https:\/\/southbohemiaclassic.cz\/wp-content\/uploads\/2025\/09\/xvi-south-bohemia-classic_RT15_classic_20250906-202852.pdf\" target=\"_blank\" rel=\"noreferrer noopener nofollow\">Classic<\/a><\/strong> | <strong><a href=\"https:\/\/southbohemiaclassic.cz\/wp-content\/uploads\/2025\/09\/xvi-south-bohemia-classic_RT15_exclusive_20250906-175938.pdf\" target=\"_blank\" rel=\"noreferrer noopener nofollow\">Exclusive<\/a><\/strong><\/li>\n<\/ul>\n\n\n\n<p id=\"block-74c9c501-c54c-4cf9-acfd-d086e3d8a03a\">Ergebnisse im 2. Etappe \u2013 <strong><a href=\"https:\/\/southbohemiaclassic.cz\/wp-content\/uploads\/2025\/09\/xvi-south-bohemia-classic_RT6-RT15_classic_20250912-131301.pdf\" target=\"_blank\" rel=\"noreferrer noopener nofollow\">Classic<\/a><\/strong>\u00a0| <strong><a href=\"https:\/\/southbohemiaclassic.cz\/wp-content\/uploads\/2025\/09\/xvi-south-bohemia-classic_RT6-RT15_exclusive_20250906-220642.pdf\" target=\"_blank\" rel=\"noreferrer noopener nofollow\">Exclusive<\/a><\/strong><br><strong><a href=\"https:\/\/southbohemiaclassic.cz\/wp-content\/uploads\/2025\/09\/xvi-south-bohemia-classic_penalties_20250912-130503.pdf\" target=\"_blank\" rel=\"noreferrer noopener nofollow\">P\u00f6nalisierung<\/a><\/strong><\/p>\n\n\n\n<p id=\"block-74c9c501-c54c-4cf9-acfd-d086e3d8a03a\"><\/p>\n\n\n\n<p id=\"block-4ebfc443-4176-49ca-90aa-57f042485bd8\"><\/p>\n\n\n\n<p id=\"block-de1e6124-bbfe-4c5b-bc01-19442bb1b028\">Ergebnisse \u2013 <strong><a href=\"https:\/\/southbohemiaclassic.cz\/wp-content\/uploads\/2025\/09\/xvi-south-bohemia-classic_final_classic_20250912-131838.pdf\" target=\"_blank\" rel=\"noreferrer noopener nofollow\">Classic<\/a><\/strong>\u00a0| <strong><a href=\"https:\/\/southbohemiaclassic.cz\/wp-content\/uploads\/2025\/09\/xvi-south-bohemia-classic_final_exclusive_20250906-211444.pdf\" target=\"_blank\" rel=\"noreferrer noopener nofollow\">Exclusive<\/a><\/strong> | <strong><a href=\"https:\/\/southbohemiaclassic.cz\/wp-content\/uploads\/2025\/09\/xvi-south-bohemia-classic_final_mechanicke-stopky_20250906-215604.pdf\" target=\"_blank\" rel=\"noreferrer noopener nofollow\">Mechanische Stopuhr<\/a><\/strong>\u00a0| <strong><a href=\"https:\/\/southbohemiaclassic.cz\/wp-content\/uploads\/2025\/09\/xvi-south-bohemia-classic_final_vitar-junior-cup_20250906-211516.pdf\" target=\"_blank\" rel=\"noreferrer noopener nofollow\">VITAR Junior Cup<\/a><\/strong>\u00a0| <strong><a href=\"https:\/\/southbohemiaclassic.cz\/wp-content\/uploads\/2025\/09\/xvi-south-bohemia-classic_final_damsky-pohar_20250906-211452.pdf\" target=\"_blank\" rel=\"noreferrer noopener nofollow\">Damenpokal<\/a><\/strong> | <strong><a href=\"https:\/\/southbohemiaclassic.cz\/wp-content\/uploads\/2025\/09\/xvi-south-bohemia-classic_team_cup_20250906-220020.pdf\" target=\"_blank\" rel=\"noreferrer noopener nofollow\">Teampokal<\/a><\/strong> | <strong><a href=\"https:\/\/southbohemiaclassic.cz\/wp-content\/uploads\/2025\/09\/xvi-south-bohemia-classic_final_rodinny-pohar_20250906-211508.pdf\" target=\"_blank\" rel=\"noreferrer noopener nofollow\">Familienpokal<\/a><\/strong><\/p>\n\n\n\n<p id=\"block-648391b0-7e14-4d82-9ac7-2076f69d8358\"><\/p>\n\n\n\n<p id=\"block-d301f1c1-25db-4d9c-8912-efe67c3eda41\"><strong><a href=\"https:\/\/southbohemiaclassic.cz\/wp-content\/uploads\/2025\/09\/cc2025-v2.pdf\" target=\"_blank\" rel=\"noreferrer noopener nofollow\">Classic Challenge 2025<\/a><\/strong><\/p>\n\n\n\n<p><\/p>","protected":false},"excerpt":{"rendered":"<p>Ergebnisse im 1. Etappe &#8211; Classic | Exclusive | Mechanische Stopuhr | VITAR Junior Cup | Damenpokal | FamilienpokalP\u00f6nalisierung Ergebnisse im 2. Etappe \u2013 Classic\u00a0| ExclusiveP\u00f6nalisierung Ergebnisse \u2013 Classic\u00a0| Exclusive | Mechanische Stopuhr\u00a0| VITAR Junior Cup\u00a0| Damenpokal | Teampokal | Familienpokal Classic Challenge 2025<\/p>\n","protected":false},"author":2,"featured_media":0,"parent":0,"menu_order":0,"comment_status":"closed","ping_status":"closed","template":"","meta":{"_acf_changed":false,"ngg_post_thumbnail":0,"footnotes":""},"class_list":["post-15460","page","type-page","status-publish","hentry"],"acf":[],"yoast_head":"<!-- This site is optimized with the Yoast SEO plugin v27.4 - https:\/\/yoast.com\/product\/yoast-seo-wordpress\/ -->\n<title>Ergebnisse XVI. South Bohemia Classic 2025<\/title>\n<meta name=\"robots\" content=\"index, follow, max-snippet:-1, max-image-preview:large, max-video-preview:-1\" \/>\n<link rel=\"canonical\" href=\"https:\/\/southbohemiaclassic.cz\/vysledky-2025\/\" \/>\n<meta property=\"og:locale\" content=\"de_DE\" \/>\n<meta property=\"og:type\" content=\"article\" \/>\n<meta property=\"og:title\" content=\"[:cs]V\u00fdsledky XVI. South Bohemia Classic 2025[:de]Ergebnisse XVI. South Bohemia Classic 2025[:en]Results XVI. South Bohemia Classic 2025 - South Bohemia Classic\" \/>\n<meta property=\"og:description\" content=\"Ergebnisse im 1. Etappe &#8211; Classic | Exclusive | Mechanische Stopuhr | VITAR Junior Cup | Damenpokal | FamilienpokalP\u00f6nalisierung Ergebnisse im 2. Etappe \u2013 Classic\u00a0| ExclusiveP\u00f6nalisierung Ergebnisse \u2013 Classic\u00a0| Exclusive | Mechanische Stopuhr\u00a0| VITAR Junior Cup\u00a0| Damenpokal | Teampokal | Familienpokal Classic Challenge 2025\" \/>\n<meta property=\"og:url\" content=\"https:\/\/southbohemiaclassic.cz\/vysledky-2025\/\" \/>\n<meta property=\"og:site_name\" content=\"South Bohemia Classic\" \/>\n<meta property=\"article:modified_time\" content=\"2025-09-12T11:20:26+00:00\" \/>\n<meta name=\"twitter:card\" content=\"summary_large_image\" \/>\n<meta name=\"twitter:label1\" content=\"Gesch\u00e4tzte Lesezeit\" \/>\n\t<meta name=\"twitter:data1\" content=\"2\u00a0Minuten\" \/>\n<script type=\"application\/ld+json\" class=\"yoast-schema-graph\">{\"@context\":\"https:\\\/\\\/schema.org\",\"@graph\":[{\"@type\":\"WebPage\",\"@id\":\"https:\\\/\\\/southbohemiaclassic.cz\\\/vysledky-2025\\\/\",\"url\":\"https:\\\/\\\/southbohemiaclassic.cz\\\/vysledky-2025\\\/\",\"name\":\"[:cs]V\u00fdsledky XVI. South Bohemia Classic 2025[:de]Ergebnisse XVI. South Bohemia Classic 2025[:en]Results XVI. South Bohemia Classic 2025 - South Bohemia Classic\",\"isPartOf\":{\"@id\":\"https:\\\/\\\/southbohemiaclassic.cz\\\/#website\"},\"datePublished\":\"2025-09-05T08:30:20+00:00\",\"dateModified\":\"2025-09-12T11:20:26+00:00\",\"breadcrumb\":{\"@id\":\"https:\\\/\\\/southbohemiaclassic.cz\\\/vysledky-2025\\\/#breadcrumb\"},\"inLanguage\":\"de\",\"potentialAction\":[{\"@type\":\"ReadAction\",\"target\":[\"https:\\\/\\\/southbohemiaclassic.cz\\\/vysledky-2025\\\/\"]}]},{\"@type\":\"BreadcrumbList\",\"@id\":\"https:\\\/\\\/southbohemiaclassic.cz\\\/vysledky-2025\\\/#breadcrumb\",\"itemListElement\":[{\"@type\":\"ListItem\",\"position\":1,\"name\":\"Dom\u016f\",\"item\":\"https:\\\/\\\/southbohemiaclassic.cz\\\/\"},{\"@type\":\"ListItem\",\"position\":2,\"name\":\"V\u00fdsledky XVI. South Bohemia Classic 2025\"}]},{\"@type\":\"WebSite\",\"@id\":\"https:\\\/\\\/southbohemiaclassic.cz\\\/#website\",\"url\":\"https:\\\/\\\/southbohemiaclassic.cz\\\/\",\"name\":\"South Bohemia Classic\",\"description\":\"South Bohemia Classic\",\"potentialAction\":[{\"@type\":\"SearchAction\",\"target\":{\"@type\":\"EntryPoint\",\"urlTemplate\":\"https:\\\/\\\/southbohemiaclassic.cz\\\/?s={search_term_string}\"},\"query-input\":{\"@type\":\"PropertyValueSpecification\",\"valueRequired\":true,\"valueName\":\"search_term_string\"}}],\"inLanguage\":\"de\"}]}<\/script>\n<!-- \/ Yoast SEO plugin. -->","yoast_head_json":{"title":"[:cs]V\u00fdsledky XVI. South Bohemia Classic 2025[:de]Ergebnisse XVI. South Bohemia Classic 2025[:en]Results XVI. South Bohemia Classic 2025 - South Bohemia Classic","robots":{"index":"index","follow":"follow","max-snippet":"max-snippet:-1","max-image-preview":"max-image-preview:large","max-video-preview":"max-video-preview:-1"},"canonical":"https:\/\/southbohemiaclassic.cz\/vysledky-2025\/","og_locale":"de_DE","og_type":"article","og_title":"[:cs]V\u00fdsledky XVI. South Bohemia Classic 2025[:de]Ergebnisse XVI. South Bohemia Classic 2025[:en]Results XVI. South Bohemia Classic 2025 - South Bohemia Classic","og_description":"Ergebnisse im 1. Etappe &#8211; Classic | Exclusive | Mechanische Stopuhr | VITAR Junior Cup | Damenpokal | FamilienpokalP\u00f6nalisierung Ergebnisse im 2. Etappe \u2013 Classic\u00a0| ExclusiveP\u00f6nalisierung Ergebnisse \u2013 Classic\u00a0| Exclusive | Mechanische Stopuhr\u00a0| VITAR Junior Cup\u00a0| Damenpokal | Teampokal | Familienpokal Classic Challenge 2025","og_url":"https:\/\/southbohemiaclassic.cz\/vysledky-2025\/","og_site_name":"South Bohemia Classic","article_modified_time":"2025-09-12T11:20:26+00:00","twitter_card":"summary_large_image","twitter_misc":{"Gesch\u00e4tzte Lesezeit":"2\u00a0Minuten"},"schema":{"@context":"https:\/\/schema.org","@graph":[{"@type":"WebPage","@id":"https:\/\/southbohemiaclassic.cz\/vysledky-2025\/","url":"https:\/\/southbohemiaclassic.cz\/vysledky-2025\/","name":"[:cs]V\u00fdsledky XVI. South Bohemia Classic 2025[:de]Ergebnisse XVI. South Bohemia Classic 2025[:en]Results XVI. South Bohemia Classic 2025 - South Bohemia Classic","isPartOf":{"@id":"https:\/\/southbohemiaclassic.cz\/#website"},"datePublished":"2025-09-05T08:30:20+00:00","dateModified":"2025-09-12T11:20:26+00:00","breadcrumb":{"@id":"https:\/\/southbohemiaclassic.cz\/vysledky-2025\/#breadcrumb"},"inLanguage":"de","potentialAction":[{"@type":"ReadAction","target":["https:\/\/southbohemiaclassic.cz\/vysledky-2025\/"]}]},{"@type":"BreadcrumbList","@id":"https:\/\/southbohemiaclassic.cz\/vysledky-2025\/#breadcrumb","itemListElement":[{"@type":"ListItem","position":1,"name":"Dom\u016f","item":"https:\/\/southbohemiaclassic.cz\/"},{"@type":"ListItem","position":2,"name":"V\u00fdsledky XVI. South Bohemia Classic 2025"}]},{"@type":"WebSite","@id":"https:\/\/southbohemiaclassic.cz\/#website","url":"https:\/\/southbohemiaclassic.cz\/","name":"South Bohemia Classic","description":"South Bohemia Classic","potentialAction":[{"@type":"SearchAction","target":{"@type":"EntryPoint","urlTemplate":"https:\/\/southbohemiaclassic.cz\/?s={search_term_string}"},"query-input":{"@type":"PropertyValueSpecification","valueRequired":true,"valueName":"search_term_string"}}],"inLanguage":"de"}]}},"_links":{"self":[{"href":"https:\/\/southbohemiaclassic.cz\/de\/wp-json\/wp\/v2\/pages\/15460","targetHints":{"allow":["GET"]}}],"collection":[{"href":"https:\/\/southbohemiaclassic.cz\/de\/wp-json\/wp\/v2\/pages"}],"about":[{"href":"https:\/\/southbohemiaclassic.cz\/de\/wp-json\/wp\/v2\/types\/page"}],"author":[{"embeddable":true,"href":"https:\/\/southbohemiaclassic.cz\/de\/wp-json\/wp\/v2\/users\/2"}],"replies":[{"embeddable":true,"href":"https:\/\/southbohemiaclassic.cz\/de\/wp-json\/wp\/v2\/comments?post=15460"}],"version-history":[{"count":45,"href":"https:\/\/southbohemiaclassic.cz\/de\/wp-json\/wp\/v2\/pages\/15460\/revisions"}],"predecessor-version":[{"id":15622,"href":"https:\/\/southbohemiaclassic.cz\/de\/wp-json\/wp\/v2\/pages\/15460\/revisions\/15622"}],"wp:attachment":[{"href":"https:\/\/southbohemiaclassic.cz\/de\/wp-json\/wp\/v2\/media?parent=15460"}],"curies":[{"name":"wp","href":"https:\/\/api.w.org\/{rel}","templated":true}]}}