{"id":15359,"date":"2024-12-01T00:46:45","date_gmt":"2024-11-30T23:46:45","guid":{"rendered":"https:\/\/southbohemiaclassic.cz\/?page_id=15359"},"modified":"2025-11-30T00:25:39","modified_gmt":"2025-11-29T23:25:39","slug":"program-2025","status":"publish","type":"page","link":"https:\/\/southbohemiaclassic.cz\/de\/program-2025\/","title":{"rendered":"Programm 2025"},"content":{"rendered":"<p><\/p>\n\n\n\n<h3 class=\"wp-block-heading\">Donnerstag 31. Juli 2025<\/h3>\n\n\n\n<p><strong>23:59<\/strong><br>Nennungsschluss<\/p>\n\n\n<hr>\n\n\n<h3 class=\"wp-block-heading\">Freitag 5. September 2025<\/h3>\n\n\n\n<p><strong>8:30 &#8211; 10:30<\/strong><br>Teilnehmerankunft, Administrative Abnahme (Optional)<br>Doln\u00ed Vltavice, Hotel Resort Relax<\/p>\n\n\n\n<p><strong>9:00 &#8211; 12:00<\/strong><br>Trainingscamp (Optional)<br>\u010cern\u00e1 v Po\u0161umav\u00ed<\/p>\n\n\n\n<p><strong>13:00 &#8211; 15:30<\/strong><br>Teilnehmerankunft, Administrative Abnahme<br>\u010cesk\u00e9 Bud\u011bjovice, n\u00e1m\u011bst\u00ed P\u0159emysla Otakara II. (Hauptplatz), Grandhotel Zvon<\/p>\n\n\n\n<p><strong>16:00<\/strong><br>Teilnehmerbriefing<br>n\u00e1m\u011bst\u00ed P\u0159emysla Otakara II. (Hauptplatz)<\/p>\n\n\n\n<p><strong>16:30<\/strong><br>Start 1. Etappe (158 km)<br>\u010cesk\u00e9 Bud\u011bjovice, n\u00e1m\u011bst\u00ed P\u0159emysla Otakara II. (Hauptplatz)<\/p>\n\n\n\n<p><strong>18:00<\/strong><br>Coffee break<br>Prachatice, Gallery Caf\u00e9<\/p>\n\n\n\n<p><strong>19:45<\/strong><br>Nachtdurchfahrt \u010cesk\u00fd Krumlov &amp; Ziel 1. Etappe<br>\u010cesk\u00fd Krumlov, n\u00e1m\u011bst\u00ed Svornosti (Hauptplatz)<\/p>\n\n\n\n<p><strong>20:45 &#8211; 24:00<\/strong><br>Driver\u2019s drink<br>Doln\u00ed Vltavice, Hotel Resort Relax<\/p>\n\n\n<hr>\n\n\n<h3 class=\"wp-block-heading\">Samstag 6. September 2025<\/h3>\n\n\n\n<p><strong>8:00<\/strong><br>Start II. Etappe (302 km)<br>Doln\u00ed Vltavice, Hotel Resort Relax<\/p>\n\n\n\n<p><strong>9:35<\/strong><br>Coffee break<br>Ottenschlag im M\u00fchlkreis<\/p>\n\n\n\n<p><strong>11:25<\/strong><br>Mittagspauze &amp; Mittagessen<br>Janova Ves, Restaurant Jelen\u00ed vyhl\u00eddka<\/p>\n\n\n\n<p><strong>13:00<\/strong><br>Grand Prix Kaplice<\/p>\n\n\n\n<p><strong>14:45<\/strong><br>Coffee break<br>Ro\u017emberk nad Vltavou, Brauerei Ro\u017emberk<\/p>\n\n\n\n<p><strong>16:00<\/strong><br>Ziel<br>Doln\u00ed Vltavice, Hotel Resort Relax<\/p>\n\n\n\n<p><strong>19:30<\/strong><br>Siegerehrung &amp; South Bohemia Classic Party<br><em>(dress code: Tenue de Ville)<\/em><br>Doln\u00ed Vltavice, Hotel Resort Relax<\/p>\n\n\n<hr>\n\n\n<p><em>Organisator ist berechtigt zu Programm\u00e4nderung.<\/em><\/p>\n\n\n\n<p><\/p>","protected":false},"excerpt":{"rendered":"<p>Donnerstag 31. Juli 2025 23:59Nennungsschluss Freitag 5. September 2025 8:30 &#8211; 10:30Teilnehmerankunft, Administrative Abnahme (Optional)Doln\u00ed Vltavice, Hotel Resort Relax 9:00 &#8211; 12:00Trainingscamp (Optional)\u010cern\u00e1 v Po\u0161umav\u00ed 13:00 &#8211; 15:30Teilnehmerankunft, Administrative Abnahme\u010cesk\u00e9 Bud\u011bjovice, n\u00e1m\u011bst\u00ed P\u0159emysla Otakara II. (Hauptplatz), Grandhotel Zvon 16:00Teilnehmerbriefingn\u00e1m\u011bst\u00ed P\u0159emysla Otakara II. (Hauptplatz) 16:30Start 1. Etappe (158 km)\u010cesk\u00e9 Bud\u011bjovice, n\u00e1m\u011bst\u00ed P\u0159emysla Otakara II. (Hauptplatz) 18:00Coffee [&hellip;]<\/p>\n","protected":false},"author":2,"featured_media":0,"parent":0,"menu_order":0,"comment_status":"closed","ping_status":"closed","template":"","meta":{"_acf_changed":false,"ngg_post_thumbnail":0,"footnotes":""},"class_list":["post-15359","page","type-page","status-publish","hentry"],"acf":[],"yoast_head":"<!-- This site is optimized with the Yoast SEO plugin v27.4 - https:\/\/yoast.com\/product\/yoast-seo-wordpress\/ -->\n<title>Programm 2025 - South Bohemia Classic<\/title>\n<meta name=\"robots\" content=\"index, follow, max-snippet:-1, max-image-preview:large, max-video-preview:-1\" \/>\n<link rel=\"canonical\" href=\"https:\/\/southbohemiaclassic.cz\/program-2025\/\" \/>\n<meta property=\"og:locale\" content=\"de_DE\" \/>\n<meta property=\"og:type\" content=\"article\" \/>\n<meta property=\"og:title\" content=\"[:cs]Program sout\u011b\u017ee 2025[:de]Programm 2025[:en]Programme 2025[:] - South Bohemia Classic\" \/>\n<meta property=\"og:description\" content=\"Donnerstag 31. Juli 2025 23:59Nennungsschluss Freitag 5. September 2025 8:30 &#8211; 10:30Teilnehmerankunft, Administrative Abnahme (Optional)Doln\u00ed Vltavice, Hotel Resort Relax 9:00 &#8211; 12:00Trainingscamp (Optional)\u010cern\u00e1 v Po\u0161umav\u00ed 13:00 &#8211; 15:30Teilnehmerankunft, Administrative Abnahme\u010cesk\u00e9 Bud\u011bjovice, n\u00e1m\u011bst\u00ed P\u0159emysla Otakara II. (Hauptplatz), Grandhotel Zvon 16:00Teilnehmerbriefingn\u00e1m\u011bst\u00ed P\u0159emysla Otakara II. (Hauptplatz) 16:30Start 1. Etappe (158 km)\u010cesk\u00e9 Bud\u011bjovice, n\u00e1m\u011bst\u00ed P\u0159emysla Otakara II. (Hauptplatz) 18:00Coffee [&hellip;]\" \/>\n<meta property=\"og:url\" content=\"https:\/\/southbohemiaclassic.cz\/program-2025\/\" \/>\n<meta property=\"og:site_name\" content=\"South Bohemia Classic\" \/>\n<meta property=\"article:modified_time\" content=\"2025-11-29T23:25:39+00:00\" \/>\n<meta name=\"twitter:card\" content=\"summary_large_image\" \/>\n<meta name=\"twitter:label1\" content=\"Gesch\u00e4tzte Lesezeit\" \/>\n\t<meta name=\"twitter:data1\" content=\"3\u00a0Minuten\" \/>\n<script type=\"application\/ld+json\" class=\"yoast-schema-graph\">{\"@context\":\"https:\\\/\\\/schema.org\",\"@graph\":[{\"@type\":\"WebPage\",\"@id\":\"https:\\\/\\\/southbohemiaclassic.cz\\\/program-2025\\\/\",\"url\":\"https:\\\/\\\/southbohemiaclassic.cz\\\/program-2025\\\/\",\"name\":\"[:cs]Program sout\u011b\u017ee 2025[:de]Programm 2025[:en]Programme 2025[:] - South Bohemia Classic\",\"isPartOf\":{\"@id\":\"https:\\\/\\\/southbohemiaclassic.cz\\\/#website\"},\"datePublished\":\"2024-11-30T23:46:45+00:00\",\"dateModified\":\"2025-11-29T23:25:39+00:00\",\"breadcrumb\":{\"@id\":\"https:\\\/\\\/southbohemiaclassic.cz\\\/program-2025\\\/#breadcrumb\"},\"inLanguage\":\"de\",\"potentialAction\":[{\"@type\":\"ReadAction\",\"target\":[\"https:\\\/\\\/southbohemiaclassic.cz\\\/program-2025\\\/\"]}]},{\"@type\":\"BreadcrumbList\",\"@id\":\"https:\\\/\\\/southbohemiaclassic.cz\\\/program-2025\\\/#breadcrumb\",\"itemListElement\":[{\"@type\":\"ListItem\",\"position\":1,\"name\":\"Dom\u016f\",\"item\":\"https:\\\/\\\/southbohemiaclassic.cz\\\/\"},{\"@type\":\"ListItem\",\"position\":2,\"name\":\"Program sout\u011b\u017ee 2025\"}]},{\"@type\":\"WebSite\",\"@id\":\"https:\\\/\\\/southbohemiaclassic.cz\\\/#website\",\"url\":\"https:\\\/\\\/southbohemiaclassic.cz\\\/\",\"name\":\"South Bohemia Classic\",\"description\":\"South Bohemia Classic\",\"potentialAction\":[{\"@type\":\"SearchAction\",\"target\":{\"@type\":\"EntryPoint\",\"urlTemplate\":\"https:\\\/\\\/southbohemiaclassic.cz\\\/?s={search_term_string}\"},\"query-input\":{\"@type\":\"PropertyValueSpecification\",\"valueRequired\":true,\"valueName\":\"search_term_string\"}}],\"inLanguage\":\"de\"}]}<\/script>\n<!-- \/ Yoast SEO plugin. -->","yoast_head_json":{"title":"[:cs]Program sout\u011b\u017ee 2025[:de]Programm 2025[:en]Programme 2025[:] - South Bohemia Classic","robots":{"index":"index","follow":"follow","max-snippet":"max-snippet:-1","max-image-preview":"max-image-preview:large","max-video-preview":"max-video-preview:-1"},"canonical":"https:\/\/southbohemiaclassic.cz\/program-2025\/","og_locale":"de_DE","og_type":"article","og_title":"[:cs]Program sout\u011b\u017ee 2025[:de]Programm 2025[:en]Programme 2025[:] - South Bohemia Classic","og_description":"Donnerstag 31. Juli 2025 23:59Nennungsschluss Freitag 5. September 2025 8:30 &#8211; 10:30Teilnehmerankunft, Administrative Abnahme (Optional)Doln\u00ed Vltavice, Hotel Resort Relax 9:00 &#8211; 12:00Trainingscamp (Optional)\u010cern\u00e1 v Po\u0161umav\u00ed 13:00 &#8211; 15:30Teilnehmerankunft, Administrative Abnahme\u010cesk\u00e9 Bud\u011bjovice, n\u00e1m\u011bst\u00ed P\u0159emysla Otakara II. (Hauptplatz), Grandhotel Zvon 16:00Teilnehmerbriefingn\u00e1m\u011bst\u00ed P\u0159emysla Otakara II. (Hauptplatz) 16:30Start 1. Etappe (158 km)\u010cesk\u00e9 Bud\u011bjovice, n\u00e1m\u011bst\u00ed P\u0159emysla Otakara II. (Hauptplatz) 18:00Coffee [&hellip;]","og_url":"https:\/\/southbohemiaclassic.cz\/program-2025\/","og_site_name":"South Bohemia Classic","article_modified_time":"2025-11-29T23:25:39+00:00","twitter_card":"summary_large_image","twitter_misc":{"Gesch\u00e4tzte Lesezeit":"3\u00a0Minuten"},"schema":{"@context":"https:\/\/schema.org","@graph":[{"@type":"WebPage","@id":"https:\/\/southbohemiaclassic.cz\/program-2025\/","url":"https:\/\/southbohemiaclassic.cz\/program-2025\/","name":"[:cs]Program sout\u011b\u017ee 2025[:de]Programm 2025[:en]Programme 2025[:] - South Bohemia Classic","isPartOf":{"@id":"https:\/\/southbohemiaclassic.cz\/#website"},"datePublished":"2024-11-30T23:46:45+00:00","dateModified":"2025-11-29T23:25:39+00:00","breadcrumb":{"@id":"https:\/\/southbohemiaclassic.cz\/program-2025\/#breadcrumb"},"inLanguage":"de","potentialAction":[{"@type":"ReadAction","target":["https:\/\/southbohemiaclassic.cz\/program-2025\/"]}]},{"@type":"BreadcrumbList","@id":"https:\/\/southbohemiaclassic.cz\/program-2025\/#breadcrumb","itemListElement":[{"@type":"ListItem","position":1,"name":"Dom\u016f","item":"https:\/\/southbohemiaclassic.cz\/"},{"@type":"ListItem","position":2,"name":"Program sout\u011b\u017ee 2025"}]},{"@type":"WebSite","@id":"https:\/\/southbohemiaclassic.cz\/#website","url":"https:\/\/southbohemiaclassic.cz\/","name":"South Bohemia Classic","description":"South Bohemia Classic","potentialAction":[{"@type":"SearchAction","target":{"@type":"EntryPoint","urlTemplate":"https:\/\/southbohemiaclassic.cz\/?s={search_term_string}"},"query-input":{"@type":"PropertyValueSpecification","valueRequired":true,"valueName":"search_term_string"}}],"inLanguage":"de"}]}},"_links":{"self":[{"href":"https:\/\/southbohemiaclassic.cz\/de\/wp-json\/wp\/v2\/pages\/15359","targetHints":{"allow":["GET"]}}],"collection":[{"href":"https:\/\/southbohemiaclassic.cz\/de\/wp-json\/wp\/v2\/pages"}],"about":[{"href":"https:\/\/southbohemiaclassic.cz\/de\/wp-json\/wp\/v2\/types\/page"}],"author":[{"embeddable":true,"href":"https:\/\/southbohemiaclassic.cz\/de\/wp-json\/wp\/v2\/users\/2"}],"replies":[{"embeddable":true,"href":"https:\/\/southbohemiaclassic.cz\/de\/wp-json\/wp\/v2\/comments?post=15359"}],"version-history":[{"count":5,"href":"https:\/\/southbohemiaclassic.cz\/de\/wp-json\/wp\/v2\/pages\/15359\/revisions"}],"predecessor-version":[{"id":17117,"href":"https:\/\/southbohemiaclassic.cz\/de\/wp-json\/wp\/v2\/pages\/15359\/revisions\/17117"}],"wp:attachment":[{"href":"https:\/\/southbohemiaclassic.cz\/de\/wp-json\/wp\/v2\/media?parent=15359"}],"curies":[{"name":"wp","href":"https:\/\/api.w.org\/{rel}","templated":true}]}}