{"id":14036,"date":"2024-09-04T20:41:13","date_gmt":"2024-09-04T19:41:13","guid":{"rendered":"https:\/\/southbohemiaclassic.cz\/?page_id=14036"},"modified":"2025-09-06T06:34:22","modified_gmt":"2025-09-06T05:34:22","slug":"vyveska","status":"publish","type":"page","link":"https:\/\/southbohemiaclassic.cz\/de\/vyveska\/","title":{"rendered":"Online Aushang"},"content":{"rendered":"<p><\/p>\n\n\n\n<ul class=\"wp-block-list\">\n<li><strong><a href=\"https:\/\/southbohemiaclassic.cz\/wp-content\/uploads\/2025\/09\/sbc2025-team-v2.pdf\" target=\"_blank\" rel=\"noreferrer noopener\">Teampokal<\/a><\/strong><\/li>\n\n\n\n<li><a href=\"https:\/\/southbohemiaclassic.cz\/wp-content\/uploads\/2025\/09\/sbc2025-start_order-leg2.pdf\" target=\"_blank\" rel=\"noreferrer noopener\"><strong>Startreihenfolge \u2013 Etappe <\/strong><\/a><a href=\"https:\/\/southbohemiaclassic.cz\/wp-content\/uploads\/2023\/09\/sbc2023-start_order-leg1.pdf\" target=\"_blank\" rel=\"noreferrer noopener\"><strong>2<\/strong><\/a><\/li>\n\n\n\n<li><a href=\"https:\/\/southbohemiaclassic.cz\/vysledky-2025\/\" target=\"_blank\" rel=\"noreferrer noopener\"><strong>Ergebnisse<\/strong><\/a><\/li>\n\n\n\n<li><a href=\"https:\/\/southbohemiaclassic.cz\/wp-content\/uploads\/2025\/09\/sbc2025-start_order-leg1.pdf\" target=\"_blank\" rel=\"noreferrer noopener\"><strong>Startreihenfolge \u2013 Etappe <\/strong><\/a><a href=\"https:\/\/southbohemiaclassic.cz\/wp-content\/uploads\/2023\/09\/sbc2023-start_order-leg1.pdf\" target=\"_blank\" rel=\"noreferrer noopener\"><strong>1<\/strong><\/a><\/li>\n\n\n\n<li><a href=\"https:\/\/southbohemiaclassic.cz\/de\/posadky\/\"><strong>Nennliste<\/strong><\/a><\/li>\n\n\n\n<li><a href=\"https:\/\/southbohemiaclassic.cz\/wp-content\/uploads\/2025\/09\/sbc2025_harmonogram.pdf\" target=\"_blank\" rel=\"noreferrer noopener\"><strong>Zeitplan<\/strong><\/a><\/li>\n\n\n\n<li><a href=\"https:\/\/southbohemiaclassic.cz\/de\/program-2025\/\"><strong>Programm<\/strong><\/a><\/li>\n\n\n\n<li><strong><a href=\"https:\/\/southbohemiaclassic.cz\/de\/trasa-2025\/\">Rallye-Route<\/a><\/strong><\/li>\n\n\n\n<li><a href=\"https:\/\/southbohemiaclassic.cz\/wp-content\/uploads\/2025\/09\/sbc2025_navod-polepu.pdf\" target=\"_blank\" rel=\"noreferrer noopener\"><strong>Wagensbeklebung<\/strong><\/a><\/li>\n\n\n\n<li><a href=\"https:\/\/southbohemiaclassic.cz\/wp-content\/uploads\/2024\/11\/sbc2025_zu-de.pdf\" target=\"_blank\" rel=\"noreferrer noopener\"><strong>Ausschreibung<\/strong><\/a><\/li>\n\n\n\n<li><a href=\"https:\/\/southbohemiaclassic.cz\/de\/prihlaska\/\"><strong>Nennung<\/strong><\/a><\/li>\n<\/ul>\n\n\n\n<h3 class=\"wp-block-heading\">Kontrollzentrum:<br><strong><a href=\"tel:+420-777-627-933\">+420 777 627 933<\/a><\/strong><\/h3>\n\n\n\n<p><\/p>","protected":false},"excerpt":{"rendered":"<p>Kontrollzentrum:+420 777 627 933<\/p>\n","protected":false},"author":2,"featured_media":0,"parent":0,"menu_order":0,"comment_status":"closed","ping_status":"closed","template":"","meta":{"_acf_changed":false,"ngg_post_thumbnail":0,"footnotes":""},"class_list":["post-14036","page","type-page","status-publish","hentry"],"acf":[],"yoast_head":"<!-- This site is optimized with the Yoast SEO plugin v27.3 - https:\/\/yoast.com\/product\/yoast-seo-wordpress\/ -->\n<title>Elektronick\u00e1 v\u00fdv\u011bska<\/title>\n<meta name=\"robots\" content=\"index, follow, max-snippet:-1, max-image-preview:large, max-video-preview:-1\" \/>\n<link rel=\"canonical\" href=\"https:\/\/southbohemiaclassic.cz\/vyveska\/\" \/>\n<meta property=\"og:locale\" content=\"de_DE\" \/>\n<meta property=\"og:type\" content=\"article\" \/>\n<meta property=\"og:title\" content=\"Elektronick\u00e1 v\u00fdv\u011bska\" \/>\n<meta property=\"og:description\" content=\"Kontrollzentrum:+420 777 627 933\" \/>\n<meta property=\"og:url\" content=\"https:\/\/southbohemiaclassic.cz\/vyveska\/\" \/>\n<meta property=\"og:site_name\" content=\"South Bohemia Classic\" \/>\n<meta property=\"article:modified_time\" content=\"2025-09-06T05:34:22+00:00\" \/>\n<meta name=\"twitter:card\" content=\"summary_large_image\" \/>\n<meta name=\"twitter:title\" content=\"Elektronick\u00e1 v\u00fdv\u011bska\" \/>\n<meta name=\"twitter:label1\" content=\"Gesch\u00e4tzte Lesezeit\" \/>\n\t<meta name=\"twitter:data1\" content=\"1\u00a0Minute\" \/>\n<script type=\"application\/ld+json\" class=\"yoast-schema-graph\">{\"@context\":\"https:\\\/\\\/schema.org\",\"@graph\":[{\"@type\":\"WebPage\",\"@id\":\"https:\\\/\\\/southbohemiaclassic.cz\\\/vyveska\\\/\",\"url\":\"https:\\\/\\\/southbohemiaclassic.cz\\\/vyveska\\\/\",\"name\":\"Elektronick\u00e1 v\u00fdv\u011bska\",\"isPartOf\":{\"@id\":\"https:\\\/\\\/southbohemiaclassic.cz\\\/#website\"},\"datePublished\":\"2024-09-04T19:41:13+00:00\",\"dateModified\":\"2025-09-06T05:34:22+00:00\",\"breadcrumb\":{\"@id\":\"https:\\\/\\\/southbohemiaclassic.cz\\\/vyveska\\\/#breadcrumb\"},\"inLanguage\":\"de\",\"potentialAction\":[{\"@type\":\"ReadAction\",\"target\":[\"https:\\\/\\\/southbohemiaclassic.cz\\\/vyveska\\\/\"]}]},{\"@type\":\"BreadcrumbList\",\"@id\":\"https:\\\/\\\/southbohemiaclassic.cz\\\/vyveska\\\/#breadcrumb\",\"itemListElement\":[{\"@type\":\"ListItem\",\"position\":1,\"name\":\"Dom\u016f\",\"item\":\"https:\\\/\\\/southbohemiaclassic.cz\\\/\"},{\"@type\":\"ListItem\",\"position\":2,\"name\":\"Elektronick\u00e1 v\u00fdv\u011bska\"}]},{\"@type\":\"WebSite\",\"@id\":\"https:\\\/\\\/southbohemiaclassic.cz\\\/#website\",\"url\":\"https:\\\/\\\/southbohemiaclassic.cz\\\/\",\"name\":\"South Bohemia Classic\",\"description\":\"South Bohemia Classic\",\"potentialAction\":[{\"@type\":\"SearchAction\",\"target\":{\"@type\":\"EntryPoint\",\"urlTemplate\":\"https:\\\/\\\/southbohemiaclassic.cz\\\/?s={search_term_string}\"},\"query-input\":{\"@type\":\"PropertyValueSpecification\",\"valueRequired\":true,\"valueName\":\"search_term_string\"}}],\"inLanguage\":\"de\"}]}<\/script>\n<!-- \/ Yoast SEO plugin. -->","yoast_head_json":{"title":"Elektronick\u00e1 v\u00fdv\u011bska","robots":{"index":"index","follow":"follow","max-snippet":"max-snippet:-1","max-image-preview":"max-image-preview:large","max-video-preview":"max-video-preview:-1"},"canonical":"https:\/\/southbohemiaclassic.cz\/vyveska\/","og_locale":"de_DE","og_type":"article","og_title":"Elektronick\u00e1 v\u00fdv\u011bska","og_description":"Kontrollzentrum:+420 777 627 933","og_url":"https:\/\/southbohemiaclassic.cz\/vyveska\/","og_site_name":"South Bohemia Classic","article_modified_time":"2025-09-06T05:34:22+00:00","twitter_card":"summary_large_image","twitter_title":"Elektronick\u00e1 v\u00fdv\u011bska","twitter_misc":{"Gesch\u00e4tzte Lesezeit":"1\u00a0Minute"},"schema":{"@context":"https:\/\/schema.org","@graph":[{"@type":"WebPage","@id":"https:\/\/southbohemiaclassic.cz\/vyveska\/","url":"https:\/\/southbohemiaclassic.cz\/vyveska\/","name":"Elektronick\u00e1 v\u00fdv\u011bska","isPartOf":{"@id":"https:\/\/southbohemiaclassic.cz\/#website"},"datePublished":"2024-09-04T19:41:13+00:00","dateModified":"2025-09-06T05:34:22+00:00","breadcrumb":{"@id":"https:\/\/southbohemiaclassic.cz\/vyveska\/#breadcrumb"},"inLanguage":"de","potentialAction":[{"@type":"ReadAction","target":["https:\/\/southbohemiaclassic.cz\/vyveska\/"]}]},{"@type":"BreadcrumbList","@id":"https:\/\/southbohemiaclassic.cz\/vyveska\/#breadcrumb","itemListElement":[{"@type":"ListItem","position":1,"name":"Dom\u016f","item":"https:\/\/southbohemiaclassic.cz\/"},{"@type":"ListItem","position":2,"name":"Elektronick\u00e1 v\u00fdv\u011bska"}]},{"@type":"WebSite","@id":"https:\/\/southbohemiaclassic.cz\/#website","url":"https:\/\/southbohemiaclassic.cz\/","name":"South Bohemia Classic","description":"South Bohemia Classic","potentialAction":[{"@type":"SearchAction","target":{"@type":"EntryPoint","urlTemplate":"https:\/\/southbohemiaclassic.cz\/?s={search_term_string}"},"query-input":{"@type":"PropertyValueSpecification","valueRequired":true,"valueName":"search_term_string"}}],"inLanguage":"de"}]}},"_links":{"self":[{"href":"https:\/\/southbohemiaclassic.cz\/de\/wp-json\/wp\/v2\/pages\/14036","targetHints":{"allow":["GET"]}}],"collection":[{"href":"https:\/\/southbohemiaclassic.cz\/de\/wp-json\/wp\/v2\/pages"}],"about":[{"href":"https:\/\/southbohemiaclassic.cz\/de\/wp-json\/wp\/v2\/types\/page"}],"author":[{"embeddable":true,"href":"https:\/\/southbohemiaclassic.cz\/de\/wp-json\/wp\/v2\/users\/2"}],"replies":[{"embeddable":true,"href":"https:\/\/southbohemiaclassic.cz\/de\/wp-json\/wp\/v2\/comments?post=14036"}],"version-history":[{"count":19,"href":"https:\/\/southbohemiaclassic.cz\/de\/wp-json\/wp\/v2\/pages\/14036\/revisions"}],"predecessor-version":[{"id":15510,"href":"https:\/\/southbohemiaclassic.cz\/de\/wp-json\/wp\/v2\/pages\/14036\/revisions\/15510"}],"wp:attachment":[{"href":"https:\/\/southbohemiaclassic.cz\/de\/wp-json\/wp\/v2\/media?parent=14036"}],"curies":[{"name":"wp","href":"https:\/\/api.w.org\/{rel}","templated":true}]}}