{"id":14010,"date":"2024-08-26T10:06:44","date_gmt":"2024-08-26T09:06:44","guid":{"rendered":"https:\/\/southbohemiaclassic.cz\/?page_id=14010"},"modified":"2025-08-28T14:50:14","modified_gmt":"2025-08-28T13:50:14","slug":"trasa-2024","status":"publish","type":"page","link":"https:\/\/southbohemiaclassic.cz\/de\/trasa-2024\/","title":{"rendered":"Rallye-Route 2024"},"content":{"rendered":"<p><\/p>\n\n\n\n<h3 class=\"wp-block-heading\">I. Etappe &#8211; S\u00fcdb\u00f6hmische Klassik (178 km)<\/h3>\n\n\n\n<p><strong>Freitag 6. September 2024<\/strong><\/p>\n\n\n\n<p>16:30 \u010cesk\u00e9 Bud\u011bjovice, Hauptplatz &#8211; START<br>16:38 \u00daAMK, Driving Range &#8211; TEST<br>16:45 \u00dasiln\u00e9<br>16:48 H\u016fry<br>16:51 Adamov<br>16:55 Rudolfov<br>16:59 Hlincov\u00e1 Hora<br>17:01 Ortv\u00ednovice<br>17:03 Zv\u00edkov<br>17:07 Li\u0161ov<br>17:10 Sosn\u00ed, Steinbauer Lechner &#8211; TEST<br>17:14 Milet\u00edn<br>17:18 Dunajovice<br>17:20 Slov\u011bnice<br>17:27 Lomnice nad Lu\u017enic\u00ed<br>17:38 Mazelov<br>17:42 \u0160ev\u011bt\u00edn<br>17:47 Drahot\u011b\u0161ice<br>17:50 Radonice<br>17:54 Tuchonice<br>17:57 Po\u0159e\u017eany<br>18:03 Kostelec<br>18:08 Pon\u011b\u0161ice<br>18:20 Hlubok\u00e1 nad Vltavou, Hauptplatz &#8211; 20 Minuten<br>18:44 Dv\u016fr Vondrov<br>18:52 \u010cejkovice<br>18:57 B\u0159ehov<br>19:00 Deht\u00e1\u0159e<br>19:04 Rado\u0161ovice<br>19:06 Str\u00fd\u010dice<br>19:09 Z\u00e1bo\u0159\u00ed<br>19:12 Hola\u0161ovice<br>19:18 Nov\u00e1 Ves<br>19:23 Brloh<br>19:29 Chlume\u010dek<br>19:30 Pas\u00ed\u010dka<br>19:32 K\u0159em\u017ee, Hauptplatz &#8211; TEST<br>19:35 Chlum<br>19:40 Roj\u0161\u00edn<br>19:51 Chval\u0161iny, Hauptplatz &#8211; TEST<br>19:56 K\u0159enov<br>20:05 Historische Bierbrauerei \u010cesk\u00fd Krumlov<br>20:10 \u010cesk\u00fd Krumlov, Hauptplatz &#8211; 15 Minuten<br>20:51 \u010cern\u00e1 v Po\u0161umav\u00ed<br>20:56 Bli\u017en\u00e1<br>21:00 Doln\u00ed Vltavice, Hotel Resort Relax<\/p>\n\n\n\n<h3 class=\"wp-block-heading\">II. Etappe &#8211; Ins Herz des B\u00f6hmerwaldes (290 km)<\/h3>\n\n\n\n<p><strong>Samstag 7. September 2024<\/strong><\/p>\n\n\n\n<p>8:00 Doln\u00ed Vltavice, HRR &#8211; START &amp; TEST<br>8:04 Bli\u017en\u00e1<br>8:06 \u010cern\u00e1 v Po\u0161umav\u00ed<br>8:09 H\u016frka<br>8:14 Horn\u00ed Plan\u00e1<br>8:17 Karting Horn\u00ed Plan\u00e1 &#8211; TEST<br>8:20 Hod\u0148ov<br>8:22 Ol\u0161ina<br>8:26 Kv\u011btu\u0161\u00edn<br>8:29 Poln\u00e1 na \u0160umav\u011b<br>8:37 Boletice<br>8:41 Chval\u0161iny<br>8:50 B\u0159ezov\u00edk<br>8:54 Kti\u0161<br>8:58 Tisovka<br>9:07 K\u0159i\u0161\u0165anov<br>9:12 Zbytiny<br>9:21 Lib\u00ednsk\u00e9 Sedlo<br>9:30 Prachatice, Hauptplatz &#8211; 20 Minuten<br>9:56 Kahov<br>9:57 Podol\u00ed<br>9:58 Oseky<br>10:02 Kratu\u0161\u00edn<br>10:03 Drslavice<br>10:09 \u0160karez<br>10:12 \u0160umavsk\u00e9 Ho\u0161tice<br>10:15 Buk<br>10:20 Svat\u00e1 Ma\u0159\u00ed<br>10:22 \u0160t\u00edtkov<br>10:25 Bo\u0161ice<br>10:28 Hrad\u010dany<br>10:30 \u010ckyn\u011b, am Kreuz &#8211; TEST<br>10:37 Naho\u0159any<br>10:39 Starov<br>10:44 Nuz\u00edn<br>10:47 Kru\u0161lov<br>10:49 Vacovice<br>10:53 Chval\u0161ovice<br>10:56 P\u0159e\u010d\u00edn<br>10:59 Vacov, Busbahnhof &#8211; TEST<br>11:01 Peckov<br>11:02 Rohanov<br>11:05 Lhota pod Rohanovem<br>11:06 Bo\u0161ice<br>11:08 Javorn\u00edk<br>11:15 Nicov<br>11:17 \u0158etenice<br>11:23 Ka\u0161persk\u00e9 Hory<br>11:28 Rej\u0161tejn<br>11:33 \u010ce\u0148kova Pila<br>11:38 Srn\u00ed<br>11:50 Modrava &#8211; 60 Minuten<br>12:53 Filipova Hu\u0165<br>12:59 Kvilda<br>13:16 Zadov \/ Chur\u00e1\u0148ov &#8211; TEST<br>13:26 K\u016fsov<br>13:31 Stachy, Gemeindeamt &#8211; TEST<br>13:34 Bl\u00e1hov<br>13:39 Nov\u00fd Dv\u016fr<br>13:46 Nov\u00e9 Hut\u011b<br>13:51 Nov\u00fd Sv\u011bt<br>13:54 Borov\u00e1 Lada<br>14:07 Horn\u00ed Vltavice<br>14:10 Z\u00e1to\u0148<br>14:13 Lenora<br>14:14 Hou\u017en\u00e1<br>14:16 Vl\u010d\u00ed J\u00e1my<br>14:25 \u010cesk\u00e9 \u017dleby, Hotel &#8211; 20 Minuten<br>15:00 Volary, Hauptplatz &#8211; TEST<br>15:14 Slune\u010dn\u00e1<br>15:16 \u017delnava<br>15:20 Pernek<br>15:24 Pihlov<br>15:27 Horn\u00ed Plan\u00e1, Waisenhaus<br>15:33 H\u016frka<br>15:37 \u010cern\u00e1 v Po\u0161umav\u00ed, Busbahnhof &#8211; TEST<br>15:41 Bli\u017en\u00e1<br>15:45 Doln\u00ed Vltavice, Hotel Resort Relax &#8211; ZIEL<\/p>\n\n\n\n<p><em>Gesch\u00e4tzte Zeit des 1. Fahrzeugs<\/em>.<\/p>\n\n\n\n<p><\/p>","protected":false},"excerpt":{"rendered":"<p>I. Etappe &#8211; S\u00fcdb\u00f6hmische Klassik (178 km) Freitag 6. September 2024 16:30 \u010cesk\u00e9 Bud\u011bjovice, Hauptplatz &#8211; START16:38 \u00daAMK, Driving Range &#8211; TEST16:45 \u00dasiln\u00e916:48 H\u016fry16:51 Adamov16:55 Rudolfov16:59 Hlincov\u00e1 Hora17:01 Ortv\u00ednovice17:03 Zv\u00edkov17:07 Li\u0161ov17:10 Sosn\u00ed, Steinbauer Lechner &#8211; TEST17:14 Milet\u00edn17:18 Dunajovice17:20 Slov\u011bnice17:27 Lomnice nad Lu\u017enic\u00ed17:38 Mazelov17:42 \u0160ev\u011bt\u00edn17:47 Drahot\u011b\u0161ice17:50 Radonice17:54 Tuchonice17:57 Po\u0159e\u017eany18:03 Kostelec18:08 Pon\u011b\u0161ice18:20 Hlubok\u00e1 nad Vltavou, Hauptplatz &#8211; [&hellip;]<\/p>\n","protected":false},"author":2,"featured_media":0,"parent":0,"menu_order":0,"comment_status":"closed","ping_status":"closed","template":"","meta":{"_acf_changed":false,"ngg_post_thumbnail":0,"footnotes":""},"class_list":["post-14010","page","type-page","status-publish","hentry"],"acf":[],"yoast_head":"<!-- This site is optimized with the Yoast SEO plugin v27.3 - https:\/\/yoast.com\/product\/yoast-seo-wordpress\/ -->\n<title>Trasa XV. South Bohemia Classic 2024<\/title>\n<meta name=\"description\" content=\"P\u0159ehled m\u011bst a obc\u00ed na trase sout\u011b\u017ee v\u010detn\u011b p\u0159edpokl\u00e1dan\u00e9ho \u010dasu pr\u016fjezdu 1. vozidla.\" \/>\n<meta name=\"robots\" content=\"index, follow, max-snippet:-1, max-image-preview:large, max-video-preview:-1\" \/>\n<link rel=\"canonical\" href=\"https:\/\/southbohemiaclassic.cz\/trasa-2024\/\" \/>\n<meta property=\"og:locale\" content=\"de_DE\" \/>\n<meta property=\"og:type\" content=\"article\" \/>\n<meta property=\"og:title\" content=\"Trasa XV. South Bohemia Classic 2024\" \/>\n<meta property=\"og:description\" content=\"P\u0159ehled m\u011bst a obc\u00ed na trase sout\u011b\u017ee v\u010detn\u011b p\u0159edpokl\u00e1dan\u00e9ho \u010dasu pr\u016fjezdu 1. vozidla.\" \/>\n<meta property=\"og:url\" content=\"https:\/\/southbohemiaclassic.cz\/trasa-2024\/\" \/>\n<meta property=\"og:site_name\" content=\"South Bohemia Classic\" \/>\n<meta property=\"article:modified_time\" content=\"2025-08-28T13:50:14+00:00\" \/>\n<meta property=\"og:image\" content=\"https:\/\/southbohemiaclassic.cz\/wp-content\/uploads\/2024\/08\/sbc2024_trasa.jpg\" \/>\n\t<meta property=\"og:image:width\" content=\"1600\" \/>\n\t<meta property=\"og:image:height\" content=\"1067\" \/>\n\t<meta property=\"og:image:type\" content=\"image\/jpeg\" \/>\n<meta name=\"twitter:card\" content=\"summary_large_image\" \/>\n<meta name=\"twitter:title\" content=\"Trasa XV. South Bohemia Classic 2024\" \/>\n<meta name=\"twitter:description\" content=\"P\u0159ehled m\u011bst a obc\u00ed na trase sout\u011b\u017ee v\u010detn\u011b p\u0159edpokl\u00e1dan\u00e9ho \u010dasu pr\u016fjezdu 1. vozidla.\" \/>\n<meta name=\"twitter:image\" content=\"https:\/\/southbohemiaclassic.cz\/wp-content\/uploads\/2024\/08\/sbc2024_trasa.jpg\" \/>\n<meta name=\"twitter:label1\" content=\"Gesch\u00e4tzte Lesezeit\" \/>\n\t<meta name=\"twitter:data1\" content=\"7\u00a0Minuten\" \/>\n<script type=\"application\/ld+json\" class=\"yoast-schema-graph\">{\"@context\":\"https:\\\/\\\/schema.org\",\"@graph\":[{\"@type\":\"WebPage\",\"@id\":\"https:\\\/\\\/southbohemiaclassic.cz\\\/trasa-2024\\\/\",\"url\":\"https:\\\/\\\/southbohemiaclassic.cz\\\/trasa-2024\\\/\",\"name\":\"Trasa XV. South Bohemia Classic 2024\",\"isPartOf\":{\"@id\":\"https:\\\/\\\/southbohemiaclassic.cz\\\/#website\"},\"datePublished\":\"2024-08-26T09:06:44+00:00\",\"dateModified\":\"2025-08-28T13:50:14+00:00\",\"description\":\"P\u0159ehled m\u011bst a obc\u00ed na trase sout\u011b\u017ee v\u010detn\u011b p\u0159edpokl\u00e1dan\u00e9ho \u010dasu pr\u016fjezdu 1. vozidla.\",\"breadcrumb\":{\"@id\":\"https:\\\/\\\/southbohemiaclassic.cz\\\/trasa-2024\\\/#breadcrumb\"},\"inLanguage\":\"de\",\"potentialAction\":[{\"@type\":\"ReadAction\",\"target\":[\"https:\\\/\\\/southbohemiaclassic.cz\\\/trasa-2024\\\/\"]}]},{\"@type\":\"BreadcrumbList\",\"@id\":\"https:\\\/\\\/southbohemiaclassic.cz\\\/trasa-2024\\\/#breadcrumb\",\"itemListElement\":[{\"@type\":\"ListItem\",\"position\":1,\"name\":\"Dom\u016f\",\"item\":\"https:\\\/\\\/southbohemiaclassic.cz\\\/\"},{\"@type\":\"ListItem\",\"position\":2,\"name\":\"Trasa sout\u011b\u017ee 2024\"}]},{\"@type\":\"WebSite\",\"@id\":\"https:\\\/\\\/southbohemiaclassic.cz\\\/#website\",\"url\":\"https:\\\/\\\/southbohemiaclassic.cz\\\/\",\"name\":\"South Bohemia Classic\",\"description\":\"South Bohemia Classic\",\"potentialAction\":[{\"@type\":\"SearchAction\",\"target\":{\"@type\":\"EntryPoint\",\"urlTemplate\":\"https:\\\/\\\/southbohemiaclassic.cz\\\/?s={search_term_string}\"},\"query-input\":{\"@type\":\"PropertyValueSpecification\",\"valueRequired\":true,\"valueName\":\"search_term_string\"}}],\"inLanguage\":\"de\"}]}<\/script>\n<!-- \/ Yoast SEO plugin. -->","yoast_head_json":{"title":"Trasa XV. South Bohemia Classic 2024","description":"P\u0159ehled m\u011bst a obc\u00ed na trase sout\u011b\u017ee v\u010detn\u011b p\u0159edpokl\u00e1dan\u00e9ho \u010dasu pr\u016fjezdu 1. vozidla.","robots":{"index":"index","follow":"follow","max-snippet":"max-snippet:-1","max-image-preview":"max-image-preview:large","max-video-preview":"max-video-preview:-1"},"canonical":"https:\/\/southbohemiaclassic.cz\/trasa-2024\/","og_locale":"de_DE","og_type":"article","og_title":"Trasa XV. South Bohemia Classic 2024","og_description":"P\u0159ehled m\u011bst a obc\u00ed na trase sout\u011b\u017ee v\u010detn\u011b p\u0159edpokl\u00e1dan\u00e9ho \u010dasu pr\u016fjezdu 1. vozidla.","og_url":"https:\/\/southbohemiaclassic.cz\/trasa-2024\/","og_site_name":"South Bohemia Classic","article_modified_time":"2025-08-28T13:50:14+00:00","og_image":[{"width":1600,"height":1067,"url":"https:\/\/southbohemiaclassic.cz\/wp-content\/uploads\/2024\/08\/sbc2024_trasa.jpg","type":"image\/jpeg"}],"twitter_card":"summary_large_image","twitter_title":"Trasa XV. South Bohemia Classic 2024","twitter_description":"P\u0159ehled m\u011bst a obc\u00ed na trase sout\u011b\u017ee v\u010detn\u011b p\u0159edpokl\u00e1dan\u00e9ho \u010dasu pr\u016fjezdu 1. vozidla.","twitter_image":"https:\/\/southbohemiaclassic.cz\/wp-content\/uploads\/2024\/08\/sbc2024_trasa.jpg","twitter_misc":{"Gesch\u00e4tzte Lesezeit":"7\u00a0Minuten"},"schema":{"@context":"https:\/\/schema.org","@graph":[{"@type":"WebPage","@id":"https:\/\/southbohemiaclassic.cz\/trasa-2024\/","url":"https:\/\/southbohemiaclassic.cz\/trasa-2024\/","name":"Trasa XV. South Bohemia Classic 2024","isPartOf":{"@id":"https:\/\/southbohemiaclassic.cz\/#website"},"datePublished":"2024-08-26T09:06:44+00:00","dateModified":"2025-08-28T13:50:14+00:00","description":"P\u0159ehled m\u011bst a obc\u00ed na trase sout\u011b\u017ee v\u010detn\u011b p\u0159edpokl\u00e1dan\u00e9ho \u010dasu pr\u016fjezdu 1. vozidla.","breadcrumb":{"@id":"https:\/\/southbohemiaclassic.cz\/trasa-2024\/#breadcrumb"},"inLanguage":"de","potentialAction":[{"@type":"ReadAction","target":["https:\/\/southbohemiaclassic.cz\/trasa-2024\/"]}]},{"@type":"BreadcrumbList","@id":"https:\/\/southbohemiaclassic.cz\/trasa-2024\/#breadcrumb","itemListElement":[{"@type":"ListItem","position":1,"name":"Dom\u016f","item":"https:\/\/southbohemiaclassic.cz\/"},{"@type":"ListItem","position":2,"name":"Trasa sout\u011b\u017ee 2024"}]},{"@type":"WebSite","@id":"https:\/\/southbohemiaclassic.cz\/#website","url":"https:\/\/southbohemiaclassic.cz\/","name":"South Bohemia Classic","description":"South Bohemia Classic","potentialAction":[{"@type":"SearchAction","target":{"@type":"EntryPoint","urlTemplate":"https:\/\/southbohemiaclassic.cz\/?s={search_term_string}"},"query-input":{"@type":"PropertyValueSpecification","valueRequired":true,"valueName":"search_term_string"}}],"inLanguage":"de"}]}},"_links":{"self":[{"href":"https:\/\/southbohemiaclassic.cz\/de\/wp-json\/wp\/v2\/pages\/14010","targetHints":{"allow":["GET"]}}],"collection":[{"href":"https:\/\/southbohemiaclassic.cz\/de\/wp-json\/wp\/v2\/pages"}],"about":[{"href":"https:\/\/southbohemiaclassic.cz\/de\/wp-json\/wp\/v2\/types\/page"}],"author":[{"embeddable":true,"href":"https:\/\/southbohemiaclassic.cz\/de\/wp-json\/wp\/v2\/users\/2"}],"replies":[{"embeddable":true,"href":"https:\/\/southbohemiaclassic.cz\/de\/wp-json\/wp\/v2\/comments?post=14010"}],"version-history":[{"count":5,"href":"https:\/\/southbohemiaclassic.cz\/de\/wp-json\/wp\/v2\/pages\/14010\/revisions"}],"predecessor-version":[{"id":15445,"href":"https:\/\/southbohemiaclassic.cz\/de\/wp-json\/wp\/v2\/pages\/14010\/revisions\/15445"}],"wp:attachment":[{"href":"https:\/\/southbohemiaclassic.cz\/de\/wp-json\/wp\/v2\/media?parent=14010"}],"curies":[{"name":"wp","href":"https:\/\/api.w.org\/{rel}","templated":true}]}}