{"id":135,"date":"2018-11-29T20:00:08","date_gmt":"2018-11-29T19:00:08","guid":{"rendered":"http:\/\/southbohemiaclassic.cz\/?page_id=135"},"modified":"2025-11-29T22:10:37","modified_gmt":"2025-11-29T21:10:37","slug":"kontakt","status":"publish","type":"page","link":"https:\/\/southbohemiaclassic.cz\/de\/kontakt\/","title":{"rendered":"Kontakt"},"content":{"rendered":"<p><\/p>\n<p style=\"text-align: left;\"><a href=\"mailto:info@southbohemiaclassic.cz\">info@southbohemiaclassic.cz<\/a><\/p>\n<p><strong>Rennleitner:<\/strong><\/p>\n<p>Pavel Kacerovsk\u00fd<br \/>\n<a href=\"mailto:kacerovsky@ckmotorsport.cz\" target=\"_blank\" rel=\"noopener noreferrer\">kacerovsky@ckmotorsport.cz<\/a><br \/>\n<a href=\"tel:+420-728-547-505\">+420 728 547 505<\/a><\/p>\n<hr>\n<p><strong>Information in Deutsch:<\/strong><\/p>\n<p>Karel Mach<br \/>\n<a href=\"mailto:mach@ckmotorsport.cz\">mach@ckmotorsport.cz<\/a><br \/>\n<a href=\"tel:+420-602-461-568\">+420 602 461 568<\/a><\/p>\n<hr>\n<p><strong>Organisator:<\/strong><\/p>\n<p>\u00daAMK South Bohemia Rally Club<br \/>\nK. Sv\u011btl\u00e9 2238\/2<br \/>\n370 04 \u010cesk\u00e9 Bud\u011bjovice<br \/>\nWIN: 049 80 972<\/p>\n<hr>\n<p><strong>Promoter und Mitorganisator:<\/strong><\/p>\n<p>\u010cK motorsport s. r. o.<br \/>\nK. Sv\u011btl\u00e9 2238\/2<br \/>\n370 04 \u010cesk\u00e9 Bud\u011bjovice<br \/>\nWIN: 261 02 811<br \/>\nUSt-IdNr.: CZ26102811<\/p>\n<p><a href=\"http:\/\/www.ckmotorsport.cz\" target=\"_blank\" rel=\"noopener noreferrer\">www.ckmotorsport.cz<\/a><\/p>","protected":false},"excerpt":{"rendered":"<p>info@southbohemiaclassic.cz Rennleitner: Pavel Kacerovsk\u00fd kacerovsky@ckmotorsport.cz +420 728 547 505 Information in Deutsch: Karel Mach mach@ckmotorsport.cz +420 602 461 568 Organisator: \u00daAMK South Bohemia Rally Club K. Sv\u011btl\u00e9 2238\/2 370 04 \u010cesk\u00e9 Bud\u011bjovice WIN: 049 80 972 Promoter und Mitorganisator: \u010cK motorsport s. r. o. K. Sv\u011btl\u00e9 2238\/2 370 04 \u010cesk\u00e9 Bud\u011bjovice WIN: 261 02 811 [&hellip;]<\/p>\n","protected":false},"author":2,"featured_media":0,"parent":0,"menu_order":0,"comment_status":"closed","ping_status":"closed","template":"","meta":{"_acf_changed":false,"ngg_post_thumbnail":0,"footnotes":""},"class_list":["post-135","page","type-page","status-publish","hentry"],"acf":[],"yoast_head":"<!-- This site is optimized with the Yoast SEO plugin v27.3 - https:\/\/yoast.com\/product\/yoast-seo-wordpress\/ -->\n<title>Kontakt - South Bohemia Classic<\/title>\n<meta name=\"robots\" content=\"index, follow, max-snippet:-1, max-image-preview:large, max-video-preview:-1\" \/>\n<link rel=\"canonical\" href=\"https:\/\/southbohemiaclassic.cz\/kontakt\/\" \/>\n<meta property=\"og:locale\" content=\"de_DE\" \/>\n<meta property=\"og:type\" content=\"article\" \/>\n<meta property=\"og:title\" content=\"[:cs]Kontakt[:de]Kontakt[:en]Contact[:] - South Bohemia Classic\" \/>\n<meta property=\"og:description\" content=\"info@southbohemiaclassic.cz Rennleitner: Pavel Kacerovsk\u00fd kacerovsky@ckmotorsport.cz +420 728 547 505 Information in Deutsch: Karel Mach mach@ckmotorsport.cz +420 602 461 568 Organisator: \u00daAMK South Bohemia Rally Club K. Sv\u011btl\u00e9 2238\/2 370 04 \u010cesk\u00e9 Bud\u011bjovice WIN: 049 80 972 Promoter und Mitorganisator: \u010cK motorsport s. r. o. K. Sv\u011btl\u00e9 2238\/2 370 04 \u010cesk\u00e9 Bud\u011bjovice WIN: 261 02 811 [&hellip;]\" \/>\n<meta property=\"og:url\" content=\"https:\/\/southbohemiaclassic.cz\/kontakt\/\" \/>\n<meta property=\"og:site_name\" content=\"South Bohemia Classic\" \/>\n<meta property=\"article:modified_time\" content=\"2025-11-29T21:10:37+00:00\" \/>\n<meta name=\"twitter:card\" content=\"summary_large_image\" \/>\n<meta name=\"twitter:label1\" content=\"Gesch\u00e4tzte Lesezeit\" \/>\n\t<meta name=\"twitter:data1\" content=\"1\u00a0Minute\" \/>\n<script type=\"application\/ld+json\" class=\"yoast-schema-graph\">{\"@context\":\"https:\\\/\\\/schema.org\",\"@graph\":[{\"@type\":\"WebPage\",\"@id\":\"https:\\\/\\\/southbohemiaclassic.cz\\\/kontakt\\\/\",\"url\":\"https:\\\/\\\/southbohemiaclassic.cz\\\/kontakt\\\/\",\"name\":\"[:cs]Kontakt[:de]Kontakt[:en]Contact[:] - South Bohemia Classic\",\"isPartOf\":{\"@id\":\"https:\\\/\\\/southbohemiaclassic.cz\\\/#website\"},\"datePublished\":\"2018-11-29T19:00:08+00:00\",\"dateModified\":\"2025-11-29T21:10:37+00:00\",\"breadcrumb\":{\"@id\":\"https:\\\/\\\/southbohemiaclassic.cz\\\/kontakt\\\/#breadcrumb\"},\"inLanguage\":\"de\",\"potentialAction\":[{\"@type\":\"ReadAction\",\"target\":[\"https:\\\/\\\/southbohemiaclassic.cz\\\/kontakt\\\/\"]}]},{\"@type\":\"BreadcrumbList\",\"@id\":\"https:\\\/\\\/southbohemiaclassic.cz\\\/kontakt\\\/#breadcrumb\",\"itemListElement\":[{\"@type\":\"ListItem\",\"position\":1,\"name\":\"Dom\u016f\",\"item\":\"https:\\\/\\\/southbohemiaclassic.cz\\\/\"},{\"@type\":\"ListItem\",\"position\":2,\"name\":\"Kontakt\"}]},{\"@type\":\"WebSite\",\"@id\":\"https:\\\/\\\/southbohemiaclassic.cz\\\/#website\",\"url\":\"https:\\\/\\\/southbohemiaclassic.cz\\\/\",\"name\":\"South Bohemia Classic\",\"description\":\"South Bohemia Classic\",\"potentialAction\":[{\"@type\":\"SearchAction\",\"target\":{\"@type\":\"EntryPoint\",\"urlTemplate\":\"https:\\\/\\\/southbohemiaclassic.cz\\\/?s={search_term_string}\"},\"query-input\":{\"@type\":\"PropertyValueSpecification\",\"valueRequired\":true,\"valueName\":\"search_term_string\"}}],\"inLanguage\":\"de\"}]}<\/script>\n<!-- \/ Yoast SEO plugin. -->","yoast_head_json":{"title":"[:cs]Kontakt[:de]Kontakt[:en]Contact[:] - South Bohemia Classic","robots":{"index":"index","follow":"follow","max-snippet":"max-snippet:-1","max-image-preview":"max-image-preview:large","max-video-preview":"max-video-preview:-1"},"canonical":"https:\/\/southbohemiaclassic.cz\/kontakt\/","og_locale":"de_DE","og_type":"article","og_title":"[:cs]Kontakt[:de]Kontakt[:en]Contact[:] - South Bohemia Classic","og_description":"info@southbohemiaclassic.cz Rennleitner: Pavel Kacerovsk\u00fd kacerovsky@ckmotorsport.cz +420 728 547 505 Information in Deutsch: Karel Mach mach@ckmotorsport.cz +420 602 461 568 Organisator: \u00daAMK South Bohemia Rally Club K. Sv\u011btl\u00e9 2238\/2 370 04 \u010cesk\u00e9 Bud\u011bjovice WIN: 049 80 972 Promoter und Mitorganisator: \u010cK motorsport s. r. o. K. Sv\u011btl\u00e9 2238\/2 370 04 \u010cesk\u00e9 Bud\u011bjovice WIN: 261 02 811 [&hellip;]","og_url":"https:\/\/southbohemiaclassic.cz\/kontakt\/","og_site_name":"South Bohemia Classic","article_modified_time":"2025-11-29T21:10:37+00:00","twitter_card":"summary_large_image","twitter_misc":{"Gesch\u00e4tzte Lesezeit":"1\u00a0Minute"},"schema":{"@context":"https:\/\/schema.org","@graph":[{"@type":"WebPage","@id":"https:\/\/southbohemiaclassic.cz\/kontakt\/","url":"https:\/\/southbohemiaclassic.cz\/kontakt\/","name":"[:cs]Kontakt[:de]Kontakt[:en]Contact[:] - South Bohemia Classic","isPartOf":{"@id":"https:\/\/southbohemiaclassic.cz\/#website"},"datePublished":"2018-11-29T19:00:08+00:00","dateModified":"2025-11-29T21:10:37+00:00","breadcrumb":{"@id":"https:\/\/southbohemiaclassic.cz\/kontakt\/#breadcrumb"},"inLanguage":"de","potentialAction":[{"@type":"ReadAction","target":["https:\/\/southbohemiaclassic.cz\/kontakt\/"]}]},{"@type":"BreadcrumbList","@id":"https:\/\/southbohemiaclassic.cz\/kontakt\/#breadcrumb","itemListElement":[{"@type":"ListItem","position":1,"name":"Dom\u016f","item":"https:\/\/southbohemiaclassic.cz\/"},{"@type":"ListItem","position":2,"name":"Kontakt"}]},{"@type":"WebSite","@id":"https:\/\/southbohemiaclassic.cz\/#website","url":"https:\/\/southbohemiaclassic.cz\/","name":"South Bohemia Classic","description":"South Bohemia Classic","potentialAction":[{"@type":"SearchAction","target":{"@type":"EntryPoint","urlTemplate":"https:\/\/southbohemiaclassic.cz\/?s={search_term_string}"},"query-input":{"@type":"PropertyValueSpecification","valueRequired":true,"valueName":"search_term_string"}}],"inLanguage":"de"}]}},"_links":{"self":[{"href":"https:\/\/southbohemiaclassic.cz\/de\/wp-json\/wp\/v2\/pages\/135","targetHints":{"allow":["GET"]}}],"collection":[{"href":"https:\/\/southbohemiaclassic.cz\/de\/wp-json\/wp\/v2\/pages"}],"about":[{"href":"https:\/\/southbohemiaclassic.cz\/de\/wp-json\/wp\/v2\/types\/page"}],"author":[{"embeddable":true,"href":"https:\/\/southbohemiaclassic.cz\/de\/wp-json\/wp\/v2\/users\/2"}],"replies":[{"embeddable":true,"href":"https:\/\/southbohemiaclassic.cz\/de\/wp-json\/wp\/v2\/comments?post=135"}],"version-history":[{"count":25,"href":"https:\/\/southbohemiaclassic.cz\/de\/wp-json\/wp\/v2\/pages\/135\/revisions"}],"predecessor-version":[{"id":17109,"href":"https:\/\/southbohemiaclassic.cz\/de\/wp-json\/wp\/v2\/pages\/135\/revisions\/17109"}],"wp:attachment":[{"href":"https:\/\/southbohemiaclassic.cz\/de\/wp-json\/wp\/v2\/media?parent=135"}],"curies":[{"name":"wp","href":"https:\/\/api.w.org\/{rel}","templated":true}]}}