{"id":1288,"date":"2017-09-12T21:44:09","date_gmt":"2017-09-12T20:44:09","guid":{"rendered":"http:\/\/southbohemiaclassic.cz\/?page_id=1288"},"modified":"2017-09-22T00:27:55","modified_gmt":"2017-09-21T23:27:55","slug":"galerie-2017","status":"publish","type":"page","link":"https:\/\/southbohemiaclassic.cz\/de\/galerie-2017\/","title":{"rendered":"VIII. South Bohemia Classic 2017"},"content":{"rendered":"<p>Habt Ihr Interesse um Fotosdatei Ihres Teams in Druckqualit\u00e4t? Schreiben Sie auf:<strong>&nbsp;<a href=\"mailto:info@southbohemiaclassic.cz\" target=\"_blank\" rel=\"noopener\">info@southbohemiaclassic.cz<\/a><\/strong>.<\/p>\n<p>Autor: <strong><a href=\"https:\/\/www.facebook.com\/fotoskrivanek\/\" target=\"_blank\" rel=\"noopener\">Petr Sk\u0159iv\u00e1nek<\/a><\/strong><\/p>\nngg_shortcode_4_placeholder\n<p>&nbsp;<\/p>\n<p>Autor: <strong><a href=\"https:\/\/www.facebook.com\/OndrejKroutilPhotography\" target=\"_blank\" rel=\"noopener\">Ond\u0159ej Kroutil<\/a><\/strong><\/p>\nngg_shortcode_5_placeholder\n<p>&nbsp;<\/p>\n<p>Autor: <strong><a href=\"mailto:quido.group@seznam.cz\">Jan Marek<\/a><\/strong><\/p>\nngg_shortcode_6_placeholder\n<p>&nbsp;<\/p>\n<p>Autor: <strong><a href=\"http:\/\/www.zk-rallyefoto.cz\/\" target=\"_blank\" rel=\"noopener\">Zden\u011bk Kl\u00edma<\/a><\/strong><\/p>\n<p>ngg_shortcode_7_placeholder<\/p>","protected":false},"excerpt":{"rendered":"<p>Habt Ihr Interesse um Fotosdatei Ihres Teams in Druckqualit\u00e4t? Schreiben Sie auf:&nbsp;info@southbohemiaclassic.cz. Autor: Petr Sk\u0159iv\u00e1nek &#8220; order_by=&#8220;sortorder&#8220; order_direction=&#8220;ASC&#8220; returns=&#8220;included&#8220; maximum_entity_count=&#8220;500&#8243;] &nbsp; Autor: Ond\u0159ej Kroutil &#8220; order_by=&#8220;sortorder&#8220; order_direction=&#8220;ASC&#8220; returns=&#8220;included&#8220; maximum_entity_count=&#8220;500&#8243;] &nbsp; Autor: Jan Marek &#8220; order_by=&#8220;sortorder&#8220; order_direction=&#8220;ASC&#8220; returns=&#8220;included&#8220; maximum_entity_count=&#8220;500&#8243;] &nbsp; Autor: Zden\u011bk Kl\u00edma &#8220; order_by=&#8220;sortorder&#8220; order_direction=&#8220;ASC&#8220; returns=&#8220;included&#8220; maximum_entity_count=&#8220;500&#8243;]<\/p>\n","protected":false},"author":2,"featured_media":0,"parent":0,"menu_order":0,"comment_status":"closed","ping_status":"closed","template":"","meta":{"_acf_changed":false,"ngg_post_thumbnail":0,"footnotes":""},"class_list":["post-1288","page","type-page","status-publish","hentry"],"acf":[],"yoast_head":"<!-- This site is optimized with the Yoast SEO plugin v27.3 - https:\/\/yoast.com\/product\/yoast-seo-wordpress\/ -->\n<title>VIII. South Bohemia Classic 2017 - South Bohemia Classic<\/title>\n<meta name=\"robots\" content=\"index, follow, max-snippet:-1, max-image-preview:large, max-video-preview:-1\" \/>\n<link rel=\"canonical\" href=\"https:\/\/southbohemiaclassic.cz\/galerie-2017\/\" \/>\n<meta property=\"og:locale\" content=\"de_DE\" \/>\n<meta property=\"og:type\" content=\"article\" \/>\n<meta property=\"og:title\" content=\"VIII. South Bohemia Classic 2017 - South Bohemia Classic\" \/>\n<meta property=\"og:description\" content=\"Habt Ihr Interesse um Fotosdatei Ihres Teams in Druckqualit\u00e4t? Schreiben Sie auf:&nbsp;info@southbohemiaclassic.cz. Autor: Petr Sk\u0159iv\u00e1nek &#8220; order_by=&#8220;sortorder&#8220; order_direction=&#8220;ASC&#8220; returns=&#8220;included&#8220; maximum_entity_count=&#8220;500&#8243;] &nbsp; Autor: Ond\u0159ej Kroutil &#8220; order_by=&#8220;sortorder&#8220; order_direction=&#8220;ASC&#8220; returns=&#8220;included&#8220; maximum_entity_count=&#8220;500&#8243;] &nbsp; Autor: Jan Marek &#8220; order_by=&#8220;sortorder&#8220; order_direction=&#8220;ASC&#8220; returns=&#8220;included&#8220; maximum_entity_count=&#8220;500&#8243;] &nbsp; Autor: Zden\u011bk Kl\u00edma &#8220; order_by=&#8220;sortorder&#8220; order_direction=&#8220;ASC&#8220; returns=&#8220;included&#8220; maximum_entity_count=&#8220;500&#8243;]\" \/>\n<meta property=\"og:url\" content=\"https:\/\/southbohemiaclassic.cz\/galerie-2017\/\" \/>\n<meta property=\"og:site_name\" content=\"South Bohemia Classic\" \/>\n<meta property=\"article:modified_time\" content=\"2017-09-21T23:27:55+00:00\" \/>\n<meta name=\"twitter:card\" content=\"summary_large_image\" \/>\n<meta name=\"twitter:label1\" content=\"Gesch\u00e4tzte Lesezeit\" \/>\n\t<meta name=\"twitter:data1\" content=\"4\u00a0Minuten\" \/>\n<script type=\"application\/ld+json\" class=\"yoast-schema-graph\">{\"@context\":\"https:\\\/\\\/schema.org\",\"@graph\":[{\"@type\":\"WebPage\",\"@id\":\"https:\\\/\\\/southbohemiaclassic.cz\\\/galerie-2017\\\/\",\"url\":\"https:\\\/\\\/southbohemiaclassic.cz\\\/galerie-2017\\\/\",\"name\":\"VIII. South Bohemia Classic 2017 - South Bohemia Classic\",\"isPartOf\":{\"@id\":\"https:\\\/\\\/southbohemiaclassic.cz\\\/#website\"},\"datePublished\":\"2017-09-12T20:44:09+00:00\",\"dateModified\":\"2017-09-21T23:27:55+00:00\",\"breadcrumb\":{\"@id\":\"https:\\\/\\\/southbohemiaclassic.cz\\\/galerie-2017\\\/#breadcrumb\"},\"inLanguage\":\"de\",\"potentialAction\":[{\"@type\":\"ReadAction\",\"target\":[\"https:\\\/\\\/southbohemiaclassic.cz\\\/galerie-2017\\\/\"]}]},{\"@type\":\"BreadcrumbList\",\"@id\":\"https:\\\/\\\/southbohemiaclassic.cz\\\/galerie-2017\\\/#breadcrumb\",\"itemListElement\":[{\"@type\":\"ListItem\",\"position\":1,\"name\":\"Dom\u016f\",\"item\":\"https:\\\/\\\/southbohemiaclassic.cz\\\/\"},{\"@type\":\"ListItem\",\"position\":2,\"name\":\"VIII. South Bohemia Classic 2017\"}]},{\"@type\":\"WebSite\",\"@id\":\"https:\\\/\\\/southbohemiaclassic.cz\\\/#website\",\"url\":\"https:\\\/\\\/southbohemiaclassic.cz\\\/\",\"name\":\"South Bohemia Classic\",\"description\":\"South Bohemia Classic\",\"potentialAction\":[{\"@type\":\"SearchAction\",\"target\":{\"@type\":\"EntryPoint\",\"urlTemplate\":\"https:\\\/\\\/southbohemiaclassic.cz\\\/?s={search_term_string}\"},\"query-input\":{\"@type\":\"PropertyValueSpecification\",\"valueRequired\":true,\"valueName\":\"search_term_string\"}}],\"inLanguage\":\"de\"}]}<\/script>\n<!-- \/ Yoast SEO plugin. -->","yoast_head_json":{"title":"VIII. South Bohemia Classic 2017 - South Bohemia Classic","robots":{"index":"index","follow":"follow","max-snippet":"max-snippet:-1","max-image-preview":"max-image-preview:large","max-video-preview":"max-video-preview:-1"},"canonical":"https:\/\/southbohemiaclassic.cz\/galerie-2017\/","og_locale":"de_DE","og_type":"article","og_title":"VIII. South Bohemia Classic 2017 - South Bohemia Classic","og_description":"Habt Ihr Interesse um Fotosdatei Ihres Teams in Druckqualit\u00e4t? Schreiben Sie auf:&nbsp;info@southbohemiaclassic.cz. Autor: Petr Sk\u0159iv\u00e1nek &#8220; order_by=&#8220;sortorder&#8220; order_direction=&#8220;ASC&#8220; returns=&#8220;included&#8220; maximum_entity_count=&#8220;500&#8243;] &nbsp; Autor: Ond\u0159ej Kroutil &#8220; order_by=&#8220;sortorder&#8220; order_direction=&#8220;ASC&#8220; returns=&#8220;included&#8220; maximum_entity_count=&#8220;500&#8243;] &nbsp; Autor: Jan Marek &#8220; order_by=&#8220;sortorder&#8220; order_direction=&#8220;ASC&#8220; returns=&#8220;included&#8220; maximum_entity_count=&#8220;500&#8243;] &nbsp; Autor: Zden\u011bk Kl\u00edma &#8220; order_by=&#8220;sortorder&#8220; order_direction=&#8220;ASC&#8220; returns=&#8220;included&#8220; maximum_entity_count=&#8220;500&#8243;]","og_url":"https:\/\/southbohemiaclassic.cz\/galerie-2017\/","og_site_name":"South Bohemia Classic","article_modified_time":"2017-09-21T23:27:55+00:00","twitter_card":"summary_large_image","twitter_misc":{"Gesch\u00e4tzte Lesezeit":"4\u00a0Minuten"},"schema":{"@context":"https:\/\/schema.org","@graph":[{"@type":"WebPage","@id":"https:\/\/southbohemiaclassic.cz\/galerie-2017\/","url":"https:\/\/southbohemiaclassic.cz\/galerie-2017\/","name":"VIII. South Bohemia Classic 2017 - South Bohemia Classic","isPartOf":{"@id":"https:\/\/southbohemiaclassic.cz\/#website"},"datePublished":"2017-09-12T20:44:09+00:00","dateModified":"2017-09-21T23:27:55+00:00","breadcrumb":{"@id":"https:\/\/southbohemiaclassic.cz\/galerie-2017\/#breadcrumb"},"inLanguage":"de","potentialAction":[{"@type":"ReadAction","target":["https:\/\/southbohemiaclassic.cz\/galerie-2017\/"]}]},{"@type":"BreadcrumbList","@id":"https:\/\/southbohemiaclassic.cz\/galerie-2017\/#breadcrumb","itemListElement":[{"@type":"ListItem","position":1,"name":"Dom\u016f","item":"https:\/\/southbohemiaclassic.cz\/"},{"@type":"ListItem","position":2,"name":"VIII. South Bohemia Classic 2017"}]},{"@type":"WebSite","@id":"https:\/\/southbohemiaclassic.cz\/#website","url":"https:\/\/southbohemiaclassic.cz\/","name":"South Bohemia Classic","description":"South Bohemia Classic","potentialAction":[{"@type":"SearchAction","target":{"@type":"EntryPoint","urlTemplate":"https:\/\/southbohemiaclassic.cz\/?s={search_term_string}"},"query-input":{"@type":"PropertyValueSpecification","valueRequired":true,"valueName":"search_term_string"}}],"inLanguage":"de"}]}},"_links":{"self":[{"href":"https:\/\/southbohemiaclassic.cz\/de\/wp-json\/wp\/v2\/pages\/1288","targetHints":{"allow":["GET"]}}],"collection":[{"href":"https:\/\/southbohemiaclassic.cz\/de\/wp-json\/wp\/v2\/pages"}],"about":[{"href":"https:\/\/southbohemiaclassic.cz\/de\/wp-json\/wp\/v2\/types\/page"}],"author":[{"embeddable":true,"href":"https:\/\/southbohemiaclassic.cz\/de\/wp-json\/wp\/v2\/users\/2"}],"replies":[{"embeddable":true,"href":"https:\/\/southbohemiaclassic.cz\/de\/wp-json\/wp\/v2\/comments?post=1288"}],"version-history":[{"count":13,"href":"https:\/\/southbohemiaclassic.cz\/de\/wp-json\/wp\/v2\/pages\/1288\/revisions"}],"predecessor-version":[{"id":3050,"href":"https:\/\/southbohemiaclassic.cz\/de\/wp-json\/wp\/v2\/pages\/1288\/revisions\/3050"}],"wp:attachment":[{"href":"https:\/\/southbohemiaclassic.cz\/de\/wp-json\/wp\/v2\/media?parent=1288"}],"curies":[{"name":"wp","href":"https:\/\/api.w.org\/{rel}","templated":true}]}}