{"id":12728,"date":"2023-09-05T13:50:21","date_gmt":"2023-09-05T12:50:21","guid":{"rendered":"https:\/\/southbohemiaclassic.cz\/?page_id=12728"},"modified":"2023-09-10T19:55:03","modified_gmt":"2023-09-10T18:55:03","slug":"vysledky-2023","status":"publish","type":"page","link":"https:\/\/southbohemiaclassic.cz\/de\/vysledky-2023\/","title":{"rendered":"Ergebnisse XIV. South Bohemia Classic 2023"},"content":{"rendered":"<ul class=\"wp-block-list\">\n<li>RT 1 Doudleby &#8211; <strong><a href=\"https:\/\/southbohemiaclassic.cz\/wp-content\/uploads\/2023\/09\/xiv-south-bohemia-classic_RT1_classic_20230908-233100.pdf\" target=\"_blank\" rel=\"noreferrer noopener\"><span style=\"text-decoration: underline;\">Classic<\/span><\/a><\/strong> | <strong><a href=\"https:\/\/southbohemiaclassic.cz\/wp-content\/uploads\/2023\/09\/xiv-south-bohemia-classic_RT1_exclusive_20230908-195205.pdf\" target=\"_blank\" rel=\"noreferrer noopener\"><span style=\"text-decoration: underline;\">Exclusive<\/span><\/a><\/strong><\/li>\n\n\n\n<li>RT 2 N\u00e1kupn\u00ed centrum G\u00e9\u010dko &#8211; <strong><span style=\"text-decoration: underline;\"><a href=\"https:\/\/southbohemiaclassic.cz\/wp-content\/uploads\/2023\/09\/xiv-south-bohemia-classic_RT2_classic_20230908-230642.pdf\" target=\"_blank\" rel=\"noreferrer noopener\">Classic<\/a><\/span><\/strong> | <strong><a href=\"https:\/\/southbohemiaclassic.cz\/wp-content\/uploads\/2023\/09\/xiv-south-bohemia-classic_RT2_exclusive_20230908-210411.pdf\" target=\"_blank\" rel=\"noreferrer noopener\"><span style=\"text-decoration: underline;\">Exclusive<\/span><\/a><\/strong><\/li>\n\n\n\n<li>RT 3 FCC &#8211; <strong><span style=\"text-decoration: underline;\"><a href=\"https:\/\/southbohemiaclassic.cz\/wp-content\/uploads\/2023\/09\/xiv-south-bohemia-classic_RT3_classic_20230908-220251.pdf\" target=\"_blank\" rel=\"noreferrer noopener\">Classic<\/a><\/span><\/strong> | <strong><span style=\"text-decoration: underline;\"><a href=\"https:\/\/southbohemiaclassic.cz\/wp-content\/uploads\/2023\/09\/xiv-south-bohemia-classic_RT3_exclusive_20230908-220302.pdf\" target=\"_blank\" rel=\"noreferrer noopener\">Exclusive<\/a><\/span><\/strong><\/li>\n\n\n\n<li>RT 4 Obec Chval\u0161iny &#8211; <strong><span style=\"text-decoration: underline;\"><a href=\"https:\/\/southbohemiaclassic.cz\/wp-content\/uploads\/2023\/09\/xiv-south-bohemia-classic_RT4_classic_20230908-221851.pdf\" target=\"_blank\" rel=\"noreferrer noopener\">Classic<\/a><\/span><\/strong> | <strong><span style=\"text-decoration: underline;\"><a href=\"https:\/\/southbohemiaclassic.cz\/wp-content\/uploads\/2023\/09\/xiv-south-bohemia-classic_RT4_exclusive_20230908-221912.pdf\" target=\"_blank\" rel=\"noreferrer noopener\">Exclusive<\/a><\/span><\/strong><\/li>\n<\/ul>\n\n\n\n<p>Ergebnisse im 1. Etappe &#8211; <strong><a href=\"https:\/\/southbohemiaclassic.cz\/wp-content\/uploads\/2023\/09\/xiv-south-bohemia-classic_RT1-RT4_classic_20230909-070349.pdf\" target=\"_blank\" rel=\"noreferrer noopener\"><span style=\"text-decoration: underline;\">Classic<\/span><\/a><\/strong> | <strong><a href=\"https:\/\/southbohemiaclassic.cz\/wp-content\/uploads\/2023\/09\/xiv-south-bohemia-classic_RT1-RT4_exclusive_20230909-001309.pdf\" target=\"_blank\" rel=\"noreferrer noopener\"><span style=\"text-decoration: underline;\">Exclusive<\/span><\/a><\/strong> | <strong><a href=\"https:\/\/southbohemiaclassic.cz\/wp-content\/uploads\/2023\/09\/xiv-south-bohemia-classic_RT1-RT4_mechanicke-stopky_20230909-070355.pdf\" target=\"_blank\" rel=\"noreferrer noopener\"><span style=\"text-decoration: underline;\">Mechanische Stopuhr<\/span><\/a><\/strong> | <strong><a href=\"https:\/\/southbohemiaclassic.cz\/wp-content\/uploads\/2023\/09\/xiv-south-bohemia-classic_RT1-RT4_vitar-junior-cup_20230909-001345.pdf\" target=\"_blank\" rel=\"noreferrer noopener\"><span style=\"text-decoration: underline;\">VITAR Junior Cup<\/span><\/a><\/strong> | <strong><a href=\"https:\/\/southbohemiaclassic.cz\/wp-content\/uploads\/2023\/09\/xiv-south-bohemia-classic_RT1-RT4_pohar-porsche_20230909-001332.pdf\" target=\"_blank\" rel=\"noreferrer noopener\"><span style=\"text-decoration: underline;\">Porschepokal<\/span><\/a><\/strong> | <strong><a href=\"https:\/\/southbohemiaclassic.cz\/wp-content\/uploads\/2023\/09\/xiv-south-bohemia-classic_RT1-RT4_damsky-pohar_20230909-001319.pdf\" target=\"_blank\" rel=\"noreferrer noopener\"><span style=\"text-decoration: underline;\">Damenpokal<\/span><\/a><\/strong> | <strong><a href=\"https:\/\/southbohemiaclassic.cz\/wp-content\/uploads\/2023\/09\/xiv-south-bohemia-classic_RT1-RT4_rodinny-pohar_20230909-001338.pdf\" target=\"_blank\" rel=\"noreferrer noopener\"><span style=\"text-decoration: underline;\">Familienpokal<\/span><\/a><\/strong><br><strong><a href=\"https:\/\/southbohemiaclassic.cz\/wp-content\/uploads\/2023\/09\/xiv-south-bohemia-classic_penalties_20230909-070323.pdf\" target=\"_blank\" rel=\"noreferrer noopener\"><span style=\"text-decoration: underline;\">P\u00f6nalisierung<\/span><\/a><\/strong><\/p>\n\n\n\n<ul class=\"wp-block-list\">\n<li>RT 5 Hotel Resort Relax &#8211; <strong><span style=\"text-decoration: underline;\"><a href=\"https:\/\/southbohemiaclassic.cz\/wp-content\/uploads\/2023\/09\/xiv-south-bohemia-classic_RT5_classic_20230909-183645.pdf\" target=\"_blank\" rel=\"noreferrer noopener\">Classic<\/a><\/span><\/strong> | <strong><span style=\"text-decoration: underline;\"><a href=\"https:\/\/southbohemiaclassic.cz\/wp-content\/uploads\/2023\/09\/xiv-south-bohemia-classic_RT5_exclusive_20230909-183656.pdf\" target=\"_blank\" rel=\"noreferrer noopener\">Exclusive<\/a><\/span><\/strong><\/li>\n\n\n\n<li>RT 6 Rodinn\u00fd are\u00e1l Lipno &#8211; <strong><span style=\"text-decoration: underline;\"><a href=\"https:\/\/southbohemiaclassic.cz\/wp-content\/uploads\/2023\/09\/xiv-south-bohemia-classic_RT6_classic_20230909-123743.pdf\" target=\"_blank\" rel=\"noreferrer noopener\">Classic<\/a><\/span><\/strong> | <strong><span style=\"text-decoration: underline;\"><a href=\"https:\/\/southbohemiaclassic.cz\/wp-content\/uploads\/2023\/09\/xiv-south-bohemia-classic_RT6_exclusive_20230909-123750.pdf\" target=\"_blank\" rel=\"noreferrer noopener\">Exclusive<\/a><\/span><\/strong><\/li>\n\n\n\n<li>RT 7 VITAR &#8211; <strong><span style=\"text-decoration: underline;\"><a href=\"https:\/\/southbohemiaclassic.cz\/wp-content\/uploads\/2023\/09\/xiv-south-bohemia-classic_RT7_classic_20230909-123814.pdf\" target=\"_blank\" rel=\"noreferrer noopener\">Classic<\/a><\/span><\/strong> | <strong><span style=\"text-decoration: underline;\"><a href=\"https:\/\/southbohemiaclassic.cz\/wp-content\/uploads\/2023\/09\/xiv-south-bohemia-classic_RT7_exclusive_20230909-123820.pdf\" target=\"_blank\" rel=\"noreferrer noopener\">Exclusive<\/a><\/span><\/strong><\/li>\n\n\n\n<li>RT 8 \u00daAMK &#8211; <strong><span style=\"text-decoration: underline;\"><a href=\"https:\/\/southbohemiaclassic.cz\/wp-content\/uploads\/2023\/09\/xiv-south-bohemia-classic_RT8_classic_20230909-123827.pdf\" target=\"_blank\" rel=\"noreferrer noopener\">Classic<\/a><\/span><\/strong> | <strong><span style=\"text-decoration: underline;\"><a href=\"https:\/\/southbohemiaclassic.cz\/wp-content\/uploads\/2023\/09\/xiv-south-bohemia-classic_RT8_exclusive_20230909-123834.pdf\" target=\"_blank\" rel=\"noreferrer noopener\">Exclusive<\/a><\/span><\/strong><\/li>\n\n\n\n<li>ST 1 Casino Imperator &#8211; <strong><span style=\"text-decoration: underline;\"><a href=\"https:\/\/southbohemiaclassic.cz\/wp-content\/uploads\/2023\/09\/xiv-south-bohemia-classic_ST1_classic_20230909-135355.pdf\" target=\"_blank\" rel=\"noreferrer noopener\">Classic<\/a><\/span><\/strong> | <strong><span style=\"text-decoration: underline;\"><a href=\"https:\/\/southbohemiaclassic.cz\/wp-content\/uploads\/2023\/09\/xiv-south-bohemia-classic_ST1_exclusive_20230909-123847.pdf\" target=\"_blank\" rel=\"noreferrer noopener\">Exclusive<\/a><\/span><\/strong><\/li>\n\n\n\n<li>RT 9 INOTECH electronic &#8211; <strong><a href=\"https:\/\/southbohemiaclassic.cz\/wp-content\/uploads\/2023\/09\/xiv-south-bohemia-classic_RT9_classic_20230909-131240.pdf\" target=\"_blank\" rel=\"noreferrer noopener\"><span style=\"text-decoration: underline;\">Classic<\/span><\/a><\/strong> | <strong><a href=\"https:\/\/southbohemiaclassic.cz\/wp-content\/uploads\/2023\/09\/xiv-south-bohemia-classic_RT9_exclusive_20230909-131253.pdf\"><span style=\"text-decoration: underline;\">Exclusive<\/span><\/a><\/strong><\/li>\n\n\n\n<li>RT 10 KeyTec &#8211; <span style=\"text-decoration: underline;\"><strong><a href=\"https:\/\/southbohemiaclassic.cz\/wp-content\/uploads\/2023\/09\/xiv-south-bohemia-classic_RT10_classic_20230909-151924.pdf\" target=\"_blank\" rel=\"noreferrer noopener\">Classic<\/a><\/strong><\/span> | <span style=\"text-decoration: underline;\"><strong><a href=\"https:\/\/southbohemiaclassic.cz\/wp-content\/uploads\/2023\/09\/xiv-south-bohemia-classic_RT10_exclusive_20230909-151939.pdf\" target=\"_blank\" rel=\"noreferrer noopener\">Exclusive<\/a><\/strong><\/span><\/li>\n\n\n\n<li>RT 11 SM produkt &#8211; <strong><span style=\"text-decoration: underline;\"><a href=\"https:\/\/southbohemiaclassic.cz\/wp-content\/uploads\/2023\/09\/xiv-south-bohemia-classic_RT11_classic_20230909-172157.pdf\" target=\"_blank\" rel=\"noreferrer noopener\">Classic<\/a><\/span><\/strong> | <strong><span style=\"text-decoration: underline;\"><a href=\"https:\/\/southbohemiaclassic.cz\/wp-content\/uploads\/2023\/09\/xiv-south-bohemia-classic_RT11_exclusive_20230909-172210.pdf\" target=\"_blank\" rel=\"noreferrer noopener\">Exclusive<\/a><\/span><\/strong><\/li>\n\n\n\n<li>ST 2 Virarosi &#8211; <strong><span style=\"text-decoration: underline;\"><a href=\"https:\/\/southbohemiaclassic.cz\/wp-content\/uploads\/2023\/09\/xiv-south-bohemia-classic_ST2_classic_20230909-172222.pdf\" target=\"_blank\" rel=\"noreferrer noopener\">Classic<\/a><\/span><\/strong> | <strong><span style=\"text-decoration: underline;\"><a href=\"https:\/\/southbohemiaclassic.cz\/wp-content\/uploads\/2023\/09\/xiv-south-bohemia-classic_ST2_exclusive_20230909-172234.pdf\" target=\"_blank\" rel=\"noreferrer noopener\">Exclusive<\/a><\/span><\/strong><\/li>\n\n\n\n<li>RT 12 Grand Prix Kaplice &#8211; <strong><span style=\"text-decoration: underline;\"><a href=\"https:\/\/southbohemiaclassic.cz\/wp-content\/uploads\/2023\/09\/xiv-south-bohemia-classic_RT12_classic_20230909-175242.pdf\" target=\"_blank\" rel=\"noreferrer noopener\">Classic<\/a><\/span><\/strong> | <strong><span style=\"text-decoration: underline;\"><a href=\"https:\/\/southbohemiaclassic.cz\/wp-content\/uploads\/2023\/09\/xiv-south-bohemia-classic_RT12_exclusive_20230909-172829.pdf\" target=\"_blank\" rel=\"noreferrer noopener\">Exclusive<\/a><\/span><\/strong><\/li>\n\n\n\n<li>RT 13 IVT tepeln\u00e1 \u010derpadla &#8211; <strong><span style=\"text-decoration: underline;\"><a href=\"https:\/\/southbohemiaclassic.cz\/wp-content\/uploads\/2023\/09\/xiv-south-bohemia-classic_RT13_classic_20230909-183628.pdf\" target=\"_blank\" rel=\"noreferrer noopener\">Classic<\/a><\/span><\/strong> | <strong><span style=\"text-decoration: underline;\"><a href=\"https:\/\/southbohemiaclassic.cz\/wp-content\/uploads\/2023\/09\/xiv-south-bohemia-classic_RT13_exclusive_20230909-183615.pdf\" target=\"_blank\" rel=\"noreferrer noopener\">Exclusive<\/a><\/span><\/strong><\/li>\n<\/ul>\n\n\n\n<p>Ergebnisse im 2. Etappe \u2013 <strong><span style=\"text-decoration: underline;\"><a href=\"https:\/\/southbohemiaclassic.cz\/wp-content\/uploads\/2023\/09\/xiv-south-bohemia-classic_RT5-RT13_classic_20230909-190639.pdf\" target=\"_blank\" rel=\"noreferrer noopener\">Classic<\/a><\/span><\/strong>&nbsp;| <strong><span style=\"text-decoration: underline;\"><a href=\"https:\/\/southbohemiaclassic.cz\/wp-content\/uploads\/2023\/09\/xiv-south-bohemia-classic_RT5-RT13_exclusive_20230909-190646.pdf\" target=\"_blank\" rel=\"noreferrer noopener\">Exclusive<\/a><\/span><\/strong><br><strong><span style=\"text-decoration: underline;\"><a href=\"https:\/\/southbohemiaclassic.cz\/wp-content\/uploads\/2023\/09\/xiv-south-bohemia-classic_penalties_20230909-190754.pdf\" target=\"_blank\" rel=\"noreferrer noopener\">P\u00f6nalisierung<\/a><\/span><\/strong><\/p>\n\n\n\n<p><\/p>\n\n\n\n<p>Ergebnisse \u2013 <strong><span style=\"text-decoration: underline;\"><a href=\"https:\/\/southbohemiaclassic.cz\/wp-content\/uploads\/2023\/09\/xiv-south-bohemia-classic_final_classic_20230909-202817.pdf\" target=\"_blank\" rel=\"noreferrer noopener\">Classic<\/a><\/span><\/strong>&nbsp;| <strong><span style=\"text-decoration: underline;\"><a href=\"https:\/\/southbohemiaclassic.cz\/wp-content\/uploads\/2023\/09\/xiv-south-bohemia-classic_final_exclusive_20230909-202840.pdf\" target=\"_blank\" rel=\"noreferrer noopener\">Exclusive<\/a><\/span><\/strong> | <strong><span style=\"text-decoration: underline;\"><a href=\"https:\/\/southbohemiaclassic.cz\/wp-content\/uploads\/2023\/09\/xiv-south-bohemia-classic_final_mechanicke-stopky_20230909-202851.pdf\" target=\"_blank\" rel=\"noreferrer noopener\">Mechanische Stopuhr<\/a><\/span><\/strong>&nbsp;| <strong><span style=\"text-decoration: underline;\"><a href=\"https:\/\/southbohemiaclassic.cz\/wp-content\/uploads\/2023\/09\/xiv-south-bohemia-classic_final_vitar-junior-cup_20230909-202906.pdf\" target=\"_blank\" rel=\"noreferrer noopener\">VITAR Junior Cup<\/a><\/span><\/strong>&nbsp;| <strong><span style=\"text-decoration: underline;\"><a href=\"https:\/\/southbohemiaclassic.cz\/wp-content\/uploads\/2023\/09\/xiv-south-bohemia-classic_final_pohar-porsche_20230909-202916.pdf\" target=\"_blank\" rel=\"noreferrer noopener\">Porschepokal<\/a><\/span><\/strong> | <strong><span style=\"text-decoration: underline;\"><a href=\"https:\/\/southbohemiaclassic.cz\/wp-content\/uploads\/2023\/09\/xiv-south-bohemia-classic_final_damsky-pohar_20230909-202934.pdf\" target=\"_blank\" rel=\"noreferrer noopener\">Damenpokal<\/a><\/span><\/strong> | <strong><span style=\"text-decoration: underline;\"><a href=\"https:\/\/southbohemiaclassic.cz\/wp-content\/uploads\/2023\/09\/xiv-south-bohemia-classic_team_cup_20230909-202953.pdf\" target=\"_blank\" rel=\"noreferrer noopener\">Teampokal<\/a><\/span><\/strong> | <strong><span style=\"text-decoration: underline;\"><a href=\"https:\/\/southbohemiaclassic.cz\/wp-content\/uploads\/2023\/09\/xiv-south-bohemia-classic_final_rodinny-pohar_20230909-202943.pdf\" target=\"_blank\" rel=\"noreferrer noopener\">Familienpokal<\/a><\/span><\/strong><\/p>\n\n\n\n<p><\/p>\n\n\n\n<p><strong><span style=\"text-decoration: underline;\"><a href=\"https:\/\/southbohemiaclassic.cz\/wp-content\/uploads\/2023\/09\/sbc2023-classic-challenge-2023.pdf\" target=\"_blank\" rel=\"noreferrer noopener\">Classic Challenge 2023<\/a><\/span><\/strong><\/p>","protected":false},"excerpt":{"rendered":"<p>Ergebnisse im 1. Etappe &#8211; Classic | Exclusive | Mechanische Stopuhr | VITAR Junior Cup | Porschepokal | Damenpokal | FamilienpokalP\u00f6nalisierung Ergebnisse im 2. Etappe \u2013 Classic&nbsp;| ExclusiveP\u00f6nalisierung Ergebnisse \u2013 Classic&nbsp;| Exclusive | Mechanische Stopuhr&nbsp;| VITAR Junior Cup&nbsp;| Porschepokal | Damenpokal | Teampokal | Familienpokal Classic Challenge 2023<\/p>\n","protected":false},"author":2,"featured_media":0,"parent":0,"menu_order":0,"comment_status":"closed","ping_status":"closed","template":"","meta":{"_acf_changed":false,"ngg_post_thumbnail":0,"footnotes":""},"class_list":["post-12728","page","type-page","status-publish","hentry"],"acf":[],"yoast_head":"<!-- This site is optimized with the Yoast SEO plugin v27.3 - https:\/\/yoast.com\/product\/yoast-seo-wordpress\/ -->\n<title>Ergebnisse XIV. South Bohemia Classic 2023<\/title>\n<meta name=\"robots\" content=\"index, follow, max-snippet:-1, max-image-preview:large, max-video-preview:-1\" \/>\n<link rel=\"canonical\" href=\"https:\/\/southbohemiaclassic.cz\/vysledky-2023\/\" \/>\n<meta property=\"og:locale\" content=\"de_DE\" \/>\n<meta property=\"og:type\" content=\"article\" \/>\n<meta property=\"og:title\" content=\"[:cs]V\u00fdsledky XIV. South Bohemia Classic 2023[:de]Ergebnisse XIV. South Bohemia Classic 2023[:en]Results XIV. South Bohemia Classic 2023 - South Bohemia Classic\" \/>\n<meta property=\"og:description\" content=\"Ergebnisse im 1. Etappe &#8211; Classic | Exclusive | Mechanische Stopuhr | VITAR Junior Cup | Porschepokal | Damenpokal | FamilienpokalP\u00f6nalisierung Ergebnisse im 2. Etappe \u2013 Classic&nbsp;| ExclusiveP\u00f6nalisierung Ergebnisse \u2013 Classic&nbsp;| Exclusive | Mechanische Stopuhr&nbsp;| VITAR Junior Cup&nbsp;| Porschepokal | Damenpokal | Teampokal | Familienpokal Classic Challenge 2023\" \/>\n<meta property=\"og:url\" content=\"https:\/\/southbohemiaclassic.cz\/vysledky-2023\/\" \/>\n<meta property=\"og:site_name\" content=\"South Bohemia Classic\" \/>\n<meta property=\"article:modified_time\" content=\"2023-09-10T18:55:03+00:00\" \/>\n<meta name=\"twitter:card\" content=\"summary_large_image\" \/>\n<meta name=\"twitter:label1\" content=\"Gesch\u00e4tzte Lesezeit\" \/>\n\t<meta name=\"twitter:data1\" content=\"2\u00a0Minuten\" \/>\n<script type=\"application\/ld+json\" class=\"yoast-schema-graph\">{\"@context\":\"https:\\\/\\\/schema.org\",\"@graph\":[{\"@type\":\"WebPage\",\"@id\":\"https:\\\/\\\/southbohemiaclassic.cz\\\/vysledky-2023\\\/\",\"url\":\"https:\\\/\\\/southbohemiaclassic.cz\\\/vysledky-2023\\\/\",\"name\":\"[:cs]V\u00fdsledky XIV. South Bohemia Classic 2023[:de]Ergebnisse XIV. South Bohemia Classic 2023[:en]Results XIV. South Bohemia Classic 2023 - South Bohemia Classic\",\"isPartOf\":{\"@id\":\"https:\\\/\\\/southbohemiaclassic.cz\\\/#website\"},\"datePublished\":\"2023-09-05T12:50:21+00:00\",\"dateModified\":\"2023-09-10T18:55:03+00:00\",\"breadcrumb\":{\"@id\":\"https:\\\/\\\/southbohemiaclassic.cz\\\/vysledky-2023\\\/#breadcrumb\"},\"inLanguage\":\"de\",\"potentialAction\":[{\"@type\":\"ReadAction\",\"target\":[\"https:\\\/\\\/southbohemiaclassic.cz\\\/vysledky-2023\\\/\"]}]},{\"@type\":\"BreadcrumbList\",\"@id\":\"https:\\\/\\\/southbohemiaclassic.cz\\\/vysledky-2023\\\/#breadcrumb\",\"itemListElement\":[{\"@type\":\"ListItem\",\"position\":1,\"name\":\"Dom\u016f\",\"item\":\"https:\\\/\\\/southbohemiaclassic.cz\\\/\"},{\"@type\":\"ListItem\",\"position\":2,\"name\":\"V\u00fdsledky XIV. South Bohemia Classic 2023\"}]},{\"@type\":\"WebSite\",\"@id\":\"https:\\\/\\\/southbohemiaclassic.cz\\\/#website\",\"url\":\"https:\\\/\\\/southbohemiaclassic.cz\\\/\",\"name\":\"South Bohemia Classic\",\"description\":\"South Bohemia Classic\",\"potentialAction\":[{\"@type\":\"SearchAction\",\"target\":{\"@type\":\"EntryPoint\",\"urlTemplate\":\"https:\\\/\\\/southbohemiaclassic.cz\\\/?s={search_term_string}\"},\"query-input\":{\"@type\":\"PropertyValueSpecification\",\"valueRequired\":true,\"valueName\":\"search_term_string\"}}],\"inLanguage\":\"de\"}]}<\/script>\n<!-- \/ Yoast SEO plugin. -->","yoast_head_json":{"title":"[:cs]V\u00fdsledky XIV. South Bohemia Classic 2023[:de]Ergebnisse XIV. South Bohemia Classic 2023[:en]Results XIV. South Bohemia Classic 2023 - South Bohemia Classic","robots":{"index":"index","follow":"follow","max-snippet":"max-snippet:-1","max-image-preview":"max-image-preview:large","max-video-preview":"max-video-preview:-1"},"canonical":"https:\/\/southbohemiaclassic.cz\/vysledky-2023\/","og_locale":"de_DE","og_type":"article","og_title":"[:cs]V\u00fdsledky XIV. South Bohemia Classic 2023[:de]Ergebnisse XIV. South Bohemia Classic 2023[:en]Results XIV. South Bohemia Classic 2023 - South Bohemia Classic","og_description":"Ergebnisse im 1. Etappe &#8211; Classic | Exclusive | Mechanische Stopuhr | VITAR Junior Cup | Porschepokal | Damenpokal | FamilienpokalP\u00f6nalisierung Ergebnisse im 2. Etappe \u2013 Classic&nbsp;| ExclusiveP\u00f6nalisierung Ergebnisse \u2013 Classic&nbsp;| Exclusive | Mechanische Stopuhr&nbsp;| VITAR Junior Cup&nbsp;| Porschepokal | Damenpokal | Teampokal | Familienpokal Classic Challenge 2023","og_url":"https:\/\/southbohemiaclassic.cz\/vysledky-2023\/","og_site_name":"South Bohemia Classic","article_modified_time":"2023-09-10T18:55:03+00:00","twitter_card":"summary_large_image","twitter_misc":{"Gesch\u00e4tzte Lesezeit":"2\u00a0Minuten"},"schema":{"@context":"https:\/\/schema.org","@graph":[{"@type":"WebPage","@id":"https:\/\/southbohemiaclassic.cz\/vysledky-2023\/","url":"https:\/\/southbohemiaclassic.cz\/vysledky-2023\/","name":"[:cs]V\u00fdsledky XIV. South Bohemia Classic 2023[:de]Ergebnisse XIV. South Bohemia Classic 2023[:en]Results XIV. South Bohemia Classic 2023 - South Bohemia Classic","isPartOf":{"@id":"https:\/\/southbohemiaclassic.cz\/#website"},"datePublished":"2023-09-05T12:50:21+00:00","dateModified":"2023-09-10T18:55:03+00:00","breadcrumb":{"@id":"https:\/\/southbohemiaclassic.cz\/vysledky-2023\/#breadcrumb"},"inLanguage":"de","potentialAction":[{"@type":"ReadAction","target":["https:\/\/southbohemiaclassic.cz\/vysledky-2023\/"]}]},{"@type":"BreadcrumbList","@id":"https:\/\/southbohemiaclassic.cz\/vysledky-2023\/#breadcrumb","itemListElement":[{"@type":"ListItem","position":1,"name":"Dom\u016f","item":"https:\/\/southbohemiaclassic.cz\/"},{"@type":"ListItem","position":2,"name":"V\u00fdsledky XIV. South Bohemia Classic 2023"}]},{"@type":"WebSite","@id":"https:\/\/southbohemiaclassic.cz\/#website","url":"https:\/\/southbohemiaclassic.cz\/","name":"South Bohemia Classic","description":"South Bohemia Classic","potentialAction":[{"@type":"SearchAction","target":{"@type":"EntryPoint","urlTemplate":"https:\/\/southbohemiaclassic.cz\/?s={search_term_string}"},"query-input":{"@type":"PropertyValueSpecification","valueRequired":true,"valueName":"search_term_string"}}],"inLanguage":"de"}]}},"_links":{"self":[{"href":"https:\/\/southbohemiaclassic.cz\/de\/wp-json\/wp\/v2\/pages\/12728","targetHints":{"allow":["GET"]}}],"collection":[{"href":"https:\/\/southbohemiaclassic.cz\/de\/wp-json\/wp\/v2\/pages"}],"about":[{"href":"https:\/\/southbohemiaclassic.cz\/de\/wp-json\/wp\/v2\/types\/page"}],"author":[{"embeddable":true,"href":"https:\/\/southbohemiaclassic.cz\/de\/wp-json\/wp\/v2\/users\/2"}],"replies":[{"embeddable":true,"href":"https:\/\/southbohemiaclassic.cz\/de\/wp-json\/wp\/v2\/comments?post=12728"}],"version-history":[{"count":55,"href":"https:\/\/southbohemiaclassic.cz\/de\/wp-json\/wp\/v2\/pages\/12728\/revisions"}],"predecessor-version":[{"id":12902,"href":"https:\/\/southbohemiaclassic.cz\/de\/wp-json\/wp\/v2\/pages\/12728\/revisions\/12902"}],"wp:attachment":[{"href":"https:\/\/southbohemiaclassic.cz\/de\/wp-json\/wp\/v2\/media?parent=12728"}],"curies":[{"name":"wp","href":"https:\/\/api.w.org\/{rel}","templated":true}]}}