{"id":11963,"date":"2022-09-08T12:02:17","date_gmt":"2022-09-08T11:02:17","guid":{"rendered":"https:\/\/southbohemiaclassic.cz\/?page_id=11963"},"modified":"2022-09-10T21:56:37","modified_gmt":"2022-09-10T20:56:37","slug":"vysledky-2022","status":"publish","type":"page","link":"https:\/\/southbohemiaclassic.cz\/de\/vysledky-2022\/","title":{"rendered":"Ergebnisse XIII. South Bohemia Classic 2022"},"content":{"rendered":"<ul class=\"wp-block-list\"><li>RT 1 \u00daAMK &#8211; <strong><a href=\"https:\/\/southbohemiaclassic.cz\/wp-content\/uploads\/2022\/09\/xiii-south-bohemia-classic_RT1_classic_20220909-221207.pdf\" target=\"_blank\" rel=\"noreferrer noopener\">Classic<\/a><\/strong> | <a href=\"https:\/\/southbohemiaclassic.cz\/wp-content\/uploads\/2022\/09\/xiii-south-bohemia-classic_RT1_exclusive_20220909-195825.pdf\" target=\"_blank\" rel=\"noreferrer noopener\"><strong>Exclusive<\/strong><\/a><\/li><li>RT 2 Steinbauer Lechner &#8211; <a href=\"https:\/\/southbohemiaclassic.cz\/wp-content\/uploads\/2022\/09\/xiii-south-bohemia-classic_RT2_classic_20220909-204555.pdf\" target=\"_blank\" rel=\"noreferrer noopener\"><strong>Classic<\/strong><\/a> | <a href=\"https:\/\/southbohemiaclassic.cz\/wp-content\/uploads\/2022\/09\/xiii-south-bohemia-classic_RT2_exclusive_20220909-204601.pdf\" target=\"_blank\" rel=\"noreferrer noopener\"><strong>Exclusive<\/strong><\/a><\/li><li>ST 1 INOTECH electronic &#8211; <a href=\"https:\/\/southbohemiaclassic.cz\/wp-content\/uploads\/2022\/09\/xiii-south-bohemia-classic_ST1_classic_20220909-205101.pdf\" target=\"_blank\" rel=\"noreferrer noopener\"><strong>Classic<\/strong><\/a> | <strong><a href=\"https:\/\/southbohemiaclassic.cz\/wp-content\/uploads\/2022\/09\/xiii-south-bohemia-classic_ST1_exclusive_20220909-205108.pdf\" target=\"_blank\" rel=\"noreferrer noopener\">Exclusive<\/a><\/strong><\/li><li>RT 3 SM produkt &#8211; <a href=\"https:\/\/southbohemiaclassic.cz\/wp-content\/uploads\/2022\/09\/xiii-south-bohemia-classic_RT3_classic_20220909-212644.pdf\" target=\"_blank\" rel=\"noreferrer noopener\"><strong>Classic<\/strong><\/a> | <a href=\"https:\/\/southbohemiaclassic.cz\/wp-content\/uploads\/2022\/09\/xiii-south-bohemia-classic_RT3_exclusive_20220909-212650.pdf\" target=\"_blank\" rel=\"noreferrer noopener\"><strong>Exclusive<\/strong><\/a><\/li><li>RT 4 IVT tepeln\u00e1 \u010derpadla &#8211; <a href=\"https:\/\/southbohemiaclassic.cz\/wp-content\/uploads\/2022\/09\/xiii-south-bohemia-classic_RT4_classic_20220909-214618.pdf\" target=\"_blank\" rel=\"noreferrer noopener\"><strong>Classic<\/strong><\/a> | <a href=\"https:\/\/southbohemiaclassic.cz\/wp-content\/uploads\/2022\/09\/xiii-south-bohemia-classic_RT4_exclusive_20220909-214625.pdf\" target=\"_blank\" rel=\"noreferrer noopener\"><strong>Exclusive<\/strong><\/a><\/li><\/ul>\n\n\n\n<p>Ergebnisse im 1. Etappe &#8211; <a href=\"https:\/\/southbohemiaclassic.cz\/wp-content\/uploads\/2022\/09\/xiii-south-bohemia-classic_RT1-RT4_classic_20220910-002440.pdf\" target=\"_blank\" rel=\"noreferrer noopener\"><strong>Classic<\/strong><\/a> | <a href=\"https:\/\/southbohemiaclassic.cz\/wp-content\/uploads\/2022\/09\/xiii-south-bohemia-classic_RT1-RT4_exclusive_20220910-002449.pdf\" target=\"_blank\" rel=\"noreferrer noopener\"><strong>Exclusive<\/strong><\/a><br><a href=\"https:\/\/southbohemiaclassic.cz\/wp-content\/uploads\/2022\/09\/xiii-south-bohemia-classic_penalties_20220910-002246.pdf\" target=\"_blank\" rel=\"noreferrer noopener\"><strong>P\u00f6nalisierung<\/strong><\/a><\/p>\n\n\n\n<ul class=\"wp-block-list\"><li>RT 5 Hotel Resort Relax &#8211; <a href=\"https:\/\/southbohemiaclassic.cz\/wp-content\/uploads\/2022\/09\/xiii-south-bohemia-classic_RT5_classic_20220910-115059.pdf\" target=\"_blank\" rel=\"noreferrer noopener\"><strong>Classic<\/strong><\/a> | <a href=\"https:\/\/southbohemiaclassic.cz\/wp-content\/uploads\/2022\/09\/xiii-south-bohemia-classic_RT5_exclusive_20220910-115105.pdf\" target=\"_blank\" rel=\"noreferrer noopener\"><strong>Exclusive<\/strong><\/a><\/li><li>RT 6 Kooperativa poji\u0161\u0165ovna &#8211; <a href=\"https:\/\/southbohemiaclassic.cz\/wp-content\/uploads\/2022\/09\/xiii-south-bohemia-classic_RT6_classic_20220910-115114.pdf\" target=\"_blank\" rel=\"noreferrer noopener\"><strong>Classic<\/strong><\/a> | <a href=\"https:\/\/southbohemiaclassic.cz\/wp-content\/uploads\/2022\/09\/xiii-south-bohemia-classic_RT6_exclusive_20220910-115119.pdf\" target=\"_blank\" rel=\"noreferrer noopener\"><strong>Exclusive<\/strong><\/a><\/li><li>RT 7 MyCoiner &#8211; <a href=\"https:\/\/southbohemiaclassic.cz\/wp-content\/uploads\/2022\/09\/xiii-south-bohemia-classic_RT7_classic_20220910-120618.pdf\" target=\"_blank\" rel=\"noreferrer noopener\"><strong>Classic<\/strong><\/a> | <a href=\"https:\/\/southbohemiaclassic.cz\/wp-content\/uploads\/2022\/09\/xiii-south-bohemia-classic_RT7_exclusive_20220910-120625.pdf\" target=\"_blank\" rel=\"noreferrer noopener\"><strong>Exclusive<\/strong><\/a><\/li><li>RT 8 RENOMIA NETWORK &#8211; <a href=\"https:\/\/southbohemiaclassic.cz\/wp-content\/uploads\/2022\/09\/xiii-south-bohemia-classic_RT8_classic_20220910-140927.pdf\" target=\"_blank\" rel=\"noreferrer noopener\"><strong>Classic<\/strong><\/a> | <a href=\"https:\/\/southbohemiaclassic.cz\/wp-content\/uploads\/2022\/09\/xiii-south-bohemia-classic_RT8_exclusive_20220910-134918.pdf\" target=\"_blank\" rel=\"noreferrer noopener\"><strong>Exclusive<\/strong><\/a><\/li><li>RT 9 Obec Chval\u0161iny &#8211; <a href=\"https:\/\/southbohemiaclassic.cz\/wp-content\/uploads\/2022\/09\/xiii-south-bohemia-classic_RT9_classic_20220910-160547.pdf\" target=\"_blank\" rel=\"noreferrer noopener\"><strong>Classic<\/strong><\/a> | <a href=\"https:\/\/southbohemiaclassic.cz\/wp-content\/uploads\/2022\/09\/xiii-south-bohemia-classic_RT9_exclusive_20220910-160554.pdf\" target=\"_blank\" rel=\"noreferrer noopener\"><strong>Exclusive<\/strong><\/a><\/li><li>RT 10 Klub P\u00e1n\u016f z Pono\u017ekovic &#8211; <a href=\"https:\/\/southbohemiaclassic.cz\/wp-content\/uploads\/2022\/09\/xiii-south-bohemia-classic_RT10_classic_20220910-160603.pdf\" target=\"_blank\" rel=\"noreferrer noopener\"><strong>Classic<\/strong><\/a> | <a href=\"https:\/\/southbohemiaclassic.cz\/wp-content\/uploads\/2022\/09\/xiii-south-bohemia-classic_RT10_exclusive_20220910-160609.pdf\" target=\"_blank\" rel=\"noreferrer noopener\"><strong>Exclusive<\/strong><\/a><\/li><li>RT 11 Grand Prix Kaplice &#8211; <a href=\"https:\/\/southbohemiaclassic.cz\/wp-content\/uploads\/2022\/09\/xiii-south-bohemia-classic_RT11_classic_20220910-171411.pdf\" target=\"_blank\" rel=\"noreferrer noopener\"><strong>Classic<\/strong><\/a> | <a href=\"https:\/\/southbohemiaclassic.cz\/wp-content\/uploads\/2022\/09\/xiii-south-bohemia-classic_RT11_exclusive_20220910-171418.pdf\" target=\"_blank\" rel=\"noreferrer noopener\"><strong>Exclusive<\/strong><\/a><\/li><li>RT 12 Stezka korunami strom\u016f &#8211; <a href=\"https:\/\/southbohemiaclassic.cz\/wp-content\/uploads\/2022\/09\/xiii-south-bohemia-classic_RT12_20220910-195256.pdf\" target=\"_blank\" rel=\"noreferrer noopener\"><strong>Classic<\/strong><\/a> | <a href=\"https:\/\/southbohemiaclassic.cz\/wp-content\/uploads\/2022\/09\/xiii-south-bohemia-classic_RT12_exclusive_20220910-181819.pdf\" target=\"_blank\" rel=\"noreferrer noopener\"><strong>Exclusive<\/strong><\/a><\/li><\/ul>\n\n\n\n<p>Ergebnisse im 2. Etappe \u2013 <a href=\"https:\/\/southbohemiaclassic.cz\/wp-content\/uploads\/2022\/09\/xiii-south-bohemia-classic_RT5-RT12_classic_20220910-195406.pdf\" target=\"_blank\" rel=\"noreferrer noopener\"><strong>Classic<\/strong><\/a>&nbsp;| <a href=\"https:\/\/southbohemiaclassic.cz\/wp-content\/uploads\/2022\/09\/xiii-south-bohemia-classic_RT5-RT12_exclusive_20220910-185624.pdf\" target=\"_blank\" rel=\"noreferrer noopener\"><strong>Exclusive<\/strong><\/a><br><a href=\"https:\/\/southbohemiaclassic.cz\/wp-content\/uploads\/2022\/09\/xiii-south-bohemia-classic_penalties_20220910-185710.pdf\" target=\"_blank\" rel=\"noreferrer noopener\"><strong>P\u00f6nalisierung<\/strong><\/a><\/p>\n\n\n\n<p><\/p>\n\n\n\n<p>Ergebnisse \u2013 <a href=\"https:\/\/southbohemiaclassic.cz\/wp-content\/uploads\/2022\/09\/xiii-south-bohemia-classic_final_classic_20220910-204214.pdf\" target=\"_blank\" rel=\"noreferrer noopener\"><strong>Classic<\/strong><\/a>\u00a0| <a href=\"https:\/\/southbohemiaclassic.cz\/wp-content\/uploads\/2022\/09\/xiii-south-bohemia-classic_final_exclusive_20220910-204335.pdf\" target=\"_blank\" rel=\"noreferrer noopener\"><strong>Exclusive<\/strong><\/a> | <a href=\"https:\/\/southbohemiaclassic.cz\/wp-content\/uploads\/2022\/09\/xiii-south-bohemia-classic_final_mechanicke-stopky_20220910-204447.pdf\" target=\"_blank\" rel=\"noreferrer noopener\"><strong>Mechanische Stopuhr<\/strong><\/a>\u00a0| <a href=\"https:\/\/southbohemiaclassic.cz\/wp-content\/uploads\/2022\/09\/xiii-south-bohemia-classic_final_damsky-pohar_20220910-204621.pdf\" target=\"_blank\" rel=\"noreferrer noopener\"><strong>Damenpokal<\/strong><\/a> | <a href=\"https:\/\/southbohemiaclassic.cz\/wp-content\/uploads\/2022\/09\/xiii-south-bohemia-classic_team_cup_20220910-204718.pdf\" target=\"_blank\" rel=\"noreferrer noopener\"><strong>Teampokal<\/strong><\/a> | <strong><a href=\"https:\/\/southbohemiaclassic.cz\/wp-content\/uploads\/2022\/09\/xiii-south-bohemia-classic_final_rodinny-pohar_20220910-225503.pdf\" target=\"_blank\" rel=\"noreferrer noopener\">Familienpokal<a href=\"https:\/\/southbohemiaclassic.cz\/wp-content\/uploads\/2021\/09\/xii-south-bohemia-classic_final_pohar-porsche-classic-2021-o-cenu-jaroslava-juhana_20210911-232924.pdf\"><\/a><\/a><\/strong><\/p>\n\n\n\n<p><\/p>\n\n\n\n<p><a href=\"https:\/\/southbohemiaclassic.cz\/wp-content\/uploads\/2022\/09\/SBC2022_posadky.xlsx-Vysledky-Challenge.pdf\" target=\"_blank\" rel=\"noreferrer noopener\"><strong>\u00daAMK Classic Challenge 2022<\/strong><\/a><\/p>","protected":false},"excerpt":{"rendered":"<p>RT 1 \u00daAMK &#8211; Classic | Exclusive RT 2 Steinbauer Lechner &#8211; Classic | Exclusive ST 1 INOTECH electronic &#8211; Classic | Exclusive RT 3 SM produkt &#8211; Classic | Exclusive RT 4 IVT tepeln\u00e1 \u010derpadla &#8211; Classic | Exclusive Ergebnisse im 1. Etappe &#8211; Classic | ExclusiveP\u00f6nalisierung RT 5 Hotel Resort Relax &#8211; Classic [&hellip;]<\/p>\n","protected":false},"author":2,"featured_media":0,"parent":0,"menu_order":0,"comment_status":"closed","ping_status":"closed","template":"","meta":{"_acf_changed":false,"ngg_post_thumbnail":0,"footnotes":""},"class_list":["post-11963","page","type-page","status-publish","hentry"],"acf":[],"yoast_head":"<!-- This site is optimized with the Yoast SEO plugin v27.3 - https:\/\/yoast.com\/product\/yoast-seo-wordpress\/ -->\n<title>Ergebnisse XIII. South Bohemia Classic 2022<\/title>\n<meta name=\"robots\" content=\"index, follow, max-snippet:-1, max-image-preview:large, max-video-preview:-1\" \/>\n<link rel=\"canonical\" href=\"https:\/\/southbohemiaclassic.cz\/vysledky-2022\/\" \/>\n<meta property=\"og:locale\" content=\"de_DE\" \/>\n<meta property=\"og:type\" content=\"article\" \/>\n<meta property=\"og:title\" content=\"[:cs]V\u00fdsledky XIII. South Bohemia Classic 2022[:de]Ergebnisse XIII. South Bohemia Classic 2022[:en]Results XIII. South Bohemia Classic 2022 - South Bohemia Classic\" \/>\n<meta property=\"og:description\" content=\"RT 1 \u00daAMK &#8211; Classic | Exclusive RT 2 Steinbauer Lechner &#8211; Classic | Exclusive ST 1 INOTECH electronic &#8211; Classic | Exclusive RT 3 SM produkt &#8211; Classic | Exclusive RT 4 IVT tepeln\u00e1 \u010derpadla &#8211; Classic | Exclusive Ergebnisse im 1. Etappe &#8211; Classic | ExclusiveP\u00f6nalisierung RT 5 Hotel Resort Relax &#8211; Classic [&hellip;]\" \/>\n<meta property=\"og:url\" content=\"https:\/\/southbohemiaclassic.cz\/vysledky-2022\/\" \/>\n<meta property=\"og:site_name\" content=\"South Bohemia Classic\" \/>\n<meta property=\"article:modified_time\" content=\"2022-09-10T20:56:37+00:00\" \/>\n<meta name=\"twitter:card\" content=\"summary_large_image\" \/>\n<meta name=\"twitter:label1\" content=\"Gesch\u00e4tzte Lesezeit\" \/>\n\t<meta name=\"twitter:data1\" content=\"2\u00a0Minuten\" \/>\n<script type=\"application\/ld+json\" class=\"yoast-schema-graph\">{\"@context\":\"https:\\\/\\\/schema.org\",\"@graph\":[{\"@type\":\"WebPage\",\"@id\":\"https:\\\/\\\/southbohemiaclassic.cz\\\/vysledky-2022\\\/\",\"url\":\"https:\\\/\\\/southbohemiaclassic.cz\\\/vysledky-2022\\\/\",\"name\":\"[:cs]V\u00fdsledky XIII. South Bohemia Classic 2022[:de]Ergebnisse XIII. South Bohemia Classic 2022[:en]Results XIII. South Bohemia Classic 2022 - South Bohemia Classic\",\"isPartOf\":{\"@id\":\"https:\\\/\\\/southbohemiaclassic.cz\\\/#website\"},\"datePublished\":\"2022-09-08T11:02:17+00:00\",\"dateModified\":\"2022-09-10T20:56:37+00:00\",\"breadcrumb\":{\"@id\":\"https:\\\/\\\/southbohemiaclassic.cz\\\/vysledky-2022\\\/#breadcrumb\"},\"inLanguage\":\"de\",\"potentialAction\":[{\"@type\":\"ReadAction\",\"target\":[\"https:\\\/\\\/southbohemiaclassic.cz\\\/vysledky-2022\\\/\"]}]},{\"@type\":\"BreadcrumbList\",\"@id\":\"https:\\\/\\\/southbohemiaclassic.cz\\\/vysledky-2022\\\/#breadcrumb\",\"itemListElement\":[{\"@type\":\"ListItem\",\"position\":1,\"name\":\"Dom\u016f\",\"item\":\"https:\\\/\\\/southbohemiaclassic.cz\\\/\"},{\"@type\":\"ListItem\",\"position\":2,\"name\":\"V\u00fdsledky XIII. South Bohemia Classic 2022\"}]},{\"@type\":\"WebSite\",\"@id\":\"https:\\\/\\\/southbohemiaclassic.cz\\\/#website\",\"url\":\"https:\\\/\\\/southbohemiaclassic.cz\\\/\",\"name\":\"South Bohemia Classic\",\"description\":\"South Bohemia Classic\",\"potentialAction\":[{\"@type\":\"SearchAction\",\"target\":{\"@type\":\"EntryPoint\",\"urlTemplate\":\"https:\\\/\\\/southbohemiaclassic.cz\\\/?s={search_term_string}\"},\"query-input\":{\"@type\":\"PropertyValueSpecification\",\"valueRequired\":true,\"valueName\":\"search_term_string\"}}],\"inLanguage\":\"de\"}]}<\/script>\n<!-- \/ Yoast SEO plugin. -->","yoast_head_json":{"title":"[:cs]V\u00fdsledky XIII. South Bohemia Classic 2022[:de]Ergebnisse XIII. South Bohemia Classic 2022[:en]Results XIII. South Bohemia Classic 2022 - South Bohemia Classic","robots":{"index":"index","follow":"follow","max-snippet":"max-snippet:-1","max-image-preview":"max-image-preview:large","max-video-preview":"max-video-preview:-1"},"canonical":"https:\/\/southbohemiaclassic.cz\/vysledky-2022\/","og_locale":"de_DE","og_type":"article","og_title":"[:cs]V\u00fdsledky XIII. South Bohemia Classic 2022[:de]Ergebnisse XIII. South Bohemia Classic 2022[:en]Results XIII. South Bohemia Classic 2022 - South Bohemia Classic","og_description":"RT 1 \u00daAMK &#8211; Classic | Exclusive RT 2 Steinbauer Lechner &#8211; Classic | Exclusive ST 1 INOTECH electronic &#8211; Classic | Exclusive RT 3 SM produkt &#8211; Classic | Exclusive RT 4 IVT tepeln\u00e1 \u010derpadla &#8211; Classic | Exclusive Ergebnisse im 1. Etappe &#8211; Classic | ExclusiveP\u00f6nalisierung RT 5 Hotel Resort Relax &#8211; Classic [&hellip;]","og_url":"https:\/\/southbohemiaclassic.cz\/vysledky-2022\/","og_site_name":"South Bohemia Classic","article_modified_time":"2022-09-10T20:56:37+00:00","twitter_card":"summary_large_image","twitter_misc":{"Gesch\u00e4tzte Lesezeit":"2\u00a0Minuten"},"schema":{"@context":"https:\/\/schema.org","@graph":[{"@type":"WebPage","@id":"https:\/\/southbohemiaclassic.cz\/vysledky-2022\/","url":"https:\/\/southbohemiaclassic.cz\/vysledky-2022\/","name":"[:cs]V\u00fdsledky XIII. South Bohemia Classic 2022[:de]Ergebnisse XIII. South Bohemia Classic 2022[:en]Results XIII. South Bohemia Classic 2022 - South Bohemia Classic","isPartOf":{"@id":"https:\/\/southbohemiaclassic.cz\/#website"},"datePublished":"2022-09-08T11:02:17+00:00","dateModified":"2022-09-10T20:56:37+00:00","breadcrumb":{"@id":"https:\/\/southbohemiaclassic.cz\/vysledky-2022\/#breadcrumb"},"inLanguage":"de","potentialAction":[{"@type":"ReadAction","target":["https:\/\/southbohemiaclassic.cz\/vysledky-2022\/"]}]},{"@type":"BreadcrumbList","@id":"https:\/\/southbohemiaclassic.cz\/vysledky-2022\/#breadcrumb","itemListElement":[{"@type":"ListItem","position":1,"name":"Dom\u016f","item":"https:\/\/southbohemiaclassic.cz\/"},{"@type":"ListItem","position":2,"name":"V\u00fdsledky XIII. South Bohemia Classic 2022"}]},{"@type":"WebSite","@id":"https:\/\/southbohemiaclassic.cz\/#website","url":"https:\/\/southbohemiaclassic.cz\/","name":"South Bohemia Classic","description":"South Bohemia Classic","potentialAction":[{"@type":"SearchAction","target":{"@type":"EntryPoint","urlTemplate":"https:\/\/southbohemiaclassic.cz\/?s={search_term_string}"},"query-input":{"@type":"PropertyValueSpecification","valueRequired":true,"valueName":"search_term_string"}}],"inLanguage":"de"}]}},"_links":{"self":[{"href":"https:\/\/southbohemiaclassic.cz\/de\/wp-json\/wp\/v2\/pages\/11963","targetHints":{"allow":["GET"]}}],"collection":[{"href":"https:\/\/southbohemiaclassic.cz\/de\/wp-json\/wp\/v2\/pages"}],"about":[{"href":"https:\/\/southbohemiaclassic.cz\/de\/wp-json\/wp\/v2\/types\/page"}],"author":[{"embeddable":true,"href":"https:\/\/southbohemiaclassic.cz\/de\/wp-json\/wp\/v2\/users\/2"}],"replies":[{"embeddable":true,"href":"https:\/\/southbohemiaclassic.cz\/de\/wp-json\/wp\/v2\/comments?post=11963"}],"version-history":[{"count":37,"href":"https:\/\/southbohemiaclassic.cz\/de\/wp-json\/wp\/v2\/pages\/11963\/revisions"}],"predecessor-version":[{"id":12729,"href":"https:\/\/southbohemiaclassic.cz\/de\/wp-json\/wp\/v2\/pages\/11963\/revisions\/12729"}],"wp:attachment":[{"href":"https:\/\/southbohemiaclassic.cz\/de\/wp-json\/wp\/v2\/media?parent=11963"}],"curies":[{"name":"wp","href":"https:\/\/api.w.org\/{rel}","templated":true}]}}