{"id":11835,"date":"2021-12-23T11:34:54","date_gmt":"2021-12-23T10:34:54","guid":{"rendered":"https:\/\/southbohemiaclassic.cz\/?page_id=11835"},"modified":"2025-08-25T11:20:43","modified_gmt":"2025-08-25T10:20:43","slug":"posadky","status":"publish","type":"page","link":"https:\/\/southbohemiaclassic.cz\/de\/posadky\/","title":{"rendered":"Nennliste"},"content":{"rendered":"\n<p><iframe width=\"100%\" src=\"https:\/\/entry-forms.springclassic.cz\/start-list\/sbc\" id=\"entries\" frameborder=\"0\"><\/iframe><\/p>\n\n<script>\n\tlet iframe = document.querySelector(\"#entries\");\n\n\twindow.addEventListener('message', function(e) {\n\t\t\/\/ message that was passed from iframe page\n\t\tlet message = e.data;\n\n\t\tiframe.style.height = (message.height + 10) + 'px';\n\t\tiframe.style.width = (message.width + 10) + 'px';\n\t} , false);\n<\/script>\n","protected":false},"excerpt":{"rendered":"","protected":false},"author":2,"featured_media":0,"parent":0,"menu_order":0,"comment_status":"closed","ping_status":"closed","template":"","meta":{"_acf_changed":false,"ngg_post_thumbnail":0,"footnotes":""},"class_list":["post-11835","page","type-page","status-publish","hentry"],"acf":[],"yoast_head":"<!-- This site is optimized with the Yoast SEO plugin v27.3 - https:\/\/yoast.com\/product\/yoast-seo-wordpress\/ -->\n<title>P\u0159ihl\u00e1\u0161en\u00e9 pos\u00e1dky - XVI. South Bohemia Classic 2025<\/title>\n<meta name=\"description\" content=\"Seznam pos\u00e1dek p\u0159ihl\u00e1\u0161en\u00fdch do z\u00e1v\u011bre\u010dn\u00e9ho podniku seri\u00e1lu Classic Challenge 2025.\" \/>\n<meta name=\"robots\" content=\"index, follow, max-snippet:-1, max-image-preview:large, max-video-preview:-1\" \/>\n<link rel=\"canonical\" href=\"https:\/\/southbohemiaclassic.cz\/posadky\/\" \/>\n<meta property=\"og:locale\" content=\"de_DE\" \/>\n<meta property=\"og:type\" content=\"article\" \/>\n<meta property=\"og:title\" content=\"P\u0159ihl\u00e1\u0161en\u00e9 pos\u00e1dky - XVI. South Bohemia Classic 2025\" \/>\n<meta property=\"og:description\" content=\"Seznam pos\u00e1dek p\u0159ihl\u00e1\u0161en\u00fdch do z\u00e1v\u011bre\u010dn\u00e9ho podniku seri\u00e1lu Classic Challenge 2025.\" \/>\n<meta property=\"og:url\" content=\"https:\/\/southbohemiaclassic.cz\/posadky\/\" \/>\n<meta property=\"og:site_name\" content=\"South Bohemia Classic\" \/>\n<meta property=\"article:modified_time\" content=\"2025-08-25T10:20:43+00:00\" \/>\n<meta property=\"og:image\" content=\"https:\/\/southbohemiaclassic.cz\/wp-content\/uploads\/2021\/12\/cc2022_pozvanka2.jpg\" \/>\n\t<meta property=\"og:image:width\" content=\"1600\" \/>\n\t<meta property=\"og:image:height\" content=\"1067\" \/>\n\t<meta property=\"og:image:type\" content=\"image\/jpeg\" \/>\n<meta name=\"twitter:card\" content=\"summary_large_image\" \/>\n<meta name=\"twitter:title\" content=\"P\u0159ihl\u00e1\u0161en\u00e9 pos\u00e1dky - XVI. South Bohemia Classic 2025\" \/>\n<meta name=\"twitter:description\" content=\"Seznam pos\u00e1dek p\u0159ihl\u00e1\u0161en\u00fdch do z\u00e1v\u011bre\u010dn\u00e9ho podniku seri\u00e1lu Classic Challenge 2025.\" \/>\n<meta name=\"twitter:image\" content=\"https:\/\/southbohemiaclassic.cz\/wp-content\/uploads\/2021\/12\/cc2022_pozvanka2.jpg\" \/>\n<script type=\"application\/ld+json\" class=\"yoast-schema-graph\">{\"@context\":\"https:\\\/\\\/schema.org\",\"@graph\":[{\"@type\":\"WebPage\",\"@id\":\"https:\\\/\\\/southbohemiaclassic.cz\\\/posadky\\\/\",\"url\":\"https:\\\/\\\/southbohemiaclassic.cz\\\/posadky\\\/\",\"name\":\"P\u0159ihl\u00e1\u0161en\u00e9 pos\u00e1dky - XVI. South Bohemia Classic 2025\",\"isPartOf\":{\"@id\":\"https:\\\/\\\/southbohemiaclassic.cz\\\/#website\"},\"datePublished\":\"2021-12-23T10:34:54+00:00\",\"dateModified\":\"2025-08-25T10:20:43+00:00\",\"description\":\"Seznam pos\u00e1dek p\u0159ihl\u00e1\u0161en\u00fdch do z\u00e1v\u011bre\u010dn\u00e9ho podniku seri\u00e1lu Classic Challenge 2025.\",\"breadcrumb\":{\"@id\":\"https:\\\/\\\/southbohemiaclassic.cz\\\/posadky\\\/#breadcrumb\"},\"inLanguage\":\"de\",\"potentialAction\":[{\"@type\":\"ReadAction\",\"target\":[\"https:\\\/\\\/southbohemiaclassic.cz\\\/posadky\\\/\"]}]},{\"@type\":\"BreadcrumbList\",\"@id\":\"https:\\\/\\\/southbohemiaclassic.cz\\\/posadky\\\/#breadcrumb\",\"itemListElement\":[{\"@type\":\"ListItem\",\"position\":1,\"name\":\"Dom\u016f\",\"item\":\"https:\\\/\\\/southbohemiaclassic.cz\\\/\"},{\"@type\":\"ListItem\",\"position\":2,\"name\":\"P\u0159ihl\u00e1\u0161en\u00e9 pos\u00e1dky\"}]},{\"@type\":\"WebSite\",\"@id\":\"https:\\\/\\\/southbohemiaclassic.cz\\\/#website\",\"url\":\"https:\\\/\\\/southbohemiaclassic.cz\\\/\",\"name\":\"South Bohemia Classic\",\"description\":\"South Bohemia Classic\",\"potentialAction\":[{\"@type\":\"SearchAction\",\"target\":{\"@type\":\"EntryPoint\",\"urlTemplate\":\"https:\\\/\\\/southbohemiaclassic.cz\\\/?s={search_term_string}\"},\"query-input\":{\"@type\":\"PropertyValueSpecification\",\"valueRequired\":true,\"valueName\":\"search_term_string\"}}],\"inLanguage\":\"de\"}]}<\/script>\n<!-- \/ Yoast SEO plugin. -->","yoast_head_json":{"title":"P\u0159ihl\u00e1\u0161en\u00e9 pos\u00e1dky - XVI. South Bohemia Classic 2025","description":"Seznam pos\u00e1dek p\u0159ihl\u00e1\u0161en\u00fdch do z\u00e1v\u011bre\u010dn\u00e9ho podniku seri\u00e1lu Classic Challenge 2025.","robots":{"index":"index","follow":"follow","max-snippet":"max-snippet:-1","max-image-preview":"max-image-preview:large","max-video-preview":"max-video-preview:-1"},"canonical":"https:\/\/southbohemiaclassic.cz\/posadky\/","og_locale":"de_DE","og_type":"article","og_title":"P\u0159ihl\u00e1\u0161en\u00e9 pos\u00e1dky - XVI. South Bohemia Classic 2025","og_description":"Seznam pos\u00e1dek p\u0159ihl\u00e1\u0161en\u00fdch do z\u00e1v\u011bre\u010dn\u00e9ho podniku seri\u00e1lu Classic Challenge 2025.","og_url":"https:\/\/southbohemiaclassic.cz\/posadky\/","og_site_name":"South Bohemia Classic","article_modified_time":"2025-08-25T10:20:43+00:00","og_image":[{"width":1600,"height":1067,"url":"https:\/\/southbohemiaclassic.cz\/wp-content\/uploads\/2021\/12\/cc2022_pozvanka2.jpg","type":"image\/jpeg"}],"twitter_card":"summary_large_image","twitter_title":"P\u0159ihl\u00e1\u0161en\u00e9 pos\u00e1dky - XVI. South Bohemia Classic 2025","twitter_description":"Seznam pos\u00e1dek p\u0159ihl\u00e1\u0161en\u00fdch do z\u00e1v\u011bre\u010dn\u00e9ho podniku seri\u00e1lu Classic Challenge 2025.","twitter_image":"https:\/\/southbohemiaclassic.cz\/wp-content\/uploads\/2021\/12\/cc2022_pozvanka2.jpg","schema":{"@context":"https:\/\/schema.org","@graph":[{"@type":"WebPage","@id":"https:\/\/southbohemiaclassic.cz\/posadky\/","url":"https:\/\/southbohemiaclassic.cz\/posadky\/","name":"P\u0159ihl\u00e1\u0161en\u00e9 pos\u00e1dky - XVI. South Bohemia Classic 2025","isPartOf":{"@id":"https:\/\/southbohemiaclassic.cz\/#website"},"datePublished":"2021-12-23T10:34:54+00:00","dateModified":"2025-08-25T10:20:43+00:00","description":"Seznam pos\u00e1dek p\u0159ihl\u00e1\u0161en\u00fdch do z\u00e1v\u011bre\u010dn\u00e9ho podniku seri\u00e1lu Classic Challenge 2025.","breadcrumb":{"@id":"https:\/\/southbohemiaclassic.cz\/posadky\/#breadcrumb"},"inLanguage":"de","potentialAction":[{"@type":"ReadAction","target":["https:\/\/southbohemiaclassic.cz\/posadky\/"]}]},{"@type":"BreadcrumbList","@id":"https:\/\/southbohemiaclassic.cz\/posadky\/#breadcrumb","itemListElement":[{"@type":"ListItem","position":1,"name":"Dom\u016f","item":"https:\/\/southbohemiaclassic.cz\/"},{"@type":"ListItem","position":2,"name":"P\u0159ihl\u00e1\u0161en\u00e9 pos\u00e1dky"}]},{"@type":"WebSite","@id":"https:\/\/southbohemiaclassic.cz\/#website","url":"https:\/\/southbohemiaclassic.cz\/","name":"South Bohemia Classic","description":"South Bohemia Classic","potentialAction":[{"@type":"SearchAction","target":{"@type":"EntryPoint","urlTemplate":"https:\/\/southbohemiaclassic.cz\/?s={search_term_string}"},"query-input":{"@type":"PropertyValueSpecification","valueRequired":true,"valueName":"search_term_string"}}],"inLanguage":"de"}]}},"_links":{"self":[{"href":"https:\/\/southbohemiaclassic.cz\/de\/wp-json\/wp\/v2\/pages\/11835","targetHints":{"allow":["GET"]}}],"collection":[{"href":"https:\/\/southbohemiaclassic.cz\/de\/wp-json\/wp\/v2\/pages"}],"about":[{"href":"https:\/\/southbohemiaclassic.cz\/de\/wp-json\/wp\/v2\/types\/page"}],"author":[{"embeddable":true,"href":"https:\/\/southbohemiaclassic.cz\/de\/wp-json\/wp\/v2\/users\/2"}],"replies":[{"embeddable":true,"href":"https:\/\/southbohemiaclassic.cz\/de\/wp-json\/wp\/v2\/comments?post=11835"}],"version-history":[{"count":19,"href":"https:\/\/southbohemiaclassic.cz\/de\/wp-json\/wp\/v2\/pages\/11835\/revisions"}],"predecessor-version":[{"id":15443,"href":"https:\/\/southbohemiaclassic.cz\/de\/wp-json\/wp\/v2\/pages\/11835\/revisions\/15443"}],"wp:attachment":[{"href":"https:\/\/southbohemiaclassic.cz\/de\/wp-json\/wp\/v2\/media?parent=11835"}],"curies":[{"name":"wp","href":"https:\/\/api.w.org\/{rel}","templated":true}]}}