{"id":11751,"date":"2021-11-30T21:53:47","date_gmt":"2021-11-30T20:53:47","guid":{"rendered":"https:\/\/southbohemiaclassic.cz\/?page_id=11751"},"modified":"2022-07-01T10:48:11","modified_gmt":"2022-07-01T09:48:11","slug":"propozice-classic-challenge-2022","status":"publish","type":"page","link":"https:\/\/southbohemiaclassic.cz\/de\/propozice-classic-challenge-2022\/","title":{"rendered":"Ausschreibung \u00daAMK Classic Challenge 2022"},"content":{"rendered":"<p class=\"qtranxs-available-languages-message qtranxs-available-languages-message-de\">Leider ist der Eintrag nur auf <a href=\"https:\/\/southbohemiaclassic.cz\/cs\/wp-json\/wp\/v2\/pages\/11751\" class=\"qtranxs-available-language-link qtranxs-available-language-link-cs\" title=\"CZ\">CZ<\/a> und <a href=\"https:\/\/southbohemiaclassic.cz\/en\/wp-json\/wp\/v2\/pages\/11751\" class=\"qtranxs-available-language-link qtranxs-available-language-link-en\" title=\"EN\">EN<\/a> verf\u00fcgbar.<\/p>","protected":false},"excerpt":{"rendered":"<p>Leider ist der Eintrag nur auf CZ und EN verf\u00fcgbar.<\/p>\n","protected":false},"author":2,"featured_media":0,"parent":0,"menu_order":0,"comment_status":"closed","ping_status":"closed","template":"","meta":{"_acf_changed":false,"ngg_post_thumbnail":0,"footnotes":""},"class_list":["post-11751","page","type-page","status-publish","hentry"],"acf":[],"yoast_head":"<!-- This site is optimized with the Yoast SEO plugin v27.3 - https:\/\/yoast.com\/product\/yoast-seo-wordpress\/ -->\n<title>Propozice \u00daAMK Classic Challenge 2022<\/title>\n<meta name=\"description\" content=\"Pravidla seri\u00e1lu setinov\u00fdch rallye klasick\u00fdch vozidel.\" \/>\n<meta name=\"robots\" content=\"index, follow, max-snippet:-1, max-image-preview:large, max-video-preview:-1\" \/>\n<link rel=\"canonical\" href=\"https:\/\/southbohemiaclassic.cz\/propozice-classic-challenge-2022\/\" \/>\n<meta property=\"og:locale\" content=\"de_DE\" \/>\n<meta property=\"og:type\" content=\"article\" \/>\n<meta property=\"og:title\" content=\"Propozice \u00daAMK Classic Challenge 2022\" \/>\n<meta property=\"og:description\" content=\"Pravidla seri\u00e1lu setinov\u00fdch rallye klasick\u00fdch vozidel.\" \/>\n<meta property=\"og:url\" content=\"https:\/\/southbohemiaclassic.cz\/propozice-classic-challenge-2022\/\" \/>\n<meta property=\"og:site_name\" content=\"South Bohemia Classic\" \/>\n<meta property=\"article:modified_time\" content=\"2022-07-01T09:48:11+00:00\" \/>\n<meta property=\"og:image\" content=\"https:\/\/southbohemiaclassic.cz\/wp-content\/uploads\/2021\/11\/classic-challenge2022-829x1024.png\" \/>\n<meta name=\"twitter:card\" content=\"summary_large_image\" \/>\n<meta name=\"twitter:label1\" content=\"Gesch\u00e4tzte Lesezeit\" \/>\n\t<meta name=\"twitter:data1\" content=\"5\u00a0Minuten\" \/>\n<script type=\"application\/ld+json\" class=\"yoast-schema-graph\">{\"@context\":\"https:\\\/\\\/schema.org\",\"@graph\":[{\"@type\":\"WebPage\",\"@id\":\"https:\\\/\\\/southbohemiaclassic.cz\\\/propozice-classic-challenge-2022\\\/\",\"url\":\"https:\\\/\\\/southbohemiaclassic.cz\\\/propozice-classic-challenge-2022\\\/\",\"name\":\"Propozice \u00daAMK Classic Challenge 2022\",\"isPartOf\":{\"@id\":\"https:\\\/\\\/southbohemiaclassic.cz\\\/#website\"},\"primaryImageOfPage\":{\"@id\":\"https:\\\/\\\/southbohemiaclassic.cz\\\/propozice-classic-challenge-2022\\\/#primaryimage\"},\"image\":{\"@id\":\"https:\\\/\\\/southbohemiaclassic.cz\\\/propozice-classic-challenge-2022\\\/#primaryimage\"},\"thumbnailUrl\":\"https:\\\/\\\/southbohemiaclassic.cz\\\/wp-content\\\/uploads\\\/2021\\\/11\\\/classic-challenge2022-829x1024.png\",\"datePublished\":\"2021-11-30T20:53:47+00:00\",\"dateModified\":\"2022-07-01T09:48:11+00:00\",\"description\":\"Pravidla seri\u00e1lu setinov\u00fdch rallye klasick\u00fdch vozidel.\",\"breadcrumb\":{\"@id\":\"https:\\\/\\\/southbohemiaclassic.cz\\\/propozice-classic-challenge-2022\\\/#breadcrumb\"},\"inLanguage\":\"de\",\"potentialAction\":[{\"@type\":\"ReadAction\",\"target\":[\"https:\\\/\\\/southbohemiaclassic.cz\\\/propozice-classic-challenge-2022\\\/\"]}]},{\"@type\":\"ImageObject\",\"inLanguage\":\"de\",\"@id\":\"https:\\\/\\\/southbohemiaclassic.cz\\\/propozice-classic-challenge-2022\\\/#primaryimage\",\"url\":\"https:\\\/\\\/southbohemiaclassic.cz\\\/wp-content\\\/uploads\\\/2021\\\/11\\\/classic-challenge2022-829x1024.png\",\"contentUrl\":\"https:\\\/\\\/southbohemiaclassic.cz\\\/wp-content\\\/uploads\\\/2021\\\/11\\\/classic-challenge2022-829x1024.png\"},{\"@type\":\"BreadcrumbList\",\"@id\":\"https:\\\/\\\/southbohemiaclassic.cz\\\/propozice-classic-challenge-2022\\\/#breadcrumb\",\"itemListElement\":[{\"@type\":\"ListItem\",\"position\":1,\"name\":\"Dom\u016f\",\"item\":\"https:\\\/\\\/southbohemiaclassic.cz\\\/\"},{\"@type\":\"ListItem\",\"position\":2,\"name\":\"Propozice \u00daAMK Classic Challenge 2022\"}]},{\"@type\":\"WebSite\",\"@id\":\"https:\\\/\\\/southbohemiaclassic.cz\\\/#website\",\"url\":\"https:\\\/\\\/southbohemiaclassic.cz\\\/\",\"name\":\"South Bohemia Classic\",\"description\":\"South Bohemia Classic\",\"potentialAction\":[{\"@type\":\"SearchAction\",\"target\":{\"@type\":\"EntryPoint\",\"urlTemplate\":\"https:\\\/\\\/southbohemiaclassic.cz\\\/?s={search_term_string}\"},\"query-input\":{\"@type\":\"PropertyValueSpecification\",\"valueRequired\":true,\"valueName\":\"search_term_string\"}}],\"inLanguage\":\"de\"}]}<\/script>\n<!-- \/ Yoast SEO plugin. -->","yoast_head_json":{"title":"Propozice \u00daAMK Classic Challenge 2022","description":"Pravidla seri\u00e1lu setinov\u00fdch rallye klasick\u00fdch vozidel.","robots":{"index":"index","follow":"follow","max-snippet":"max-snippet:-1","max-image-preview":"max-image-preview:large","max-video-preview":"max-video-preview:-1"},"canonical":"https:\/\/southbohemiaclassic.cz\/propozice-classic-challenge-2022\/","og_locale":"de_DE","og_type":"article","og_title":"Propozice \u00daAMK Classic Challenge 2022","og_description":"Pravidla seri\u00e1lu setinov\u00fdch rallye klasick\u00fdch vozidel.","og_url":"https:\/\/southbohemiaclassic.cz\/propozice-classic-challenge-2022\/","og_site_name":"South Bohemia Classic","article_modified_time":"2022-07-01T09:48:11+00:00","og_image":[{"url":"https:\/\/southbohemiaclassic.cz\/wp-content\/uploads\/2021\/11\/classic-challenge2022-829x1024.png","type":"","width":"","height":""}],"twitter_card":"summary_large_image","twitter_misc":{"Gesch\u00e4tzte Lesezeit":"5\u00a0Minuten"},"schema":{"@context":"https:\/\/schema.org","@graph":[{"@type":"WebPage","@id":"https:\/\/southbohemiaclassic.cz\/propozice-classic-challenge-2022\/","url":"https:\/\/southbohemiaclassic.cz\/propozice-classic-challenge-2022\/","name":"Propozice \u00daAMK Classic Challenge 2022","isPartOf":{"@id":"https:\/\/southbohemiaclassic.cz\/#website"},"primaryImageOfPage":{"@id":"https:\/\/southbohemiaclassic.cz\/propozice-classic-challenge-2022\/#primaryimage"},"image":{"@id":"https:\/\/southbohemiaclassic.cz\/propozice-classic-challenge-2022\/#primaryimage"},"thumbnailUrl":"https:\/\/southbohemiaclassic.cz\/wp-content\/uploads\/2021\/11\/classic-challenge2022-829x1024.png","datePublished":"2021-11-30T20:53:47+00:00","dateModified":"2022-07-01T09:48:11+00:00","description":"Pravidla seri\u00e1lu setinov\u00fdch rallye klasick\u00fdch vozidel.","breadcrumb":{"@id":"https:\/\/southbohemiaclassic.cz\/propozice-classic-challenge-2022\/#breadcrumb"},"inLanguage":"de","potentialAction":[{"@type":"ReadAction","target":["https:\/\/southbohemiaclassic.cz\/propozice-classic-challenge-2022\/"]}]},{"@type":"ImageObject","inLanguage":"de","@id":"https:\/\/southbohemiaclassic.cz\/propozice-classic-challenge-2022\/#primaryimage","url":"https:\/\/southbohemiaclassic.cz\/wp-content\/uploads\/2021\/11\/classic-challenge2022-829x1024.png","contentUrl":"https:\/\/southbohemiaclassic.cz\/wp-content\/uploads\/2021\/11\/classic-challenge2022-829x1024.png"},{"@type":"BreadcrumbList","@id":"https:\/\/southbohemiaclassic.cz\/propozice-classic-challenge-2022\/#breadcrumb","itemListElement":[{"@type":"ListItem","position":1,"name":"Dom\u016f","item":"https:\/\/southbohemiaclassic.cz\/"},{"@type":"ListItem","position":2,"name":"Propozice \u00daAMK Classic Challenge 2022"}]},{"@type":"WebSite","@id":"https:\/\/southbohemiaclassic.cz\/#website","url":"https:\/\/southbohemiaclassic.cz\/","name":"South Bohemia Classic","description":"South Bohemia Classic","potentialAction":[{"@type":"SearchAction","target":{"@type":"EntryPoint","urlTemplate":"https:\/\/southbohemiaclassic.cz\/?s={search_term_string}"},"query-input":{"@type":"PropertyValueSpecification","valueRequired":true,"valueName":"search_term_string"}}],"inLanguage":"de"}]}},"_links":{"self":[{"href":"https:\/\/southbohemiaclassic.cz\/de\/wp-json\/wp\/v2\/pages\/11751","targetHints":{"allow":["GET"]}}],"collection":[{"href":"https:\/\/southbohemiaclassic.cz\/de\/wp-json\/wp\/v2\/pages"}],"about":[{"href":"https:\/\/southbohemiaclassic.cz\/de\/wp-json\/wp\/v2\/types\/page"}],"author":[{"embeddable":true,"href":"https:\/\/southbohemiaclassic.cz\/de\/wp-json\/wp\/v2\/users\/2"}],"replies":[{"embeddable":true,"href":"https:\/\/southbohemiaclassic.cz\/de\/wp-json\/wp\/v2\/comments?post=11751"}],"version-history":[{"count":0,"href":"https:\/\/southbohemiaclassic.cz\/de\/wp-json\/wp\/v2\/pages\/11751\/revisions"}],"wp:attachment":[{"href":"https:\/\/southbohemiaclassic.cz\/de\/wp-json\/wp\/v2\/media?parent=11751"}],"curies":[{"name":"wp","href":"https:\/\/api.w.org\/{rel}","templated":true}]}}