{"id":11722,"date":"2021-09-21T16:18:28","date_gmt":"2021-09-21T15:18:28","guid":{"rendered":"https:\/\/southbohemiaclassic.cz\/?page_id=11722"},"modified":"2021-09-21T17:17:46","modified_gmt":"2021-09-21T16:17:46","slug":"galerie-2021","status":"publish","type":"page","link":"https:\/\/southbohemiaclassic.cz\/de\/galerie-2021\/","title":{"rendered":"XII. South Bohemia Classic 2021"},"content":{"rendered":"<p><\/p>\n\n\n\n<p>Habt Ihr Interesse um Fotosdatei Ihres Teams in Druckqualit\u00e4t? Schreiben Sie auf:<strong>&nbsp;<a href=\"mailto:info@southbohemiaclassic.cz\" target=\"_blank\" rel=\"noreferrer noopener\">info@southbohemiaclassic.cz<\/a><\/strong>.<\/p>\n\n\n\n<div style=\"height:20px\" aria-hidden=\"true\" class=\"wp-block-spacer\"><\/div>\n\n\n\n<p>Autor: <a rel=\"noreferrer noopener\" href=\"https:\/\/www.facebook.com\/fotoskrivanek\/\" target=\"_blank\"><strong>Petr Sk\u0159iv\u00e1nek<\/strong><\/a><\/p>\n\n\n\nngg_shortcode_4_placeholder\n\n\n\n<p>Autor: <strong><a rel=\"noreferrer noopener\" href=\"https:\/\/www.facebook.com\/zdenek.klima.1\" target=\"_blank\">Zden\u011bk Kl\u00edma<\/a><\/strong><\/p>\n\n\n\nngg_shortcode_5_placeholder\n\n\n\n<p>Autor: <a href=\"https:\/\/www.facebook.com\/Joevysataphoto\" target=\"_blank\" rel=\"noreferrer noopener\"><strong>Josef Vy\u0161ata<\/strong><\/a><\/p>\n\n\n\nngg_shortcode_6_placeholder\n\n\n\n<p>Autor: <strong><a href=\"https:\/\/www.facebook.com\/quidogroup\" target=\"_blank\" rel=\"noreferrer noopener\">Jan Marek<\/a><\/strong><\/p>\n\n\n\nngg_shortcode_7_placeholder\n\n\n\n<h3 class=\"wp-block-heading\"><a href=\"https:\/\/southbohemiaclassic.cz\/galerie-2021_start\/\">START &#8211; alle Teilnehmer<\/a><\/h3>\n\n\n\n<p><\/p>","protected":false},"excerpt":{"rendered":"<p>Habt Ihr Interesse um Fotosdatei Ihres Teams in Druckqualit\u00e4t? Schreiben Sie auf:&nbsp;info@southbohemiaclassic.cz. Autor: Petr Sk\u0159iv\u00e1nek Autor: Zden\u011bk Kl\u00edma Autor: Josef Vy\u0161ata Autor: Jan Marek START &#8211; alle Teilnehmer<\/p>\n","protected":false},"author":2,"featured_media":0,"parent":0,"menu_order":0,"comment_status":"closed","ping_status":"closed","template":"","meta":{"_acf_changed":false,"ngg_post_thumbnail":0,"footnotes":""},"class_list":["post-11722","page","type-page","status-publish","hentry"],"acf":[],"yoast_head":"<!-- This site is optimized with the Yoast SEO plugin v27.3 - https:\/\/yoast.com\/product\/yoast-seo-wordpress\/ -->\n<title>XII. South Bohemia Classic 2021 - South Bohemia Classic<\/title>\n<meta name=\"robots\" content=\"index, follow, max-snippet:-1, max-image-preview:large, max-video-preview:-1\" \/>\n<link rel=\"canonical\" href=\"https:\/\/southbohemiaclassic.cz\/galerie-2021\/\" \/>\n<meta property=\"og:locale\" content=\"de_DE\" \/>\n<meta property=\"og:type\" content=\"article\" \/>\n<meta property=\"og:title\" content=\"XII. South Bohemia Classic 2021 - South Bohemia Classic\" \/>\n<meta property=\"og:description\" content=\"Habt Ihr Interesse um Fotosdatei Ihres Teams in Druckqualit\u00e4t? Schreiben Sie auf:&nbsp;info@southbohemiaclassic.cz. Autor: Petr Sk\u0159iv\u00e1nek Autor: Zden\u011bk Kl\u00edma Autor: Josef Vy\u0161ata Autor: Jan Marek START &#8211; alle Teilnehmer\" \/>\n<meta property=\"og:url\" content=\"https:\/\/southbohemiaclassic.cz\/galerie-2021\/\" \/>\n<meta property=\"og:site_name\" content=\"South Bohemia Classic\" \/>\n<meta property=\"article:modified_time\" content=\"2021-09-21T16:17:46+00:00\" \/>\n<meta name=\"twitter:card\" content=\"summary_large_image\" \/>\n<meta name=\"twitter:label1\" content=\"Gesch\u00e4tzte Lesezeit\" \/>\n\t<meta name=\"twitter:data1\" content=\"1\u00a0Minute\" \/>\n<script type=\"application\/ld+json\" class=\"yoast-schema-graph\">{\"@context\":\"https:\\\/\\\/schema.org\",\"@graph\":[{\"@type\":\"WebPage\",\"@id\":\"https:\\\/\\\/southbohemiaclassic.cz\\\/galerie-2021\\\/\",\"url\":\"https:\\\/\\\/southbohemiaclassic.cz\\\/galerie-2021\\\/\",\"name\":\"XII. South Bohemia Classic 2021 - South Bohemia Classic\",\"isPartOf\":{\"@id\":\"https:\\\/\\\/southbohemiaclassic.cz\\\/#website\"},\"datePublished\":\"2021-09-21T15:18:28+00:00\",\"dateModified\":\"2021-09-21T16:17:46+00:00\",\"breadcrumb\":{\"@id\":\"https:\\\/\\\/southbohemiaclassic.cz\\\/galerie-2021\\\/#breadcrumb\"},\"inLanguage\":\"de\",\"potentialAction\":[{\"@type\":\"ReadAction\",\"target\":[\"https:\\\/\\\/southbohemiaclassic.cz\\\/galerie-2021\\\/\"]}]},{\"@type\":\"BreadcrumbList\",\"@id\":\"https:\\\/\\\/southbohemiaclassic.cz\\\/galerie-2021\\\/#breadcrumb\",\"itemListElement\":[{\"@type\":\"ListItem\",\"position\":1,\"name\":\"Dom\u016f\",\"item\":\"https:\\\/\\\/southbohemiaclassic.cz\\\/\"},{\"@type\":\"ListItem\",\"position\":2,\"name\":\"XII. South Bohemia Classic 2021\"}]},{\"@type\":\"WebSite\",\"@id\":\"https:\\\/\\\/southbohemiaclassic.cz\\\/#website\",\"url\":\"https:\\\/\\\/southbohemiaclassic.cz\\\/\",\"name\":\"South Bohemia Classic\",\"description\":\"South Bohemia Classic\",\"potentialAction\":[{\"@type\":\"SearchAction\",\"target\":{\"@type\":\"EntryPoint\",\"urlTemplate\":\"https:\\\/\\\/southbohemiaclassic.cz\\\/?s={search_term_string}\"},\"query-input\":{\"@type\":\"PropertyValueSpecification\",\"valueRequired\":true,\"valueName\":\"search_term_string\"}}],\"inLanguage\":\"de\"}]}<\/script>\n<!-- \/ Yoast SEO plugin. -->","yoast_head_json":{"title":"XII. South Bohemia Classic 2021 - South Bohemia Classic","robots":{"index":"index","follow":"follow","max-snippet":"max-snippet:-1","max-image-preview":"max-image-preview:large","max-video-preview":"max-video-preview:-1"},"canonical":"https:\/\/southbohemiaclassic.cz\/galerie-2021\/","og_locale":"de_DE","og_type":"article","og_title":"XII. South Bohemia Classic 2021 - South Bohemia Classic","og_description":"Habt Ihr Interesse um Fotosdatei Ihres Teams in Druckqualit\u00e4t? Schreiben Sie auf:&nbsp;info@southbohemiaclassic.cz. Autor: Petr Sk\u0159iv\u00e1nek Autor: Zden\u011bk Kl\u00edma Autor: Josef Vy\u0161ata Autor: Jan Marek START &#8211; alle Teilnehmer","og_url":"https:\/\/southbohemiaclassic.cz\/galerie-2021\/","og_site_name":"South Bohemia Classic","article_modified_time":"2021-09-21T16:17:46+00:00","twitter_card":"summary_large_image","twitter_misc":{"Gesch\u00e4tzte Lesezeit":"1\u00a0Minute"},"schema":{"@context":"https:\/\/schema.org","@graph":[{"@type":"WebPage","@id":"https:\/\/southbohemiaclassic.cz\/galerie-2021\/","url":"https:\/\/southbohemiaclassic.cz\/galerie-2021\/","name":"XII. South Bohemia Classic 2021 - South Bohemia Classic","isPartOf":{"@id":"https:\/\/southbohemiaclassic.cz\/#website"},"datePublished":"2021-09-21T15:18:28+00:00","dateModified":"2021-09-21T16:17:46+00:00","breadcrumb":{"@id":"https:\/\/southbohemiaclassic.cz\/galerie-2021\/#breadcrumb"},"inLanguage":"de","potentialAction":[{"@type":"ReadAction","target":["https:\/\/southbohemiaclassic.cz\/galerie-2021\/"]}]},{"@type":"BreadcrumbList","@id":"https:\/\/southbohemiaclassic.cz\/galerie-2021\/#breadcrumb","itemListElement":[{"@type":"ListItem","position":1,"name":"Dom\u016f","item":"https:\/\/southbohemiaclassic.cz\/"},{"@type":"ListItem","position":2,"name":"XII. South Bohemia Classic 2021"}]},{"@type":"WebSite","@id":"https:\/\/southbohemiaclassic.cz\/#website","url":"https:\/\/southbohemiaclassic.cz\/","name":"South Bohemia Classic","description":"South Bohemia Classic","potentialAction":[{"@type":"SearchAction","target":{"@type":"EntryPoint","urlTemplate":"https:\/\/southbohemiaclassic.cz\/?s={search_term_string}"},"query-input":{"@type":"PropertyValueSpecification","valueRequired":true,"valueName":"search_term_string"}}],"inLanguage":"de"}]}},"_links":{"self":[{"href":"https:\/\/southbohemiaclassic.cz\/de\/wp-json\/wp\/v2\/pages\/11722","targetHints":{"allow":["GET"]}}],"collection":[{"href":"https:\/\/southbohemiaclassic.cz\/de\/wp-json\/wp\/v2\/pages"}],"about":[{"href":"https:\/\/southbohemiaclassic.cz\/de\/wp-json\/wp\/v2\/types\/page"}],"author":[{"embeddable":true,"href":"https:\/\/southbohemiaclassic.cz\/de\/wp-json\/wp\/v2\/users\/2"}],"replies":[{"embeddable":true,"href":"https:\/\/southbohemiaclassic.cz\/de\/wp-json\/wp\/v2\/comments?post=11722"}],"version-history":[{"count":4,"href":"https:\/\/southbohemiaclassic.cz\/de\/wp-json\/wp\/v2\/pages\/11722\/revisions"}],"predecessor-version":[{"id":11729,"href":"https:\/\/southbohemiaclassic.cz\/de\/wp-json\/wp\/v2\/pages\/11722\/revisions\/11729"}],"wp:attachment":[{"href":"https:\/\/southbohemiaclassic.cz\/de\/wp-json\/wp\/v2\/media?parent=11722"}],"curies":[{"name":"wp","href":"https:\/\/api.w.org\/{rel}","templated":true}]}}