{"id":1086,"date":"2018-09-01T21:00:22","date_gmt":"2018-09-01T20:00:22","guid":{"rendered":"http:\/\/southbohemiaclassic.cz\/?page_id=1086"},"modified":"2019-08-22T12:28:11","modified_gmt":"2019-08-22T11:28:11","slug":"vyveska-2018","status":"publish","type":"page","link":"https:\/\/southbohemiaclassic.cz\/de\/vyveska-2018\/","title":{"rendered":"Online Aushang 2018"},"content":{"rendered":"<p><\/p>\n<ul>\n<li><a href=\"http:\/\/southbohemiaclassic.cz\/wp-content\/uploads\/2018\/09\/sbc2018_startovka_sobota.pdf\" target=\"_blank\" rel=\"noopener noreferrer\">Startliste f\u00fcr II. Etappe<\/a><\/li>\n<li><a href=\"http:\/\/southbohemiaclassic.cz\/wp-content\/uploads\/2018\/09\/sbc2018_startovka_patek.pdf\" target=\"_blank\" rel=\"noopener noreferrer\">Startliste f\u00fcr I. Etappe<\/a><\/li>\n<li><a href=\"http:\/\/southbohemiaclassic.cz\/wp-content\/uploads\/2018\/09\/sbc2018_informace-start_DE.pdf\" target=\"_blank\" rel=\"noopener noreferrer\">Information f\u00fcr Teilnehmer<\/a><\/li>\n<li><a href=\"http:\/\/southbohemiaclassic.cz\/wp-content\/uploads\/2018\/09\/sbc2018_priloha1.pdf\" target=\"_blank\" rel=\"noopener noreferrer\">Zeichenerkl\u00e4rung<\/a><\/li>\n<li><a href=\"http:\/\/southbohemiaclassic.cz\/wp-content\/uploads\/2018\/09\/sbc2018_priloha2.pdf\" target=\"_blank\" rel=\"noopener noreferrer\">Wagensbeklebung<\/a><\/li>\n<li><a href=\"http:\/\/southbohemiaclassic.cz\/wp-content\/uploads\/2018\/09\/sbc2018_harmonogram.pdf\" target=\"_blank\" rel=\"noopener noreferrer\">Zeitplan<\/a><\/li>\n<li><a href=\"http:\/\/southbohemiaclassic.cz\/wp-content\/uploads\/2018\/09\/sbc2018_zu-de.pdf\" target=\"_blank\" rel=\"noopener noreferrer\">Ausschreibung<\/a><\/li>\n<li><a href=\"http:\/\/southbohemiaclassic.cz\/dotaznik\/\">Fragebogen f\u00fcr die Teilnehmer<\/a><\/li>\n<li><a href=\"http:\/\/southbohemiaclassic.cz\/wp-content\/uploads\/2018\/09\/sbc2018_prihlasene-posadky.pdf\" target=\"_blank\" rel=\"noopener noreferrer\">Startliste<\/a><\/li>\n<\/ul>\n<p><\/p>","protected":false},"excerpt":{"rendered":"<p>Startliste f\u00fcr II. Etappe Startliste f\u00fcr I. Etappe Information f\u00fcr Teilnehmer Zeichenerkl\u00e4rung Wagensbeklebung Zeitplan Ausschreibung Fragebogen f\u00fcr die Teilnehmer Startliste<\/p>\n","protected":false},"author":2,"featured_media":0,"parent":0,"menu_order":0,"comment_status":"closed","ping_status":"closed","template":"","meta":{"_acf_changed":false,"ngg_post_thumbnail":0,"footnotes":""},"class_list":["post-1086","page","type-page","status-publish","hentry"],"acf":[],"yoast_head":"<!-- This site is optimized with the Yoast SEO plugin v27.3 - https:\/\/yoast.com\/product\/yoast-seo-wordpress\/ -->\n<title>Online Aushang 2018 - South Bohemia Classic<\/title>\n<meta name=\"robots\" content=\"index, follow, max-snippet:-1, max-image-preview:large, max-video-preview:-1\" \/>\n<link rel=\"canonical\" href=\"https:\/\/southbohemiaclassic.cz\/en\/vyveska-2018\/\" \/>\n<meta property=\"og:locale\" content=\"de_DE\" \/>\n<meta property=\"og:type\" content=\"article\" \/>\n<meta property=\"og:title\" content=\"[:cs]Elektronick\u00e1 v\u00fdv\u011bska 2018[:de]Online Aushang 2018[:en]Online Notice Board 2018[:] - South Bohemia Classic\" \/>\n<meta property=\"og:description\" content=\"Startliste f\u00fcr II. Etappe Startliste f\u00fcr I. Etappe Information f\u00fcr Teilnehmer Zeichenerkl\u00e4rung Wagensbeklebung Zeitplan Ausschreibung Fragebogen f\u00fcr die Teilnehmer Startliste\" \/>\n<meta property=\"og:url\" content=\"https:\/\/southbohemiaclassic.cz\/en\/vyveska-2018\/\" \/>\n<meta property=\"og:site_name\" content=\"South Bohemia Classic\" \/>\n<meta property=\"article:modified_time\" content=\"2019-08-22T11:28:11+00:00\" \/>\n<meta name=\"twitter:card\" content=\"summary_large_image\" \/>\n<script type=\"application\/ld+json\" class=\"yoast-schema-graph\">{\"@context\":\"https:\\\/\\\/schema.org\",\"@graph\":[{\"@type\":\"WebPage\",\"@id\":\"https:\\\/\\\/southbohemiaclassic.cz\\\/en\\\/vyveska-2018\\\/\",\"url\":\"https:\\\/\\\/southbohemiaclassic.cz\\\/en\\\/vyveska-2018\\\/\",\"name\":\"[:cs]Elektronick\u00e1 v\u00fdv\u011bska 2018[:de]Online Aushang 2018[:en]Online Notice Board 2018[:] - South Bohemia Classic\",\"isPartOf\":{\"@id\":\"https:\\\/\\\/southbohemiaclassic.cz\\\/#website\"},\"datePublished\":\"2018-09-01T20:00:22+00:00\",\"dateModified\":\"2019-08-22T11:28:11+00:00\",\"breadcrumb\":{\"@id\":\"https:\\\/\\\/southbohemiaclassic.cz\\\/en\\\/vyveska-2018\\\/#breadcrumb\"},\"inLanguage\":\"de\",\"potentialAction\":[{\"@type\":\"ReadAction\",\"target\":[\"https:\\\/\\\/southbohemiaclassic.cz\\\/en\\\/vyveska-2018\\\/\"]}]},{\"@type\":\"BreadcrumbList\",\"@id\":\"https:\\\/\\\/southbohemiaclassic.cz\\\/en\\\/vyveska-2018\\\/#breadcrumb\",\"itemListElement\":[{\"@type\":\"ListItem\",\"position\":1,\"name\":\"Dom\u016f\",\"item\":\"https:\\\/\\\/southbohemiaclassic.cz\\\/\"},{\"@type\":\"ListItem\",\"position\":2,\"name\":\"Online Notice Board 2018\"}]},{\"@type\":\"WebSite\",\"@id\":\"https:\\\/\\\/southbohemiaclassic.cz\\\/#website\",\"url\":\"https:\\\/\\\/southbohemiaclassic.cz\\\/\",\"name\":\"South Bohemia Classic\",\"description\":\"South Bohemia Classic\",\"potentialAction\":[{\"@type\":\"SearchAction\",\"target\":{\"@type\":\"EntryPoint\",\"urlTemplate\":\"https:\\\/\\\/southbohemiaclassic.cz\\\/?s={search_term_string}\"},\"query-input\":{\"@type\":\"PropertyValueSpecification\",\"valueRequired\":true,\"valueName\":\"search_term_string\"}}],\"inLanguage\":\"de\"}]}<\/script>\n<!-- \/ Yoast SEO plugin. -->","yoast_head_json":{"title":"[:cs]Elektronick\u00e1 v\u00fdv\u011bska 2018[:de]Online Aushang 2018[:en]Online Notice Board 2018[:] - South Bohemia Classic","robots":{"index":"index","follow":"follow","max-snippet":"max-snippet:-1","max-image-preview":"max-image-preview:large","max-video-preview":"max-video-preview:-1"},"canonical":"https:\/\/southbohemiaclassic.cz\/en\/vyveska-2018\/","og_locale":"de_DE","og_type":"article","og_title":"[:cs]Elektronick\u00e1 v\u00fdv\u011bska 2018[:de]Online Aushang 2018[:en]Online Notice Board 2018[:] - South Bohemia Classic","og_description":"Startliste f\u00fcr II. Etappe Startliste f\u00fcr I. Etappe Information f\u00fcr Teilnehmer Zeichenerkl\u00e4rung Wagensbeklebung Zeitplan Ausschreibung Fragebogen f\u00fcr die Teilnehmer Startliste","og_url":"https:\/\/southbohemiaclassic.cz\/en\/vyveska-2018\/","og_site_name":"South Bohemia Classic","article_modified_time":"2019-08-22T11:28:11+00:00","twitter_card":"summary_large_image","schema":{"@context":"https:\/\/schema.org","@graph":[{"@type":"WebPage","@id":"https:\/\/southbohemiaclassic.cz\/en\/vyveska-2018\/","url":"https:\/\/southbohemiaclassic.cz\/en\/vyveska-2018\/","name":"[:cs]Elektronick\u00e1 v\u00fdv\u011bska 2018[:de]Online Aushang 2018[:en]Online Notice Board 2018[:] - South Bohemia Classic","isPartOf":{"@id":"https:\/\/southbohemiaclassic.cz\/#website"},"datePublished":"2018-09-01T20:00:22+00:00","dateModified":"2019-08-22T11:28:11+00:00","breadcrumb":{"@id":"https:\/\/southbohemiaclassic.cz\/en\/vyveska-2018\/#breadcrumb"},"inLanguage":"de","potentialAction":[{"@type":"ReadAction","target":["https:\/\/southbohemiaclassic.cz\/en\/vyveska-2018\/"]}]},{"@type":"BreadcrumbList","@id":"https:\/\/southbohemiaclassic.cz\/en\/vyveska-2018\/#breadcrumb","itemListElement":[{"@type":"ListItem","position":1,"name":"Dom\u016f","item":"https:\/\/southbohemiaclassic.cz\/"},{"@type":"ListItem","position":2,"name":"Online Notice Board 2018"}]},{"@type":"WebSite","@id":"https:\/\/southbohemiaclassic.cz\/#website","url":"https:\/\/southbohemiaclassic.cz\/","name":"South Bohemia Classic","description":"South Bohemia Classic","potentialAction":[{"@type":"SearchAction","target":{"@type":"EntryPoint","urlTemplate":"https:\/\/southbohemiaclassic.cz\/?s={search_term_string}"},"query-input":{"@type":"PropertyValueSpecification","valueRequired":true,"valueName":"search_term_string"}}],"inLanguage":"de"}]}},"_links":{"self":[{"href":"https:\/\/southbohemiaclassic.cz\/de\/wp-json\/wp\/v2\/pages\/1086","targetHints":{"allow":["GET"]}}],"collection":[{"href":"https:\/\/southbohemiaclassic.cz\/de\/wp-json\/wp\/v2\/pages"}],"about":[{"href":"https:\/\/southbohemiaclassic.cz\/de\/wp-json\/wp\/v2\/types\/page"}],"author":[{"embeddable":true,"href":"https:\/\/southbohemiaclassic.cz\/de\/wp-json\/wp\/v2\/users\/2"}],"replies":[{"embeddable":true,"href":"https:\/\/southbohemiaclassic.cz\/de\/wp-json\/wp\/v2\/comments?post=1086"}],"version-history":[{"count":20,"href":"https:\/\/southbohemiaclassic.cz\/de\/wp-json\/wp\/v2\/pages\/1086\/revisions"}],"predecessor-version":[{"id":6330,"href":"https:\/\/southbohemiaclassic.cz\/de\/wp-json\/wp\/v2\/pages\/1086\/revisions\/6330"}],"wp:attachment":[{"href":"https:\/\/southbohemiaclassic.cz\/de\/wp-json\/wp\/v2\/media?parent=1086"}],"curies":[{"name":"wp","href":"https:\/\/api.w.org\/{rel}","templated":true}]}}