{"id":10732,"date":"2021-08-28T20:53:30","date_gmt":"2021-08-28T19:53:30","guid":{"rendered":"https:\/\/southbohemiaclassic.cz\/?page_id=10732"},"modified":"2024-08-26T11:19:20","modified_gmt":"2024-08-26T10:19:20","slug":"trasa-2021","status":"publish","type":"page","link":"https:\/\/southbohemiaclassic.cz\/de\/trasa-2021\/","title":{"rendered":"Rallye-Route 2021"},"content":{"rendered":"<p><\/p>\n\n\n\n<h3 class=\"wp-block-heading\">I. Etappe &#8211; B\u00f6hmerwaldkuss (172 km)<\/h3>\n\n\n\n<p><strong>Freitag 10. September 2021<\/strong><\/p>\n\n\n\n<p>16:30&nbsp; \u010cesk\u00e9 Bud\u011bjovice, Hauptplatz &#8211; START<br>16:38&nbsp; Plan\u00e1<br>16:41&nbsp; Flughafen \u010cesk\u00e9 Bud\u011bjovice &#8211; TEST<br>16:48&nbsp; Homole<br>16:50&nbsp; Nov\u00e9 Homole<br>16:52&nbsp; Dv\u016fr Koroseky<br>16:54&nbsp; Z\u00e1vraty<br>16:57&nbsp; Lip\u00ed<br>17:00&nbsp; Hab\u0159\u00ed<br>17:02&nbsp; Kv\u00edtkovice<br>17:04&nbsp; \u010cakovec<br>17:06&nbsp; Jankov<br>17:09&nbsp; Hola\u0161ovice<br>17:14&nbsp; Z\u00e1bo\u0159\u00ed<br>17:20&nbsp; Horn\u00ed Chr\u00e1\u0161\u0165any<br>17:22&nbsp; Doln\u00ed Chr\u00e1\u0161\u0165any<br>17:25&nbsp; Lu\u017eice<br>17:29&nbsp; Netolice<br>17:38&nbsp; Truskovice<br>17:42&nbsp; Chel\u010dice, Gedenkst\u00e4tte &#8211; TEST<br>17:50&nbsp; Vod\u0148any, Hauptplatz &#8211; 15 Minuten<br>18:09&nbsp; Sto\u017eice<br>18:10&nbsp; K\u0159epice<br>18:12&nbsp; Lib\u011bjovick\u00e9 Svobodn\u00e9 Hory<br>18:14&nbsp; Bavorovsk\u00e9 Svobodn\u00e9 Hory<br>18:17&nbsp; Bavorov<br>18:26&nbsp; Chocholat\u00e1 Lhota<br>18:31&nbsp; Vlachovo B\u0159ez\u00ed, Brauerei &#8211; TEST<br>18:38&nbsp; Husinec<br>18:50&nbsp; Prachatice, Hauptplatz &#8211; 5 Minuten<br>19:06&nbsp; Lib\u00ednsk\u00e9 Sedlo<br>19:12&nbsp; Zbytiny<br>19:19&nbsp; K\u0159i\u0161\u0165anov<br>19:26&nbsp; Tisovka<br>19:29&nbsp; Kti\u0161<br>19:32&nbsp; B\u0159ezov\u00edk<br>19:39&nbsp; Chval\u0161iny, Dorfplatz &#8211; TEST<br>19:42&nbsp; \u010cerven\u00fd Dv\u016fr, psychiatrisches Krankenhaus &#8211; TEST<br>19:46&nbsp; K\u0159enov<br>20:00&nbsp; \u010cesk\u00fd Krumlov, Hauptplatz &#8211; 15 Minuten &#8211; ZIEL<br>20:23&nbsp; V\u011bt\u0159n\u00ed<br>20:29&nbsp; Kladn\u00e9<br>20:32&nbsp; K\u00e1jov, Konibar-Bierstube<br>20:53&nbsp; \u010cern\u00e1 v Po\u0161umav\u00ed<br>20:56&nbsp; Bli\u017en\u00e1<br>21:00&nbsp; Doln\u00ed Vltavice, Hotel Resort Relax<\/p>\n\n\n\n<h3 class=\"wp-block-heading\">II. Etappe &#8211; Fahren ohne Grenzen (330 km)<\/h3>\n\n\n\n<p><strong>Samstag 11. September 2021<\/strong><\/p>\n\n\n\n<p>8:00&nbsp; Doln\u00ed Vltavice, Hotel Resort Relax &#8211; START &amp; TEST<br>8:04&nbsp; Bli\u017en\u00e1<br>8:07&nbsp; \u010cern\u00e1 v Po\u0161umav\u00ed, Bushaltestelle &#8211; TEST<br>8:13&nbsp; H\u016frka<br>8:18&nbsp; Horn\u00ed Plan\u00e1<br>8:21&nbsp; Pihlov<br>8:23&nbsp; Pernek<br>8:26&nbsp; \u017delnava<br>8:28&nbsp; B\u011bl\u00e1<br>8:30&nbsp; Nov\u00e1 Pec<br>8:38&nbsp; Bli\u017e\u0161\u00ed Lhota<br>8:42&nbsp; P\u0159edn\u00ed Zvonkov\u00e1<br>8:46&nbsp; CZ \/ A<br>8:49&nbsp; Sch\u00f6neben<br>8:51&nbsp; Lichtenberg<br>8:52&nbsp; Hintenberg<br>9:02&nbsp; Aigen-Schl\u00e4gl<br>9:06&nbsp; Unterneudorf<br>9:08&nbsp; Minihof<br>9:11&nbsp; Schwackerreith<br>9:13&nbsp; Damreith<br>9:15&nbsp; Haslach an der M\u00fchl<br>9:24&nbsp; St. Stefan am Walde<br>9:27&nbsp; Oberafiesl<br>9:29&nbsp; Unterafiesl<br>9:34&nbsp; A \/ CZ<br>9:40&nbsp; P\u0159edn\u00ed V\u00fdto\u0148, Parkplatz &#8211; 20 Minuten<br>10:10&nbsp; Lou\u010dovice, Gemeindeamt &#8211; TEST<br>10:16&nbsp; Vy\u0161\u0161\u00ed Brod<br>10:28&nbsp; Rybn\u00edk<br>10:31&nbsp; Doln\u00ed Dvo\u0159i\u0161t\u011b<br>10:34&nbsp; Rychnov nad Mal\u0161\u00ed<br>10:39&nbsp; Bukovsko<br>10:44&nbsp; Malonty<br>10:47&nbsp; Mezi\u0159\u00ed\u010d\u00ed<br>10:50&nbsp; Desky<br>10:58&nbsp; Bene\u0161ov nad \u010cernou, Hauptplatz &#8211; TEST<br>11:08&nbsp; \u010cern\u00e9 \u00dadol\u00ed<br>11:14&nbsp; Star\u00e9 Hut\u011b<br>11:16&nbsp; Hojn\u00e1 Voda<br>11:18&nbsp; Dobr\u00e1 Voda<br>11:23&nbsp; Horn\u00ed Stropnice<br>11:25&nbsp; Dlouh\u00e1 Stropnice<br>11:30&nbsp; \u0160ejby<br>11:33&nbsp; CZ \/ A<br>11:35&nbsp; Harbach<br>11:38&nbsp; Wultschau<br>11:45&nbsp; Weitra, Rathausplatz &#8211; 45 Minuten<br>12:34&nbsp; Altweitra<br>12:44&nbsp; Gm\u00fcnd<br>12:47&nbsp; A \/ CZ<br>12:48&nbsp; \u010cesk\u00e9 Velenice<br>12:58&nbsp; Vy\u0161n\u00e9<br>13:01&nbsp; Nakolice<br>13:06&nbsp; Nov\u00e9 Hrady, Hauptplatz &#8211; TEST<br>13:11&nbsp; CZ \/ A<br>13:12&nbsp; Pyhrabruck<br>13:15&nbsp; Heinrichs bei Weitra<br>13:24&nbsp; Harbach<br>13:31&nbsp; Ro\u00dfbruck<br>13:35&nbsp; Steinbach<br>13:37&nbsp; Bad Gro\u00dfpertholz<br>13:41&nbsp; Brennerhof<br>13:46&nbsp; Karlstift<br>13:51&nbsp; A \/ CZ<br>13:55&nbsp; Poho\u0159\u00ed na \u0160umav\u011b, Kloster &#8211; 15 Minuten<br>14:20&nbsp; Leopoldov<br>14:24&nbsp; Pohorsk\u00e1 Ves<br>14:34&nbsp; Bene\u0161ov nad \u010cernou, Hauptplatz &#8211; TEST<br>14:44&nbsp; Hradi\u0161t\u011b<br>14:47&nbsp; Blansko<br>14:50&nbsp; GRAND PRIX Kaplice<br>15:01&nbsp; Omleni\u010dka<br>15:10&nbsp; Silni\u010dn\u00ed Domky<br>15:12&nbsp; Zaho\u0159\u00e1nky<br>15:17&nbsp; P\u0159\u00eddol\u00ed, Dorfplatz &#8211; TEST<br>15:21&nbsp; Pr\u00e1\u010dov<br>15:26&nbsp; Z\u00e1to\u0148 <br>15:40&nbsp; Mal\u0161\u00edn<br>15:52&nbsp; Frymburk<br>15:56&nbsp; Miln\u00e1<br>16:03&nbsp; \u010cern\u00e1 v Po\u0161umav\u00ed<br>16:06&nbsp; Bli\u017en\u00e1<br>16:10&nbsp; Doln\u00ed Vltavice, Hotel Resort Relax &#8211; ZIEL<\/p>\n\n\n\n<p><\/p>","protected":false},"excerpt":{"rendered":"<p>I. Etappe &#8211; B\u00f6hmerwaldkuss (172 km) Freitag 10. September 2021 16:30&nbsp; \u010cesk\u00e9 Bud\u011bjovice, Hauptplatz &#8211; START16:38&nbsp; Plan\u00e116:41&nbsp; Flughafen \u010cesk\u00e9 Bud\u011bjovice &#8211; TEST16:48&nbsp; Homole16:50&nbsp; Nov\u00e9 Homole16:52&nbsp; Dv\u016fr Koroseky16:54&nbsp; Z\u00e1vraty16:57&nbsp; Lip\u00ed17:00&nbsp; Hab\u0159\u00ed17:02&nbsp; Kv\u00edtkovice17:04&nbsp; \u010cakovec17:06&nbsp; Jankov17:09&nbsp; Hola\u0161ovice17:14&nbsp; Z\u00e1bo\u0159\u00ed17:20&nbsp; Horn\u00ed Chr\u00e1\u0161\u0165any17:22&nbsp; Doln\u00ed Chr\u00e1\u0161\u0165any17:25&nbsp; Lu\u017eice17:29&nbsp; Netolice17:38&nbsp; Truskovice17:42&nbsp; Chel\u010dice, Gedenkst\u00e4tte &#8211; TEST17:50&nbsp; Vod\u0148any, Hauptplatz &#8211; 15 Minuten18:09&nbsp; Sto\u017eice18:10&nbsp; K\u0159epice18:12&nbsp; Lib\u011bjovick\u00e9 Svobodn\u00e9 [&hellip;]<\/p>\n","protected":false},"author":2,"featured_media":0,"parent":0,"menu_order":0,"comment_status":"closed","ping_status":"closed","template":"","meta":{"_acf_changed":false,"ngg_post_thumbnail":0,"footnotes":""},"class_list":["post-10732","page","type-page","status-publish","hentry"],"acf":[],"yoast_head":"<!-- This site is optimized with the Yoast SEO plugin v27.3 - https:\/\/yoast.com\/product\/yoast-seo-wordpress\/ -->\n<title>Rallye-Route 2021 - South Bohemia Classic<\/title>\n<meta name=\"robots\" content=\"index, follow, max-snippet:-1, max-image-preview:large, max-video-preview:-1\" \/>\n<link rel=\"canonical\" href=\"https:\/\/southbohemiaclassic.cz\/trasa-2021\/\" \/>\n<meta property=\"og:locale\" content=\"de_DE\" \/>\n<meta property=\"og:type\" content=\"article\" \/>\n<meta property=\"og:title\" content=\"[:cs]Trasa sout\u011b\u017ee 2021[:de]Rallye-Route 2021[:en]Route 2021[:] - South Bohemia Classic\" \/>\n<meta property=\"og:description\" content=\"I. Etappe &#8211; B\u00f6hmerwaldkuss (172 km) Freitag 10. September 2021 16:30&nbsp; \u010cesk\u00e9 Bud\u011bjovice, Hauptplatz &#8211; START16:38&nbsp; Plan\u00e116:41&nbsp; Flughafen \u010cesk\u00e9 Bud\u011bjovice &#8211; TEST16:48&nbsp; Homole16:50&nbsp; Nov\u00e9 Homole16:52&nbsp; Dv\u016fr Koroseky16:54&nbsp; Z\u00e1vraty16:57&nbsp; Lip\u00ed17:00&nbsp; Hab\u0159\u00ed17:02&nbsp; Kv\u00edtkovice17:04&nbsp; \u010cakovec17:06&nbsp; Jankov17:09&nbsp; Hola\u0161ovice17:14&nbsp; Z\u00e1bo\u0159\u00ed17:20&nbsp; Horn\u00ed Chr\u00e1\u0161\u0165any17:22&nbsp; Doln\u00ed Chr\u00e1\u0161\u0165any17:25&nbsp; Lu\u017eice17:29&nbsp; Netolice17:38&nbsp; Truskovice17:42&nbsp; Chel\u010dice, Gedenkst\u00e4tte &#8211; TEST17:50&nbsp; Vod\u0148any, Hauptplatz &#8211; 15 Minuten18:09&nbsp; Sto\u017eice18:10&nbsp; K\u0159epice18:12&nbsp; Lib\u011bjovick\u00e9 Svobodn\u00e9 [&hellip;]\" \/>\n<meta property=\"og:url\" content=\"https:\/\/southbohemiaclassic.cz\/trasa-2021\/\" \/>\n<meta property=\"og:site_name\" content=\"South Bohemia Classic\" \/>\n<meta property=\"article:modified_time\" content=\"2024-08-26T10:19:20+00:00\" \/>\n<meta name=\"twitter:card\" content=\"summary_large_image\" \/>\n<meta name=\"twitter:label1\" content=\"Gesch\u00e4tzte Lesezeit\" \/>\n\t<meta name=\"twitter:data1\" content=\"7\u00a0Minuten\" \/>\n<script type=\"application\/ld+json\" class=\"yoast-schema-graph\">{\"@context\":\"https:\\\/\\\/schema.org\",\"@graph\":[{\"@type\":\"WebPage\",\"@id\":\"https:\\\/\\\/southbohemiaclassic.cz\\\/trasa-2021\\\/\",\"url\":\"https:\\\/\\\/southbohemiaclassic.cz\\\/trasa-2021\\\/\",\"name\":\"[:cs]Trasa sout\u011b\u017ee 2021[:de]Rallye-Route 2021[:en]Route 2021[:] - South Bohemia Classic\",\"isPartOf\":{\"@id\":\"https:\\\/\\\/southbohemiaclassic.cz\\\/#website\"},\"datePublished\":\"2021-08-28T19:53:30+00:00\",\"dateModified\":\"2024-08-26T10:19:20+00:00\",\"breadcrumb\":{\"@id\":\"https:\\\/\\\/southbohemiaclassic.cz\\\/trasa-2021\\\/#breadcrumb\"},\"inLanguage\":\"de\",\"potentialAction\":[{\"@type\":\"ReadAction\",\"target\":[\"https:\\\/\\\/southbohemiaclassic.cz\\\/trasa-2021\\\/\"]}]},{\"@type\":\"BreadcrumbList\",\"@id\":\"https:\\\/\\\/southbohemiaclassic.cz\\\/trasa-2021\\\/#breadcrumb\",\"itemListElement\":[{\"@type\":\"ListItem\",\"position\":1,\"name\":\"Dom\u016f\",\"item\":\"https:\\\/\\\/southbohemiaclassic.cz\\\/\"},{\"@type\":\"ListItem\",\"position\":2,\"name\":\"Trasa sout\u011b\u017ee 2021\"}]},{\"@type\":\"WebSite\",\"@id\":\"https:\\\/\\\/southbohemiaclassic.cz\\\/#website\",\"url\":\"https:\\\/\\\/southbohemiaclassic.cz\\\/\",\"name\":\"South Bohemia Classic\",\"description\":\"South Bohemia Classic\",\"potentialAction\":[{\"@type\":\"SearchAction\",\"target\":{\"@type\":\"EntryPoint\",\"urlTemplate\":\"https:\\\/\\\/southbohemiaclassic.cz\\\/?s={search_term_string}\"},\"query-input\":{\"@type\":\"PropertyValueSpecification\",\"valueRequired\":true,\"valueName\":\"search_term_string\"}}],\"inLanguage\":\"de\"}]}<\/script>\n<!-- \/ Yoast SEO plugin. -->","yoast_head_json":{"title":"[:cs]Trasa sout\u011b\u017ee 2021[:de]Rallye-Route 2021[:en]Route 2021[:] - South Bohemia Classic","robots":{"index":"index","follow":"follow","max-snippet":"max-snippet:-1","max-image-preview":"max-image-preview:large","max-video-preview":"max-video-preview:-1"},"canonical":"https:\/\/southbohemiaclassic.cz\/trasa-2021\/","og_locale":"de_DE","og_type":"article","og_title":"[:cs]Trasa sout\u011b\u017ee 2021[:de]Rallye-Route 2021[:en]Route 2021[:] - South Bohemia Classic","og_description":"I. Etappe &#8211; B\u00f6hmerwaldkuss (172 km) Freitag 10. September 2021 16:30&nbsp; \u010cesk\u00e9 Bud\u011bjovice, Hauptplatz &#8211; START16:38&nbsp; Plan\u00e116:41&nbsp; Flughafen \u010cesk\u00e9 Bud\u011bjovice &#8211; TEST16:48&nbsp; Homole16:50&nbsp; Nov\u00e9 Homole16:52&nbsp; Dv\u016fr Koroseky16:54&nbsp; Z\u00e1vraty16:57&nbsp; Lip\u00ed17:00&nbsp; Hab\u0159\u00ed17:02&nbsp; Kv\u00edtkovice17:04&nbsp; \u010cakovec17:06&nbsp; Jankov17:09&nbsp; Hola\u0161ovice17:14&nbsp; Z\u00e1bo\u0159\u00ed17:20&nbsp; Horn\u00ed Chr\u00e1\u0161\u0165any17:22&nbsp; Doln\u00ed Chr\u00e1\u0161\u0165any17:25&nbsp; Lu\u017eice17:29&nbsp; Netolice17:38&nbsp; Truskovice17:42&nbsp; Chel\u010dice, Gedenkst\u00e4tte &#8211; TEST17:50&nbsp; Vod\u0148any, Hauptplatz &#8211; 15 Minuten18:09&nbsp; Sto\u017eice18:10&nbsp; K\u0159epice18:12&nbsp; Lib\u011bjovick\u00e9 Svobodn\u00e9 [&hellip;]","og_url":"https:\/\/southbohemiaclassic.cz\/trasa-2021\/","og_site_name":"South Bohemia Classic","article_modified_time":"2024-08-26T10:19:20+00:00","twitter_card":"summary_large_image","twitter_misc":{"Gesch\u00e4tzte Lesezeit":"7\u00a0Minuten"},"schema":{"@context":"https:\/\/schema.org","@graph":[{"@type":"WebPage","@id":"https:\/\/southbohemiaclassic.cz\/trasa-2021\/","url":"https:\/\/southbohemiaclassic.cz\/trasa-2021\/","name":"[:cs]Trasa sout\u011b\u017ee 2021[:de]Rallye-Route 2021[:en]Route 2021[:] - South Bohemia Classic","isPartOf":{"@id":"https:\/\/southbohemiaclassic.cz\/#website"},"datePublished":"2021-08-28T19:53:30+00:00","dateModified":"2024-08-26T10:19:20+00:00","breadcrumb":{"@id":"https:\/\/southbohemiaclassic.cz\/trasa-2021\/#breadcrumb"},"inLanguage":"de","potentialAction":[{"@type":"ReadAction","target":["https:\/\/southbohemiaclassic.cz\/trasa-2021\/"]}]},{"@type":"BreadcrumbList","@id":"https:\/\/southbohemiaclassic.cz\/trasa-2021\/#breadcrumb","itemListElement":[{"@type":"ListItem","position":1,"name":"Dom\u016f","item":"https:\/\/southbohemiaclassic.cz\/"},{"@type":"ListItem","position":2,"name":"Trasa sout\u011b\u017ee 2021"}]},{"@type":"WebSite","@id":"https:\/\/southbohemiaclassic.cz\/#website","url":"https:\/\/southbohemiaclassic.cz\/","name":"South Bohemia Classic","description":"South Bohemia Classic","potentialAction":[{"@type":"SearchAction","target":{"@type":"EntryPoint","urlTemplate":"https:\/\/southbohemiaclassic.cz\/?s={search_term_string}"},"query-input":{"@type":"PropertyValueSpecification","valueRequired":true,"valueName":"search_term_string"}}],"inLanguage":"de"}]}},"_links":{"self":[{"href":"https:\/\/southbohemiaclassic.cz\/de\/wp-json\/wp\/v2\/pages\/10732","targetHints":{"allow":["GET"]}}],"collection":[{"href":"https:\/\/southbohemiaclassic.cz\/de\/wp-json\/wp\/v2\/pages"}],"about":[{"href":"https:\/\/southbohemiaclassic.cz\/de\/wp-json\/wp\/v2\/types\/page"}],"author":[{"embeddable":true,"href":"https:\/\/southbohemiaclassic.cz\/de\/wp-json\/wp\/v2\/users\/2"}],"replies":[{"embeddable":true,"href":"https:\/\/southbohemiaclassic.cz\/de\/wp-json\/wp\/v2\/comments?post=10732"}],"version-history":[{"count":17,"href":"https:\/\/southbohemiaclassic.cz\/de\/wp-json\/wp\/v2\/pages\/10732\/revisions"}],"predecessor-version":[{"id":14018,"href":"https:\/\/southbohemiaclassic.cz\/de\/wp-json\/wp\/v2\/pages\/10732\/revisions\/14018"}],"wp:attachment":[{"href":"https:\/\/southbohemiaclassic.cz\/de\/wp-json\/wp\/v2\/media?parent=10732"}],"curies":[{"name":"wp","href":"https:\/\/api.w.org\/{rel}","templated":true}]}}