{"id":1073,"date":"2017-08-23T18:02:14","date_gmt":"2017-08-23T17:02:14","guid":{"rendered":"http:\/\/southbohemiaclassic.cz\/?page_id=1073"},"modified":"2018-06-25T18:01:23","modified_gmt":"2018-06-25T17:01:23","slug":"trasa-2017","status":"publish","type":"page","link":"https:\/\/southbohemiaclassic.cz\/de\/trasa-2017\/","title":{"rendered":"Rallye-Route 2017"},"content":{"rendered":"<p><\/p>\n<h3><strong>I. Etappe &#8211; Unter dem Deckmantel der Dunkelheit (117 km)<\/strong><\/h3>\n<p><strong>Freitag 8. September 2017<\/strong><\/p>\n<table width=\"390\" cellspacing=\"10\">\n<tbody>\n<tr>\n<td width=\"320\">\u010cesk\u00e9 Bud\u011bjovice, Hauptplatz &#8211; START<\/td>\n<td width=\"68\">17:30<\/td>\n<\/tr>\n<tr>\n<td>\u00daAMK, cvi\u010di\u0161t\u011b, K. Sv\u011btl\u00e9 Stra\u00dfe&nbsp;&#8211; TEST<\/td>\n<td>17:38<\/td>\n<\/tr>\n<tr>\n<td>Borek<\/td>\n<td>17:44<\/td>\n<\/tr>\n<tr>\n<td>Hrd\u011bjovice<\/td>\n<td>17:46<\/td>\n<\/tr>\n<tr>\n<td>Hlubok\u00e1 nad Vltavou<\/td>\n<td>17:52<\/td>\n<\/tr>\n<tr>\n<td>\u010cejkovice<\/td>\n<td>18:02<\/td>\n<\/tr>\n<tr>\n<td>Haklovy Dvory<\/td>\n<td>18:08<\/td>\n<\/tr>\n<tr>\n<td>Zavadilka<\/td>\n<td>18:09<\/td>\n<\/tr>\n<tr>\n<td>\u010cesk\u00e9 Bud\u011bjovice, Hauptplatz&nbsp;&#8211; TEST<\/td>\n<td>18:20<\/td>\n<\/tr>\n<tr>\n<td>\u010cesk\u00e9 Bud\u011bjovice, Mercury centrum &#8211; TEST<\/td>\n<td>18:28<\/td>\n<\/tr>\n<tr>\n<td>Nov\u00e9 Hod\u011bjovice<\/td>\n<td>18:34<\/td>\n<\/tr>\n<tr>\n<td>Roudn\u00e9<\/td>\n<td>18:37<\/td>\n<\/tr>\n<tr>\n<td>Plav<\/td>\n<td>18:42<\/td>\n<\/tr>\n<tr>\n<td>Doudleby<\/td>\n<td>18:45<\/td>\n<\/tr>\n<tr>\n<td>Hamr<\/td>\n<td>18:48<\/td>\n<\/tr>\n<tr>\n<td>Brani\u0161ovice<\/td>\n<td>18:52<\/td>\n<\/tr>\n<tr>\n<td>Mokr\u00fd Lom<\/td>\n<td>18:54<\/td>\n<\/tr>\n<tr>\n<td>Lo\u010denice<\/td>\n<td>18:57<\/td>\n<\/tr>\n<tr>\n<td>Svat\u00fd Jan nad Mal\u0161\u00ed, Dorfplatz &#8211; COFFEE BREAK<\/td>\n<td>19:00<\/td>\n<\/tr>\n<tr>\n<td>Vele\u0161\u00edn<\/td>\n<td>19:26<\/td>\n<\/tr>\n<tr>\n<td>Vele\u0161\u00edn &#8211; n\u00e1dra\u017e\u00ed<\/td>\n<td>19:29<\/td>\n<\/tr>\n<tr>\n<td>Markvartice<\/td>\n<td>19:31<\/td>\n<\/tr>\n<tr>\n<td>Chabi\u010dovice<\/td>\n<td>19:36<\/td>\n<\/tr>\n<tr>\n<td>\u010cesk\u00fd Krumlov, Pivovarsk\u00e1 Stra\u00dfe<\/td>\n<td>19:42<\/td>\n<\/tr>\n<tr>\n<td>\u010cesk\u00fd Krumlov, Hauptplatz&nbsp;&#8211; INTERVIEW<\/td>\n<td>19:50<\/td>\n<\/tr>\n<tr>\n<td>K\u0159enov<\/td>\n<td>20:16<\/td>\n<\/tr>\n<tr>\n<td>Chval\u0161iny, Dorfplatz &#8211; TEST<\/td>\n<td>20:20<\/td>\n<\/tr>\n<tr>\n<td>Boletice<\/td>\n<td>20:26<\/td>\n<\/tr>\n<tr>\n<td>Poln\u00e1 na \u0160umav\u011b<\/td>\n<td>20:35<\/td>\n<\/tr>\n<tr>\n<td>Kv\u011btu\u0161\u00edn<\/td>\n<td>20:40<\/td>\n<\/tr>\n<tr>\n<td>Mokr\u00e1<\/td>\n<td>20:45<\/td>\n<\/tr>\n<tr>\n<td>\u010cern\u00e1 v Po\u0161umav\u00ed<\/td>\n<td>20:50<\/td>\n<\/tr>\n<tr>\n<td>Bli\u017en\u00e1<\/td>\n<td>20:55<\/td>\n<\/tr>\n<tr>\n<td>Doln\u00ed Vltavice, Hotel RELAX &#8211; ZIEL<\/td>\n<td>21:00<\/td>\n<\/tr>\n<\/tbody>\n<\/table>\n<p>&nbsp;<\/p>\n<h3><strong>II. Etappe &#8211; Lauter Wasser (301 km)<\/strong><\/h3>\n<p><strong>Samstag 9. September 2017<\/strong><\/p>\n<table width=\"390\" cellspacing=\"10\">\n<tbody>\n<tr>\n<td width=\"320\">Doln\u00ed Vltavice, Hotel RELAX &#8211; START &amp; TEST<\/td>\n<td width=\"68\">8:30<\/td>\n<\/tr>\n<tr>\n<td>Bli\u017en\u00e1<\/td>\n<td>8:35<\/td>\n<\/tr>\n<tr>\n<td>\u010cern\u00e1 v Po\u0161umav\u00ed, Bushaltestelle &#8211; TEST<\/td>\n<td>8:40<\/td>\n<\/tr>\n<tr>\n<td>Miln\u00e1<\/td>\n<td>8:48<\/td>\n<\/tr>\n<tr>\n<td>Frymburk<\/td>\n<td>8:53<\/td>\n<\/tr>\n<tr>\n<td>Lipno nad Vltavou, marina &#8211; TEST<\/td>\n<td>9:00<\/td>\n<\/tr>\n<tr>\n<td>Lou\u010dovice<\/td>\n<td>9:07<\/td>\n<\/tr>\n<tr>\n<td>Vy\u0161\u0161\u00ed Brod<\/td>\n<td>9:11<\/td>\n<\/tr>\n<tr>\n<td>Rybn\u00edk<\/td>\n<td>9:24<\/td>\n<\/tr>\n<tr>\n<td>Doln\u00ed Dvo\u0159i\u0161t\u011b<\/td>\n<td>9:27<\/td>\n<\/tr>\n<tr>\n<td>Rychnov nad Mal\u0161\u00ed<\/td>\n<td>9:31<\/td>\n<\/tr>\n<tr>\n<td>Bukovsko<\/td>\n<td>9:36<\/td>\n<\/tr>\n<tr>\n<td>Malonty<\/td>\n<td>9:41<\/td>\n<\/tr>\n<tr>\n<td>Pohorsk\u00e1 Ves<\/td>\n<td>9:51<\/td>\n<\/tr>\n<tr>\n<td>Leopoldov<\/td>\n<td>9:56<\/td>\n<\/tr>\n<tr>\n<td>Baron\u016fv most &#8211; COFFEE BREAK<\/td>\n<td>10:00<\/td>\n<\/tr>\n<tr>\n<td>Poho\u0159\u00ed na \u0160umav\u011b<\/td>\n<td>10:20<\/td>\n<\/tr>\n<tr>\n<td>CZ\/A<\/td>\n<td>10:23<\/td>\n<\/tr>\n<tr>\n<td>Karlstift<\/td>\n<td>10:28<\/td>\n<\/tr>\n<tr>\n<td>Brennerhof<\/td>\n<td>10:32<\/td>\n<\/tr>\n<tr>\n<td>Bad Gro\u00dfpertholz<\/td>\n<td>10:37<\/td>\n<\/tr>\n<tr>\n<td>Steinbach<\/td>\n<td>10:39<\/td>\n<\/tr>\n<tr>\n<td>Weitra<\/td>\n<td>10:51<\/td>\n<\/tr>\n<tr>\n<td>Schagges<\/td>\n<td>10:58<\/td>\n<\/tr>\n<tr>\n<td>Heinrichs bei Weitra<\/td>\n<td>11:01<\/td>\n<\/tr>\n<tr>\n<td>Pyhrabruck<\/td>\n<td>11:05<\/td>\n<\/tr>\n<tr>\n<td>A\/CZ<\/td>\n<td>11:06<\/td>\n<\/tr>\n<tr>\n<td>Nov\u00e9 Hrady, Hauptplatz&nbsp;&#8211; TEST<\/td>\n<td>11:11<\/td>\n<\/tr>\n<tr>\n<td>By\u0148ov<\/td>\n<td>11:16<\/td>\n<\/tr>\n<tr>\n<td>Jakule<\/td>\n<td>11:18<\/td>\n<\/tr>\n<tr>\n<td>\u0160almanovice<\/td>\n<td>11:28<\/td>\n<\/tr>\n<tr>\n<td>Lipnice<\/td>\n<td>11:31<\/td>\n<\/tr>\n<tr>\n<td>Hrachovi\u0161t\u011b<\/td>\n<td>11:33<\/td>\n<\/tr>\n<tr>\n<td>Brann\u00e1<\/td>\n<td>11:36<\/td>\n<\/tr>\n<tr>\n<td>T\u0159ebo\u0148, n\u00e1m\u011bst\u00ed &#8211; MITTAGESSEN<\/td>\n<td>11:45<\/td>\n<\/tr>\n<tr>\n<td>Star\u00e1 Hl\u00edna<\/td>\n<td>12:38<\/td>\n<\/tr>\n<tr>\n<td>St\u0159\u00edb\u0159ec<\/td>\n<td>12:45<\/td>\n<\/tr>\n<tr>\n<td>Lutov\u00e1 &#8211; TEST<\/td>\n<td>12:53<\/td>\n<\/tr>\n<tr>\n<td>\u017d\u00edte\u010d<\/td>\n<td>12:56<\/td>\n<\/tr>\n<tr>\n<td>Sta\u0148kov<\/td>\n<td>13:05<\/td>\n<\/tr>\n<tr>\n<td>Chlum u T\u0159ebon\u011b<\/td>\n<td>13:09<\/td>\n<\/tr>\n<tr>\n<td>Lutov\u00e1<\/td>\n<td>13:17<\/td>\n<\/tr>\n<tr>\n<td>Kosky<\/td>\n<td>13:24<\/td>\n<\/tr>\n<tr>\n<td>Majdalena<\/td>\n<td>13:26<\/td>\n<\/tr>\n<tr>\n<td>Cep<\/td>\n<td>13:30<\/td>\n<\/tr>\n<tr>\n<td>Hrachovi\u0161t\u011b<\/td>\n<td>13:35<\/td>\n<\/tr>\n<tr>\n<td>Lipnice<\/td>\n<td>13:37<\/td>\n<\/tr>\n<tr>\n<td>\u0160almanovice<\/td>\n<td>13:40<\/td>\n<\/tr>\n<tr>\n<td>Nepomuk<\/td>\n<td>13:41<\/td>\n<\/tr>\n<tr>\n<td>J\u00edlovice<\/td>\n<td>13:43<\/td>\n<\/tr>\n<tr>\n<td>Veteran muzeum J\u00edlovice &#8211; BESICHTIGUNG<\/td>\n<td>13:45<\/td>\n<\/tr>\n<tr>\n<td>Lhotka<\/td>\n<td>13:58<\/td>\n<\/tr>\n<tr>\n<td>Ole\u0161nice<\/td>\n<td>14:00<\/td>\n<\/tr>\n<tr>\n<td>Bukvice<\/td>\n<td>14:03<\/td>\n<\/tr>\n<tr>\n<td>Trhov\u00e9 Sviny, Hauptplatz &#8211; TEST<\/td>\n<td>14:06<\/td>\n<\/tr>\n<tr>\n<td>Besednice<\/td>\n<td>14:18<\/td>\n<\/tr>\n<tr>\n<td>Sob\u011bnov<\/td>\n<td>14:23<\/td>\n<\/tr>\n<tr>\n<td>Smrhov<\/td>\n<td>14:27<\/td>\n<\/tr>\n<tr>\n<td>Po\u0159e\u0161\u00edn<\/td>\n<td>14:32<\/td>\n<\/tr>\n<tr>\n<td>Po\u0159e\u0161\u00ednec<\/td>\n<td>14:34<\/td>\n<\/tr>\n<tr>\n<td>\u017d\u010f\u00e1r<\/td>\n<td>14:35<\/td>\n<\/tr>\n<tr>\n<td>Kaplice, Hauptplatz&nbsp;&#8211; COFFEE BREAK<\/td>\n<td>14:40<\/td>\n<\/tr>\n<tr>\n<td>Omleni\u010dka<\/td>\n<td>14:56<\/td>\n<\/tr>\n<tr>\n<td>Silni\u010dn\u00ed Domky<\/td>\n<td>15:05<\/td>\n<\/tr>\n<tr>\n<td>Zaho\u0159\u00e1nky<\/td>\n<td>15:07<\/td>\n<\/tr>\n<tr>\n<td>P\u0159\u00eddol\u00ed, Dorfplatz &#8211; TEST<\/td>\n<td>15:12<\/td>\n<\/tr>\n<tr>\n<td>Pr\u00e1\u010dov<\/td>\n<td>15:16<\/td>\n<\/tr>\n<tr>\n<td>Lov\u011b\u0161ice &#8211; TEST<\/td>\n<td>15:18<\/td>\n<\/tr>\n<tr>\n<td>Naho\u0159any<\/td>\n<td>15:22<\/td>\n<\/tr>\n<tr>\n<td>V\u011btrn\u00e1<\/td>\n<td>15:30<\/td>\n<\/tr>\n<tr>\n<td>Mal\u0161\u00edn<\/td>\n<td>15:33<\/td>\n<\/tr>\n<tr>\n<td>Frymburk<\/td>\n<td>15:45<\/td>\n<\/tr>\n<tr>\n<td>Miln\u00e1<\/td>\n<td>15:51<\/td>\n<\/tr>\n<tr>\n<td>\u010cern\u00e1 v Po\u0161umav\u00ed<\/td>\n<td>16:02<\/td>\n<\/tr>\n<tr>\n<td>Bli\u017en\u00e1<\/td>\n<td>16:06<\/td>\n<\/tr>\n<tr>\n<td>Doln\u00ed Vltavice, Hotel RELAX &#8211; ZIEL<\/td>\n<td>16:10<\/td>\n<\/tr>\n<\/tbody>\n<\/table>\n<p>&nbsp;<\/p>\n<p><em>Gesch\u00e4tzte Zeit des Durchgang des ersten Fahrzeug.<\/em><\/p>\n<p>&nbsp;<\/p>\n<p><a href=\"http:\/\/southbohemiaclassic.cz\/wp-content\/uploads\/2017\/08\/sbc2017_mapa.jpg\"><img loading=\"lazy\" decoding=\"async\" class=\"alignnone size-large wp-image-1132\" src=\"http:\/\/southbohemiaclassic.cz\/wp-content\/uploads\/2017\/08\/sbc2017_mapa-1024x775.jpg\" alt=\"\" width=\"1024\" height=\"775\" srcset=\"https:\/\/southbohemiaclassic.cz\/wp-content\/uploads\/2017\/08\/sbc2017_mapa-1024x775.jpg 1024w, https:\/\/southbohemiaclassic.cz\/wp-content\/uploads\/2017\/08\/sbc2017_mapa-300x227.jpg 300w, https:\/\/southbohemiaclassic.cz\/wp-content\/uploads\/2017\/08\/sbc2017_mapa-768x581.jpg 768w, https:\/\/southbohemiaclassic.cz\/wp-content\/uploads\/2017\/08\/sbc2017_mapa.jpg 1840w\" sizes=\"auto, (max-width: 1024px) 100vw, 1024px\" \/><\/a><\/p>","protected":false},"excerpt":{"rendered":"<p>I. Etappe &#8211; Unter dem Deckmantel der Dunkelheit (117 km) Freitag 8. September 2017 \u010cesk\u00e9 Bud\u011bjovice, Hauptplatz &#8211; START 17:30 \u00daAMK, cvi\u010di\u0161t\u011b, K. Sv\u011btl\u00e9 Stra\u00dfe&nbsp;&#8211; TEST 17:38 Borek 17:44 Hrd\u011bjovice 17:46 Hlubok\u00e1 nad Vltavou 17:52 \u010cejkovice 18:02 Haklovy Dvory 18:08 Zavadilka 18:09 \u010cesk\u00e9 Bud\u011bjovice, Hauptplatz&nbsp;&#8211; TEST 18:20 \u010cesk\u00e9 Bud\u011bjovice, Mercury centrum &#8211; TEST 18:28 Nov\u00e9 [&hellip;]<\/p>\n","protected":false},"author":2,"featured_media":0,"parent":0,"menu_order":0,"comment_status":"closed","ping_status":"closed","template":"","meta":{"_acf_changed":false,"ngg_post_thumbnail":0,"footnotes":""},"class_list":["post-1073","page","type-page","status-publish","hentry"],"acf":[],"yoast_head":"<!-- This site is optimized with the Yoast SEO plugin v27.3 - https:\/\/yoast.com\/product\/yoast-seo-wordpress\/ -->\n<title>Rallye-Route 2017 - South Bohemia Classic<\/title>\n<meta name=\"robots\" content=\"index, follow, max-snippet:-1, max-image-preview:large, max-video-preview:-1\" \/>\n<link rel=\"canonical\" href=\"https:\/\/southbohemiaclassic.cz\/trasa-2017\/\" \/>\n<meta property=\"og:locale\" content=\"de_DE\" \/>\n<meta property=\"og:type\" content=\"article\" \/>\n<meta property=\"og:title\" content=\"[:cs]Trasa sout\u011b\u017ee 2017[:de]Rallye-Route 2017[:en]Route 2017[:] - South Bohemia Classic\" \/>\n<meta property=\"og:description\" content=\"I. Etappe &#8211; Unter dem Deckmantel der Dunkelheit (117 km) Freitag 8. September 2017 \u010cesk\u00e9 Bud\u011bjovice, Hauptplatz &#8211; START 17:30 \u00daAMK, cvi\u010di\u0161t\u011b, K. Sv\u011btl\u00e9 Stra\u00dfe&nbsp;&#8211; TEST 17:38 Borek 17:44 Hrd\u011bjovice 17:46 Hlubok\u00e1 nad Vltavou 17:52 \u010cejkovice 18:02 Haklovy Dvory 18:08 Zavadilka 18:09 \u010cesk\u00e9 Bud\u011bjovice, Hauptplatz&nbsp;&#8211; TEST 18:20 \u010cesk\u00e9 Bud\u011bjovice, Mercury centrum &#8211; TEST 18:28 Nov\u00e9 [&hellip;]\" \/>\n<meta property=\"og:url\" content=\"https:\/\/southbohemiaclassic.cz\/trasa-2017\/\" \/>\n<meta property=\"og:site_name\" content=\"South Bohemia Classic\" \/>\n<meta property=\"article:modified_time\" content=\"2018-06-25T17:01:23+00:00\" \/>\n<meta property=\"og:image\" content=\"http:\/\/southbohemiaclassic.cz\/wp-content\/uploads\/2017\/08\/sbc2017_mapa-1024x775.jpg\" \/>\n<meta name=\"twitter:card\" content=\"summary_large_image\" \/>\n<meta name=\"twitter:label1\" content=\"Gesch\u00e4tzte Lesezeit\" \/>\n\t<meta name=\"twitter:data1\" content=\"5\u00a0Minuten\" \/>\n<script type=\"application\/ld+json\" class=\"yoast-schema-graph\">{\"@context\":\"https:\\\/\\\/schema.org\",\"@graph\":[{\"@type\":\"WebPage\",\"@id\":\"https:\\\/\\\/southbohemiaclassic.cz\\\/trasa-2017\\\/\",\"url\":\"https:\\\/\\\/southbohemiaclassic.cz\\\/trasa-2017\\\/\",\"name\":\"[:cs]Trasa sout\u011b\u017ee 2017[:de]Rallye-Route 2017[:en]Route 2017[:] - South Bohemia Classic\",\"isPartOf\":{\"@id\":\"https:\\\/\\\/southbohemiaclassic.cz\\\/#website\"},\"primaryImageOfPage\":{\"@id\":\"https:\\\/\\\/southbohemiaclassic.cz\\\/trasa-2017\\\/#primaryimage\"},\"image\":{\"@id\":\"https:\\\/\\\/southbohemiaclassic.cz\\\/trasa-2017\\\/#primaryimage\"},\"thumbnailUrl\":\"http:\\\/\\\/southbohemiaclassic.cz\\\/wp-content\\\/uploads\\\/2017\\\/08\\\/sbc2017_mapa-1024x775.jpg\",\"datePublished\":\"2017-08-23T17:02:14+00:00\",\"dateModified\":\"2018-06-25T17:01:23+00:00\",\"breadcrumb\":{\"@id\":\"https:\\\/\\\/southbohemiaclassic.cz\\\/trasa-2017\\\/#breadcrumb\"},\"inLanguage\":\"de\",\"potentialAction\":[{\"@type\":\"ReadAction\",\"target\":[\"https:\\\/\\\/southbohemiaclassic.cz\\\/trasa-2017\\\/\"]}]},{\"@type\":\"ImageObject\",\"inLanguage\":\"de\",\"@id\":\"https:\\\/\\\/southbohemiaclassic.cz\\\/trasa-2017\\\/#primaryimage\",\"url\":\"http:\\\/\\\/southbohemiaclassic.cz\\\/wp-content\\\/uploads\\\/2017\\\/08\\\/sbc2017_mapa-1024x775.jpg\",\"contentUrl\":\"http:\\\/\\\/southbohemiaclassic.cz\\\/wp-content\\\/uploads\\\/2017\\\/08\\\/sbc2017_mapa-1024x775.jpg\"},{\"@type\":\"BreadcrumbList\",\"@id\":\"https:\\\/\\\/southbohemiaclassic.cz\\\/trasa-2017\\\/#breadcrumb\",\"itemListElement\":[{\"@type\":\"ListItem\",\"position\":1,\"name\":\"Dom\u016f\",\"item\":\"https:\\\/\\\/southbohemiaclassic.cz\\\/\"},{\"@type\":\"ListItem\",\"position\":2,\"name\":\"Trasa sout\u011b\u017ee 2017\"}]},{\"@type\":\"WebSite\",\"@id\":\"https:\\\/\\\/southbohemiaclassic.cz\\\/#website\",\"url\":\"https:\\\/\\\/southbohemiaclassic.cz\\\/\",\"name\":\"South Bohemia Classic\",\"description\":\"South Bohemia Classic\",\"potentialAction\":[{\"@type\":\"SearchAction\",\"target\":{\"@type\":\"EntryPoint\",\"urlTemplate\":\"https:\\\/\\\/southbohemiaclassic.cz\\\/?s={search_term_string}\"},\"query-input\":{\"@type\":\"PropertyValueSpecification\",\"valueRequired\":true,\"valueName\":\"search_term_string\"}}],\"inLanguage\":\"de\"}]}<\/script>\n<!-- \/ Yoast SEO plugin. -->","yoast_head_json":{"title":"[:cs]Trasa sout\u011b\u017ee 2017[:de]Rallye-Route 2017[:en]Route 2017[:] - South Bohemia Classic","robots":{"index":"index","follow":"follow","max-snippet":"max-snippet:-1","max-image-preview":"max-image-preview:large","max-video-preview":"max-video-preview:-1"},"canonical":"https:\/\/southbohemiaclassic.cz\/trasa-2017\/","og_locale":"de_DE","og_type":"article","og_title":"[:cs]Trasa sout\u011b\u017ee 2017[:de]Rallye-Route 2017[:en]Route 2017[:] - South Bohemia Classic","og_description":"I. Etappe &#8211; Unter dem Deckmantel der Dunkelheit (117 km) Freitag 8. September 2017 \u010cesk\u00e9 Bud\u011bjovice, Hauptplatz &#8211; START 17:30 \u00daAMK, cvi\u010di\u0161t\u011b, K. Sv\u011btl\u00e9 Stra\u00dfe&nbsp;&#8211; TEST 17:38 Borek 17:44 Hrd\u011bjovice 17:46 Hlubok\u00e1 nad Vltavou 17:52 \u010cejkovice 18:02 Haklovy Dvory 18:08 Zavadilka 18:09 \u010cesk\u00e9 Bud\u011bjovice, Hauptplatz&nbsp;&#8211; TEST 18:20 \u010cesk\u00e9 Bud\u011bjovice, Mercury centrum &#8211; TEST 18:28 Nov\u00e9 [&hellip;]","og_url":"https:\/\/southbohemiaclassic.cz\/trasa-2017\/","og_site_name":"South Bohemia Classic","article_modified_time":"2018-06-25T17:01:23+00:00","og_image":[{"url":"http:\/\/southbohemiaclassic.cz\/wp-content\/uploads\/2017\/08\/sbc2017_mapa-1024x775.jpg","type":"","width":"","height":""}],"twitter_card":"summary_large_image","twitter_misc":{"Gesch\u00e4tzte Lesezeit":"5\u00a0Minuten"},"schema":{"@context":"https:\/\/schema.org","@graph":[{"@type":"WebPage","@id":"https:\/\/southbohemiaclassic.cz\/trasa-2017\/","url":"https:\/\/southbohemiaclassic.cz\/trasa-2017\/","name":"[:cs]Trasa sout\u011b\u017ee 2017[:de]Rallye-Route 2017[:en]Route 2017[:] - South Bohemia Classic","isPartOf":{"@id":"https:\/\/southbohemiaclassic.cz\/#website"},"primaryImageOfPage":{"@id":"https:\/\/southbohemiaclassic.cz\/trasa-2017\/#primaryimage"},"image":{"@id":"https:\/\/southbohemiaclassic.cz\/trasa-2017\/#primaryimage"},"thumbnailUrl":"http:\/\/southbohemiaclassic.cz\/wp-content\/uploads\/2017\/08\/sbc2017_mapa-1024x775.jpg","datePublished":"2017-08-23T17:02:14+00:00","dateModified":"2018-06-25T17:01:23+00:00","breadcrumb":{"@id":"https:\/\/southbohemiaclassic.cz\/trasa-2017\/#breadcrumb"},"inLanguage":"de","potentialAction":[{"@type":"ReadAction","target":["https:\/\/southbohemiaclassic.cz\/trasa-2017\/"]}]},{"@type":"ImageObject","inLanguage":"de","@id":"https:\/\/southbohemiaclassic.cz\/trasa-2017\/#primaryimage","url":"http:\/\/southbohemiaclassic.cz\/wp-content\/uploads\/2017\/08\/sbc2017_mapa-1024x775.jpg","contentUrl":"http:\/\/southbohemiaclassic.cz\/wp-content\/uploads\/2017\/08\/sbc2017_mapa-1024x775.jpg"},{"@type":"BreadcrumbList","@id":"https:\/\/southbohemiaclassic.cz\/trasa-2017\/#breadcrumb","itemListElement":[{"@type":"ListItem","position":1,"name":"Dom\u016f","item":"https:\/\/southbohemiaclassic.cz\/"},{"@type":"ListItem","position":2,"name":"Trasa sout\u011b\u017ee 2017"}]},{"@type":"WebSite","@id":"https:\/\/southbohemiaclassic.cz\/#website","url":"https:\/\/southbohemiaclassic.cz\/","name":"South Bohemia Classic","description":"South Bohemia Classic","potentialAction":[{"@type":"SearchAction","target":{"@type":"EntryPoint","urlTemplate":"https:\/\/southbohemiaclassic.cz\/?s={search_term_string}"},"query-input":{"@type":"PropertyValueSpecification","valueRequired":true,"valueName":"search_term_string"}}],"inLanguage":"de"}]}},"_links":{"self":[{"href":"https:\/\/southbohemiaclassic.cz\/de\/wp-json\/wp\/v2\/pages\/1073","targetHints":{"allow":["GET"]}}],"collection":[{"href":"https:\/\/southbohemiaclassic.cz\/de\/wp-json\/wp\/v2\/pages"}],"about":[{"href":"https:\/\/southbohemiaclassic.cz\/de\/wp-json\/wp\/v2\/types\/page"}],"author":[{"embeddable":true,"href":"https:\/\/southbohemiaclassic.cz\/de\/wp-json\/wp\/v2\/users\/2"}],"replies":[{"embeddable":true,"href":"https:\/\/southbohemiaclassic.cz\/de\/wp-json\/wp\/v2\/comments?post=1073"}],"version-history":[{"count":25,"href":"https:\/\/southbohemiaclassic.cz\/de\/wp-json\/wp\/v2\/pages\/1073\/revisions"}],"predecessor-version":[{"id":3270,"href":"https:\/\/southbohemiaclassic.cz\/de\/wp-json\/wp\/v2\/pages\/1073\/revisions\/3270"}],"wp:attachment":[{"href":"https:\/\/southbohemiaclassic.cz\/de\/wp-json\/wp\/v2\/media?parent=1073"}],"curies":[{"name":"wp","href":"https:\/\/api.w.org\/{rel}","templated":true}]}}