{"id":10428,"date":"2020-11-03T00:14:38","date_gmt":"2020-11-02T23:14:38","guid":{"rendered":"https:\/\/southbohemiaclassic.cz\/?page_id=10428"},"modified":"2021-11-30T22:38:20","modified_gmt":"2021-11-30T21:38:20","slug":"program-2021","status":"publish","type":"page","link":"https:\/\/southbohemiaclassic.cz\/de\/program-2021\/","title":{"rendered":"Programm 2021"},"content":{"rendered":"<p><\/p>\n<h3>Dienstag 10. August 2021<\/h3>\n<p><strong>24:00<\/strong><br \/>\nNennungsschluss<\/p>\n<hr>\n<h3>Freitag 10. September 2021<\/h3>\n<p><strong>8:30 &#8211; 12:00<\/strong><br \/>\nTrainingscamp<br \/>\nDoln\u00ed Vltavice, Hotel Resort Relax<br \/>\nPr\u00e4senz: 8:00 &#8211; 8:30<\/p>\n<p><strong>13:00 &#8211; 15:30<\/strong><br \/>\nTeilnehmerankunft, Administrative Abnahme<br \/>\n\u010cesk\u00e9 Bud\u011bjovice, n\u00e1m\u011bst\u00ed P\u0159emysla Otakara II. (Hauptplatz), Grandhotel Zvon<\/p>\n<p><strong>16:00<\/strong><br \/>\nTeilnehmerbriefing<br \/>\nn\u00e1m\u011bst\u00ed P\u0159emysla Otakara II. (Hauptplatz)<\/p>\n<p><strong>16:30<\/strong><br \/>\nStart 1. Etappe (172 km)<br \/>\n\u010cesk\u00e9 Bud\u011bjovice, n\u00e1m\u011bst\u00ed P\u0159emysla Otakara II. (Hauptplatz)<\/p>\n<p><strong>17:50<\/strong><br \/>\nCoffee break<br \/>\nVod\u0148any, Hauptplatz<\/p>\n<p><strong>18:50<\/strong><br \/>\nPit stop<br \/>\nPrachatice, Hauptplatz<\/p>\n<p><strong>20:00<\/strong><br \/>\nNachtdurchfart \u010cesk\u00fd Krumlov &amp; Ziel 1. Etappe<br \/>\n\u010cesk\u00fd Krumlov, Hauptplatz<\/p>\n<p><strong>20:40 &#8211; 23:30<\/strong><br \/>\nDurchfahrtskontrolle (PC 1)<br \/>\nK\u00e1jov, Konibar-Bierstube<\/p>\n<p><strong>21:00 &#8211; 24:00<\/strong><br \/>\nDurchfahrtskontrolle (PC 2) &amp; Driver&#8217;s drink<br \/>\nDoln\u00ed Vltavice, Hotel Resort Relax<\/p>\n<hr>\n<h3>Samstag 11. September 2021<\/h3>\n<p><strong>8:00<\/strong><br \/>\nStart II. Etappe (325 km)<br \/>\nDoln\u00ed Vltavice, Hotel Resort Relax<\/p>\n<p><strong>9:40<\/strong><br \/>\nCoffee break<br \/>\nP\u0159edn\u00ed V\u00fdto\u0148, Penzion V\u00fdto\u0148<\/p>\n<p><strong>11:45<\/strong><br \/>\nMittagspauze &amp; Mittagessen<br \/>\nWeitra, Brauhotel<\/p>\n<p><strong>13:00<\/strong><br \/>\nGRAND PRIX Kaplice<br \/>\nKaplice, Zentrum<\/p>\n<p><strong>13:55<\/strong><br \/>\nCoffee break<br \/>\nPoho\u0159\u00ed na \u0160umav\u011b, Kloster<\/p>\n<p><strong>16:10<\/strong><br \/>\nZiel<br \/>\nDoln\u00ed Vltavice, Hotel Resort Relax<\/p>\n<p><strong>19:30<\/strong><br \/>\nSiegerehrung &amp; South Bohemia Classic Party<br \/>\n<em>(dress code: Tenue de Ville)<\/em><br \/>\nDoln\u00ed Vltavice, Hotel Resort Relax<\/p>\n<hr>\n<h3>Sonntag 12. September 2021<\/h3>\n<p><strong>11:00<\/strong><br \/>\nBenefiz-Dampfschifffahrt<br \/>\nDoln\u00ed Vltavice Hafenbecken<\/p>\n<hr>\n<p><em>Organisator ist berechtigt zu Programm\u00e4nderung.<\/em><\/p>\n<p><\/p>","protected":false},"excerpt":{"rendered":"<p>Dienstag 10. August 2021 24:00 Nennungsschluss Freitag 10. September 2021 8:30 &#8211; 12:00 Trainingscamp Doln\u00ed Vltavice, Hotel Resort Relax Pr\u00e4senz: 8:00 &#8211; 8:30 13:00 &#8211; 15:30 Teilnehmerankunft, Administrative Abnahme \u010cesk\u00e9 Bud\u011bjovice, n\u00e1m\u011bst\u00ed P\u0159emysla Otakara II. (Hauptplatz), Grandhotel Zvon 16:00 Teilnehmerbriefing n\u00e1m\u011bst\u00ed P\u0159emysla Otakara II. (Hauptplatz) 16:30 Start 1. Etappe (172 km) \u010cesk\u00e9 Bud\u011bjovice, n\u00e1m\u011bst\u00ed P\u0159emysla [&hellip;]<\/p>\n","protected":false},"author":2,"featured_media":0,"parent":0,"menu_order":0,"comment_status":"closed","ping_status":"closed","template":"","meta":{"_acf_changed":false,"ngg_post_thumbnail":0,"footnotes":""},"class_list":["post-10428","page","type-page","status-publish","hentry"],"acf":[],"yoast_head":"<!-- This site is optimized with the Yoast SEO plugin v27.3 - https:\/\/yoast.com\/product\/yoast-seo-wordpress\/ -->\n<title>Programm 2021 - South Bohemia Classic<\/title>\n<meta name=\"robots\" content=\"index, follow, max-snippet:-1, max-image-preview:large, max-video-preview:-1\" \/>\n<link rel=\"canonical\" href=\"https:\/\/southbohemiaclassic.cz\/program-2021\/\" \/>\n<meta property=\"og:locale\" content=\"de_DE\" \/>\n<meta property=\"og:type\" content=\"article\" \/>\n<meta property=\"og:title\" content=\"[:cs]Program sout\u011b\u017ee 2021[:de]Programm 2021[:en]Programme 2021[:] - South Bohemia Classic\" \/>\n<meta property=\"og:description\" content=\"Dienstag 10. August 2021 24:00 Nennungsschluss Freitag 10. September 2021 8:30 &#8211; 12:00 Trainingscamp Doln\u00ed Vltavice, Hotel Resort Relax Pr\u00e4senz: 8:00 &#8211; 8:30 13:00 &#8211; 15:30 Teilnehmerankunft, Administrative Abnahme \u010cesk\u00e9 Bud\u011bjovice, n\u00e1m\u011bst\u00ed P\u0159emysla Otakara II. (Hauptplatz), Grandhotel Zvon 16:00 Teilnehmerbriefing n\u00e1m\u011bst\u00ed P\u0159emysla Otakara II. (Hauptplatz) 16:30 Start 1. Etappe (172 km) \u010cesk\u00e9 Bud\u011bjovice, n\u00e1m\u011bst\u00ed P\u0159emysla [&hellip;]\" \/>\n<meta property=\"og:url\" content=\"https:\/\/southbohemiaclassic.cz\/program-2021\/\" \/>\n<meta property=\"og:site_name\" content=\"South Bohemia Classic\" \/>\n<meta property=\"article:modified_time\" content=\"2021-11-30T21:38:20+00:00\" \/>\n<meta name=\"twitter:card\" content=\"summary_large_image\" \/>\n<meta name=\"twitter:label1\" content=\"Gesch\u00e4tzte Lesezeit\" \/>\n\t<meta name=\"twitter:data1\" content=\"3\u00a0Minuten\" \/>\n<script type=\"application\/ld+json\" class=\"yoast-schema-graph\">{\"@context\":\"https:\\\/\\\/schema.org\",\"@graph\":[{\"@type\":\"WebPage\",\"@id\":\"https:\\\/\\\/southbohemiaclassic.cz\\\/program-2021\\\/\",\"url\":\"https:\\\/\\\/southbohemiaclassic.cz\\\/program-2021\\\/\",\"name\":\"[:cs]Program sout\u011b\u017ee 2021[:de]Programm 2021[:en]Programme 2021[:] - South Bohemia Classic\",\"isPartOf\":{\"@id\":\"https:\\\/\\\/southbohemiaclassic.cz\\\/#website\"},\"datePublished\":\"2020-11-02T23:14:38+00:00\",\"dateModified\":\"2021-11-30T21:38:20+00:00\",\"breadcrumb\":{\"@id\":\"https:\\\/\\\/southbohemiaclassic.cz\\\/program-2021\\\/#breadcrumb\"},\"inLanguage\":\"de\",\"potentialAction\":[{\"@type\":\"ReadAction\",\"target\":[\"https:\\\/\\\/southbohemiaclassic.cz\\\/program-2021\\\/\"]}]},{\"@type\":\"BreadcrumbList\",\"@id\":\"https:\\\/\\\/southbohemiaclassic.cz\\\/program-2021\\\/#breadcrumb\",\"itemListElement\":[{\"@type\":\"ListItem\",\"position\":1,\"name\":\"Dom\u016f\",\"item\":\"https:\\\/\\\/southbohemiaclassic.cz\\\/\"},{\"@type\":\"ListItem\",\"position\":2,\"name\":\"Program sout\u011b\u017ee 2021\"}]},{\"@type\":\"WebSite\",\"@id\":\"https:\\\/\\\/southbohemiaclassic.cz\\\/#website\",\"url\":\"https:\\\/\\\/southbohemiaclassic.cz\\\/\",\"name\":\"South Bohemia Classic\",\"description\":\"South Bohemia Classic\",\"potentialAction\":[{\"@type\":\"SearchAction\",\"target\":{\"@type\":\"EntryPoint\",\"urlTemplate\":\"https:\\\/\\\/southbohemiaclassic.cz\\\/?s={search_term_string}\"},\"query-input\":{\"@type\":\"PropertyValueSpecification\",\"valueRequired\":true,\"valueName\":\"search_term_string\"}}],\"inLanguage\":\"de\"}]}<\/script>\n<!-- \/ Yoast SEO plugin. -->","yoast_head_json":{"title":"[:cs]Program sout\u011b\u017ee 2021[:de]Programm 2021[:en]Programme 2021[:] - South Bohemia Classic","robots":{"index":"index","follow":"follow","max-snippet":"max-snippet:-1","max-image-preview":"max-image-preview:large","max-video-preview":"max-video-preview:-1"},"canonical":"https:\/\/southbohemiaclassic.cz\/program-2021\/","og_locale":"de_DE","og_type":"article","og_title":"[:cs]Program sout\u011b\u017ee 2021[:de]Programm 2021[:en]Programme 2021[:] - South Bohemia Classic","og_description":"Dienstag 10. August 2021 24:00 Nennungsschluss Freitag 10. September 2021 8:30 &#8211; 12:00 Trainingscamp Doln\u00ed Vltavice, Hotel Resort Relax Pr\u00e4senz: 8:00 &#8211; 8:30 13:00 &#8211; 15:30 Teilnehmerankunft, Administrative Abnahme \u010cesk\u00e9 Bud\u011bjovice, n\u00e1m\u011bst\u00ed P\u0159emysla Otakara II. (Hauptplatz), Grandhotel Zvon 16:00 Teilnehmerbriefing n\u00e1m\u011bst\u00ed P\u0159emysla Otakara II. (Hauptplatz) 16:30 Start 1. Etappe (172 km) \u010cesk\u00e9 Bud\u011bjovice, n\u00e1m\u011bst\u00ed P\u0159emysla [&hellip;]","og_url":"https:\/\/southbohemiaclassic.cz\/program-2021\/","og_site_name":"South Bohemia Classic","article_modified_time":"2021-11-30T21:38:20+00:00","twitter_card":"summary_large_image","twitter_misc":{"Gesch\u00e4tzte Lesezeit":"3\u00a0Minuten"},"schema":{"@context":"https:\/\/schema.org","@graph":[{"@type":"WebPage","@id":"https:\/\/southbohemiaclassic.cz\/program-2021\/","url":"https:\/\/southbohemiaclassic.cz\/program-2021\/","name":"[:cs]Program sout\u011b\u017ee 2021[:de]Programm 2021[:en]Programme 2021[:] - South Bohemia Classic","isPartOf":{"@id":"https:\/\/southbohemiaclassic.cz\/#website"},"datePublished":"2020-11-02T23:14:38+00:00","dateModified":"2021-11-30T21:38:20+00:00","breadcrumb":{"@id":"https:\/\/southbohemiaclassic.cz\/program-2021\/#breadcrumb"},"inLanguage":"de","potentialAction":[{"@type":"ReadAction","target":["https:\/\/southbohemiaclassic.cz\/program-2021\/"]}]},{"@type":"BreadcrumbList","@id":"https:\/\/southbohemiaclassic.cz\/program-2021\/#breadcrumb","itemListElement":[{"@type":"ListItem","position":1,"name":"Dom\u016f","item":"https:\/\/southbohemiaclassic.cz\/"},{"@type":"ListItem","position":2,"name":"Program sout\u011b\u017ee 2021"}]},{"@type":"WebSite","@id":"https:\/\/southbohemiaclassic.cz\/#website","url":"https:\/\/southbohemiaclassic.cz\/","name":"South Bohemia Classic","description":"South Bohemia Classic","potentialAction":[{"@type":"SearchAction","target":{"@type":"EntryPoint","urlTemplate":"https:\/\/southbohemiaclassic.cz\/?s={search_term_string}"},"query-input":{"@type":"PropertyValueSpecification","valueRequired":true,"valueName":"search_term_string"}}],"inLanguage":"de"}]}},"_links":{"self":[{"href":"https:\/\/southbohemiaclassic.cz\/de\/wp-json\/wp\/v2\/pages\/10428","targetHints":{"allow":["GET"]}}],"collection":[{"href":"https:\/\/southbohemiaclassic.cz\/de\/wp-json\/wp\/v2\/pages"}],"about":[{"href":"https:\/\/southbohemiaclassic.cz\/de\/wp-json\/wp\/v2\/types\/page"}],"author":[{"embeddable":true,"href":"https:\/\/southbohemiaclassic.cz\/de\/wp-json\/wp\/v2\/users\/2"}],"replies":[{"embeddable":true,"href":"https:\/\/southbohemiaclassic.cz\/de\/wp-json\/wp\/v2\/comments?post=10428"}],"version-history":[{"count":19,"href":"https:\/\/southbohemiaclassic.cz\/de\/wp-json\/wp\/v2\/pages\/10428\/revisions"}],"predecessor-version":[{"id":11763,"href":"https:\/\/southbohemiaclassic.cz\/de\/wp-json\/wp\/v2\/pages\/10428\/revisions\/11763"}],"wp:attachment":[{"href":"https:\/\/southbohemiaclassic.cz\/de\/wp-json\/wp\/v2\/media?parent=10428"}],"curies":[{"name":"wp","href":"https:\/\/api.w.org\/{rel}","templated":true}]}}