{"id":1009,"date":"2023-09-03T11:00:00","date_gmt":"2023-09-03T10:00:00","guid":{"rendered":"http:\/\/southbohemiaclassic.cz\/?page_id=1009"},"modified":"2023-09-03T15:30:23","modified_gmt":"2023-09-03T14:30:23","slug":"zastity","status":"publish","type":"page","link":"https:\/\/southbohemiaclassic.cz\/de\/zastity\/","title":{"rendered":"Patronanz"},"content":{"rendered":"\n<figure class=\"wp-block-image size-large\"><img loading=\"lazy\" decoding=\"async\" width=\"724\" height=\"1024\" src=\"https:\/\/southbohemiaclassic.cz\/wp-content\/uploads\/2023\/09\/sbc2023_zastita_pavla-pivonka-vankova-724x1024.png\" alt=\"\" class=\"wp-image-12714\" srcset=\"https:\/\/southbohemiaclassic.cz\/wp-content\/uploads\/2023\/09\/sbc2023_zastita_pavla-pivonka-vankova-724x1024.png 724w, https:\/\/southbohemiaclassic.cz\/wp-content\/uploads\/2023\/09\/sbc2023_zastita_pavla-pivonka-vankova-212x300.png 212w, https:\/\/southbohemiaclassic.cz\/wp-content\/uploads\/2023\/09\/sbc2023_zastita_pavla-pivonka-vankova-768x1086.png 768w, https:\/\/southbohemiaclassic.cz\/wp-content\/uploads\/2023\/09\/sbc2023_zastita_pavla-pivonka-vankova-1086x1536.png 1086w, https:\/\/southbohemiaclassic.cz\/wp-content\/uploads\/2023\/09\/sbc2023_zastita_pavla-pivonka-vankova.png 1414w\" sizes=\"auto, (max-width: 724px) 100vw, 724px\" \/><\/figure>\n\n\n\n<div style=\"height:30px\" aria-hidden=\"true\" class=\"wp-block-spacer\"><\/div>\n\n\n\n<figure class=\"wp-block-image size-large\"><img loading=\"lazy\" decoding=\"async\" width=\"724\" height=\"1024\" src=\"https:\/\/southbohemiaclassic.cz\/wp-content\/uploads\/2023\/09\/sbc2023_zastita_marek-slaby-724x1024.png\" alt=\"\" class=\"wp-image-12712\" srcset=\"https:\/\/southbohemiaclassic.cz\/wp-content\/uploads\/2023\/09\/sbc2023_zastita_marek-slaby-724x1024.png 724w, https:\/\/southbohemiaclassic.cz\/wp-content\/uploads\/2023\/09\/sbc2023_zastita_marek-slaby-212x300.png 212w, https:\/\/southbohemiaclassic.cz\/wp-content\/uploads\/2023\/09\/sbc2023_zastita_marek-slaby-768x1086.png 768w, https:\/\/southbohemiaclassic.cz\/wp-content\/uploads\/2023\/09\/sbc2023_zastita_marek-slaby-1086x1536.png 1086w, https:\/\/southbohemiaclassic.cz\/wp-content\/uploads\/2023\/09\/sbc2023_zastita_marek-slaby.png 1414w\" sizes=\"auto, (max-width: 724px) 100vw, 724px\" \/><\/figure>\n\n\n\n<div style=\"height:30px\" aria-hidden=\"true\" class=\"wp-block-spacer\"><\/div>\n\n\n\n<figure class=\"wp-block-image size-large\"><img loading=\"lazy\" decoding=\"async\" width=\"724\" height=\"1024\" src=\"https:\/\/southbohemiaclassic.cz\/wp-content\/uploads\/2023\/09\/sbc2023_zastita_martin-kuba-724x1024.png\" alt=\"\" class=\"wp-image-12713\" srcset=\"https:\/\/southbohemiaclassic.cz\/wp-content\/uploads\/2023\/09\/sbc2023_zastita_martin-kuba-724x1024.png 724w, https:\/\/southbohemiaclassic.cz\/wp-content\/uploads\/2023\/09\/sbc2023_zastita_martin-kuba-212x300.png 212w, https:\/\/southbohemiaclassic.cz\/wp-content\/uploads\/2023\/09\/sbc2023_zastita_martin-kuba-768x1086.png 768w, https:\/\/southbohemiaclassic.cz\/wp-content\/uploads\/2023\/09\/sbc2023_zastita_martin-kuba-1086x1536.png 1086w, https:\/\/southbohemiaclassic.cz\/wp-content\/uploads\/2023\/09\/sbc2023_zastita_martin-kuba.png 1414w\" sizes=\"auto, (max-width: 724px) 100vw, 724px\" \/><\/figure>\n\n\n\n<div style=\"height:30px\" aria-hidden=\"true\" class=\"wp-block-spacer\"><\/div>\n\n\n\n<figure class=\"wp-block-image size-large\"><img loading=\"lazy\" decoding=\"async\" width=\"724\" height=\"1024\" src=\"https:\/\/southbohemiaclassic.cz\/wp-content\/uploads\/2023\/09\/sbc2023_zastita_ceske-budejovice-724x1024.png\" alt=\"\" class=\"wp-image-12711\" srcset=\"https:\/\/southbohemiaclassic.cz\/wp-content\/uploads\/2023\/09\/sbc2023_zastita_ceske-budejovice-724x1024.png 724w, https:\/\/southbohemiaclassic.cz\/wp-content\/uploads\/2023\/09\/sbc2023_zastita_ceske-budejovice-212x300.png 212w, https:\/\/southbohemiaclassic.cz\/wp-content\/uploads\/2023\/09\/sbc2023_zastita_ceske-budejovice-768x1086.png 768w, https:\/\/southbohemiaclassic.cz\/wp-content\/uploads\/2023\/09\/sbc2023_zastita_ceske-budejovice-1086x1536.png 1086w, https:\/\/southbohemiaclassic.cz\/wp-content\/uploads\/2023\/09\/sbc2023_zastita_ceske-budejovice.png 1414w\" sizes=\"auto, (max-width: 724px) 100vw, 724px\" \/><\/figure>\n\n\n\n<div style=\"height:30px\" aria-hidden=\"true\" class=\"wp-block-spacer\"><\/div>\n\n\n\n<figure class=\"wp-block-image size-large\"><img loading=\"lazy\" decoding=\"async\" width=\"724\" height=\"1024\" src=\"https:\/\/southbohemiaclassic.cz\/wp-content\/uploads\/2023\/09\/sbc2023_zastita_cesky-krumlov-724x1024.png\" alt=\"\" class=\"wp-image-12716\" srcset=\"https:\/\/southbohemiaclassic.cz\/wp-content\/uploads\/2023\/09\/sbc2023_zastita_cesky-krumlov-724x1024.png 724w, https:\/\/southbohemiaclassic.cz\/wp-content\/uploads\/2023\/09\/sbc2023_zastita_cesky-krumlov-212x300.png 212w, https:\/\/southbohemiaclassic.cz\/wp-content\/uploads\/2023\/09\/sbc2023_zastita_cesky-krumlov-768x1086.png 768w, https:\/\/southbohemiaclassic.cz\/wp-content\/uploads\/2023\/09\/sbc2023_zastita_cesky-krumlov-1086x1536.png 1086w, https:\/\/southbohemiaclassic.cz\/wp-content\/uploads\/2023\/09\/sbc2023_zastita_cesky-krumlov.png 1414w\" sizes=\"auto, (max-width: 724px) 100vw, 724px\" \/><\/figure>\n\n\n\n<div style=\"height:30px\" aria-hidden=\"true\" class=\"wp-block-spacer\"><\/div>\n\n\n\n<figure class=\"wp-block-image size-large\"><img loading=\"lazy\" decoding=\"async\" width=\"724\" height=\"1024\" src=\"https:\/\/southbohemiaclassic.cz\/wp-content\/uploads\/2023\/09\/sbc2023_zastita_kaplice-724x1024.png\" alt=\"\" class=\"wp-image-12715\" srcset=\"https:\/\/southbohemiaclassic.cz\/wp-content\/uploads\/2023\/09\/sbc2023_zastita_kaplice-724x1024.png 724w, https:\/\/southbohemiaclassic.cz\/wp-content\/uploads\/2023\/09\/sbc2023_zastita_kaplice-212x300.png 212w, https:\/\/southbohemiaclassic.cz\/wp-content\/uploads\/2023\/09\/sbc2023_zastita_kaplice-768x1086.png 768w, https:\/\/southbohemiaclassic.cz\/wp-content\/uploads\/2023\/09\/sbc2023_zastita_kaplice-1086x1536.png 1086w, https:\/\/southbohemiaclassic.cz\/wp-content\/uploads\/2023\/09\/sbc2023_zastita_kaplice.png 1414w\" sizes=\"auto, (max-width: 724px) 100vw, 724px\" \/><\/figure>\n","protected":false},"excerpt":{"rendered":"","protected":false},"author":2,"featured_media":0,"parent":0,"menu_order":0,"comment_status":"closed","ping_status":"closed","template":"","meta":{"_acf_changed":false,"ngg_post_thumbnail":0,"footnotes":""},"class_list":["post-1009","page","type-page","status-publish","hentry"],"acf":[],"yoast_head":"<!-- This site is optimized with the Yoast SEO plugin v27.4 - https:\/\/yoast.com\/product\/yoast-seo-wordpress\/ -->\n<title>Z\u00e1\u0161tity nad XIV. South Bohemia Classic 2023<\/title>\n<meta name=\"robots\" content=\"index, follow, max-snippet:-1, max-image-preview:large, max-video-preview:-1\" \/>\n<link rel=\"canonical\" href=\"https:\/\/southbohemiaclassic.cz\/zastity\/\" \/>\n<meta property=\"og:locale\" content=\"de_DE\" \/>\n<meta property=\"og:type\" content=\"article\" \/>\n<meta property=\"og:title\" content=\"Z\u00e1\u0161tity nad XIV. South Bohemia Classic 2023\" \/>\n<meta property=\"og:url\" content=\"https:\/\/southbohemiaclassic.cz\/zastity\/\" \/>\n<meta property=\"og:site_name\" content=\"South Bohemia Classic\" \/>\n<meta property=\"article:modified_time\" content=\"2023-09-03T14:30:23+00:00\" \/>\n<meta property=\"og:image\" content=\"https:\/\/southbohemiaclassic.cz\/wp-content\/uploads\/2023\/09\/sbc2023_zastita_pavla-pivonka-vankova-724x1024.png\" \/>\n<meta name=\"twitter:card\" content=\"summary_large_image\" \/>\n<meta name=\"twitter:title\" content=\"Z\u00e1\u0161tity nad XIV. South Bohemia Classic 2023\" \/>\n<meta name=\"twitter:label1\" content=\"Gesch\u00e4tzte Lesezeit\" \/>\n\t<meta name=\"twitter:data1\" content=\"2\u00a0Minuten\" \/>\n<script type=\"application\/ld+json\" class=\"yoast-schema-graph\">{\"@context\":\"https:\\\/\\\/schema.org\",\"@graph\":[{\"@type\":\"WebPage\",\"@id\":\"https:\\\/\\\/southbohemiaclassic.cz\\\/zastity\\\/\",\"url\":\"https:\\\/\\\/southbohemiaclassic.cz\\\/zastity\\\/\",\"name\":\"Z\u00e1\u0161tity nad XIV. South Bohemia Classic 2023\",\"isPartOf\":{\"@id\":\"https:\\\/\\\/southbohemiaclassic.cz\\\/#website\"},\"primaryImageOfPage\":{\"@id\":\"https:\\\/\\\/southbohemiaclassic.cz\\\/zastity\\\/#primaryimage\"},\"image\":{\"@id\":\"https:\\\/\\\/southbohemiaclassic.cz\\\/zastity\\\/#primaryimage\"},\"thumbnailUrl\":\"https:\\\/\\\/southbohemiaclassic.cz\\\/wp-content\\\/uploads\\\/2023\\\/09\\\/sbc2023_zastita_pavla-pivonka-vankova-724x1024.png\",\"datePublished\":\"2023-09-03T10:00:00+00:00\",\"dateModified\":\"2023-09-03T14:30:23+00:00\",\"breadcrumb\":{\"@id\":\"https:\\\/\\\/southbohemiaclassic.cz\\\/zastity\\\/#breadcrumb\"},\"inLanguage\":\"de\",\"potentialAction\":[{\"@type\":\"ReadAction\",\"target\":[\"https:\\\/\\\/southbohemiaclassic.cz\\\/zastity\\\/\"]}]},{\"@type\":\"ImageObject\",\"inLanguage\":\"de\",\"@id\":\"https:\\\/\\\/southbohemiaclassic.cz\\\/zastity\\\/#primaryimage\",\"url\":\"https:\\\/\\\/southbohemiaclassic.cz\\\/wp-content\\\/uploads\\\/2023\\\/09\\\/sbc2023_zastita_pavla-pivonka-vankova-724x1024.png\",\"contentUrl\":\"https:\\\/\\\/southbohemiaclassic.cz\\\/wp-content\\\/uploads\\\/2023\\\/09\\\/sbc2023_zastita_pavla-pivonka-vankova-724x1024.png\"},{\"@type\":\"BreadcrumbList\",\"@id\":\"https:\\\/\\\/southbohemiaclassic.cz\\\/zastity\\\/#breadcrumb\",\"itemListElement\":[{\"@type\":\"ListItem\",\"position\":1,\"name\":\"Dom\u016f\",\"item\":\"https:\\\/\\\/southbohemiaclassic.cz\\\/\"},{\"@type\":\"ListItem\",\"position\":2,\"name\":\"Z\u00e1\u0161tity\"}]},{\"@type\":\"WebSite\",\"@id\":\"https:\\\/\\\/southbohemiaclassic.cz\\\/#website\",\"url\":\"https:\\\/\\\/southbohemiaclassic.cz\\\/\",\"name\":\"South Bohemia Classic\",\"description\":\"South Bohemia Classic\",\"potentialAction\":[{\"@type\":\"SearchAction\",\"target\":{\"@type\":\"EntryPoint\",\"urlTemplate\":\"https:\\\/\\\/southbohemiaclassic.cz\\\/?s={search_term_string}\"},\"query-input\":{\"@type\":\"PropertyValueSpecification\",\"valueRequired\":true,\"valueName\":\"search_term_string\"}}],\"inLanguage\":\"de\"}]}<\/script>\n<!-- \/ Yoast SEO plugin. -->","yoast_head_json":{"title":"Z\u00e1\u0161tity nad XIV. South Bohemia Classic 2023","robots":{"index":"index","follow":"follow","max-snippet":"max-snippet:-1","max-image-preview":"max-image-preview:large","max-video-preview":"max-video-preview:-1"},"canonical":"https:\/\/southbohemiaclassic.cz\/zastity\/","og_locale":"de_DE","og_type":"article","og_title":"Z\u00e1\u0161tity nad XIV. South Bohemia Classic 2023","og_url":"https:\/\/southbohemiaclassic.cz\/zastity\/","og_site_name":"South Bohemia Classic","article_modified_time":"2023-09-03T14:30:23+00:00","og_image":[{"url":"https:\/\/southbohemiaclassic.cz\/wp-content\/uploads\/2023\/09\/sbc2023_zastita_pavla-pivonka-vankova-724x1024.png","type":"","width":"","height":""}],"twitter_card":"summary_large_image","twitter_title":"Z\u00e1\u0161tity nad XIV. South Bohemia Classic 2023","twitter_misc":{"Gesch\u00e4tzte Lesezeit":"2\u00a0Minuten"},"schema":{"@context":"https:\/\/schema.org","@graph":[{"@type":"WebPage","@id":"https:\/\/southbohemiaclassic.cz\/zastity\/","url":"https:\/\/southbohemiaclassic.cz\/zastity\/","name":"Z\u00e1\u0161tity nad XIV. South Bohemia Classic 2023","isPartOf":{"@id":"https:\/\/southbohemiaclassic.cz\/#website"},"primaryImageOfPage":{"@id":"https:\/\/southbohemiaclassic.cz\/zastity\/#primaryimage"},"image":{"@id":"https:\/\/southbohemiaclassic.cz\/zastity\/#primaryimage"},"thumbnailUrl":"https:\/\/southbohemiaclassic.cz\/wp-content\/uploads\/2023\/09\/sbc2023_zastita_pavla-pivonka-vankova-724x1024.png","datePublished":"2023-09-03T10:00:00+00:00","dateModified":"2023-09-03T14:30:23+00:00","breadcrumb":{"@id":"https:\/\/southbohemiaclassic.cz\/zastity\/#breadcrumb"},"inLanguage":"de","potentialAction":[{"@type":"ReadAction","target":["https:\/\/southbohemiaclassic.cz\/zastity\/"]}]},{"@type":"ImageObject","inLanguage":"de","@id":"https:\/\/southbohemiaclassic.cz\/zastity\/#primaryimage","url":"https:\/\/southbohemiaclassic.cz\/wp-content\/uploads\/2023\/09\/sbc2023_zastita_pavla-pivonka-vankova-724x1024.png","contentUrl":"https:\/\/southbohemiaclassic.cz\/wp-content\/uploads\/2023\/09\/sbc2023_zastita_pavla-pivonka-vankova-724x1024.png"},{"@type":"BreadcrumbList","@id":"https:\/\/southbohemiaclassic.cz\/zastity\/#breadcrumb","itemListElement":[{"@type":"ListItem","position":1,"name":"Dom\u016f","item":"https:\/\/southbohemiaclassic.cz\/"},{"@type":"ListItem","position":2,"name":"Z\u00e1\u0161tity"}]},{"@type":"WebSite","@id":"https:\/\/southbohemiaclassic.cz\/#website","url":"https:\/\/southbohemiaclassic.cz\/","name":"South Bohemia Classic","description":"South Bohemia Classic","potentialAction":[{"@type":"SearchAction","target":{"@type":"EntryPoint","urlTemplate":"https:\/\/southbohemiaclassic.cz\/?s={search_term_string}"},"query-input":{"@type":"PropertyValueSpecification","valueRequired":true,"valueName":"search_term_string"}}],"inLanguage":"de"}]}},"_links":{"self":[{"href":"https:\/\/southbohemiaclassic.cz\/de\/wp-json\/wp\/v2\/pages\/1009","targetHints":{"allow":["GET"]}}],"collection":[{"href":"https:\/\/southbohemiaclassic.cz\/de\/wp-json\/wp\/v2\/pages"}],"about":[{"href":"https:\/\/southbohemiaclassic.cz\/de\/wp-json\/wp\/v2\/types\/page"}],"author":[{"embeddable":true,"href":"https:\/\/southbohemiaclassic.cz\/de\/wp-json\/wp\/v2\/users\/2"}],"replies":[{"embeddable":true,"href":"https:\/\/southbohemiaclassic.cz\/de\/wp-json\/wp\/v2\/comments?post=1009"}],"version-history":[{"count":18,"href":"https:\/\/southbohemiaclassic.cz\/de\/wp-json\/wp\/v2\/pages\/1009\/revisions"}],"predecessor-version":[{"id":12722,"href":"https:\/\/southbohemiaclassic.cz\/de\/wp-json\/wp\/v2\/pages\/1009\/revisions\/12722"}],"wp:attachment":[{"href":"https:\/\/southbohemiaclassic.cz\/de\/wp-json\/wp\/v2\/media?parent=1009"}],"curies":[{"name":"wp","href":"https:\/\/api.w.org\/{rel}","templated":true}]}}